{"id":4523,"date":"2021-07-06T10:47:07","date_gmt":"2021-07-06T08:47:07","guid":{"rendered":"https:\/\/www.gronbach.com\/?page_id=4523"},"modified":"2022-10-21T10:46:41","modified_gmt":"2022-10-21T08:46:41","slug":"gruppo-aziende","status":"publish","type":"page","link":"https:\/\/www.gronbach.com\/it\/gruppo-aziende","title":{"rendered":"Gruppo di aziende"},"content":{"rendered":"<p><section id=\"bt_section69ff423145139\"  class=\"boldSection topSpaced bottomExtraSpaced gutter boxed inherit wBackground cover wBackground cover bt_bb_video\" style=\"background-color:#f4f4f4  !important;background-image:url('https:\/\/www.gronbach.com\/it\/wp-content\/uploads\/sites\/3\/2022\/08\/ug-head.jpg');\"><video autoplay loop muted playsinline onplay=\"bt_video_callback( this )\"><source src=\"https:\/\/www.gronbach.com\/wp-content\/uploads\/2022\/09\/wirsindgronbach.webm\" type=\"video\/webm\"><\/video><div class=\"port\"><div class=\"boldCell\"><div class=\"boldCellInner\"><div class=\"boldRow \" ><div class=\"boldRowInner\"><div class=\"rowItem col-md-8 col-ms-12 btTextLeft animate animate-fadein btBottomVertical\"  data-width=\"8\"><div class=\"rowItemContent\" ><div class=\"btClear btSeparator bottomSmallSpaced noBorder\" ><hr><\/div><header class=\"header btClear extralarge machesweiss thin\" ><div class=\"dash\"><h1><span class=\"headline\">Gruppo di aziende<\/span><\/h1><\/div><div class=\"btSubTitle\">Il Gruppo Gronbach \u00e8 un&#8217;azienda tradizionale a conduzione familiare, con un forte<br \/><br>spirito die appartenenza.<br \/><br>In tutto ci\u00f2 che facciamo, siamo guidati da integrit\u00e0, coraggio e continuit\u00e0.<br \/><br><\/div><\/header><div class=\"btClear btSeparator topSmallSpaced noBorder\" ><hr><\/div><\/div><\/div><div class=\"rowItem col-md-4 col-ms-12 btTextLeft animate animate-fadein btBottomVertical\"  data-width=\"4\"><div class=\"rowItemContent\" ><\/div><\/div><\/div><\/div><\/div><\/div><\/div><\/section><section id=\"bt_section69ff4231454ce\"  class=\"boldSection topSpaced inherit\" ><div class=\"port\"><div class=\"boldCell\"><div class=\"boldCellInner\"><div class=\"boldRow \" ><div class=\"boldRowInner\"><div class=\"rowItem col-md-6 col-sm-12 btTextLeft animate animate-fadein animate-moveleft btTopVertical btTextIndent\" style=\"transition-delay:600ms;transition-duration: 7s;\" data-width=\"6\"><div class=\"rowItemContent\" ><div class=\"bpgPhoto btDefaultHoverType\" ><div class = \"btImage\"><img decoding=\"async\" src=\"https:\/\/www.gronbach.com\/it\/wp-content\/uploads\/sites\/3\/2022\/09\/historie.jpg\" alt=\"\" title=\"\"><\/div><\/div><\/div><\/div><div class=\"rowItem col-md-6 col-sm-12 btTextLeft animate animate-fadein btMiddleVertical btDoublePadding\" style=\"background-color: rgba(255, 255, 255, 1); \" data-width=\"6\"><div class=\"rowItemContent\" ><header class=\"header btClear large btDash topDash  regular\" ><div class=\"btSuperTitle\"><span>Gruppo di aziende<\/span><\/div><div class=\"dash\"><h2><span class=\"headline\"><strong>Storia aziendale<\/strong>.<\/span><\/h2><\/div><\/header><div class=\"btText\" ><\/p>\n<p>La storia di successo di Gronbach \u00e8 iniziata pi\u00f9 di 50 anni fa con lo sviluppo e la produzione in serie della nostra cerniera brevettata per armadi frigoriferi.<\/p>\n<p>Da allora, nel corso delle generazioni, ci siamo trasformati in un attore globale per i nostri clienti nello sviluppo e nella produzione in serie di dispositivi completi su ordinazione, assemblaggi complessi, cinematiche, sistemi di soffiaggio e componenti di design di alta qualit\u00e0 in metallo e plastica.<\/p>\n<p>\n<\/div><div class=\"btClear btSeparator bottomSmallSpaced noBorder\" ><hr><\/div><a href=\"https:\/\/www.gronbach.com\/it\/gruppo-aziende\/storia-dell-azienda\" class=\"btBtn btBtn btnOutlineStyle btnNormalColor btnSmall btnNormalWidth btnRightPosition btnNoIcon\" ><span class=\"btnInnerText\">Le nostre tappe fondamentali<\/span><\/a><\/div><\/div><\/div><\/div><\/div><\/div><\/div><\/section><section id=\"bt_section69ff423146142\"  class=\"boldSection topSpaced inherit\" ><div class=\"port\"><div class=\"boldCell\"><div class=\"boldCellInner\"><div class=\"boldRow \" ><div class=\"boldRowInner\"><div class=\"rowItem col-md-6 col-sm-12 btTextLeft animate animate-fadein btMiddleVertical btDoublePadding\" style=\"background-color: rgba(255, 255, 255, 1); \" data-width=\"6\"><div class=\"rowItemContent\" ><header class=\"header btClear large btDash topDash  regular\" ><div class=\"btSuperTitle\"><span>Gruppo di aziende<\/span><\/div><div class=\"dash\"><h2><span class=\"headline\">Gestione dell&#8217;<strong>innovazione<\/strong>.<\/span><\/h2><\/div><\/header><div class=\"btText\" ><\/p>\n<p>Per i nostri clienti e per noi stessi, sviluppiamo sempre nuove soluzioni tecnologiche e siamo sempre aperti alle sfide tecniche.<br \/>\nA tal fine, ci impegniamo a raggiungere un elevato grado di ottimizzazione, precisione e perfezione.<br \/>\n\u00c8 cos\u00ec che da numerosi progetti in passato sono nati prodotti eccellenti, che sono particolarmente apprezzati dai nostri clienti.<\/p>\n<p>\n<\/div><div class=\"btClear btSeparator bottomSmallSpaced noBorder\" ><hr><\/div><a href=\"https:\/\/www.gronbach.com\/it\/gruppo-aziende\/gestione-dell-innovazione\" class=\"btBtn btBtn btnOutlineStyle btnNormalColor btnSmall btnNormalWidth btnRightPosition btnNoIcon\" ><span class=\"btnInnerText\">Ulteriori informazioni<\/span><\/a><div class=\"btClear btSeparator bottomSmallSpaced noBorder\" ><hr><\/div><\/div><\/div><div class=\"rowItem col-md-6 col-sm-12 btTextLeft animate animate-fadein animate-moveleft btTopVertical btTextIndent\" style=\"transition-delay:600ms;transition-duration: 7s;\" data-width=\"6\"><div class=\"rowItemContent\" ><div class=\"bpgPhoto btDefaultHoverType\" ><div class = \"btImage\"><img decoding=\"async\" src=\"https:\/\/www.gronbach.com\/it\/wp-content\/uploads\/sites\/3\/2022\/06\/innovation_ueber-uns.jpg\" alt=\"\" title=\"\"><\/div><\/div><\/div><\/div><\/div><\/div><\/div><\/div><\/div><\/section><section id=\"bt_section69ff423146fba\"  class=\"boldSection topSpaced inherit\" ><div class=\"port\"><div class=\"boldCell\"><div class=\"boldCellInner\"><div class=\"boldRow \" ><div class=\"boldRowInner\"><div class=\"rowItem col-md-6 col-sm-12 btTextLeft animate animate-fadein animate-moveleft btTopVertical btTextIndent\" style=\"transition-delay:600ms;transition-duration: 7s;\" data-width=\"6\"><div class=\"rowItemContent\" ><div class=\"bpgPhoto btDefaultHoverType\" ><div class = \"btImage\"><img decoding=\"async\" src=\"https:\/\/www.gronbach.com\/it\/wp-content\/uploads\/sites\/3\/2021\/07\/nachhaltigkeit-umwelt.jpg\" alt=\"\" title=\"\"><\/div><\/div><\/div><\/div><div class=\"rowItem col-md-6 col-sm-12 btTextLeft animate animate-fadein btMiddleVertical btDoublePadding\" style=\"padding:0 25px!important;background-color: rgba(255, 255, 255, 1); \" data-width=\"6\"><div class=\"rowItemContent\" ><header class=\"header btClear large btDash topDash  regular\" ><div class=\"btSuperTitle\"><span>Gruppo di aziende<\/span><\/div><div class=\"dash\"><h2><span class=\"headline\"><strong>Sostenibilit\u00e0<\/strong> e ambiente.<\/span><\/h2><\/div><\/header><div class=\"btText\" ><\/p>\n<p>Proteggere e rispettare la natura ci resulta essere di grande importanza.<br \/>\nPer questo motivo, attuiamo molte misure per la sostenibilit\u00e0, la riduzione delle emissioni e il miglioramento del bilancio climatico.<br \/>\nTraduciamo queste linee guida nel processo di produzione per i nostri clienti, dalla scelta del materiale alla produzione, per garantire una lunga durata dei nostri prodotti.<\/p>\n<p>\n<\/div><div class=\"btClear btSeparator bottomSmallSpaced noBorder\" ><hr><\/div><a href=\"https:\/\/www.gronbach.com\/it\/gruppo-aziende\/sostenibilita\" class=\"btBtn btBtn btnOutlineStyle btnNormalColor btnSmall btnNormalWidth btnRightPosition btnNoIcon\" ><span class=\"btnInnerText\">Ulteriori informazioni<\/span><\/a><\/div><\/div><\/div><\/div><\/div><\/div><\/div><\/section><section id=\"bt_section69ff423147964\"  class=\"boldSection topSpaced inherit\" ><div class=\"port\"><div class=\"boldCell\"><div class=\"boldCellInner\"><div class=\"boldRow \" ><div class=\"boldRowInner\"><div class=\"rowItem col-md-6 col-sm-12 btTextLeft animate animate-fadein btMiddleVertical btDoublePadding\" style=\"background-color: rgba(255, 255, 255, 1); \" data-width=\"6\"><div class=\"rowItemContent\" ><header class=\"header btClear large btDash topDash  regular\" ><div class=\"btSuperTitle\"><span>Gruppo di aziende<\/span><\/div><div class=\"dash\"><h2><span class=\"headline\">Gestione della <strong>qualit\u00e0<\/strong>.<\/span><\/h2><\/div><\/header><div class=\"btText\" ><\/p>\n<p>I nostri elevati standard qualitativi e la nostra creativit\u00e0 sono componenti elementari della nostra filosofia aziendale. Tutti i nostri stabilimenti sono certificati in un sistema trasversale. certificato secondo la norma DIN EN ISO 9001:2015, che, insieme all&#8217;elevato livello di istruzione e formazione Questo, insieme all&#8217;elevato livello di formazione, ci permette di mantenere costantemente anche le tolleranze pi\u00f9 piccole.<\/p>\n<p>\n<\/div><div class=\"btClear btSeparator bottomSmallSpaced noBorder\" ><hr><\/div><a href=\"https:\/\/www.gronbach.com\/it\/gruppo-aziende\/gestione-della-qualita\" class=\"btBtn btBtn btnOutlineStyle btnNormalColor btnSmall btnNormalWidth btnRightPosition btnNoIcon\" ><span class=\"btnInnerText\">Ulteriori informazioni<\/span><\/a><div class=\"btClear btSeparator bottomSmallSpaced noBorder\" ><hr><\/div><\/div><\/div><div class=\"rowItem col-md-6 col-sm-12 btTextLeft animate animate-fadein animate-moveleft btTopVertical btTextIndent\" style=\"transition-delay:600ms;transition-duration: 7s;\" data-width=\"6\"><div class=\"rowItemContent\" ><div class=\"bpgPhoto btDefaultHoverType\" ><div class = \"btImage\"><img decoding=\"async\" src=\"https:\/\/www.gronbach.com\/it\/wp-content\/uploads\/sites\/3\/2021\/07\/qualitaetsmanagement.jpg\" alt=\"\" title=\"\"><\/div><\/div><\/div><\/div><\/div><\/div><\/div><\/div><\/div><\/section><section id=\"bt_section69ff423147fde\"  class=\"boldSection topSpaced bottomLargeSpaced inherit\" ><div class=\"port\"><div class=\"boldCell\"><div class=\"boldCellInner\"><div class=\"boldRow \" ><div class=\"boldRowInner\"><div class=\"rowItem col-md-6 col-sm-12 btTextLeft animate animate-fadein animate-moveleft btTopVertical btTextIndent\" style=\"transition-delay:600ms;transition-duration: 7s;\" data-width=\"6\"><div class=\"rowItemContent\" ><div class=\"bpgPhoto btDefaultHoverType\" ><div class = \"btImage\"><img decoding=\"async\" src=\"https:\/\/www.gronbach.com\/it\/wp-content\/uploads\/sites\/3\/2021\/07\/standorte.jpg\" alt=\"\" title=\"\"><\/div><\/div><\/div><\/div><div class=\"rowItem col-md-6 col-sm-12 btTextLeft animate animate-fadein btMiddleVertical btDoublePadding\" style=\"padding:0 25px!important;background-color: rgba(255, 255, 255, 1); \" data-width=\"6\"><div class=\"rowItemContent\" ><header class=\"header btClear large btDash topDash  regular\" ><div class=\"btSuperTitle\"><span>Gruppo di aziende<\/span><\/div><div class=\"dash\"><h2><span class=\"headline\">Le nostre <strong>sedi<\/strong>.<\/span><\/h2><\/div><\/header><div class=\"btText\" ><\/p>\n<p>In qualit\u00e0 di fornitore full service, mettiamo a disposizione le nostre aree di competenza interfunzionali ai nostri clienti attraverso le nostre cinque sedi in Germania, Austria, Italia, Slovacchia e negli Stati Uniti.<br \/>\nFocalizziamo sulle divisioni Appliances, Ventilation &amp; Surfaces e Kinematics come azienda agile ed efficiente.<\/p>\n<p>\n<\/div><div class=\"btClear btSeparator bottomSmallSpaced noBorder\" ><hr><\/div><a href=\"https:\/\/www.gronbach.com\/it\/gruppo-aziende\/sedi\" class=\"btBtn btBtn btnOutlineStyle btnNormalColor btnSmall btnNormalWidth btnRightPosition btnNoIcon\" ><span class=\"btnInnerText\">Ulteriori informazioni<\/span><\/a><\/div><\/div><\/div><\/div><\/div><\/div><\/div><\/section><section id=\"bt_section69ff423148e8a\" data-parallax=\"-.9\" data-parallax-offset=\"0\" class=\"boldSection topSpaced bottomSpaced btLightSkin gutter boxed inherit btParallax wBackground cover wBackground cover btBackgroundOverlay btSolidLightBackground\" style=\"background-image:url('https:\/\/www.gronbach.com\/it\/wp-content\/uploads\/sites\/3\/2022\/04\/optimierte-fertigung.jpg');\"><div class=\"port\"><div class=\"boldCell\"><div class=\"boldCellInner\"><div class=\"boldRow \" ><div class=\"boldRowInner\"><div class=\"rowItem col-md-6 col-sm-12 btTextLeft animate animate-fadein animate-moveleft btMiddleVertical\" style=\"transition-delay:600ms;transition-duration: 7s;\" data-width=\"6\"><div class=\"rowItemContent\" ><div class=\"bpgPhoto btDefaultHoverType\" ><div class = \"btImage\"><img decoding=\"async\" src=\"https:\/\/www.gronbach.com\/it\/wp-content\/uploads\/sites\/3\/2022\/07\/CEO-Lina-Gronbach.jpg\" alt=\"\" title=\"\"><\/div><\/div><\/div><\/div><div class=\"rowItem col-md-6 col-sm-12 btTextLeft animate animate-fadein inherit\"  data-width=\"6\"><div class=\"rowItemContent\" ><header class=\"header btClear large btDash topDash  regular\" ><div class=\"btSuperTitle\"><span>Know how<\/span><\/div><div class=\"dash\"><h2><span class=\"headline\">L&#8217;unione fa <strong>la forza<\/strong>.<\/span><\/h2><\/div><div class=\"btSubTitle\">&#8220;Con una rete strutturata tra le nostre divisioni, sfruttiamo le numerose opportunit\u00e0 che derivano dalla nostra stretta collaborazione. Miriamo con impegno quotidiano allo scambio di conoscenze, ispirazioni ed esperienze, per fornire le migliori soluzioni possibili ai nostri clienti.&#8220;<\/p><br><p>\u2015 Dr. Lina Gebhardt-Gronbach (CEO Gronbach)<\/div><\/header><div class=\"btClear btSeparator bottomSpaced noBorder\" ><hr><\/div><\/div><\/div><\/div><\/div><\/div><\/div><\/div><\/section><section id=\"bt_section69ff423149679\"  class=\"boldSection topSmallSpaced bottomSmallSpaced btDarkSkin btAccentColorBackground gutter boxed inherit\" style=\"background-color:#9fabcb  !important;\"><div class=\"port\"><div class=\"boldCell\"><div class=\"boldCellInner\"><div class=\"boldRow \" ><div class=\"boldRowInner\"><div class=\"rowItem col-md-9 col-ms-12  btTextLeft animate animate-fadein inherit\"  data-width=\"9\"><div class=\"rowItemContent\" ><header class=\"header btClear medium  thin\" ><div class=\"dash\"><h3><span class=\"headline\">Avete domande sulla nostra azienda?<\/span><\/h3><\/div><\/header><\/div><\/div><div class=\"rowItem col-md-3 col-sm-6 col-ms-12 btTextRight animate animate-fadein btMiddleVertical\"  data-width=\"3\"><div class=\"rowItemContent\" ><a href=\"https:\/\/www.gronbach.com\/it\/servizio-clienti\/contatto\" class=\"btBtn btBtn btnFilledStyle btnAlternateColor btnSmall btnNormalWidth btnLeftPosition btnNoIcon\" ><span class=\"btnInnerText\">Contatto<\/span><\/a><\/div><\/div><\/div><\/div><\/div><\/div><\/div><\/section><section id=\"bt_section69ff4231498a8\"  class=\"boldSection bottomSmallSpaced inherit\" ><div class=\"port\"><div class=\"boldCell\"><div class=\"boldCellInner\"><div class=\"boldRow \" ><div class=\"boldRowInner\"><div class=\"rowItem col-md-12 col-ms-12  btTextCenter animate animate-fadein inherit btNoPadding\"  data-width=\"12\"><div class=\"rowItemContent\" ><\/div><\/div><\/div><\/div><\/div><\/div><\/div><\/section><\/p>\n","protected":false},"excerpt":{"rendered":"<p>Informazioni su Gronbach, sulla nostra visione e missione, sui valori aziendali e sulla sostenibilit\u00e0 e responsabilit\u00e0.<\/p>\n","protected":false},"author":1,"featured_media":12481,"parent":0,"menu_order":0,"comment_status":"closed","ping_status":"closed","template":"home-style.php","meta":{"editor_notices":[],"footnotes":""},"class_list":["post-4523","page","type-page","status-publish","has-post-thumbnail","hentry"],"yoast_head":"<!-- This site is optimized with the Yoast SEO plugin v26.3 - https:\/\/yoast.com\/wordpress\/plugins\/seo\/ -->\n<title>Gruppo di aziende Gronbach<\/title>\n<meta name=\"description\" content=\"Informazioni su Gronbach, sulla nostra visione e missione, sui valori aziendali e sulla sostenibilit\u00e0 e responsabilit\u00e0.\" \/>\n<meta name=\"robots\" content=\"index, follow, max-snippet:-1, max-image-preview:large, max-video-preview:-1\" \/>\n<link rel=\"canonical\" href=\"https:\/\/www.gronbach.com\/it\/gruppo-aziende\" \/>\n<meta property=\"og:locale\" content=\"it_IT\" \/>\n<meta property=\"og:type\" content=\"article\" \/>\n<meta property=\"og:title\" content=\"Gruppo di aziende Gronbach\" \/>\n<meta property=\"og:description\" content=\"Informazioni su Gronbach, sulla nostra visione e missione, sui valori aziendali e sulla sostenibilit\u00e0 e responsabilit\u00e0.\" \/>\n<meta property=\"og:url\" content=\"https:\/\/www.gronbach.com\/it\/gruppo-aziende\" \/>\n<meta property=\"og:site_name\" content=\"Gronbach IT\" \/>\n<meta property=\"article:publisher\" content=\"https:\/\/www.facebook.com\/GronbachDE\/\" \/>\n<meta property=\"article:modified_time\" content=\"2022-10-21T08:46:41+00:00\" \/>\n<meta property=\"og:image\" content=\"https:\/\/www.gronbach.com\/it\/wp-content\/uploads\/sites\/3\/2022\/07\/header-unternehmensgruppe.png\" \/>\n\t<meta property=\"og:image:width\" content=\"1636\" \/>\n\t<meta property=\"og:image:height\" content=\"661\" \/>\n\t<meta property=\"og:image:type\" content=\"image\/png\" \/>\n<meta name=\"twitter:card\" content=\"summary_large_image\" \/>\n<meta name=\"twitter:label1\" content=\"Tempo di lettura stimato\" \/>\n\t<meta name=\"twitter:data1\" content=\"12 minuti\" \/>\n<!-- \/ Yoast SEO plugin. -->","yoast_head_json":{"title":"Gruppo di aziende Gronbach","description":"Informazioni su Gronbach, sulla nostra visione e missione, sui valori aziendali e sulla sostenibilit\u00e0 e responsabilit\u00e0.","robots":{"index":"index","follow":"follow","max-snippet":"max-snippet:-1","max-image-preview":"max-image-preview:large","max-video-preview":"max-video-preview:-1"},"canonical":"https:\/\/www.gronbach.com\/it\/gruppo-aziende","og_locale":"it_IT","og_type":"article","og_title":"Gruppo di aziende Gronbach","og_description":"Informazioni su Gronbach, sulla nostra visione e missione, sui valori aziendali e sulla sostenibilit\u00e0 e responsabilit\u00e0.","og_url":"https:\/\/www.gronbach.com\/it\/gruppo-aziende","og_site_name":"Gronbach IT","article_publisher":"https:\/\/www.facebook.com\/GronbachDE\/","article_modified_time":"2022-10-21T08:46:41+00:00","og_image":[{"width":1636,"height":661,"url":"https:\/\/www.gronbach.com\/it\/wp-content\/uploads\/sites\/3\/2022\/07\/header-unternehmensgruppe.png","type":"image\/png"}],"twitter_card":"summary_large_image","twitter_misc":{"Tempo di lettura stimato":"12 minuti"},"schema":{"@context":"https:\/\/schema.org","@graph":[{"@type":"WebPage","@id":"https:\/\/www.gronbach.com\/it\/gruppo-aziende","url":"https:\/\/www.gronbach.com\/it\/gruppo-aziende","name":"Gruppo di aziende Gronbach","isPartOf":{"@id":"https:\/\/www.gronbach.com\/it\/#website"},"primaryImageOfPage":{"@id":"https:\/\/www.gronbach.com\/it\/gruppo-aziende#primaryimage"},"image":{"@id":"https:\/\/www.gronbach.com\/it\/gruppo-aziende#primaryimage"},"thumbnailUrl":"https:\/\/www.gronbach.com\/it\/wp-content\/uploads\/sites\/3\/2022\/07\/header-unternehmensgruppe.png","datePublished":"2021-07-06T08:47:07+00:00","dateModified":"2022-10-21T08:46:41+00:00","description":"Informazioni su Gronbach, sulla nostra visione e missione, sui valori aziendali e sulla sostenibilit\u00e0 e responsabilit\u00e0.","breadcrumb":{"@id":"https:\/\/www.gronbach.com\/it\/gruppo-aziende#breadcrumb"},"inLanguage":"it-IT","potentialAction":[{"@type":"ReadAction","target":["https:\/\/www.gronbach.com\/it\/gruppo-aziende"]}]},{"@type":"ImageObject","inLanguage":"it-IT","@id":"https:\/\/www.gronbach.com\/it\/gruppo-aziende#primaryimage","url":"https:\/\/www.gronbach.com\/it\/wp-content\/uploads\/sites\/3\/2022\/07\/header-unternehmensgruppe.png","contentUrl":"https:\/\/www.gronbach.com\/it\/wp-content\/uploads\/sites\/3\/2022\/07\/header-unternehmensgruppe.png","width":1636,"height":661},{"@type":"BreadcrumbList","@id":"https:\/\/www.gronbach.com\/it\/gruppo-aziende#breadcrumb","itemListElement":[{"@type":"ListItem","position":1,"name":"Home","item":"https:\/\/www.gronbach.com\/it\/"},{"@type":"ListItem","position":2,"name":"Gruppo di aziende"}]},{"@type":"WebSite","@id":"https:\/\/www.gronbach.com\/it\/#website","url":"https:\/\/www.gronbach.com\/it\/","name":"Gronbach IT","description":"","publisher":{"@id":"https:\/\/www.gronbach.com\/it\/#organization"},"potentialAction":[{"@type":"SearchAction","target":{"@type":"EntryPoint","urlTemplate":"https:\/\/www.gronbach.com\/it\/?s={search_term_string}"},"query-input":{"@type":"PropertyValueSpecification","valueRequired":true,"valueName":"search_term_string"}}],"inLanguage":"it-IT"},{"@type":"Organization","@id":"https:\/\/www.gronbach.com\/it\/#organization","name":"Gronbach","url":"https:\/\/www.gronbach.com\/it\/","logo":{"@type":"ImageObject","inLanguage":"it-IT","@id":"https:\/\/www.gronbach.com\/it\/#\/schema\/logo\/image\/","url":"https:\/\/www.gronbach.com\/it\/wp-content\/uploads\/sites\/3\/2022\/04\/Gronbach_Gruppe_Logo2.png","contentUrl":"https:\/\/www.gronbach.com\/it\/wp-content\/uploads\/sites\/3\/2022\/04\/Gronbach_Gruppe_Logo2.png","width":160,"height":50,"caption":"Gronbach"},"image":{"@id":"https:\/\/www.gronbach.com\/it\/#\/schema\/logo\/image\/"},"sameAs":["https:\/\/www.facebook.com\/GronbachDE\/"]}]}},"_links":{"self":[{"href":"https:\/\/www.gronbach.com\/it\/wp-json\/wp\/v2\/pages\/4523","targetHints":{"allow":["GET"]}}],"collection":[{"href":"https:\/\/www.gronbach.com\/it\/wp-json\/wp\/v2\/pages"}],"about":[{"href":"https:\/\/www.gronbach.com\/it\/wp-json\/wp\/v2\/types\/page"}],"author":[{"embeddable":true,"href":"https:\/\/www.gronbach.com\/it\/wp-json\/wp\/v2\/users\/1"}],"replies":[{"embeddable":true,"href":"https:\/\/www.gronbach.com\/it\/wp-json\/wp\/v2\/comments?post=4523"}],"version-history":[{"count":6,"href":"https:\/\/www.gronbach.com\/it\/wp-json\/wp\/v2\/pages\/4523\/revisions"}],"predecessor-version":[{"id":13164,"href":"https:\/\/www.gronbach.com\/it\/wp-json\/wp\/v2\/pages\/4523\/revisions\/13164"}],"wp:featuredmedia":[{"embeddable":true,"href":"https:\/\/www.gronbach.com\/it\/wp-json\/wp\/v2\/media\/12481"}],"wp:attachment":[{"href":"https:\/\/www.gronbach.com\/it\/wp-json\/wp\/v2\/media?parent=4523"}],"curies":[{"name":"wp","href":"https:\/\/api.w.org\/{rel}","templated":true}]}}