{"id":5059,"date":"2021-07-22T10:47:28","date_gmt":"2021-07-22T08:47:28","guid":{"rendered":"https:\/\/www.gronbach.com\/?page_id=5059"},"modified":"2022-10-21T10:47:37","modified_gmt":"2022-10-21T08:47:37","slug":"sostenibilita","status":"publish","type":"page","link":"https:\/\/www.gronbach.com\/it\/gruppo-aziende\/sostenibilita","title":{"rendered":"Sostenibilit\u00e0 e<br \/>responsabilit\u00e0 ecologica"},"content":{"rendered":"<p><section id=\"bt_section69e4ecb146aaf\"  class=\"boldSection topSpaced gutter boxed inherit\" ><div class=\"port\"><div class=\"boldCell\"><div class=\"boldCellInner\"><div class=\"boldRow \" ><div class=\"boldRowInner\"><div class=\"rowItem col-md-12 col-ms-12  btTextLeft\"  data-width=\"12\"><div class=\"rowItemContent\" ><header class=\"header btClear large  thin\" ><div class=\"dash\"><\/div><div class=\"btSubTitle\">Economia ed ecologia vanno di pari passo e per Gronbach non sono obiettivi a contrasto.<br \/><br>La natura limitata delle risorse naturali impone a tutti noi di ripensare il nostro approccio alla sostenibilit\u00e0.<br \/><br>Siamo impegnati nella sostenibilit\u00e0, nella riduzione delle emissioni e nel miglioramento del nostro bilancio climatico con molte misure.<\/div><\/header><\/div><\/div><\/div><\/div><\/div><\/div><\/div><\/section><section id=\"bt_section69e4ecb146d45\"  class=\"boldSection topLargeSpaced inherit\" ><div class=\"port\"><div class=\"boldCell\"><div class=\"boldCellInner\"><div class=\"boldRow \" ><div class=\"boldRowInner\"><div class=\"rowItem col-md-6 col-sm-12 btTextLeft animate animate-fadein btMiddleVertical btDoublePadding\" style=\"background-color: rgba(255, 255, 255, 1); \" data-width=\"6\"><div class=\"rowItemContent\" ><header class=\"header btClear large btDash topDash  regular\" ><div class=\"btSuperTitle\"><span>Sostenibilit\u00e0<\/span><\/div><div class=\"dash\"><h2><span class=\"headline\"><strong>Emissioni<\/strong> di CO\u00b2.<\/span><\/h2><\/div><\/header><div class=\"btClear btSeparator topSmallSpaced noBorder\" ><hr><\/div><div class=\"btText\" ><\/p>\n<p>L&#8217;approvvigionamento energetico del sito in Germania \u00e8 stato completamente convertito al gas nel 2013 ed \u00e8 stata installata un&#8217;unit\u00e0 di cogenerazione che consente di risparmiare circa 500 MW all&#8217;anno. Complessivamente, il sito, tra il 2012 e il 2015, \u00e8 riuscito a ridurre i consumi di 10 kWh per ora lavorata. I risparmi ottenuti finora equivalgono alle emissioni di CO<sup>2<\/sup> di oltre due milioni di chilometri aerei.<\/p>\n<p>Il sito ha ottenuto la certificazione ISO 50001 nel 2014.<\/p>\n<p>\n<\/div><div class=\"btClear btSeparator bottomSmallSpaced noBorder\" ><hr><\/div><div class=\"btText\" ><\/p>\n<p><img decoding=\"async\" class=\"alignright size-thumbnail wp-image-9265\" src=\"https:\/\/www.gronbach.com\/wp-content\/uploads\/sites\/3\/2022\/04\/green-energy-alperia-160x160.png\" alt=\"\" width=\"200\" height=\"auto\" srcset=\"https:\/\/www.gronbach.com\/it\/wp-content\/uploads\/sites\/3\/2022\/04\/green-energy-alperia-160x160.png 160w, https:\/\/www.gronbach.com\/it\/wp-content\/uploads\/sites\/3\/2022\/04\/green-energy-alperia-320x320.png 320w, https:\/\/www.gronbach.com\/it\/wp-content\/uploads\/sites\/3\/2022\/04\/green-energy-alperia.png 600w\" sizes=\"(max-width: 160px) 100vw, 160px\" \/>Il sito in Italia \u00e8 certificato da Alperia Smart Services con il marchio &#8220;alperia green energy&#8221;, il che significa che otteniamo dal fornitore il 100% di energia verde da fonti rinnovabili, dando cos\u00ec un importante contributo alla tutela dell&#8217;ambiente e del clima.<\/p>\n<p>\n<\/div><\/div><\/div><div class=\"rowItem col-md-6 col-sm-12 btTextLeft animate animate-fadein animate-moveleft inherit btNoPadding\" style=\"transition-delay:600ms;transition-duration: 7s;\" data-width=\"6\"><div class=\"rowItemContent\" ><div class=\"bpgPhoto btDefaultHoverType\" ><div class = \"btImage\"><img decoding=\"async\" src=\"https:\/\/www.gronbach.com\/it\/wp-content\/uploads\/sites\/3\/2021\/07\/nachhaltigkeit-umwelt.jpg\" alt=\"\" title=\"\"><\/div><\/div><\/div><\/div><\/div><\/div><\/div><\/div><\/div><\/section><section id=\"bt_section69e4ecb1498b9\"  class=\"boldSection topSpaced inherit\" ><div class=\"port\"><div class=\"boldCell\"><div class=\"boldCellInner\"><div class=\"boldRow \" ><div class=\"boldRowInner\"><div class=\"rowItem col-md-6 col-sm-12 btTextLeft animate animate-fadein animate-moveleft inherit\" style=\"transition-delay:600ms;transition-duration: 7s;\" data-width=\"6\"><div class=\"rowItemContent\" ><div class=\"bpgPhoto btDefaultHoverType\" ><div class = \"btImage\"><img decoding=\"async\" src=\"https:\/\/www.gronbach.com\/it\/wp-content\/uploads\/sites\/3\/2022\/03\/umweltschutz.jpg\" alt=\"\" title=\"\"><\/div><\/div><\/div><\/div><div class=\"rowItem col-md-6 col-sm-12 btTextLeft animate animate-fadein inherit\"  data-width=\"6\"><div class=\"rowItemContent\" ><header class=\"header btClear large btDash topDash  regular\" ><div class=\"btSuperTitle\"><span>Sostenibilit\u00e0<\/span><\/div><div class=\"dash\"><h2><span class=\"headline\">Gestione dell&#8217;<strong>energia<\/strong>.<\/span><\/h2><\/div><\/header><div class=\"btClear btSeparator topSmallSpaced noBorder\" ><hr><\/div><div class=\"bpgPhoto btSimpleHoverType\" ><div class = \"btImage\"><img decoding=\"async\" src=\"https:\/\/www.gronbach.com\/it\/wp-content\/uploads\/sites\/3\/2022\/04\/energie-management.png\" alt=\"\" title=\"\"><\/div><\/div><\/div><\/div><\/div><\/div><\/div><\/div><\/div><\/section><section id=\"bt_section69e4ecb15059e\"  class=\"boldSection topSpaced bottomSemiSpaced inherit\" ><div class=\"port\"><div class=\"boldCell\"><div class=\"boldCellInner\"><div class=\"boldRow \" ><div class=\"boldRowInner\"><div class=\"rowItem col-md-6 col-sm-12 btTextLeft animate animate-fadein inherit btDoublePadding\"  data-width=\"6\"><div class=\"rowItemContent\" ><header class=\"header btClear large btDash topDash  regular\" ><div class=\"btSuperTitle\"><span>Sostenibilit\u00e0<\/span><\/div><div class=\"dash\"><h2><span class=\"headline\">Mobilit\u00e0 e <strong>salute<\/strong>.<\/span><\/h2><\/div><\/header><div class=\"btClear btSeparator topSmallSpaced noBorder\" ><hr><\/div><div class=\"bpgPhoto btDefaultHoverType\" ><div class = \"btImage\"><img decoding=\"async\" src=\"https:\/\/www.gronbach.com\/it\/wp-content\/uploads\/sites\/3\/2022\/04\/jobrad-klimaaktiv.png\" alt=\"\" title=\"\"><\/div><\/div><div class=\"btClear btSeparator topSmallSpaced noBorder\" ><hr><\/div><div class=\"btText\" ><\/p>\n<p>Nell&#8217;ambito della gestione della salute aziendale, offriamo ai nostri dipendenti numerose misure di promozione della salute, tra cui seminari per non fumatori, back school, corsi di yoga e job bike. Per quest&#8217;ultimo, siamo stati premiati come partner di progetto del BMK per la protezione del clima e nell&#8217;ambito del programma climatico &#8220;klimaaktiv mobil&#8221;.<\/p>\n<p>Abbiamo fatto un altro passo avanti verso il risparmio energetico con la nostra flotta di veicoli elettrici interni. Nei prossimi anni convertiremo gradualmente tutti gli altri veicoli alla mobilit\u00e0 elettrica. L&#8217;energia elettrica deriver\u00e0 dalla nostra produzione di energia solare.<\/p>\n<p>\n<\/div><div class=\"btClear btSeparator topSmallSpaced noBorder\" ><hr><\/div><\/div><\/div><div class=\"rowItem col-md-6 col-sm-12 btTextLeft animate animate-fadein animate-moveleft inherit\" style=\"transition-delay:600ms;transition-duration: 7s;\" data-width=\"6\"><div class=\"rowItemContent\" ><div class=\"btText\" ><\/p>\n<p><iframe loading=\"lazy\" title=\"\" src=\"https:\/\/www.gronbach.com\/wp-content\/uploads\/2022\/09\/Gronbach-Passion.webm\" width=\"560\" height=\"315\" frameborder=\"0\" allowfullscreen=\"allowfullscreen\"><\/iframe><\/p>\n<p>\n<\/div><\/div><\/div><\/div><\/div><\/div><\/div><\/div><\/section><section id=\"bt_section69e4ecb151297\"  class=\"boldSection inherit\" style=\"background-color:#9fabcb  !important;\"><div class=\"port\"><div class=\"boldCell\"><div class=\"boldCellInner\"><div class=\"boldRow  btNoRowSpacing\" ><div class=\"boldRowInner\"><div class=\"rowItem col-md-6 col-sm-12 btTextLeft animate animate-fadein btTopVertical btDoublePadding\" style=\"padding:0 90px;background-color: rgba(159, 171, 203, 1); \" data-width=\"6\"><div class=\"rowItemContent\" style = \"background-color: rgba(159, 171, 203, 1); \"><div class=\"btClear btSeparator topSpaced noBorder\" ><hr><\/div><div class=\"btText\" ><\/p>\n<h6><a style=\"text-align: left; color: white;\" href=\"https:\/\/www.gronbach.com\/it\/gruppo-aziende\/storia-dell-azienda\">Storia dell&#8217;azienda<\/a><\/h6>\n<p>\n<\/div><div class=\"btClear btSeparator topSmallSpaced bottomSmallSpaced border\" ><hr><\/div><div class=\"btText\" ><\/p>\n<h6><a style=\"text-align: left; color: white;\" href=\"https:\/\/www.gronbach.com\/it\/gruppo-aziende\/gestione-dell-innovazione\">Gestione dell&#8217;innovazione<\/a><\/h6>\n<p>\n<\/div><div class=\"btClear btSeparator topSmallSpaced bottomSmallSpaced border\" ><hr><\/div><div class=\"btText\" ><\/p>\n<h6><a style=\"text-align: left; color: white;\" href=\"https:\/\/www.gronbach.com\/it\/gruppo-aziende\/gestione-della-qualita\">Gestione della qualit\u00e0<\/a><\/h6>\n<p>\n<\/div><div class=\"btClear btSeparator topSmallSpaced bottomSmallSpaced border\" ><hr><\/div><div class=\"btText\" ><\/p>\n<h6><a style=\"text-align: left; color: white;\" href=\"https:\/\/www.gronbach.com\/it\/gruppo-aziende\/sedi\">Sedi<\/a><\/h6>\n<p>\n<\/div><div class=\"btClear btSeparator topSmallSpaced bottomSmallSpaced border\" ><hr><\/div><div class=\"btText\" ><\/p>\n<h6><a style=\"text-align: left; color: white;\" href=\"https:\/\/careers.gronbach.com\/it\">Carriera<\/a><\/h6>\n<p>\n<\/div><div class=\"btClear btSeparator topSmallSpaced bottomSmallSpaced border\" ><hr><\/div><\/div><\/div><div class=\"rowItem col-md-6 col-sm-12 btTextLeft animate animate-fadein inherit btNoPadding\"  data-width=\"6\"><div class=\"rowItemContent\" ><div class=\"bpgPhoto btDefaultHoverType\" ><div class = \"btImage\"><img decoding=\"async\" src=\"https:\/\/www.gronbach.com\/it\/wp-content\/uploads\/sites\/3\/2021\/07\/mehr_zur_gruppe.jpg\" alt=\"\" title=\"\"><\/div><\/div><\/div><\/div><\/div><\/div><\/div><\/div><\/div><\/section><section id=\"bt_section69e4ecb1542ff\"  class=\"boldSection bottomSmallSpaced inherit\" ><div class=\"port\"><div class=\"boldCell\"><div class=\"boldCellInner\"><div class=\"boldRow \" ><div class=\"boldRowInner\"><div class=\"rowItem col-md-12 col-ms-12  btTextCenter animate animate-fadein inherit btNoPadding\"  data-width=\"12\"><div class=\"rowItemContent\" ><\/div><\/div><\/div><\/div><\/div><\/div><\/div><\/section><\/p>\n","protected":false},"excerpt":{"rendered":"","protected":false},"author":1,"featured_media":13162,"parent":4523,"menu_order":0,"comment_status":"closed","ping_status":"closed","template":"","meta":{"editor_notices":[],"footnotes":""},"class_list":["post-5059","page","type-page","status-publish","has-post-thumbnail","hentry"],"yoast_head":"<!-- This site is optimized with the Yoast SEO plugin v26.3 - https:\/\/yoast.com\/wordpress\/plugins\/seo\/ -->\n<title>Gronbach: sostenibilit\u00e0 e responsabilit\u00e0 ecologica<\/title>\n<meta name=\"description\" content=\"Facciamo un uso particolarmente attento delle risorse del nostro ambiente e ci impegniamo a rispettare le nostre linee guida sulla sostenibilit\u00e0.\" \/>\n<meta name=\"robots\" content=\"index, follow, max-snippet:-1, max-image-preview:large, max-video-preview:-1\" \/>\n<link rel=\"canonical\" href=\"https:\/\/www.gronbach.com\/it\/gruppo-aziende\/sostenibilita\" \/>\n<meta property=\"og:locale\" content=\"it_IT\" \/>\n<meta property=\"og:type\" content=\"article\" \/>\n<meta property=\"og:title\" content=\"Gronbach: sostenibilit\u00e0 e responsabilit\u00e0 ecologica\" \/>\n<meta property=\"og:description\" content=\"Facciamo un uso particolarmente attento delle risorse del nostro ambiente e ci impegniamo a rispettare le nostre linee guida sulla sostenibilit\u00e0.\" \/>\n<meta property=\"og:url\" content=\"https:\/\/www.gronbach.com\/it\/gruppo-aziende\/sostenibilita\" \/>\n<meta property=\"og:site_name\" content=\"Gronbach IT\" \/>\n<meta property=\"article:publisher\" content=\"https:\/\/www.facebook.com\/GronbachDE\/\" \/>\n<meta property=\"article:modified_time\" content=\"2022-10-21T08:47:37+00:00\" \/>\n<meta property=\"og:image\" content=\"https:\/\/www.gronbach.com\/it\/wp-content\/uploads\/sites\/3\/2022\/09\/sustainability-verantwortung.jpg\" \/>\n\t<meta property=\"og:image:width\" content=\"2064\" \/>\n\t<meta property=\"og:image:height\" content=\"485\" \/>\n\t<meta property=\"og:image:type\" content=\"image\/jpeg\" \/>\n<meta name=\"twitter:card\" content=\"summary_large_image\" \/>\n<meta name=\"twitter:label1\" content=\"Tempo di lettura stimato\" \/>\n\t<meta name=\"twitter:data1\" content=\"7 minuti\" \/>\n<!-- \/ Yoast SEO plugin. -->","yoast_head_json":{"title":"Gronbach: sostenibilit\u00e0 e responsabilit\u00e0 ecologica","description":"Facciamo un uso particolarmente attento delle risorse del nostro ambiente e ci impegniamo a rispettare le nostre linee guida sulla sostenibilit\u00e0.","robots":{"index":"index","follow":"follow","max-snippet":"max-snippet:-1","max-image-preview":"max-image-preview:large","max-video-preview":"max-video-preview:-1"},"canonical":"https:\/\/www.gronbach.com\/it\/gruppo-aziende\/sostenibilita","og_locale":"it_IT","og_type":"article","og_title":"Gronbach: sostenibilit\u00e0 e responsabilit\u00e0 ecologica","og_description":"Facciamo un uso particolarmente attento delle risorse del nostro ambiente e ci impegniamo a rispettare le nostre linee guida sulla sostenibilit\u00e0.","og_url":"https:\/\/www.gronbach.com\/it\/gruppo-aziende\/sostenibilita","og_site_name":"Gronbach IT","article_publisher":"https:\/\/www.facebook.com\/GronbachDE\/","article_modified_time":"2022-10-21T08:47:37+00:00","og_image":[{"width":2064,"height":485,"url":"https:\/\/www.gronbach.com\/it\/wp-content\/uploads\/sites\/3\/2022\/09\/sustainability-verantwortung.jpg","type":"image\/jpeg"}],"twitter_card":"summary_large_image","twitter_misc":{"Tempo di lettura stimato":"7 minuti"},"schema":{"@context":"https:\/\/schema.org","@graph":[{"@type":"WebPage","@id":"https:\/\/www.gronbach.com\/it\/gruppo-aziende\/sostenibilita","url":"https:\/\/www.gronbach.com\/it\/gruppo-aziende\/sostenibilita","name":"Gronbach: sostenibilit\u00e0 e responsabilit\u00e0 ecologica","isPartOf":{"@id":"https:\/\/www.gronbach.com\/it\/#website"},"primaryImageOfPage":{"@id":"https:\/\/www.gronbach.com\/it\/gruppo-aziende\/sostenibilita#primaryimage"},"image":{"@id":"https:\/\/www.gronbach.com\/it\/gruppo-aziende\/sostenibilita#primaryimage"},"thumbnailUrl":"https:\/\/www.gronbach.com\/it\/wp-content\/uploads\/sites\/3\/2022\/09\/sustainability-verantwortung.jpg","datePublished":"2021-07-22T08:47:28+00:00","dateModified":"2022-10-21T08:47:37+00:00","description":"Facciamo un uso particolarmente attento delle risorse del nostro ambiente e ci impegniamo a rispettare le nostre linee guida sulla sostenibilit\u00e0.","breadcrumb":{"@id":"https:\/\/www.gronbach.com\/it\/gruppo-aziende\/sostenibilita#breadcrumb"},"inLanguage":"it-IT","potentialAction":[{"@type":"ReadAction","target":["https:\/\/www.gronbach.com\/it\/gruppo-aziende\/sostenibilita"]}]},{"@type":"ImageObject","inLanguage":"it-IT","@id":"https:\/\/www.gronbach.com\/it\/gruppo-aziende\/sostenibilita#primaryimage","url":"https:\/\/www.gronbach.com\/it\/wp-content\/uploads\/sites\/3\/2022\/09\/sustainability-verantwortung.jpg","contentUrl":"https:\/\/www.gronbach.com\/it\/wp-content\/uploads\/sites\/3\/2022\/09\/sustainability-verantwortung.jpg","width":2064,"height":485},{"@type":"BreadcrumbList","@id":"https:\/\/www.gronbach.com\/it\/gruppo-aziende\/sostenibilita#breadcrumb","itemListElement":[{"@type":"ListItem","position":1,"name":"Home","item":"https:\/\/www.gronbach.com\/it\/"},{"@type":"ListItem","position":2,"name":"Gruppo di aziende","item":"https:\/\/www.gronbach.com\/it\/gruppo-aziende"},{"@type":"ListItem","position":3,"name":"Sostenibilit\u00e0 eresponsabilit\u00e0 ecologica"}]},{"@type":"WebSite","@id":"https:\/\/www.gronbach.com\/it\/#website","url":"https:\/\/www.gronbach.com\/it\/","name":"Gronbach IT","description":"","publisher":{"@id":"https:\/\/www.gronbach.com\/it\/#organization"},"potentialAction":[{"@type":"SearchAction","target":{"@type":"EntryPoint","urlTemplate":"https:\/\/www.gronbach.com\/it\/?s={search_term_string}"},"query-input":{"@type":"PropertyValueSpecification","valueRequired":true,"valueName":"search_term_string"}}],"inLanguage":"it-IT"},{"@type":"Organization","@id":"https:\/\/www.gronbach.com\/it\/#organization","name":"Gronbach","url":"https:\/\/www.gronbach.com\/it\/","logo":{"@type":"ImageObject","inLanguage":"it-IT","@id":"https:\/\/www.gronbach.com\/it\/#\/schema\/logo\/image\/","url":"https:\/\/www.gronbach.com\/it\/wp-content\/uploads\/sites\/3\/2022\/04\/Gronbach_Gruppe_Logo2.png","contentUrl":"https:\/\/www.gronbach.com\/it\/wp-content\/uploads\/sites\/3\/2022\/04\/Gronbach_Gruppe_Logo2.png","width":160,"height":50,"caption":"Gronbach"},"image":{"@id":"https:\/\/www.gronbach.com\/it\/#\/schema\/logo\/image\/"},"sameAs":["https:\/\/www.facebook.com\/GronbachDE\/"]}]}},"_links":{"self":[{"href":"https:\/\/www.gronbach.com\/it\/wp-json\/wp\/v2\/pages\/5059","targetHints":{"allow":["GET"]}}],"collection":[{"href":"https:\/\/www.gronbach.com\/it\/wp-json\/wp\/v2\/pages"}],"about":[{"href":"https:\/\/www.gronbach.com\/it\/wp-json\/wp\/v2\/types\/page"}],"author":[{"embeddable":true,"href":"https:\/\/www.gronbach.com\/it\/wp-json\/wp\/v2\/users\/1"}],"replies":[{"embeddable":true,"href":"https:\/\/www.gronbach.com\/it\/wp-json\/wp\/v2\/comments?post=5059"}],"version-history":[{"count":6,"href":"https:\/\/www.gronbach.com\/it\/wp-json\/wp\/v2\/pages\/5059\/revisions"}],"predecessor-version":[{"id":13137,"href":"https:\/\/www.gronbach.com\/it\/wp-json\/wp\/v2\/pages\/5059\/revisions\/13137"}],"up":[{"embeddable":true,"href":"https:\/\/www.gronbach.com\/it\/wp-json\/wp\/v2\/pages\/4523"}],"wp:featuredmedia":[{"embeddable":true,"href":"https:\/\/www.gronbach.com\/it\/wp-json\/wp\/v2\/media\/13162"}],"wp:attachment":[{"href":"https:\/\/www.gronbach.com\/it\/wp-json\/wp\/v2\/media?parent=5059"}],"curies":[{"name":"wp","href":"https:\/\/api.w.org\/{rel}","templated":true}]}}