{"id":7361,"date":"2022-03-14T10:28:55","date_gmt":"2022-03-14T09:28:55","guid":{"rendered":"https:\/\/www.gronbach.com\/?page_id=7361"},"modified":"2022-10-21T10:50:33","modified_gmt":"2022-10-21T08:50:33","slug":"assemblaggio-automazione","status":"publish","type":"page","link":"https:\/\/www.gronbach.com\/it\/servizi\/assemblaggio-automazione","title":{"rendered":"Assemblaggio,<br>automazione e imballaggio"},"content":{"rendered":"<p><section id=\"bt_section69e7337e08fe0\"  class=\"boldSection bottomExtraSpaced inherit\" ><div class=\"port\"><div class=\"boldCell\"><div class=\"boldCellInner\"><div class=\"boldRow \" ><div class=\"boldRowInner\"><div class=\"rowItem col-md-12 col-ms-12  btTextCenter animate animate-fadein inherit btNoPadding\"  data-width=\"12\"><div class=\"rowItemContent\" ><\/div><\/div><\/div><\/div><\/div><\/div><\/div><\/section><section id=\"bt_section69e7337e094b9\" data-parallax=\"-.9\" data-parallax-offset=\"0\" class=\"boldSection btLightSkin inherit btParallax wBackground cover wBackground cover btBackgroundOverlay btSolidLightBackground\" style=\"background-image:url('https:\/\/www.gronbach.com\/it\/wp-content\/uploads\/sites\/3\/2022\/09\/IMGL1040_LR.jpg');\"><div class=\"port\"><div class=\"boldCell\"><div class=\"boldCellInner\"><div class=\"boldRow \" ><div class=\"boldRowInner\"><div class=\"rowItem col-md-6 col-sm-12 btTextLeft animate animate-fadein animate-moveleft btTopVertical btNoPadding\" style=\"transition-delay:600ms;transition-duration: 7s;\" data-width=\"6\"><div class=\"rowItemContent\" ><div class=\"bpgPhoto btDefaultHoverType\" ><div class = \"btImage\"><img decoding=\"async\" src=\"https:\/\/www.gronbach.com\/it\/wp-content\/uploads\/sites\/3\/2022\/03\/c.jpg\" alt=\"Anbieter, Unternehmen und Firma f\u00fcr die Montage von Ger\u00e4ten, Baugruppen und Komponenten\" title=\"\"><\/div><\/div><\/div><\/div><div class=\"rowItem col-md-6 col-sm-12 btTextLeft animate animate-fadein btMiddleVertical btDoublePadding\"  data-width=\"6\"><div class=\"rowItemContent\" ><header class=\"header btClear large btDash topDash  regular\" ><div class=\"btSuperTitle\"><span>Tecnologie<\/span><\/div><div class=\"dash\"><h2><span class=\"headline\"><strong>Flussi di lavoro<\/strong> flessibili e scalabili.<br \/><br><\/span><\/h2><\/div><\/header><div class=\"btText\" ><\/p>\n<ul>\n<li>Montaggio manuale<\/li>\n<li>Assemblaggio parzialmente automatizzato<\/li>\n<li>Produzione completamente automatizzata di elevate quantit\u00e0<\/li>\n<li>Linee di assemblaggio complete con test di sicurezza e di funzionamento<\/li>\n<li>Linee di assemblaggio personalizzate<\/li>\n<li>Diversi processi di saldatura<\/li>\n<\/ul>\n<p>\n<\/div><\/div><\/div><\/div><\/div><\/div><\/div><\/div><\/section><section id=\"bt_section69e7337e09bf5\"  class=\"boldSection bottomSemiSpaced inherit\" ><div class=\"port\"><div class=\"boldCell\"><div class=\"boldCellInner\"><div class=\"boldRow \" ><div class=\"boldRowInner\"><div class=\"rowItem col-md-12 col-ms-12  btTextCenter animate animate-fadein inherit btNoPadding\"  data-width=\"12\"><div class=\"rowItemContent\" ><\/div><\/div><\/div><\/div><\/div><\/div><\/div><\/section><section id=\"bt_section69e7337e09ca6\"  class=\"boldSection bottomLargeSpaced gutter boxed inherit\" ><div class=\"port\"><div class=\"boldCell\"><div class=\"boldCellInner\"><div class=\"boldRow \" ><div class=\"boldRowInner\"><div class=\"rowItem col-md-12 col-ms-12  btTextLeft animate animate-fadein inherit\"  data-width=\"12\"><div class=\"rowItemContent\" ><header class=\"header btClear large btDash topDash  regular\" ><div class=\"btSuperTitle\"><span>Servizio di produzione in serie<\/span><\/div><div class=\"dash\"><h2><span class=\"headline\"><strong>Soluzioni di imballaggio specifiche<\/strong> per ogni richiesta.<\/span><\/h2><\/div><\/header><\/div><\/div><\/div><\/div><div class=\"boldRow \" ><div class=\"boldRowInner\"><div class=\"rowItem col-md-6 col-sm-12 btTextLeft animate animate-fadein btMiddleVertical btLightSkin\"  data-width=\"6\"><div class=\"rowItemContent\" style = \"background-color: rgba(255, 255, 255, 0.6); \"><div class=\"boldRow \" style=\"max-width: 580px; float: right;\"><div class=\"boldRowInner\"><div class=\"rowItem rowInnerItem col-sm-12  btTextLeft inherit\"  ><div class=\"rowItemContent\"><div class=\"btText\" ><\/p>\n<p>Le soluzioni di imballaggio individuali per unit\u00e0 complete, gruppi e singoli componenti fanno parte della nostra produzione in serie.<br \/>\nTeniamo in particolare considerazione lo spazio necessario ai prodotti, la comodit\u00e0 nell&#8217;utilizzo e la rappresentazione del marchio orientata al cliente.<br \/>\nPer la produzione in serie, nei nostri capannoni sono disponibili sistemi di confezionamento completamente automatizzati, che ci garantiscono un processo di produzione e successiva spedizione senza intoppi.<\/p>\n<p>\n<\/div><\/div><\/div><\/div><\/div><\/div><\/div><div class=\"rowItem col-md-6 col-sm-12 btTextLeft animate animate-fadein inherit\"  data-width=\"6\"><div class=\"rowItemContent\" ><div class=\"bpgPhoto btDefaultHoverType\" ><div class = \"btImage\"><img decoding=\"async\" src=\"https:\/\/www.gronbach.com\/it\/wp-content\/uploads\/sites\/3\/2022\/05\/ws-paket.jpg\" alt=\"Verpackungsl\u00f6sungen f\u00fcr Ger\u00e4te in der Serienfertigung\" title=\"\"><\/div><\/div><\/div><\/div><\/div><\/div><\/div><\/div><\/div><\/section><section id=\"bt_section69e7337e0ccb1\" data-parallax=\"-.9\" data-parallax-offset=\"0\" class=\"boldSection topSemiSpaced bottomSmallSpaced btDarkSkin btAccentColorBackground gutter boxed inherit btParallax\" style=\"background-color:#9fabcb  !important;\"><div class=\"port\"><div class=\"boldCell\"><div class=\"boldCellInner\"><div class=\"boldRow \" ><div class=\"boldRowInner\"><div class=\"rowItem col-md-4 col-ms-12 btTextLeft animate animate-moveright inherit\" style=\"transition-duration: 7s;\" data-width=\"4\"><div class=\"rowItemContent\" ><header class=\"header btClear large btDash topDash machesorange regular\" ><div class=\"btSuperTitle\"><span>Tecnologie<\/span><\/div><div class=\"dash\"><h2><span class=\"headline\"><strong>Larghezza e profondit\u00e0<\/strong><br \/><br>nella produzione.<\/span><\/h2><\/div><div class=\"btSubTitle\">I nostri disparati macchinari e il nostro team altamente qualificato costituiscono la base della nostra tecnologia di produzione.<\/div><\/header><div class=\"btClear btSeparator topSmallSpaced noBorder\" ><hr><\/div><a href=\"https:\/\/www.gronbach.com\/it\/servizi\" class=\"btBtn btBtn btnFilledStyle btnAlternateColor btnSmall btnNormalWidth btnLeftPosition btnNoIcon\" ><span class=\"btnInnerText\">Informazioni sulle tecnologie<\/span><\/a><div class=\"btClear btSeparator topSmallSpaced bottomSmallSpaced noBorder\" ><hr><\/div><div class=\"btClear btSeparator topSmallSpaced bottomSmallSpaced noBorder\" ><hr><\/div><\/div><\/div><div class=\"rowItem col-md-4 col-ms-12 btTextLeft animate animate-fadein inherit btTextIndent\"  data-width=\"4\"><div class=\"rowItemContent\" ><span class=\"btIco btIcoOutlineType btIcoBigSize btIcoDefaultColor btIconSquareShape nopointeraction\"><span  data-ico-fa=\"&#xf1cb;\" class=\"btIcoHolder\"><span>Ricerca e sviluppo<\/span><\/span><\/span><span class=\"btIco btIcoOutlineType btIcoBigSize btIcoDefaultColor btIconSquareShape nopointeraction\"><span  data-ico-fa=\"&#xf1b3;\" class=\"btIcoHolder\"><span>Prototipazione e costruzione<\/span><\/span><\/span><span class=\"btIco btIcoOutlineType btIcoBigSize btIcoDefaultColor btIconSquareShape nopointeraction\"><span  data-ico-fa=\"&#xf275;\" class=\"btIcoHolder\"><span>Costruzione di utensili<\/span><\/span><\/span><span class=\"btIco btIcoOutlineType btIcoBigSize btIcoDefaultColor btIconSquareShape nopointeraction\"><span  data-ico-fa=\"&#xf02e;\" class=\"btIcoHolder\"><span>Lavorazione dei metalli<\/span><\/span><\/span><span class=\"btIco btIcoOutlineType btIcoBigSize btIcoDefaultColor btIconSquareShape nopointeraction\"><span  data-ico-fa=\"&#xf1b2;\" class=\"btIcoHolder\"><span>Finitura di superficie<\/span><\/span><\/span><\/div><\/div><div class=\"rowItem col-md-4 col-ms-12 btTextLeft animate animate-fadein inherit btTextIndent\"  data-width=\"4\"><div class=\"rowItemContent\" ><span class=\"btIco btIcoOutlineType btIcoBigSize btIcoDefaultColor btIconSquareShape nopointeraction\"><span  data-ico-fa=\"&#xf23a;\" class=\"btIcoHolder\"><span>Stampaggio a iniezione<\/span><\/span><\/span><span class=\"btIco btIcoOutlineType btIcoBigSize btIcoDefaultColor btIconSquareShape nopointeraction\"><span  data-ico-fa=\"&#xf06d;\" class=\"btIcoHolder\"><span>Tecnologia adesiva<\/span><\/span><\/span><span class=\"btIco btIcoOutlineType btIcoBigSize btIcoDefaultColor btIconSquareShape nopointeraction\"><span  data-ico-fa=\"&#xf212;\" class=\"btIcoHolder\"><span>Compositi ibridi<\/span><\/span><\/span><span class=\"btIco btIcoOutlineType btIcoBigSize btIcoDefaultColor btIconSquareShape nopointeraction\"><span  data-ico-fa=\"&#xf255;\" class=\"btIcoHolder\"><span>Montaggio e automazione<\/span><\/span><\/span><span class=\"btIco btIcoOutlineType btIcoBigSize btIcoDefaultColor btIconSquareShape nopointeraction\"><span  data-ico-fa=\"&#xf187;\" class=\"btIcoHolder\"><span>Imballaggi<\/span><\/span><\/span><\/div><\/div><\/div><\/div><\/div><\/div><\/div><\/section><section id=\"bt_section69e7337e0d7be\"  class=\"boldSection topSpaced gutter boxed inherit\" style=\"background-color:#ffffff  !important;\"><div class=\"port\"><div class=\"boldCell\"><div class=\"boldCellInner\"><div class=\"boldRow \" ><div class=\"boldRowInner\"><div class=\"rowItem col-md-12 col-ms-12  btTextLeft animate animate-fadein inherit\"  data-width=\"12\"><div class=\"rowItemContent\" ><div class=\"btClear btSeparator topSemiSpaced noBorder\" ><hr><\/div><\/div><\/div><\/div><\/div><\/div><\/div><\/div><\/section><section id=\"bt_section69e7337e0d9bf\" data-parallax=\"0.8\" data-parallax-offset=\"0\" class=\"boldSection topSmallSpaced bottomSmallSpaced btDarkSkin gutter boxed inherit btParallax\" style=\"background-color:#3c5e92  !important;\"><div class=\"port\"><div class=\"boldCell\"><div class=\"boldCellInner\"><div class=\"boldRow \" ><div class=\"boldRowInner\"><div class=\"rowItem col-md-12 col-ms-12  btTextLeft animate animate-fadein inherit\"  data-width=\"12\"><div class=\"rowItemContent\" ><div class=\"btClear btSeparator topSemiSpaced noBorder\" ><hr><\/div><header class=\"header btClear large  thin\" ><div class=\"dash\"><h2><span class=\"headline\">Il vostro filo diretto con noi.<\/span><\/h2><\/div><\/header><div class=\"btClear btSeparator topSemiSpaced noBorder\" ><hr><\/div><\/div><\/div><\/div><\/div><div class=\"boldRow \" ><div class=\"boldRowInner\"><div class=\"rowItem col-md-12 col-ms-12  btTextLeft animate animate-fadein inherit\"  data-width=\"12\"><div class=\"rowItemContent\" ><div class=\"btText\" >\n<div class=\"wpcf7 no-js\" id=\"wpcf7-f12034-o1\" lang=\"de-DE\" dir=\"ltr\" data-wpcf7-id=\"12034\">\n<div class=\"screen-reader-response\"><p role=\"status\" aria-live=\"polite\" aria-atomic=\"true\"><\/p> <ul><\/ul><\/div>\n<form action=\"\/it\/wp-json\/wp\/v2\/pages\/7361#wpcf7-f12034-o1\" method=\"post\" class=\"wpcf7-form init\" aria-label=\"Kontaktformular\" enctype=\"multipart\/form-data\" novalidate=\"novalidate\" data-status=\"init\">\n<fieldset class=\"hidden-fields-container\"><input type=\"hidden\" name=\"_wpcf7\" value=\"12034\" \/><input type=\"hidden\" name=\"_wpcf7_version\" value=\"6.1.3\" \/><input type=\"hidden\" name=\"_wpcf7_locale\" value=\"de_DE\" \/><input type=\"hidden\" name=\"_wpcf7_unit_tag\" value=\"wpcf7-f12034-o1\" \/><input type=\"hidden\" name=\"_wpcf7_container_post\" value=\"0\" \/><input type=\"hidden\" name=\"_wpcf7_posted_data_hash\" value=\"\" \/><input type=\"hidden\" name=\"_wpcf7cf_hidden_group_fields\" value=\"[]\" \/><input type=\"hidden\" name=\"_wpcf7cf_hidden_groups\" value=\"[]\" \/><input type=\"hidden\" name=\"_wpcf7cf_visible_groups\" value=\"[]\" \/><input type=\"hidden\" name=\"_wpcf7cf_repeaters\" value=\"[]\" \/><input type=\"hidden\" name=\"_wpcf7cf_steps\" value=\"{}\" \/><input type=\"hidden\" name=\"_wpcf7cf_options\" value=\"{&quot;form_id&quot;:12034,&quot;conditions&quot;:[],&quot;settings&quot;:{&quot;animation&quot;:&quot;yes&quot;,&quot;animation_intime&quot;:200,&quot;animation_outtime&quot;:200,&quot;conditions_ui&quot;:&quot;normal&quot;,&quot;notice_dismissed&quot;:false,&quot;notice_dismissed_rollback-cf7-5.6.2&quot;:true,&quot;notice_dismissed_rollback-cf7-5.6.4&quot;:true,&quot;notice_dismissed_rollback-cf7-5.8.3&quot;:true}}\" \/>\n<\/fieldset>\n<p><label> Azienda*<br \/>\n<span class=\"wpcf7-form-control-wrap\" data-name=\"your-company\"><input size=\"40\" maxlength=\"400\" class=\"wpcf7-form-control wpcf7-text wpcf7-validates-as-required\" aria-required=\"true\" aria-invalid=\"false\" value=\"\" type=\"text\" name=\"your-company\" \/><\/span> <\/label><br \/>\n<label> Nome e cognome*<br \/>\n<span class=\"wpcf7-form-control-wrap\" data-name=\"your-name\"><input size=\"40\" maxlength=\"400\" class=\"wpcf7-form-control wpcf7-text wpcf7-validates-as-required\" aria-required=\"true\" aria-invalid=\"false\" value=\"\" type=\"text\" name=\"your-name\" \/><\/span> <\/label><br \/>\n<label> Indirizzo e-mail*<br \/>\n<span class=\"wpcf7-form-control-wrap\" data-name=\"your-email\"><input size=\"40\" maxlength=\"400\" class=\"wpcf7-form-control wpcf7-email wpcf7-validates-as-required wpcf7-text wpcf7-validates-as-email\" aria-required=\"true\" aria-invalid=\"false\" value=\"\" type=\"email\" name=\"your-email\" \/><\/span> <\/label><br \/>\n<label> Telefono<br \/>\n<span class=\"wpcf7-form-control-wrap\" data-name=\"tel-656\"><input size=\"40\" maxlength=\"400\" class=\"wpcf7-form-control wpcf7-tel wpcf7-text wpcf7-validates-as-tel\" aria-invalid=\"false\" value=\"\" type=\"tel\" name=\"tel-656\" \/><\/span> <\/label><br \/>\n<label> Via e numero civico<br \/>\n<span class=\"wpcf7-form-control-wrap\" data-name=\"your-street\"><input size=\"40\" maxlength=\"400\" class=\"wpcf7-form-control wpcf7-text\" aria-invalid=\"false\" value=\"\" type=\"text\" name=\"your-street\" \/><\/span> <\/label>\n<\/p>\n<p><label> Codice postale e localit\u00e0<br \/>\n<span class=\"wpcf7-form-control-wrap\" data-name=\"your-plz\"><input size=\"40\" maxlength=\"400\" class=\"wpcf7-form-control wpcf7-text\" aria-invalid=\"false\" value=\"\" type=\"text\" name=\"your-plz\" \/><\/span> <\/label>\n<\/p>\n<p><label> Il suo messaggio<br \/>\n<span class=\"wpcf7-form-control-wrap\" data-name=\"your-message\"><textarea cols=\"40\" rows=\"5\" maxlength=\"2000\" class=\"wpcf7-form-control wpcf7-textarea\" aria-invalid=\"false\" name=\"your-message\"><\/textarea><\/span> <\/label><br \/>\n<label> Caricamento dati (max. 8 MB, jpg, pdf, png, zip, docx, stp)<br \/>\n<span class=\"wpcf7-form-control-wrap\" data-name=\"file-429\"><input size=\"40\" class=\"wpcf7-form-control wpcf7-file\" accept=\".jpg,.pdf,.png,.zip,.docx,.stp\" aria-invalid=\"false\" type=\"file\" name=\"file-429\" \/><\/span> <\/label>\n<\/p>\n<p>Trattiamo i vostri dati esclusivamente per rispondere alla vostra richiesta. Informazioni sulla <a style=\"color:black;text-decoration:underline\" href=\"https:\/\/www.gronbach.com\/it\/protezione-dei-dati\" target=\"_blank\">protezione dei dati<\/a>\n<\/p>\n<input class=\"wpcf7-form-control wpcf7-hidden\" value=\"\" type=\"hidden\" name=\"referer-page\" \/>\n<p><span class=\"wpcf7-form-control-wrap bwscaptcha-788\"><input style=\"display:none;\" class=\"wpcf7-form-control wpcf7-bwscaptcha\" aria-required=\"true\" type=\"text\" name=\"bwscaptcha-788\" value=\"\" \/><p class=\"cptch_block\"><span class=\"cptch_title cptch_to_remove\">Anti-Spam<span class=\"required\"> *<\/span><\/span><span class=\"cptch_wrap cptch_math_actions\">\n\t\t\t\t<label class=\"cptch_label\" for=\"cptch_input_19\"><span class=\"cptch_span\">9<\/span>\n\t\t\t\t\t<span class=\"cptch_span\">&nbsp;&#43;&nbsp;<\/span>\n\t\t\t\t\t<span class=\"cptch_span\">4<\/span>\n\t\t\t\t\t<span class=\"cptch_span\">&nbsp;=&nbsp;<\/span>\n\t\t\t\t\t<span class=\"cptch_span\"><input id=\"cptch_input_19\" class=\"cptch_input wpcf7-form-control wpcf7-bwscaptcha\" type=\"text\" autocomplete=\"off\" name=\"bwscaptcha-788\" value=\"\" maxlength=\"2\" size=\"2\" aria-required=\"true\" required=\"required\" style=\"margin-bottom:0;display:inline;font-size: 12px;width: 40px;\" \/><\/span>\n\t\t\t\t\t<input type=\"hidden\" name=\"bwscaptcha-788-cptch_result\" value=\"9l0E\" \/><input type=\"hidden\" name=\"cptch_time\" value=\"1776759678\" \/>\n\t\t\t\t\t<input type=\"hidden\" name=\"cptch_form\" value=\"cf7_contact\" \/>\n\t\t\t\t<\/label><span class=\"cptch_reload_button_wrap hide-if-no-js\">\n\t\t\t\t\t<noscript>\n\t\t\t\t\t\t<style type=\"text\/css\">\n\t\t\t\t\t\t\t.hide-if-no-js {\n\t\t\t\t\t\t\t\tdisplay: none !important;\n\t\t\t\t\t\t\t}\n\t\t\t\t\t\t<\/style>\n\t\t\t\t\t<\/noscript>\n\t\t\t\t\t<span class=\"cptch_reload_button dashicons dashicons-update\"><\/span>\n\t\t\t\t<\/span><\/span><\/p><\/span>\n<\/p>\n<p><input class=\"wpcf7-form-control wpcf7-submit has-spinner\" type=\"submit\" value=\"Inviare\" \/>\n<\/p><div class=\"wpcf7-response-output\" aria-hidden=\"true\"><\/div>\n<\/form>\n<\/div>\n<\/div><\/div><\/div><\/div><\/div><\/div><\/div><\/div><\/section><\/p>\n","protected":false},"excerpt":{"rendered":"","protected":false},"author":1,"featured_media":10980,"parent":5250,"menu_order":0,"comment_status":"closed","ping_status":"closed","template":"","meta":{"editor_notices":[],"footnotes":""},"class_list":["post-7361","page","type-page","status-publish","has-post-thumbnail","hentry"],"yoast_head":"<!-- This site is optimized with the Yoast SEO plugin v26.3 - https:\/\/yoast.com\/wordpress\/plugins\/seo\/ -->\n<title>Gronbach: assemblaggio, imballaggio e automazione nella produzione<\/title>\n<meta name=\"description\" content=\"Montiamo dispositivi, assemblaggi e componenti OEM pronti per l&#039;installazione e implementiamo soluzioni di imballaggio individuali nella produzione.\" \/>\n<meta name=\"robots\" content=\"index, follow, max-snippet:-1, max-image-preview:large, max-video-preview:-1\" \/>\n<link rel=\"canonical\" href=\"https:\/\/www.gronbach.com\/it\/servizi\/assemblaggio-automazione\" \/>\n<meta property=\"og:locale\" content=\"it_IT\" \/>\n<meta property=\"og:type\" content=\"article\" \/>\n<meta property=\"og:title\" content=\"Gronbach: assemblaggio, imballaggio e automazione nella produzione\" \/>\n<meta property=\"og:description\" content=\"Montiamo dispositivi, assemblaggi e componenti OEM pronti per l&#039;installazione e implementiamo soluzioni di imballaggio individuali nella produzione.\" \/>\n<meta property=\"og:url\" content=\"https:\/\/www.gronbach.com\/it\/servizi\/assemblaggio-automazione\" \/>\n<meta property=\"og:site_name\" content=\"Gronbach IT\" \/>\n<meta property=\"article:publisher\" content=\"https:\/\/www.facebook.com\/GronbachDE\/\" \/>\n<meta property=\"article:modified_time\" content=\"2022-10-21T08:50:33+00:00\" \/>\n<meta property=\"og:image\" content=\"https:\/\/www.gronbach.com\/it\/wp-content\/uploads\/sites\/3\/2022\/05\/ma.png\" \/>\n\t<meta property=\"og:image:width\" content=\"1999\" \/>\n\t<meta property=\"og:image:height\" content=\"601\" \/>\n\t<meta property=\"og:image:type\" content=\"image\/png\" \/>\n<meta name=\"twitter:card\" content=\"summary_large_image\" \/>\n<meta name=\"twitter:label1\" content=\"Tempo di lettura stimato\" \/>\n\t<meta name=\"twitter:data1\" content=\"9 minuti\" \/>\n<!-- \/ Yoast SEO plugin. -->","yoast_head_json":{"title":"Gronbach: assemblaggio, imballaggio e automazione nella produzione","description":"Montiamo dispositivi, assemblaggi e componenti OEM pronti per l'installazione e implementiamo soluzioni di imballaggio individuali nella produzione.","robots":{"index":"index","follow":"follow","max-snippet":"max-snippet:-1","max-image-preview":"max-image-preview:large","max-video-preview":"max-video-preview:-1"},"canonical":"https:\/\/www.gronbach.com\/it\/servizi\/assemblaggio-automazione","og_locale":"it_IT","og_type":"article","og_title":"Gronbach: assemblaggio, imballaggio e automazione nella produzione","og_description":"Montiamo dispositivi, assemblaggi e componenti OEM pronti per l'installazione e implementiamo soluzioni di imballaggio individuali nella produzione.","og_url":"https:\/\/www.gronbach.com\/it\/servizi\/assemblaggio-automazione","og_site_name":"Gronbach IT","article_publisher":"https:\/\/www.facebook.com\/GronbachDE\/","article_modified_time":"2022-10-21T08:50:33+00:00","og_image":[{"width":1999,"height":601,"url":"https:\/\/www.gronbach.com\/it\/wp-content\/uploads\/sites\/3\/2022\/05\/ma.png","type":"image\/png"}],"twitter_card":"summary_large_image","twitter_misc":{"Tempo di lettura stimato":"9 minuti"},"schema":{"@context":"https:\/\/schema.org","@graph":[{"@type":"WebPage","@id":"https:\/\/www.gronbach.com\/it\/servizi\/assemblaggio-automazione","url":"https:\/\/www.gronbach.com\/it\/servizi\/assemblaggio-automazione","name":"Gronbach: assemblaggio, imballaggio e automazione nella produzione","isPartOf":{"@id":"https:\/\/www.gronbach.com\/it\/#website"},"primaryImageOfPage":{"@id":"https:\/\/www.gronbach.com\/it\/servizi\/assemblaggio-automazione#primaryimage"},"image":{"@id":"https:\/\/www.gronbach.com\/it\/servizi\/assemblaggio-automazione#primaryimage"},"thumbnailUrl":"https:\/\/www.gronbach.com\/it\/wp-content\/uploads\/sites\/3\/2022\/05\/ma.png","datePublished":"2022-03-14T09:28:55+00:00","dateModified":"2022-10-21T08:50:33+00:00","description":"Montiamo dispositivi, assemblaggi e componenti OEM pronti per l'installazione e implementiamo soluzioni di imballaggio individuali nella produzione.","breadcrumb":{"@id":"https:\/\/www.gronbach.com\/it\/servizi\/assemblaggio-automazione#breadcrumb"},"inLanguage":"it-IT","potentialAction":[{"@type":"ReadAction","target":["https:\/\/www.gronbach.com\/it\/servizi\/assemblaggio-automazione"]}]},{"@type":"ImageObject","inLanguage":"it-IT","@id":"https:\/\/www.gronbach.com\/it\/servizi\/assemblaggio-automazione#primaryimage","url":"https:\/\/www.gronbach.com\/it\/wp-content\/uploads\/sites\/3\/2022\/05\/ma.png","contentUrl":"https:\/\/www.gronbach.com\/it\/wp-content\/uploads\/sites\/3\/2022\/05\/ma.png","width":1999,"height":601},{"@type":"BreadcrumbList","@id":"https:\/\/www.gronbach.com\/it\/servizi\/assemblaggio-automazione#breadcrumb","itemListElement":[{"@type":"ListItem","position":1,"name":"Home","item":"https:\/\/www.gronbach.com\/it\/"},{"@type":"ListItem","position":2,"name":"Servizi","item":"https:\/\/www.gronbach.com\/it\/servizi"},{"@type":"ListItem","position":3,"name":"Assemblaggio,automazione e imballaggio"}]},{"@type":"WebSite","@id":"https:\/\/www.gronbach.com\/it\/#website","url":"https:\/\/www.gronbach.com\/it\/","name":"Gronbach IT","description":"","publisher":{"@id":"https:\/\/www.gronbach.com\/it\/#organization"},"potentialAction":[{"@type":"SearchAction","target":{"@type":"EntryPoint","urlTemplate":"https:\/\/www.gronbach.com\/it\/?s={search_term_string}"},"query-input":{"@type":"PropertyValueSpecification","valueRequired":true,"valueName":"search_term_string"}}],"inLanguage":"it-IT"},{"@type":"Organization","@id":"https:\/\/www.gronbach.com\/it\/#organization","name":"Gronbach","url":"https:\/\/www.gronbach.com\/it\/","logo":{"@type":"ImageObject","inLanguage":"it-IT","@id":"https:\/\/www.gronbach.com\/it\/#\/schema\/logo\/image\/","url":"https:\/\/www.gronbach.com\/it\/wp-content\/uploads\/sites\/3\/2022\/04\/Gronbach_Gruppe_Logo2.png","contentUrl":"https:\/\/www.gronbach.com\/it\/wp-content\/uploads\/sites\/3\/2022\/04\/Gronbach_Gruppe_Logo2.png","width":160,"height":50,"caption":"Gronbach"},"image":{"@id":"https:\/\/www.gronbach.com\/it\/#\/schema\/logo\/image\/"},"sameAs":["https:\/\/www.facebook.com\/GronbachDE\/"]}]}},"_links":{"self":[{"href":"https:\/\/www.gronbach.com\/it\/wp-json\/wp\/v2\/pages\/7361","targetHints":{"allow":["GET"]}}],"collection":[{"href":"https:\/\/www.gronbach.com\/it\/wp-json\/wp\/v2\/pages"}],"about":[{"href":"https:\/\/www.gronbach.com\/it\/wp-json\/wp\/v2\/types\/page"}],"author":[{"embeddable":true,"href":"https:\/\/www.gronbach.com\/it\/wp-json\/wp\/v2\/users\/1"}],"replies":[{"embeddable":true,"href":"https:\/\/www.gronbach.com\/it\/wp-json\/wp\/v2\/comments?post=7361"}],"version-history":[{"count":5,"href":"https:\/\/www.gronbach.com\/it\/wp-json\/wp\/v2\/pages\/7361\/revisions"}],"predecessor-version":[{"id":13097,"href":"https:\/\/www.gronbach.com\/it\/wp-json\/wp\/v2\/pages\/7361\/revisions\/13097"}],"up":[{"embeddable":true,"href":"https:\/\/www.gronbach.com\/it\/wp-json\/wp\/v2\/pages\/5250"}],"wp:featuredmedia":[{"embeddable":true,"href":"https:\/\/www.gronbach.com\/it\/wp-json\/wp\/v2\/media\/10980"}],"wp:attachment":[{"href":"https:\/\/www.gronbach.com\/it\/wp-json\/wp\/v2\/media?parent=7361"}],"curies":[{"name":"wp","href":"https:\/\/api.w.org\/{rel}","templated":true}]}}