{"id":8712,"date":"2022-04-22T09:39:28","date_gmt":"2022-04-22T07:39:28","guid":{"rendered":"https:\/\/www.gronbach.com\/?page_id=8712"},"modified":"2025-09-20T17:03:42","modified_gmt":"2025-09-20T15:03:42","slug":"italia","status":"publish","type":"page","link":"https:\/\/www.gronbach.com\/it\/gruppo-aziende\/sedi\/italia","title":{"rendered":"Gronbach Italia"},"content":{"rendered":"<section id=\"bt_section69e9f45c0797c\"  class=\"boldSection btDivider topSpaced bottomSpaced gutter boxed inherit\" ><div class=\"port\"><div class=\"boldCell\"><div class=\"boldCellInner\"><div class=\"boldRow \" ><div class=\"boldRowInner\"><div class=\"rowItem col-md-6 col-sm-12 btTextLeft animate animate-fadein inherit btDoublePadding\"  data-width=\"6\"><div class=\"rowItemContent\" ><div class=\"btText\" ><\/p>\n<h5>Division Kinematics<\/h5>\n<hr \/>\n<p>Gronbach GmbH<br \/>\nSchotterweg 7\/9<br \/>\nI-39044 Laag \/ Neumarkt (BZ)<\/p>\n<p>\n<\/div><div class=\"btClear btSeparator topSmallSpaced bottomSmallSpaced noBorder\" ><hr><\/div><div class=\"bpgPhoto btDefaultHoverType\" ><div class = \"btImage\"><img decoding=\"async\" src=\"https:\/\/www.gronbach.com\/it\/wp-content\/uploads\/sites\/3\/2022\/09\/italien.jpg\" alt=\"\" title=\"\"><\/div><\/div><div class=\"btClear btSeparator bottomSmallSpaced noBorder\" ><hr><\/div><div class=\"btText\" ><\/p>\n<p><iframe loading=\"lazy\" src=\"https:\/\/www.gronbach.com\/wp-content\/uploads\/2022\/09\/Gronbach-Laag-4k.webm\" width=\"560\" height=\"315\" frameborder=\"0\"><\/iframe><\/p>\n<p>\n<\/div><div class=\"btClear btSeparator bottomSmallSpaced noBorder\" ><hr><\/div><a href=\"https:\/\/www.gronbach.com\/it\/servizio-clienti\/contatto\" class=\"btBtn btBtn btnOutlineStyle btnAlternateColor btnSmall btnFullWidth btnRightPosition btnNoIcon\" ><span class=\"btnInnerText\">E-Mail<\/span><\/a><a href=\"tel:+390471809611\" class=\"btBtn btBtn btnOutlineStyle btnNormalColor btnSmall btnFullWidth btnRightPosition btnNoIcon\" ><span class=\"btnInnerText\">Telefono<\/span><\/a><a href=\"https:\/\/maps.app.goo.gl\/HDtnMXyWwJ9rXaah9\" class=\"btBtn btBtn btnOutlineStyle btnNormalColor btnSmall btnFullWidth btnRightPosition btnNoIcon\"  target=\"_blank\"><span class=\"btnInnerText\">Approccio<\/span><\/a><a href=\"https:\/\/www.gronbach.com\/it\/servizi\/kinematics\" class=\"btBtn btBtn btnOutlineStyle btnNormalColor btnSmall btnFullWidth btnRightPosition btnNoIcon\"  target=\"_self\"><span class=\"btnInnerText\">Dettagli sulla divisione Kinematics<\/span><\/a><div class=\"btClear btSeparator topSmallSpaced bottomSmallSpaced noBorder\" ><hr><\/div><div class=\"btText\" ><\/p>\n<p><strong>Xaver Auer<\/strong><br \/>\nDirezione Gronbach Group<\/p>\n<p>\n<\/div><div class=\"btClear btSeparator bottomSmallSpaced noBorder\" ><hr><\/div><div class=\"bpgPhoto btDefaultHoverType\" ><div class = \"btImage\"><img decoding=\"async\" src=\"https:\/\/www.gronbach.com\/it\/wp-content\/uploads\/sites\/3\/2025\/09\/XaverAuer.jpg\" alt=\"\" title=\"\"><\/div><\/div><\/div><\/div><div class=\"rowItem col-md-6 col-sm-12 btTextLeft animate animate-fadein inherit btDoublePadding\"  data-width=\"6\"><div class=\"rowItemContent\" ><div class=\"btClear btSeparator topSemiSpaced bottomSpaced noBorder\" ><hr><\/div><div class=\"btText\" ><\/p>\n<p>Con una superficie di 12.000 m<sup>2<\/sup> e 160 dipendenti, lo stabilimento italiano \u00e8 specializzato nello sviluppo e nella produzione in serie di cinematismi, tra cui soprattutto cerniere e guide estraibili per l&#8217;industria degli elettrodomestici e della gastronomia.<\/p>\n<p>Insieme a Gronbach USA, il sito forma la divisione <strong>Kinematics<\/strong>:<\/p>\n<div class=\"btClear btSeparator topSmallSpaced noBorder\" >\n<hr>\n<\/div>\n<ul>\n<li>Sviluppo e produzione in serie di cinematiche<\/li>\n<li>Sviluppo di componenti<\/li>\n<li>Lavorazione dell&#8217;acciaio inossidabile<\/li>\n<\/ul>\n<p>\n<\/div><div class=\"bpgPhoto btDefaultHoverType\" ><div class = \"btImage\"><img decoding=\"async\" src=\"https:\/\/www.gronbach.com\/it\/wp-content\/uploads\/sites\/3\/2022\/06\/familie-und-beruf-160x160.png\" alt=\"\" title=\"\"><\/div><\/div><div class=\"btClear btSeparator topSmallSpaced noBorder\" ><hr><\/div><div class=\"btTabs tabsVertical\"><ul class=\"tabsHeader\"><li><span>Lavoro e famiglia<\/span><\/li><\/ul><div class=\"tabPanes accordionPanes\"><div class=\"tabPane\">\n\t\t\t<div class=\"tabAccordionTitle\"><span>Lavoro e famiglia<\/span><\/div>\n\t\t\t<div class=\"tabAccordionContent\"><div class=\"btText\" ><\/p>\n<p>&#8220;La famiglia \u00e8 un elemento fondamentale della nostra societ\u00e0. Noi di Apparatebau lavoriamo in questa societ\u00e0. Pertanto, ci assumiamo la responsabilit\u00e0 di sostenere i nostri dipendenti nel conciliare famiglia e carriera&#8221;.<\/p>\n<p>Il nostro contributo a &#8220;famiglia e lavoro&#8221; si riflette, tra l&#8217;altro, nell&#8217;assegnazione del certificato di datore di lavoro favorevole alle famiglie, che abbiamo ricevuto dalla Giunta regionale di Bolzano nel 2012.<\/p>\n<p>Inoltre, in collaborazione con la Vital Foundation, abbiamo ottenuto il certificato di &#8220;Azienda sana&#8221;. Nell&#8217;ambito dei nostri sforzi per conciliare lavoro e vita familiare, offriamo ai nostri dipendenti la possibilit\u00e0 di mantenersi sani e vitali durante l&#8217;orario di lavoro.<br \/>\nAd esempio, i familiari possono mangiare nella nostra mensa a prezzi ridotti o scegliere di portare il cibo a casa.<\/p>\n<p>Altre misure che attuiamo nell&#8217;ambito della nostra attivit\u00e0 a favore delle famiglie:<\/p>\n<ul>\n<li>Dopo il congedo parentale previsto dalla legge, ogni donna pu\u00f2 richiedere un contratto part-time.<\/li>\n<li>Dopo il congedo parentale previsto dalla legge, le madri e i padri possono richiedere un congedo parentale non retribuito fino all&#8217;inizio della scuola materna.<\/li>\n<li>Per facilitare il rientro al lavoro dei dipendenti dopo un periodo di assenza prolungato (maternit\u00e0, malattia, ecc.), il dipartimento risorse umane li supporta nei primi giorni di lavoro fornendo una supervisione aggiuntiva.<\/li>\n<li>Orari di lavoro speciali (noti internamente come orari estivi) per i singoli dipartimenti.<\/li>\n<li>Ogni dipendente pu\u00f2 richiedere un orario individuale<\/li>\n<li>In linea di principio, ogni dipendente pu\u00f2 chiedere di lavorare a tempo parziale.<\/li>\n<li>Stiamo valutando la possibilit\u00e0 di offrire &#8220;attivit\u00e0 ricreative&#8221; ai figli dei dipendenti attraverso corsi interni di elettricit\u00e0 o meccanica.<\/li>\n<li>Stiamo inoltre cercando di collaborare con &#8220;Estate Ragazzi&#8221;.<\/li>\n<li>I figli dei nostri dipendenti ricevono un equipaggiamento di base (zaino) per la frequenza scolastica quando iniziano a frequentare la prima classe della scuola primaria.<\/li>\n<li>In collaborazione con altre aziende, stiamo progettando un asilo nido aziendale per bambini fino a 10 anni.<\/li>\n<li>Aree di sosta accoglienti e amichevoli.<\/li>\n<li>I membri della famiglia sono invitati a una &#8220;giornata aperta&#8221; in occasione della festa del barbecue e possono cos\u00ec farsi un&#8217;idea delle nostre attivit\u00e0.<\/li>\n<\/ul>\n<p>\n<\/div><\/div>\n\t\t<\/div><\/div><\/div><\/div><\/div><\/div><\/div><\/div><\/div><\/div><\/section>\n","protected":false},"excerpt":{"rendered":"<p>Specialista nello sviluppo e nella<br \/>\nproduzione in serie di cinematica.<\/p>\n","protected":false},"author":1,"featured_media":11337,"parent":1461,"menu_order":0,"comment_status":"closed","ping_status":"closed","template":"","meta":{"editor_notices":[],"footnotes":""},"class_list":["post-8712","page","type-page","status-publish","has-post-thumbnail","hentry"],"yoast_head":"<!-- This site is optimized with the Yoast SEO plugin v26.3 - https:\/\/yoast.com\/wordpress\/plugins\/seo\/ -->\n<title>Gronbach: sede Italia, Laag<\/title>\n<meta name=\"description\" content=\"Esperto nello sviluppo e nella produzione in serie di cinematiche, tra cui cerniere, guide ad estrazione totale e guide ad estrazione parziale.\" \/>\n<meta name=\"robots\" content=\"index, follow, max-snippet:-1, max-image-preview:large, max-video-preview:-1\" \/>\n<link rel=\"canonical\" href=\"https:\/\/www.gronbach.com\/it\/gruppo-aziende\/sedi\/italia\" \/>\n<meta property=\"og:locale\" content=\"it_IT\" \/>\n<meta property=\"og:type\" content=\"article\" \/>\n<meta property=\"og:title\" content=\"Gronbach: sede Italia, Laag\" \/>\n<meta property=\"og:description\" content=\"Esperto nello sviluppo e nella produzione in serie di cinematiche, tra cui cerniere, guide ad estrazione totale e guide ad estrazione parziale.\" \/>\n<meta property=\"og:url\" content=\"https:\/\/www.gronbach.com\/it\/gruppo-aziende\/sedi\/italia\" \/>\n<meta property=\"og:site_name\" content=\"Gronbach IT\" \/>\n<meta property=\"article:publisher\" content=\"https:\/\/www.facebook.com\/GronbachDE\/\" \/>\n<meta property=\"article:modified_time\" content=\"2025-09-20T15:03:42+00:00\" \/>\n<meta property=\"og:image\" content=\"https:\/\/www.gronbach.com\/it\/wp-content\/uploads\/sites\/3\/2022\/05\/laag.jpg\" \/>\n\t<meta property=\"og:image:width\" content=\"2000\" \/>\n\t<meta property=\"og:image:height\" content=\"625\" \/>\n\t<meta property=\"og:image:type\" content=\"image\/jpeg\" \/>\n<meta name=\"twitter:card\" content=\"summary_large_image\" \/>\n<meta name=\"twitter:label1\" content=\"Tempo di lettura stimato\" \/>\n\t<meta name=\"twitter:data1\" content=\"7 minuti\" \/>\n<!-- \/ Yoast SEO plugin. -->","yoast_head_json":{"title":"Gronbach: sede Italia, Laag","description":"Esperto nello sviluppo e nella produzione in serie di cinematiche, tra cui cerniere, guide ad estrazione totale e guide ad estrazione parziale.","robots":{"index":"index","follow":"follow","max-snippet":"max-snippet:-1","max-image-preview":"max-image-preview:large","max-video-preview":"max-video-preview:-1"},"canonical":"https:\/\/www.gronbach.com\/it\/gruppo-aziende\/sedi\/italia","og_locale":"it_IT","og_type":"article","og_title":"Gronbach: sede Italia, Laag","og_description":"Esperto nello sviluppo e nella produzione in serie di cinematiche, tra cui cerniere, guide ad estrazione totale e guide ad estrazione parziale.","og_url":"https:\/\/www.gronbach.com\/it\/gruppo-aziende\/sedi\/italia","og_site_name":"Gronbach IT","article_publisher":"https:\/\/www.facebook.com\/GronbachDE\/","article_modified_time":"2025-09-20T15:03:42+00:00","og_image":[{"width":2000,"height":625,"url":"https:\/\/www.gronbach.com\/it\/wp-content\/uploads\/sites\/3\/2022\/05\/laag.jpg","type":"image\/jpeg"}],"twitter_card":"summary_large_image","twitter_misc":{"Tempo di lettura stimato":"7 minuti"},"schema":{"@context":"https:\/\/schema.org","@graph":[{"@type":"WebPage","@id":"https:\/\/www.gronbach.com\/it\/gruppo-aziende\/sedi\/italia","url":"https:\/\/www.gronbach.com\/it\/gruppo-aziende\/sedi\/italia","name":"Gronbach: sede Italia, Laag","isPartOf":{"@id":"https:\/\/www.gronbach.com\/it\/#website"},"primaryImageOfPage":{"@id":"https:\/\/www.gronbach.com\/it\/gruppo-aziende\/sedi\/italia#primaryimage"},"image":{"@id":"https:\/\/www.gronbach.com\/it\/gruppo-aziende\/sedi\/italia#primaryimage"},"thumbnailUrl":"https:\/\/www.gronbach.com\/it\/wp-content\/uploads\/sites\/3\/2022\/05\/laag.jpg","datePublished":"2022-04-22T07:39:28+00:00","dateModified":"2025-09-20T15:03:42+00:00","description":"Esperto nello sviluppo e nella produzione in serie di cinematiche, tra cui cerniere, guide ad estrazione totale e guide ad estrazione parziale.","breadcrumb":{"@id":"https:\/\/www.gronbach.com\/it\/gruppo-aziende\/sedi\/italia#breadcrumb"},"inLanguage":"it-IT","potentialAction":[{"@type":"ReadAction","target":["https:\/\/www.gronbach.com\/it\/gruppo-aziende\/sedi\/italia"]}]},{"@type":"ImageObject","inLanguage":"it-IT","@id":"https:\/\/www.gronbach.com\/it\/gruppo-aziende\/sedi\/italia#primaryimage","url":"https:\/\/www.gronbach.com\/it\/wp-content\/uploads\/sites\/3\/2022\/05\/laag.jpg","contentUrl":"https:\/\/www.gronbach.com\/it\/wp-content\/uploads\/sites\/3\/2022\/05\/laag.jpg","width":2000,"height":625},{"@type":"BreadcrumbList","@id":"https:\/\/www.gronbach.com\/it\/gruppo-aziende\/sedi\/italia#breadcrumb","itemListElement":[{"@type":"ListItem","position":1,"name":"Home","item":"https:\/\/www.gronbach.com\/it\/"},{"@type":"ListItem","position":2,"name":"Gruppo di aziende","item":"https:\/\/www.gronbach.com\/it\/gruppo-aziende"},{"@type":"ListItem","position":3,"name":"Sedi globali","item":"https:\/\/www.gronbach.com\/it\/gruppo-aziende\/sedi"},{"@type":"ListItem","position":4,"name":"Gronbach Italia"}]},{"@type":"WebSite","@id":"https:\/\/www.gronbach.com\/it\/#website","url":"https:\/\/www.gronbach.com\/it\/","name":"Gronbach IT","description":"","publisher":{"@id":"https:\/\/www.gronbach.com\/it\/#organization"},"potentialAction":[{"@type":"SearchAction","target":{"@type":"EntryPoint","urlTemplate":"https:\/\/www.gronbach.com\/it\/?s={search_term_string}"},"query-input":{"@type":"PropertyValueSpecification","valueRequired":true,"valueName":"search_term_string"}}],"inLanguage":"it-IT"},{"@type":"Organization","@id":"https:\/\/www.gronbach.com\/it\/#organization","name":"Gronbach","url":"https:\/\/www.gronbach.com\/it\/","logo":{"@type":"ImageObject","inLanguage":"it-IT","@id":"https:\/\/www.gronbach.com\/it\/#\/schema\/logo\/image\/","url":"https:\/\/www.gronbach.com\/it\/wp-content\/uploads\/sites\/3\/2022\/04\/Gronbach_Gruppe_Logo2.png","contentUrl":"https:\/\/www.gronbach.com\/it\/wp-content\/uploads\/sites\/3\/2022\/04\/Gronbach_Gruppe_Logo2.png","width":160,"height":50,"caption":"Gronbach"},"image":{"@id":"https:\/\/www.gronbach.com\/it\/#\/schema\/logo\/image\/"},"sameAs":["https:\/\/www.facebook.com\/GronbachDE\/"]}]}},"_links":{"self":[{"href":"https:\/\/www.gronbach.com\/it\/wp-json\/wp\/v2\/pages\/8712","targetHints":{"allow":["GET"]}}],"collection":[{"href":"https:\/\/www.gronbach.com\/it\/wp-json\/wp\/v2\/pages"}],"about":[{"href":"https:\/\/www.gronbach.com\/it\/wp-json\/wp\/v2\/types\/page"}],"author":[{"embeddable":true,"href":"https:\/\/www.gronbach.com\/it\/wp-json\/wp\/v2\/users\/1"}],"replies":[{"embeddable":true,"href":"https:\/\/www.gronbach.com\/it\/wp-json\/wp\/v2\/comments?post=8712"}],"version-history":[{"count":6,"href":"https:\/\/www.gronbach.com\/it\/wp-json\/wp\/v2\/pages\/8712\/revisions"}],"predecessor-version":[{"id":13517,"href":"https:\/\/www.gronbach.com\/it\/wp-json\/wp\/v2\/pages\/8712\/revisions\/13517"}],"up":[{"embeddable":true,"href":"https:\/\/www.gronbach.com\/it\/wp-json\/wp\/v2\/pages\/1461"}],"wp:featuredmedia":[{"embeddable":true,"href":"https:\/\/www.gronbach.com\/it\/wp-json\/wp\/v2\/media\/11337"}],"wp:attachment":[{"href":"https:\/\/www.gronbach.com\/it\/wp-json\/wp\/v2\/media?parent=8712"}],"curies":[{"name":"wp","href":"https:\/\/api.w.org\/{rel}","templated":true}]}}