{"id":1461,"date":"2016-07-22T10:20:20","date_gmt":"2016-07-22T10:20:20","guid":{"rendered":"http:\/\/finance.omnicom-dev.com\/main-demo\/?page_id=1461"},"modified":"2026-04-20T16:39:17","modified_gmt":"2026-04-20T14:39:17","slug":"lokality","status":"publish","type":"page","link":"https:\/\/www.gronbach.com\/sk\/skupina-spolocnosti\/lokality","title":{"rendered":"Glob\u00e1lne lokality"},"content":{"rendered":"<p><section id=\"bt_section69f356a976c18\"  class=\"boldSection topSpaced bottomSpaced inherit\" ><div class=\"port\"><div class=\"boldCell\"><div class=\"boldCellInner\"><div class=\"boldRow \" ><div class=\"boldRowInner\"><\/div><\/div><div class=\"boldRow \" ><div class=\"boldRowInner\"><div class=\"rowItem btRightBorder col-md-3 col-sm-6 col-ms-12 btTextLeft animate animate-fadein inherit btDoublePadding\"  data-width=\"3\"><div class=\"rowItemContent\" ><div class=\"btText\" ><\/p>\n<h5><strong><a href=\"https:\/\/www.gronbach.com\/sk\/sluzby\/ventilation-and-surfaces\">Division Surfaces<\/a><\/strong><\/h5>\n<hr \/>\n<p>GWSPA Produktion GmbH<\/p>\n<p>Am Burgfrieden 2<br \/>D-83512 Wasserburg am Inn<\/p>\n<p>Zalo\u017eenie: 1962<br \/>20.000 m\u00b2 v\u00fdrobnej plochy<br \/>Viac ako 200 zamestnancov<\/p>\n<p>\n<\/div><div class=\"btClear btSeparator topSmallSpaced noBorder\" ><hr><\/div><div class=\"bpgPhoto btSimpleHoverType\" > \r\n\t\t\t\t\t<a href=\"https:\/\/www.gronbach.com\/unternehmensgruppe\/standorte\/deutschland\" target=\"_self\" title=\"\"><\/a>\r\n\t\t\t\t\t<div class=\"boldPhotoBox\"><div class=\"bpbItem\"><div class = \"btImage\"><img decoding=\"async\" src=\"https:\/\/www.gronbach.com\/sk\/wp-content\/uploads\/sites\/4\/2021\/09\/standort_wg.jpg\" alt=\"\" title=\"\"><\/div><\/div><\/div>\r\n\t\t\t\t\t<div class=\"captionPane btDarkSkin btTextCenter\">\r\n\t\t\t\t\t\t<div class=\"captionTable\">\r\n\t\t\t\t\t\t\t<div class=\"captionCell\">\r\n\t\t\t\t\t\t\t\t<div class=\"captionTxt\"><\/div>\r\n\t\t\t\t\t\t\t<\/div>\r\n\t\t\t\t\t\t<\/div>\r\n\t\t\t\t\t<\/div><\/div><div class=\"btClear btSeparator bottomSmallSpaced noBorder\" ><hr><\/div><a href=\"https:\/\/www.gronbach.com\/sk\/services\/kontakt\" class=\"btBtn btBtn btnOutlineStyle btnAlternateColor btnSmall btnFullWidth btnRightPosition btnNoIcon\" ><span class=\"btnInnerText\">E-Mail<\/span><\/a><a href=\"tel:+4980719150\" class=\"btBtn btBtn btnOutlineStyle btnNormalColor btnSmall btnFullWidth btnRightPosition btnNoIcon\" ><span class=\"btnInnerText\">Telef\u00f3n<\/span><\/a><a href=\"https:\/\/goo.gl\/maps\/ouF1H1734n1irndc6\" class=\"btBtn btBtn btnOutlineStyle btnNormalColor btnSmall btnFullWidth btnRightPosition btnNoIcon\"  target=\"_blank\"><span class=\"btnInnerText\">Kde n\u00e1s n\u00e1jdete<\/span><\/a><a href=\"https:\/\/www.gronbach.com\/sk\/skupina-spolocnosti\/lokality\/nemecko\" class=\"btBtn btBtn btnOutlineStyle btnNormalColor btnSmall btnFullWidth btnRightPosition btnNoIcon\"  target=\"_self\"><span class=\"btnInnerText\">Podrobnosti o lokalite<\/span><\/a><a href=\"https:\/\/www.gronbach.com\/sk\/sluzby\/ventilation-and-surfaces\" class=\"btBtn btBtn btnOutlineStyle btnNormalColor btnSmall btnFullWidth btnRightPosition btnNoIcon\"  target=\"_self\"><span class=\"btnInnerText\">Detaily Division Ventilation &amp; Surfaces<\/span><\/a><\/div><\/div><div class=\"rowItem btRightBorder col-md-3 col-sm-6 col-ms-12 btTextLeft animate animate-fadein inherit btDoublePadding\"  data-width=\"3\"><div class=\"rowItemContent\" ><div class=\"btText\" ><\/p>\n<h5><strong><a href=\"https:\/\/www.gronbach.com\/sk\/sluzby\/appliances\">Division Appliances<\/a><\/strong><\/h5>\n<hr \/>\n<p>Gronbach Niederndorf<\/p>\n<p>Innstrasse 2<br \/>\nAT-6342 Niederndorf<\/p>\n<p>Zalo\u017eenie: 1997<br \/>\n10.000 m\u00b2 v\u00fdrobnej plochy<br \/>\nViac ako 150 zamestnancov<\/p>\n<p>\n<\/div><div class=\"btClear btSeparator topSmallSpaced noBorder\" ><hr><\/div><div class=\"bpgPhoto btDefaultHoverType\" ><div class = \"btImage\"><img decoding=\"async\" src=\"https:\/\/www.gronbach.com\/sk\/wp-content\/uploads\/sites\/4\/2021\/09\/austria.jpg\" alt=\"\" title=\"\"><\/div><\/div><div class=\"btClear btSeparator bottomSmallSpaced noBorder\" ><hr><\/div><a href=\"https:\/\/www.gronbach.com\/sk\/services\/kontakt\" class=\"btBtn btBtn btnOutlineStyle btnAlternateColor btnSmall btnFullWidth btnRightPosition btnNoIcon\" ><span class=\"btnInnerText\">E-Mail<\/span><\/a><a href=\"tel:+43537362190\" class=\"btBtn btBtn btnOutlineStyle btnNormalColor btnSmall btnFullWidth btnRightPosition btnNoIcon\" ><span class=\"btnInnerText\">Telef\u00f3n<\/span><\/a><a href=\"https:\/\/maps.app.goo.gl\/QWtaCbqGsFP1f3fy5\" class=\"btBtn btBtn btnOutlineStyle btnNormalColor btnSmall btnFullWidth btnRightPosition btnNoIcon\"  target=\"_blank\"><span class=\"btnInnerText\">Kde n\u00e1s n\u00e1jdete<\/span><\/a><a href=\"https:\/\/www.gronbach.com\/sk\/skupina-spolocnosti\/lokality\/rakusko\" class=\"btBtn btBtn btnOutlineStyle btnNormalColor btnSmall btnFullWidth btnRightPosition btnNoIcon\"  target=\"_self\"><span class=\"btnInnerText\">Podrobnosti o lokalite<\/span><\/a><a href=\"https:\/\/www.gronbach.com\/sk\/sluzby\/appliances\" class=\"btBtn btBtn btnOutlineStyle btnNormalColor btnSmall btnFullWidth btnRightPosition btnNoIcon\"  target=\"_self\"><span class=\"btnInnerText\">Detaily Division Appliances<\/span><\/a><\/div><\/div><div class=\"rowItem btRightBorder col-md-3 col-sm-6 col-ms-12 btTextLeft animate animate-fadein inherit btDoublePadding\"  data-width=\"3\"><div class=\"rowItemContent\" ><div class=\"btText\" ><\/p>\n<h5><strong><a href=\"https:\/\/www.gronbach.com\/sk\/sluzby\/appliances\">Division Appliances<\/a><\/strong><\/h5>\n<hr \/>\n<p>Gronbach Michalovce<\/p>\n<p>Priemyseln\u00fd park 1<br \/>\nSK-07101 Michalovce<\/p>\n<p>Zalo\u017eenie: 2005<br \/>\n12.000 m\u00b2 v\u00fdrobnej plochy<br \/>\nViac ako 230 zamestnancov<\/p>\n<p>\n<\/div><div class=\"btClear btSeparator topSmallSpaced noBorder\" ><hr><\/div><div class=\"bpgPhoto btDefaultHoverType\" ><div class = \"btImage\"><img decoding=\"async\" src=\"https:\/\/www.gronbach.com\/sk\/wp-content\/uploads\/sites\/4\/2021\/09\/slowakei.jpg\" alt=\"\" title=\"\"><\/div><\/div><div class=\"btClear btSeparator bottomSmallSpaced noBorder\" ><hr><\/div><a href=\"https:\/\/www.gronbach.com\/sk\/services\/kontakt\" class=\"btBtn btBtn btnOutlineStyle btnAlternateColor btnSmall btnFullWidth btnRightPosition btnNoIcon\" ><span class=\"btnInnerText\">E-Mail<\/span><\/a><a href=\"tel:+421566819111\" class=\"btBtn btBtn btnOutlineStyle btnNormalColor btnSmall btnFullWidth btnRightPosition btnNoIcon\" ><span class=\"btnInnerText\">Telef\u00f3n<\/span><\/a><a href=\"https:\/\/goo.gl\/maps\/jmTb9DAGZNQExbLw8\" class=\"btBtn btBtn btnOutlineStyle btnNormalColor btnSmall btnFullWidth btnRightPosition btnNoIcon\"  target=\"_blank\"><span class=\"btnInnerText\">Kde n\u00e1s n\u00e1jdete<\/span><\/a><a href=\"https:\/\/www.gronbach.com\/sk\/skupina-spolocnosti\/lokality\/slovensko\" class=\"btBtn btBtn btnOutlineStyle btnNormalColor btnSmall btnFullWidth btnRightPosition btnNoIcon\"  target=\"_self\"><span class=\"btnInnerText\">Podrobnosti o lokalite<\/span><\/a><a href=\"https:\/\/www.gronbach.com\/sk\/sluzby\/appliances\" class=\"btBtn btBtn btnOutlineStyle btnNormalColor btnSmall btnFullWidth btnRightPosition btnNoIcon\"  target=\"_self\"><span class=\"btnInnerText\">Detaily Division Appliances<\/span><\/a><\/div><\/div><div class=\"rowItem col-md-3 col-sm-6 col-ms-12 btTextLeft animate animate-fadein inherit btDoublePadding\"  data-width=\"3\"><div class=\"rowItemContent\" ><div class=\"btText\" ><\/p>\n<h5><strong><a href=\"https:\/\/www.gronbach.com\/sk\/sluzby\/kinematics\">Division Kinematics<\/a><\/strong><\/h5>\n<hr \/>\n<p>Gronbach Laag<\/p>\n<p>Schotterweg 7\/9<br \/>\nI-39044 Laag\/Neumarkt<\/p>\n<p>Zalo\u017eenie: 1971<br \/>\n12.000 m\u00b2 v\u00fdrobnej plochy<br \/>\nViac ako 120 zamestnancov<\/p>\n<p>\n<\/div><div class=\"btClear btSeparator topSmallSpaced noBorder\" ><hr><\/div><div class=\"bpgPhoto btDefaultHoverType\" ><div class = \"btImage\"><img decoding=\"async\" src=\"https:\/\/www.gronbach.com\/sk\/wp-content\/uploads\/sites\/4\/2021\/09\/italien.jpg\" alt=\"\" title=\"\"><\/div><\/div><div class=\"btClear btSeparator bottomSmallSpaced noBorder\" ><hr><\/div><a href=\"https:\/\/www.gronbach.com\/sk\/services\/kontakt\" class=\"btBtn btBtn btnOutlineStyle btnAlternateColor btnSmall btnFullWidth btnRightPosition btnNoIcon\" ><span class=\"btnInnerText\">E-Mail<\/span><\/a><a href=\"tel:+390471809611\" class=\"btBtn btBtn btnOutlineStyle btnNormalColor btnSmall btnFullWidth btnRightPosition btnNoIcon\" ><span class=\"btnInnerText\">Telef\u00f3n<\/span><\/a><a href=\"https:\/\/maps.app.goo.gl\/HDtnMXyWwJ9rXaah9\" class=\"btBtn btBtn btnOutlineStyle btnNormalColor btnSmall btnFullWidth btnRightPosition btnNoIcon\"  target=\"_blank\"><span class=\"btnInnerText\">Kde n\u00e1s n\u00e1jdete<\/span><\/a><a href=\"https:\/\/www.gronbach.com\/sk\/skupina-spolocnosti\/lokality\/taliansko\" class=\"btBtn btBtn btnOutlineStyle btnNormalColor btnSmall btnFullWidth btnRightPosition btnNoIcon\"  target=\"_self\"><span class=\"btnInnerText\">Podrobnosti o lokalite<\/span><\/a><a href=\"https:\/\/www.gronbach.com\/sk\/sluzby\/kinematics\" class=\"btBtn btBtn btnOutlineStyle btnNormalColor btnSmall btnFullWidth btnRightPosition btnNoIcon\"  target=\"_self\"><span class=\"btnInnerText\">Detaily Division Kinematics<\/span><\/a><\/div><\/div><\/div><\/div><\/div><\/div><\/div><\/section><section id=\"bt_section69f356a981a75\"  class=\"boldSection topSmallSpaced bottomSemiSpaced inherit\" ><div class=\"port\"><div class=\"boldCell\"><div class=\"boldCellInner\"><div class=\"boldRow \" ><div class=\"boldRowInner\"><\/div><\/div><div class=\"boldRow \" ><div class=\"boldRowInner\"><div class=\"rowItem col-md-8 col-ms-12 btTextLeft inherit btDoublePadding\"  data-width=\"8\"><div class=\"rowItemContent\" ><div class=\"bpgPhoto btSimpleHoverType\" ><div class = \"btImage\"><img decoding=\"async\" src=\"https:\/\/www.gronbach.com\/sk\/wp-content\/uploads\/sites\/4\/2022\/09\/standort_USA.jpg\" alt=\"\" title=\"\"><\/div><\/div><div class=\"btClear btSeparator topSemiSpaced noBorder\" ><hr><\/div><\/div><\/div><div class=\"rowItem col-md-4 col-ms-12 btTextLeft animate animate-fadein inherit btDoublePadding\"  data-width=\"4\"><div class=\"rowItemContent\" ><div class=\"btText\" ><\/p>\n<h5>Gronbach USA<\/h5>\n<hr \/>\n<p><strong>Sales Office<\/strong><\/p>\n<p>350 Fifth Avenue, # 5220 New York<br \/>\nUSA-NY 10118<\/p>\n<p>Zalo\u017eenie: 2019<\/p>\n<p>\n<\/div><div class=\"btClear btSeparator topSmallSpaced noBorder\" ><hr><\/div><a href=\"https:\/\/www.gronbach.com\/sk\/services\/kontakt\" class=\"btBtn btBtn btnOutlineStyle btnAlternateColor btnSmall btnFullWidth btnRightPosition btnNoIcon\" ><span class=\"btnInnerText\">E-Mail<\/span><\/a><a href=\"tel:+14407250164\" class=\"btBtn btBtn btnOutlineStyle btnNormalColor btnSmall btnFullWidth btnRightPosition btnNoIcon\" ><span class=\"btnInnerText\">Telef\u00f3n<\/span><\/a><\/div><\/div><\/div><\/div><\/div><\/div><\/div><\/section><section id=\"bt_section69f356a984863\"  class=\"boldSection inherit\" style=\"background-color:#9fabcb  !important;\"><div class=\"port\"><div class=\"boldCell\"><div class=\"boldCellInner\"><div class=\"boldRow  btNoRowSpacing\" ><div class=\"boldRowInner\"><div class=\"rowItem col-md-6 col-sm-12 btTextLeft animate animate-fadein btTopVertical btDoublePadding\" style=\"padding:0 90px;background-color: rgba(159, 171, 203, 1); \" data-width=\"6\"><div class=\"rowItemContent\" style = \"background-color: rgba(159, 171, 203, 1); \"><div class=\"btClear btSeparator topSpaced noBorder\" ><hr><\/div><div class=\"btText\" ><\/p>\n<h6><a style=\"text-align: left;color: white\" href=\"https:\/\/www.gronbach.com\/sk\/skupina-spolocnosti\/historia\">Hist\u00f3ria spolo\u010dnosti<\/a><\/h6>\n<p>\n<\/div><div class=\"btClear btSeparator topSmallSpaced bottomSmallSpaced border\" ><hr><\/div><div class=\"btText\" ><\/p>\n<h6><a style=\"text-align: left;color: white\" href=\"https:\/\/www.gronbach.com\/sk\/skupina-spolocnosti\/udrzatelnost\">Udr\u017eate\u013enos\u0165<\/a><\/h6>\n<p>\n<\/div><div class=\"btClear btSeparator topSmallSpaced bottomSmallSpaced border\" ><hr><\/div><div class=\"btText\" ><\/p>\n<h6><a style=\"text-align: left;color: white\" href=\"https:\/\/www.gronbach.com\/sk\/skupina-spolocnosti\/riadenie-inovacii\">Riadenie inov\u00e1ci\u00ed<\/a><\/h6>\n<p>\n<\/div><div class=\"btClear btSeparator topSmallSpaced bottomSmallSpaced border\" ><hr><\/div><div class=\"btText\" ><\/p>\n<h6><a style=\"text-align: left;color: white\" href=\"https:\/\/www.gronbach.com\/sk\/skupina-spolocnosti\/riadenie-kvality\">Riadenie kvality<\/a><\/h6>\n<p>\n<\/div><div class=\"btClear btSeparator topSmallSpaced bottomSmallSpaced border\" ><hr><\/div><\/div><\/div><div class=\"rowItem col-md-6 col-sm-12 btTextLeft animate animate-fadein inherit btNoPadding\"  data-width=\"6\"><div class=\"rowItemContent\" ><div class=\"bpgPhoto btDefaultHoverType\" ><div class = \"btImage\"><img decoding=\"async\" src=\"https:\/\/www.gronbach.com\/sk\/wp-content\/uploads\/sites\/4\/2021\/07\/mehr_zur_gruppe.jpg\" alt=\"\" title=\"\"><\/div><\/div><\/div><\/div><\/div><\/div><\/div><\/div><\/div><\/section><section id=\"bt_section69f356a98738e\"  class=\"boldSection bottomSmallSpaced inherit\" ><div class=\"port\"><div class=\"boldCell\"><div class=\"boldCellInner\"><div class=\"boldRow \" ><div class=\"boldRowInner\"><div class=\"rowItem col-md-12 col-ms-12  btTextCenter animate animate-fadein inherit btNoPadding\"  data-width=\"12\"><div class=\"rowItemContent\" ><\/div><\/div><\/div><\/div><\/div><\/div><\/div><\/section><\/p>\n","protected":false},"excerpt":{"rendered":"","protected":false},"author":1,"featured_media":10857,"parent":4523,"menu_order":0,"comment_status":"closed","ping_status":"closed","template":"","meta":{"editor_notices":[],"footnotes":""},"class_list":["post-1461","page","type-page","status-publish","has-post-thumbnail","hentry"],"yoast_head":"<!-- This site is optimized with the Yoast SEO plugin v26.3 - https:\/\/yoast.com\/wordpress\/plugins\/seo\/ -->\n<title>Gronbach: s\u00eddla spolo\u010dnosti<\/title>\n<meta name=\"description\" content=\"Preh\u013ead lokal\u00edt na\u0161ej skupiny po celom svete: Nemecko, Rak\u00fasko, Taliansko, Slovensko a USA.\" \/>\n<meta name=\"robots\" content=\"index, follow, max-snippet:-1, max-image-preview:large, max-video-preview:-1\" \/>\n<link rel=\"canonical\" href=\"https:\/\/www.gronbach.com\/sk\/skupina-spolocnosti\/lokality\" \/>\n<meta property=\"og:locale\" content=\"sl_SI\" \/>\n<meta property=\"og:type\" content=\"article\" \/>\n<meta property=\"og:title\" content=\"Gronbach: s\u00eddla spolo\u010dnosti\" \/>\n<meta property=\"og:description\" content=\"Preh\u013ead lokal\u00edt na\u0161ej skupiny po celom svete: Nemecko, Rak\u00fasko, Taliansko, Slovensko a USA.\" \/>\n<meta property=\"og:url\" content=\"https:\/\/www.gronbach.com\/sk\/skupina-spolocnosti\/lokality\" \/>\n<meta property=\"og:site_name\" content=\"Gronbach SK\" \/>\n<meta property=\"article:publisher\" content=\"https:\/\/www.facebook.com\/gronbachslovensko\" \/>\n<meta property=\"article:modified_time\" content=\"2026-04-20T14:39:17+00:00\" \/>\n<meta property=\"og:image\" content=\"https:\/\/www.gronbach.com\/sk\/wp-content\/uploads\/sites\/4\/2022\/05\/standort_header.jpg\" \/>\n\t<meta property=\"og:image:width\" content=\"2065\" \/>\n\t<meta property=\"og:image:height\" content=\"600\" \/>\n\t<meta property=\"og:image:type\" content=\"image\/jpeg\" \/>\n<meta name=\"twitter:card\" content=\"summary_large_image\" \/>\n<meta name=\"twitter:label1\" content=\"Est. reading time\" \/>\n\t<meta name=\"twitter:data1\" content=\"7 minut\" \/>\n<!-- \/ Yoast SEO plugin. -->","yoast_head_json":{"title":"Gronbach: s\u00eddla spolo\u010dnosti","description":"Preh\u013ead lokal\u00edt na\u0161ej skupiny po celom svete: Nemecko, Rak\u00fasko, Taliansko, Slovensko a USA.","robots":{"index":"index","follow":"follow","max-snippet":"max-snippet:-1","max-image-preview":"max-image-preview:large","max-video-preview":"max-video-preview:-1"},"canonical":"https:\/\/www.gronbach.com\/sk\/skupina-spolocnosti\/lokality","og_locale":"sl_SI","og_type":"article","og_title":"Gronbach: s\u00eddla spolo\u010dnosti","og_description":"Preh\u013ead lokal\u00edt na\u0161ej skupiny po celom svete: Nemecko, Rak\u00fasko, Taliansko, Slovensko a USA.","og_url":"https:\/\/www.gronbach.com\/sk\/skupina-spolocnosti\/lokality","og_site_name":"Gronbach SK","article_publisher":"https:\/\/www.facebook.com\/gronbachslovensko","article_modified_time":"2026-04-20T14:39:17+00:00","og_image":[{"width":2065,"height":600,"url":"https:\/\/www.gronbach.com\/sk\/wp-content\/uploads\/sites\/4\/2022\/05\/standort_header.jpg","type":"image\/jpeg"}],"twitter_card":"summary_large_image","twitter_misc":{"Est. reading time":"7 minut"},"schema":{"@context":"https:\/\/schema.org","@graph":[{"@type":"WebPage","@id":"https:\/\/www.gronbach.com\/sk\/skupina-spolocnosti\/lokality","url":"https:\/\/www.gronbach.com\/sk\/skupina-spolocnosti\/lokality","name":"Gronbach: s\u00eddla spolo\u010dnosti","isPartOf":{"@id":"https:\/\/www.gronbach.com\/sk\/#website"},"primaryImageOfPage":{"@id":"https:\/\/www.gronbach.com\/sk\/skupina-spolocnosti\/lokality#primaryimage"},"image":{"@id":"https:\/\/www.gronbach.com\/sk\/skupina-spolocnosti\/lokality#primaryimage"},"thumbnailUrl":"https:\/\/www.gronbach.com\/sk\/wp-content\/uploads\/sites\/4\/2022\/05\/standort_header.jpg","datePublished":"2016-07-22T10:20:20+00:00","dateModified":"2026-04-20T14:39:17+00:00","description":"Preh\u013ead lokal\u00edt na\u0161ej skupiny po celom svete: Nemecko, Rak\u00fasko, Taliansko, Slovensko a USA.","breadcrumb":{"@id":"https:\/\/www.gronbach.com\/sk\/skupina-spolocnosti\/lokality#breadcrumb"},"inLanguage":"sl-SI","potentialAction":[{"@type":"ReadAction","target":["https:\/\/www.gronbach.com\/sk\/skupina-spolocnosti\/lokality"]}]},{"@type":"ImageObject","inLanguage":"sl-SI","@id":"https:\/\/www.gronbach.com\/sk\/skupina-spolocnosti\/lokality#primaryimage","url":"https:\/\/www.gronbach.com\/sk\/wp-content\/uploads\/sites\/4\/2022\/05\/standort_header.jpg","contentUrl":"https:\/\/www.gronbach.com\/sk\/wp-content\/uploads\/sites\/4\/2022\/05\/standort_header.jpg","width":2065,"height":600},{"@type":"BreadcrumbList","@id":"https:\/\/www.gronbach.com\/sk\/skupina-spolocnosti\/lokality#breadcrumb","itemListElement":[{"@type":"ListItem","position":1,"name":"Home","item":"https:\/\/www.gronbach.com\/sk\/"},{"@type":"ListItem","position":2,"name":"Skupina spolo\u010dnost\u00ed","item":"https:\/\/www.gronbach.com\/sk\/skupina-spolocnosti"},{"@type":"ListItem","position":3,"name":"Glob\u00e1lne lokality"}]},{"@type":"WebSite","@id":"https:\/\/www.gronbach.com\/sk\/#website","url":"https:\/\/www.gronbach.com\/sk\/","name":"Gronbach SK","description":"","publisher":{"@id":"https:\/\/www.gronbach.com\/sk\/#organization"},"potentialAction":[{"@type":"SearchAction","target":{"@type":"EntryPoint","urlTemplate":"https:\/\/www.gronbach.com\/sk\/?s={search_term_string}"},"query-input":{"@type":"PropertyValueSpecification","valueRequired":true,"valueName":"search_term_string"}}],"inLanguage":"sl-SI"},{"@type":"Organization","@id":"https:\/\/www.gronbach.com\/sk\/#organization","name":"Gronbach","url":"https:\/\/www.gronbach.com\/sk\/","logo":{"@type":"ImageObject","inLanguage":"sl-SI","@id":"https:\/\/www.gronbach.com\/sk\/#\/schema\/logo\/image\/","url":"https:\/\/www.gronbach.com\/sk\/wp-content\/uploads\/sites\/4\/2022\/04\/Gronbach_Gruppe_Logo2.png","contentUrl":"https:\/\/www.gronbach.com\/sk\/wp-content\/uploads\/sites\/4\/2022\/04\/Gronbach_Gruppe_Logo2.png","width":160,"height":50,"caption":"Gronbach"},"image":{"@id":"https:\/\/www.gronbach.com\/sk\/#\/schema\/logo\/image\/"},"sameAs":["https:\/\/www.facebook.com\/gronbachslovensko","https:\/\/www.linkedin.com\/company\/gronbach\/","https:\/\/www.instagram.com\/explore\/tags\/gronbach\/","https:\/\/www.youtube.com\/channel\/UCJWrGbPiG4AYHZewlALkACA"]}]}},"_links":{"self":[{"href":"https:\/\/www.gronbach.com\/sk\/wp-json\/wp\/v2\/pages\/1461","targetHints":{"allow":["GET"]}}],"collection":[{"href":"https:\/\/www.gronbach.com\/sk\/wp-json\/wp\/v2\/pages"}],"about":[{"href":"https:\/\/www.gronbach.com\/sk\/wp-json\/wp\/v2\/types\/page"}],"author":[{"embeddable":true,"href":"https:\/\/www.gronbach.com\/sk\/wp-json\/wp\/v2\/users\/1"}],"replies":[{"embeddable":true,"href":"https:\/\/www.gronbach.com\/sk\/wp-json\/wp\/v2\/comments?post=1461"}],"version-history":[{"count":6,"href":"https:\/\/www.gronbach.com\/sk\/wp-json\/wp\/v2\/pages\/1461\/revisions"}],"predecessor-version":[{"id":13294,"href":"https:\/\/www.gronbach.com\/sk\/wp-json\/wp\/v2\/pages\/1461\/revisions\/13294"}],"up":[{"embeddable":true,"href":"https:\/\/www.gronbach.com\/sk\/wp-json\/wp\/v2\/pages\/4523"}],"wp:featuredmedia":[{"embeddable":true,"href":"https:\/\/www.gronbach.com\/sk\/wp-json\/wp\/v2\/media\/10857"}],"wp:attachment":[{"href":"https:\/\/www.gronbach.com\/sk\/wp-json\/wp\/v2\/media?parent=1461"}],"curies":[{"name":"wp","href":"https:\/\/api.w.org\/{rel}","templated":true}]}}