{"id":2270,"date":"2016-10-26T07:03:26","date_gmt":"2016-10-26T07:03:26","guid":{"rendered":"http:\/\/industrial.omnicom-dev.com\/main-demo\/?page_id=2270"},"modified":"2022-10-21T11:11:54","modified_gmt":"2022-10-21T09:11:54","slug":"services","status":"publish","type":"page","link":"https:\/\/www.gronbach.com\/sk\/services","title":{"rendered":"Services"},"content":{"rendered":"<p><section id=\"bt_section69e48f5552ce4\" data-parallax=\"-.7\" data-parallax-offset=\"0\" class=\"boldSection topSpaced bottomSemiSpaced btDarkSkin gutter boxed inherit btParallax wBackground cover wBackground cover\" style=\"background-color:#f4f4f4  !important;background-image:url('https:\/\/www.gronbach.com\/sk\/wp-content\/uploads\/sites\/4\/2022\/08\/service-header.png');\"><div class=\"port\"><div class=\"boldCell\"><div class=\"boldCellInner\"><div class=\"boldRow \" ><div class=\"boldRowInner\"><div class=\"rowItem col-md-8 col-ms-12 btTextLeft animate animate-fadein btBottomVertical\"  data-width=\"8\"><div class=\"rowItemContent\" ><div class=\"btClear btSeparator bottomSmallSpaced noBorder\" ><hr><\/div><header class=\"header btClear extralarge  thin\" style=\"color:black!important;\"><div class=\"dash\"><h1><span class=\"headline\">Services<\/span><\/h1><\/div><div class=\"btSubTitle\">U\u017eito\u010dn\u00e9 inform\u00e1cie pre<br \/><br>z\u00e1kazn\u00edkov a dod\u00e1vate\u013eov skupiny Gronbach.<\/div><\/header><div class=\"btClear btSeparator topSmallSpaced noBorder\" ><hr><\/div><\/div><\/div><div class=\"rowItem col-md-4 col-ms-12 btTextLeft animate animate-fadein btBottomVertical\"  data-width=\"4\"><div class=\"rowItemContent\" ><\/div><\/div><\/div><\/div><\/div><\/div><\/div><\/section><section id=\"bt_section69e48f55530ad\"  class=\"boldSection topSpaced inherit\" ><div class=\"port\"><div class=\"boldCell\"><div class=\"boldCellInner\"><div class=\"boldRow \" ><div class=\"boldRowInner\"><div class=\"rowItem col-md-6 col-sm-12 btTextLeft animate animate-fadein animate-moveleft inherit btNoPadding\" style=\"transition-delay:600ms;\" data-width=\"6\"><div class=\"rowItemContent\" ><div class=\"bpgPhoto btDefaultHoverType\" ><div class = \"btImage\"><img decoding=\"async\" src=\"https:\/\/www.gronbach.com\/sk\/wp-content\/uploads\/sites\/4\/2022\/03\/downloads.jpg\" alt=\"\" title=\"\"><\/div><\/div><\/div><\/div><div class=\"rowItem col-md-6 col-sm-12 btTextLeft animate animate-fadein btMiddleVertical btDoublePadding\" style=\"background-color: rgba(255, 255, 255, 1); \" data-width=\"6\"><div class=\"rowItemContent\" ><header class=\"header btClear large btDash topDash  regular\" ><div class=\"btSuperTitle\"><span>Services<\/span><\/div><div class=\"dash\"><h2><span class=\"headline\"><strong>Downloads<\/strong> kni\u017enice.<\/span><\/h2><\/div><\/header><div class=\"btText\" ><\/p>\n<p>Bro\u017e\u00fary o na\u0161ej skupine spolo\u010dnost\u00ed a produktoch, osved\u010denia o certifik\u00e1cii ISO ako aj na\u0161e V\u0161eobecn\u00e9 obchodn\u00e9 podmienky.<\/p>\n<p>\n<\/div><div class=\"btClear btSeparator bottomExtraSmallSpaced noBorder\" ><hr><\/div><a href=\"https:\/\/www.gronbach.com\/sk\/services\/downloads\" class=\"btBtn btBtn btnOutlineStyle btnNormalColor btnSmall btnNormalWidth btnRightPosition btnNoIcon\" ><span class=\"btnInnerText\">Do kni\u017enice<\/span><\/a><\/div><\/div><\/div><\/div><\/div><\/div><\/div><\/section><section id=\"bt_section69e48f5553c4e\"  class=\"boldSection topSpaced inherit\" ><div class=\"port\"><div class=\"boldCell\"><div class=\"boldCellInner\"><div class=\"boldRow \" ><div class=\"boldRowInner\"><div class=\"rowItem col-md-6 col-sm-12 btTextLeft animate animate-fadein btMiddleVertical btDoublePadding\" style=\"padding:0 90px;background-color: rgba(255, 255, 255, 1); \" data-width=\"6\"><div class=\"rowItemContent\" ><div class=\"btClear btSeparator topExtraSmallSpaced bottomExtraSmallSpaced noBorder\" ><hr><\/div><header class=\"header btClear large btDash topDash  regular\" ><div class=\"btSuperTitle\"><span>Services<\/span><\/div><div class=\"dash\"><h2><span class=\"headline\">Riadenie <strong>dod\u00e1vate\u013eov<\/strong>.<\/span><\/h2><\/div><\/header><div class=\"btText\" ><\/p>\n<p>Preh\u013ead skup\u00edn materi\u00e1lov, pre ktor\u00e9 kedyko\u013evek posudzujeme nov\u00fdch dod\u00e1vate\u013eov, ako aj formul\u00e1re na predlo\u017eenie vyhl\u00e1senia dod\u00e1vate\u013ea.<\/p>\n<p>\n<\/div><div class=\"btClear btSeparator bottomExtraSmallSpaced noBorder\" ><hr><\/div><a href=\"https:\/\/www.gronbach.com\/sk\/services\/dodavatelske-riadenie\" class=\"btBtn btBtn btnOutlineStyle btnNormalColor btnSmall btnNormalWidth btnRightPosition btnNoIcon\" ><span class=\"btnInnerText\">Zistite viac<\/span><\/a><\/div><\/div><div class=\"rowItem col-md-6 col-sm-12 btTextLeft animate animate-fadein animate-moveleft inherit btNoPadding\" style=\"transition-delay:600ms;\" data-width=\"6\"><div class=\"rowItemContent\" ><div class=\"bpgPhoto btDefaultHoverType\" ><div class = \"btImage\"><img decoding=\"async\" src=\"https:\/\/www.gronbach.com\/sk\/wp-content\/uploads\/sites\/4\/2022\/05\/Lieferanten2.jpg\" alt=\"\" title=\"\"><\/div><\/div><\/div><\/div><\/div><\/div><\/div><\/div><\/div><\/section><section id=\"bt_section69e48f5554f9c\"  class=\"boldSection topSpaced bottomSemiSpaced inherit\" ><div class=\"port\"><div class=\"boldCell\"><div class=\"boldCellInner\"><div class=\"boldRow \" ><div class=\"boldRowInner\"><div class=\"rowItem col-md-6 col-sm-12 btTextLeft animate animate-fadein animate-moveleft inherit btNoPadding\" style=\"transition-delay:600ms;\" data-width=\"6\"><div class=\"rowItemContent\" ><div class=\"bpgPhoto btDefaultHoverType\" ><div class = \"btImage\"><img decoding=\"async\" src=\"https:\/\/www.gronbach.com\/sk\/wp-content\/uploads\/sites\/4\/2022\/06\/kommunikation.jpg\" alt=\"\" title=\"\"><\/div><\/div><\/div><\/div><div class=\"rowItem col-md-6 col-sm-12 btTextLeft animate animate-fadein btMiddleVertical btDoublePadding\" style=\"padding:0 90px;background-color: rgba(255, 255, 255, 1); \" data-width=\"6\"><div class=\"rowItemContent\" ><div class=\"btClear btSeparator topExtraSmallSpaced bottomExtraSmallSpaced noBorder\" ><hr><\/div><header class=\"header btClear large btDash topDash  regular\" ><div class=\"btSuperTitle\"><span>Services<\/span><\/div><div class=\"dash\"><h2><span class=\"headline\"><strong>Kontaktujte<\/strong> n\u00e1s.<\/span><\/h2><\/div><\/header><div class=\"btText\" ><\/p>\n<p>Zadajte svoj dopyt, po\u0161lite n\u00e1m RFQ alebo n\u00e1s s ot\u00e1zkami k v\u00e1\u0161mu projektu kontaktujte priamo-<\/p>\n<p>\n<\/div><div class=\"btClear btSeparator bottomExtraSmallSpaced noBorder\" ><hr><\/div><a href=\"https:\/\/www.gronbach.com\/sk\/services\/kontakt\" class=\"btBtn btBtn btnOutlineStyle btnNormalColor btnSmall btnNormalWidth btnRightPosition btnNoIcon\" ><span class=\"btnInnerText\">Kontakt<\/span><\/a><\/div><\/div><\/div><\/div><\/div><\/div><\/div><\/section><section id=\"bt_section69e48f55558ae\" data-parallax=\"0\" data-parallax-offset=\"0\" class=\"boldSection bottomSemiSpaced btLightSkin gutter boxed inherit btParallax\" ><div class=\"port\"><div class=\"boldCell\"><div class=\"boldCellInner\"><div class=\"boldRow \" ><div class=\"boldRowInner\"><div class=\"rowItem col-md-6 col-sm-12 btTextLeft animate animate-fadein animate-moveleft btMiddleVertical btDoublePadding\" style=\"transition-delay:900ms;\" data-width=\"6\"><div class=\"rowItemContent\" ><div class=\"bpgPhoto btDefaultHoverType\" ><div class = \"btImage\"><img decoding=\"async\" src=\"https:\/\/www.gronbach.com\/sk\/wp-content\/uploads\/sites\/4\/2022\/08\/CEO-Lina-Gronbach.jpg\" alt=\"\" title=\"\"><\/div><\/div><\/div><\/div><div class=\"rowItem col-md-6 col-sm-12 btTextLeft animate animate-fadein inherit\"  data-width=\"6\"><div class=\"rowItemContent\" ><div class=\"btClear btSeparator bottomSpaced noBorder\" ><hr><\/div><header class=\"header btClear large btDash topDash  regular\" ><div class=\"btSuperTitle\"><span>Filozofia spolo\u010dnosti<\/span><\/div><div class=\"dash\"><h2><span class=\"headline\">Ako skupina sme <strong>silnej\u0161\u00ed<\/strong>.<\/span><\/h2><\/div><div class=\"btSubTitle\">&#8220;V\u010faka \u0161trukt\u00farovan\u00e9mu prepojeniu na\u0161ich div\u00edzi\u00ed vyu\u017e\u00edvame mnoh\u00e9 pr\u00edle\u017eitosti, ktor\u00e9 vypl\u00fdvaj\u00fa z na\u0161ej \u00fazkej spolupr\u00e1ce. V\u00fdmena poznatkov, in\u0161pir\u00e1ci\u00ed a sk\u00fasenost\u00ed v r\u00e1mci celej skupiny je na\u0161ou ka\u017edodennou snahou, aby sme na\u0161im z\u00e1kazn\u00edkom mohli pon\u00faknu\u0165 tie najlep\u0161ie mo\u017en\u00e9 rie\u0161enia pre ich projekty.&#8220;<\/p><br><p>&#8211; Dr. Lina Gebhardt-Gronbach (gener\u00e1lna riadite\u013eka skupiny Gronbach)<\/div><\/header><div class=\"btClear btSeparator bottomSpaced noBorder\" ><hr><\/div><\/div><\/div><\/div><\/div><\/div><\/div><\/div><\/section><section id=\"bt_section69e48f5557a3b\" data-parallax=\"0\" data-parallax-offset=\"0\" class=\"boldSection topSpaced bottomSemiSpaced btDarkSkin gutter boxed inherit btParallax wBackground cover wBackground cover btBackgroundOverlay btSolidDarkBackground\" style=\"background-image:url('https:\/\/www.gronbach.com\/sk\/wp-content\/uploads\/sites\/4\/2022\/09\/background_5.jpg');\"><div class=\"port\"><div class=\"boldCell\"><div class=\"boldCellInner\"><div class=\"boldRow \" ><div class=\"boldRowInner\"><div class=\"rowItem col-md-2  col-sm-4 col-ms-12 btTextLeft\"  data-width=\"2\"><div class=\"rowItemContent\" ><\/div><\/div><div class=\"rowItem col-md-8 col-ms-12 btTextCenter animate animate-fadein inherit\"  data-width=\"8\"><div class=\"rowItemContent\" ><span class=\"btIco btIcoFilledType btIcoLargeSize btIcoAccentColor btIconSquareShape\"><span  data-ico-fa=\"&#xf10d;\" class=\"btIcoHolder\"><\/span><\/span><div class=\"btClear btSeparator topSmallSpaced bottomSmallSpaced noBorder\" ><hr><\/div><header class=\"header btClear large  regular\" ><div class=\"dash\"><h2><span class=\"headline\">Doteraz sme dokon\u010dili viac ako 3.000 projektov pre klientov vo viac ako 20 krajin\u00e1ch.<\/span><\/h2><\/div><\/header><div class=\"btClear btSeparator bottomExtraSmallSpaced noBorder\" ><hr><\/div><\/div><\/div><div class=\"rowItem col-md-2  col-sm-4 col-ms-12 btTextLeft\"  data-width=\"2\"><div class=\"rowItemContent\" ><\/div><\/div><\/div><\/div><\/div><\/div><\/div><\/section><\/p>\n","protected":false},"excerpt":{"rendered":"<p>Viac inform\u00e1ci\u00ed o na\u0161ich slu\u017eb\u00e1ch a produktoch n\u00e1jdete online.<\/p>\n","protected":false},"author":1,"featured_media":0,"parent":0,"menu_order":0,"comment_status":"closed","ping_status":"closed","template":"home-style.php","meta":{"editor_notices":[],"footnotes":""},"class_list":["post-2270","page","type-page","status-publish","hentry"],"yoast_head":"<!-- This site is optimized with the Yoast SEO plugin v26.3 - https:\/\/yoast.com\/wordpress\/plugins\/seo\/ -->\n<title>Gronbach: slu\u017eby pre n\u00e1v\u0161tevn\u00edkov<\/title>\n<meta name=\"description\" content=\"Viac inform\u00e1ci\u00ed o n\u00e1s, na\u0161ej skupine a materi\u00e1ly na stiahnutie.\" \/>\n<meta name=\"robots\" content=\"index, follow, max-snippet:-1, max-image-preview:large, max-video-preview:-1\" \/>\n<link rel=\"canonical\" href=\"https:\/\/www.gronbach.com\/sk\/services\" \/>\n<meta property=\"og:locale\" content=\"sl_SI\" \/>\n<meta property=\"og:type\" content=\"article\" \/>\n<meta property=\"og:title\" content=\"Gronbach: slu\u017eby pre n\u00e1v\u0161tevn\u00edkov\" \/>\n<meta property=\"og:description\" content=\"Viac inform\u00e1ci\u00ed o n\u00e1s, na\u0161ej skupine a materi\u00e1ly na stiahnutie.\" \/>\n<meta property=\"og:url\" content=\"https:\/\/www.gronbach.com\/sk\/services\" \/>\n<meta property=\"og:site_name\" content=\"Gronbach SK\" \/>\n<meta property=\"article:publisher\" content=\"https:\/\/www.facebook.com\/gronbachslovensko\" \/>\n<meta property=\"article:modified_time\" content=\"2022-10-21T09:11:54+00:00\" \/>\n<meta property=\"og:image\" content=\"https:\/\/www.gronbach.com\/sk\/wp-content\/uploads\/sites\/4\/2022\/05\/ma.png\" \/>\n\t<meta property=\"og:image:width\" content=\"1999\" \/>\n\t<meta property=\"og:image:height\" content=\"601\" \/>\n\t<meta property=\"og:image:type\" content=\"image\/png\" \/>\n<meta name=\"twitter:card\" content=\"summary_large_image\" \/>\n<meta name=\"twitter:label1\" content=\"Est. reading time\" \/>\n\t<meta name=\"twitter:data1\" content=\"8 minut\" \/>\n<!-- \/ Yoast SEO plugin. -->","yoast_head_json":{"title":"Gronbach: slu\u017eby pre n\u00e1v\u0161tevn\u00edkov","description":"Viac inform\u00e1ci\u00ed o n\u00e1s, na\u0161ej skupine a materi\u00e1ly na stiahnutie.","robots":{"index":"index","follow":"follow","max-snippet":"max-snippet:-1","max-image-preview":"max-image-preview:large","max-video-preview":"max-video-preview:-1"},"canonical":"https:\/\/www.gronbach.com\/sk\/services","og_locale":"sl_SI","og_type":"article","og_title":"Gronbach: slu\u017eby pre n\u00e1v\u0161tevn\u00edkov","og_description":"Viac inform\u00e1ci\u00ed o n\u00e1s, na\u0161ej skupine a materi\u00e1ly na stiahnutie.","og_url":"https:\/\/www.gronbach.com\/sk\/services","og_site_name":"Gronbach SK","article_publisher":"https:\/\/www.facebook.com\/gronbachslovensko","article_modified_time":"2022-10-21T09:11:54+00:00","og_image":[{"width":1999,"height":601,"url":"https:\/\/www.gronbach.com\/sk\/wp-content\/uploads\/sites\/4\/2022\/05\/ma.png","type":"image\/png"}],"twitter_card":"summary_large_image","twitter_misc":{"Est. reading time":"8 minut"},"schema":{"@context":"https:\/\/schema.org","@graph":[{"@type":"WebPage","@id":"https:\/\/www.gronbach.com\/sk\/services","url":"https:\/\/www.gronbach.com\/sk\/services","name":"Gronbach: slu\u017eby pre n\u00e1v\u0161tevn\u00edkov","isPartOf":{"@id":"https:\/\/www.gronbach.com\/sk\/#website"},"datePublished":"2016-10-26T07:03:26+00:00","dateModified":"2022-10-21T09:11:54+00:00","description":"Viac inform\u00e1ci\u00ed o n\u00e1s, na\u0161ej skupine a materi\u00e1ly na stiahnutie.","breadcrumb":{"@id":"https:\/\/www.gronbach.com\/sk\/services#breadcrumb"},"inLanguage":"sl-SI","potentialAction":[{"@type":"ReadAction","target":["https:\/\/www.gronbach.com\/sk\/services"]}]},{"@type":"BreadcrumbList","@id":"https:\/\/www.gronbach.com\/sk\/services#breadcrumb","itemListElement":[{"@type":"ListItem","position":1,"name":"Home","item":"https:\/\/www.gronbach.com\/sk\/"},{"@type":"ListItem","position":2,"name":"Services"}]},{"@type":"WebSite","@id":"https:\/\/www.gronbach.com\/sk\/#website","url":"https:\/\/www.gronbach.com\/sk\/","name":"Gronbach SK","description":"","publisher":{"@id":"https:\/\/www.gronbach.com\/sk\/#organization"},"potentialAction":[{"@type":"SearchAction","target":{"@type":"EntryPoint","urlTemplate":"https:\/\/www.gronbach.com\/sk\/?s={search_term_string}"},"query-input":{"@type":"PropertyValueSpecification","valueRequired":true,"valueName":"search_term_string"}}],"inLanguage":"sl-SI"},{"@type":"Organization","@id":"https:\/\/www.gronbach.com\/sk\/#organization","name":"Gronbach","url":"https:\/\/www.gronbach.com\/sk\/","logo":{"@type":"ImageObject","inLanguage":"sl-SI","@id":"https:\/\/www.gronbach.com\/sk\/#\/schema\/logo\/image\/","url":"https:\/\/www.gronbach.com\/sk\/wp-content\/uploads\/sites\/4\/2022\/04\/Gronbach_Gruppe_Logo2.png","contentUrl":"https:\/\/www.gronbach.com\/sk\/wp-content\/uploads\/sites\/4\/2022\/04\/Gronbach_Gruppe_Logo2.png","width":160,"height":50,"caption":"Gronbach"},"image":{"@id":"https:\/\/www.gronbach.com\/sk\/#\/schema\/logo\/image\/"},"sameAs":["https:\/\/www.facebook.com\/gronbachslovensko","https:\/\/www.linkedin.com\/company\/gronbach\/","https:\/\/www.instagram.com\/explore\/tags\/gronbach\/","https:\/\/www.youtube.com\/channel\/UCJWrGbPiG4AYHZewlALkACA"]}]}},"_links":{"self":[{"href":"https:\/\/www.gronbach.com\/sk\/wp-json\/wp\/v2\/pages\/2270","targetHints":{"allow":["GET"]}}],"collection":[{"href":"https:\/\/www.gronbach.com\/sk\/wp-json\/wp\/v2\/pages"}],"about":[{"href":"https:\/\/www.gronbach.com\/sk\/wp-json\/wp\/v2\/types\/page"}],"author":[{"embeddable":true,"href":"https:\/\/www.gronbach.com\/sk\/wp-json\/wp\/v2\/users\/1"}],"replies":[{"embeddable":true,"href":"https:\/\/www.gronbach.com\/sk\/wp-json\/wp\/v2\/comments?post=2270"}],"version-history":[{"count":6,"href":"https:\/\/www.gronbach.com\/sk\/wp-json\/wp\/v2\/pages\/2270\/revisions"}],"predecessor-version":[{"id":12992,"href":"https:\/\/www.gronbach.com\/sk\/wp-json\/wp\/v2\/pages\/2270\/revisions\/12992"}],"wp:attachment":[{"href":"https:\/\/www.gronbach.com\/sk\/wp-json\/wp\/v2\/media?parent=2270"}],"curies":[{"name":"wp","href":"https:\/\/api.w.org\/{rel}","templated":true}]}}