{"id":2272,"date":"2016-10-26T07:03:51","date_gmt":"2016-10-26T07:03:51","guid":{"rendered":"http:\/\/industrial.omnicom-dev.com\/main-demo\/?page_id=2272"},"modified":"2022-10-21T11:14:07","modified_gmt":"2022-10-21T09:14:07","slug":"historia","status":"publish","type":"page","link":"https:\/\/www.gronbach.com\/sk\/skupina-spolocnosti\/historia","title":{"rendered":"Hist\u00f3ria spolo\u010dnosti"},"content":{"rendered":"<p><section id=\"bt_section69e91bbd8458c\"  class=\"boldSection topLargeSpaced bottomSemiSpaced inherit\" ><div class=\"port\"><div class=\"boldCell\"><div class=\"boldCellInner\"><div class=\"boldRow \" ><div class=\"boldRowInner\"><div class=\"rowItem col-md-6 col-sm-12 btTextLeft animate animate-fadein btMiddleVertical btDoublePadding\" style=\"background-color: rgba(255, 255, 255, 1); \" data-width=\"6\"><div class=\"rowItemContent\" ><header class=\"header btClear large btDash topDash  regular\" ><div class=\"btSuperTitle\"><span>Skupina spolo\u010dnost\u00ed<\/span><\/div><div class=\"dash\"><h2><span class=\"headline\"><strong>Hist\u00f3ria<\/strong> a m\u00ed\u013eniky.<\/span><\/h2><\/div><\/header><div class=\"btClear btSeparator topSemiSpaced noBorder\" ><hr><\/div><div class=\"btCounterHolder  btCounterNormalSize\" style=\"font-size:3em;\"><span class=\"btCounter animate\" data-digit-length=\"4\"><span class=\"onedigit p4 d1\" data-digit=\"1\"><span class=\"n0\">0<\/span><span class=\"n1\">1<\/span><span class=\"n2\">2<\/span><span class=\"n3\">3<\/span><span class=\"n4\">4<\/span><span class=\"n5\">5<\/span><span class=\"n6\">6<\/span><span class=\"n7\">7<\/span><span class=\"n8\">8<\/span><span class=\"n9\">9<\/span><span class=\"n0\">0<\/span><\/span><span class=\"onedigit p3 d9\" data-digit=\"9\"><span class=\"n0\">0<\/span><span class=\"n1\">1<\/span><span class=\"n2\">2<\/span><span class=\"n3\">3<\/span><span class=\"n4\">4<\/span><span class=\"n5\">5<\/span><span class=\"n6\">6<\/span><span class=\"n7\">7<\/span><span class=\"n8\">8<\/span><span class=\"n9\">9<\/span><span class=\"n0\">0<\/span><\/span><span class=\"onedigit p2 d6\" data-digit=\"6\"><span class=\"n0\">0<\/span><span class=\"n1\">1<\/span><span class=\"n2\">2<\/span><span class=\"n3\">3<\/span><span class=\"n4\">4<\/span><span class=\"n5\">5<\/span><span class=\"n6\">6<\/span><span class=\"n7\">7<\/span><span class=\"n8\">8<\/span><span class=\"n9\">9<\/span><span class=\"n0\">0<\/span><\/span><span class=\"onedigit p1 d4\" data-digit=\"4\"><span class=\"n0\">0<\/span><span class=\"n1\">1<\/span><span class=\"n2\">2<\/span><span class=\"n3\">3<\/span><span class=\"n4\">4<\/span><span class=\"n5\">5<\/span><span class=\"n6\">6<\/span><span class=\"n7\">7<\/span><span class=\"n8\">8<\/span><span class=\"n9\">9<\/span><span class=\"n0\">0<\/span><\/span><\/span><\/div><div class=\"btText\" ><\/p>\n<p>Spolo\u010dnos\u0165 zalo\u017eil v roku 1964 Dipl.-Ing. Wilhelm Gronbach.<br \/>\nP\u00f4vodne bola poveren\u00e1 n\u00e1vrhom a v\u00fdrobou z\u00e1vesov dver\u00ed a pre\u0161la r\u00fdchlym technologick\u00fdm v\u00fdvojom.<\/p>\n<p>\n<\/div><div class=\"btClear btSeparator bottomSmallSpaced noBorder\" ><hr><\/div><div class=\"btCounterHolder  btCounterNormalSize\" style=\"font-size:3em;\"><span class=\"btCounter animate\" data-digit-length=\"4\"><span class=\"onedigit p4 d1\" data-digit=\"1\"><span class=\"n0\">0<\/span><span class=\"n1\">1<\/span><span class=\"n2\">2<\/span><span class=\"n3\">3<\/span><span class=\"n4\">4<\/span><span class=\"n5\">5<\/span><span class=\"n6\">6<\/span><span class=\"n7\">7<\/span><span class=\"n8\">8<\/span><span class=\"n9\">9<\/span><span class=\"n0\">0<\/span><\/span><span class=\"onedigit p3 d9\" data-digit=\"9\"><span class=\"n0\">0<\/span><span class=\"n1\">1<\/span><span class=\"n2\">2<\/span><span class=\"n3\">3<\/span><span class=\"n4\">4<\/span><span class=\"n5\">5<\/span><span class=\"n6\">6<\/span><span class=\"n7\">7<\/span><span class=\"n8\">8<\/span><span class=\"n9\">9<\/span><span class=\"n0\">0<\/span><\/span><span class=\"onedigit p2 d8\" data-digit=\"8\"><span class=\"n0\">0<\/span><span class=\"n1\">1<\/span><span class=\"n2\">2<\/span><span class=\"n3\">3<\/span><span class=\"n4\">4<\/span><span class=\"n5\">5<\/span><span class=\"n6\">6<\/span><span class=\"n7\">7<\/span><span class=\"n8\">8<\/span><span class=\"n9\">9<\/span><span class=\"n0\">0<\/span><\/span><span class=\"onedigit p1 d5\" data-digit=\"5\"><span class=\"n0\">0<\/span><span class=\"n1\">1<\/span><span class=\"n2\">2<\/span><span class=\"n3\">3<\/span><span class=\"n4\">4<\/span><span class=\"n5\">5<\/span><span class=\"n6\">6<\/span><span class=\"n7\">7<\/span><span class=\"n8\">8<\/span><span class=\"n9\">9<\/span><span class=\"n0\">0<\/span><\/span><\/span><\/div><div class=\"btText\" ><\/p>\n<p>V roku 1985 prevzal spolo\u010dnos\u0165 v druhej gener\u00e1cii Dipl.-Ing. Wilfried Gronbach a vytvoril z Gronbachu glob\u00e1lneho hr\u00e1\u010da.<\/p>\n<p>\n<\/div><div class=\"btClear btSeparator bottomSmallSpaced noBorder\" ><hr><\/div><div class=\"btCounterHolder  btCounterNormalSize\" style=\"font-size:3em;\"><span class=\"btCounter animate\" data-digit-length=\"4\"><span class=\"onedigit p4 d2\" data-digit=\"2\"><span class=\"n0\">0<\/span><span class=\"n1\">1<\/span><span class=\"n2\">2<\/span><span class=\"n3\">3<\/span><span class=\"n4\">4<\/span><span class=\"n5\">5<\/span><span class=\"n6\">6<\/span><span class=\"n7\">7<\/span><span class=\"n8\">8<\/span><span class=\"n9\">9<\/span><span class=\"n0\">0<\/span><\/span><span class=\"onedigit p3 d0\" data-digit=\"0\"><span class=\"n0\">0<\/span><span class=\"n1\">1<\/span><span class=\"n2\">2<\/span><span class=\"n3\">3<\/span><span class=\"n4\">4<\/span><span class=\"n5\">5<\/span><span class=\"n6\">6<\/span><span class=\"n7\">7<\/span><span class=\"n8\">8<\/span><span class=\"n9\">9<\/span><span class=\"n0\">0<\/span><\/span><span class=\"onedigit p2 d1\" data-digit=\"1\"><span class=\"n0\">0<\/span><span class=\"n1\">1<\/span><span class=\"n2\">2<\/span><span class=\"n3\">3<\/span><span class=\"n4\">4<\/span><span class=\"n5\">5<\/span><span class=\"n6\">6<\/span><span class=\"n7\">7<\/span><span class=\"n8\">8<\/span><span class=\"n9\">9<\/span><span class=\"n0\">0<\/span><\/span><span class=\"onedigit p1 d7\" data-digit=\"7\"><span class=\"n0\">0<\/span><span class=\"n1\">1<\/span><span class=\"n2\">2<\/span><span class=\"n3\">3<\/span><span class=\"n4\">4<\/span><span class=\"n5\">5<\/span><span class=\"n6\">6<\/span><span class=\"n7\">7<\/span><span class=\"n8\">8<\/span><span class=\"n9\">9<\/span><span class=\"n0\">0<\/span><\/span><\/span><\/div><div class=\"btText\" ><\/p>\n<p>Pod veden\u00edm pani. Dr. Lina Gebhardt-Gronbach sa spolo\u010dnos\u0165 Gronbach v roku 2017 stala pr\u00e9miov\u00fdm poskytovate\u013eom \u0161pi\u010dkov\u00fdch produktov.<\/p>\n<p>\n<\/div><div class=\"btClear btSeparator bottomSmallSpaced noBorder\" ><hr><\/div><div class=\"btCounterHolder  btCounterNormalSize\" style=\"font-size:3em;\"><span class=\"btCounter animate\" data-digit-length=\"4\"><span class=\"onedigit p4 d2\" data-digit=\"2\"><span class=\"n0\">0<\/span><span class=\"n1\">1<\/span><span class=\"n2\">2<\/span><span class=\"n3\">3<\/span><span class=\"n4\">4<\/span><span class=\"n5\">5<\/span><span class=\"n6\">6<\/span><span class=\"n7\">7<\/span><span class=\"n8\">8<\/span><span class=\"n9\">9<\/span><span class=\"n0\">0<\/span><\/span><span class=\"onedigit p3 d0\" data-digit=\"0\"><span class=\"n0\">0<\/span><span class=\"n1\">1<\/span><span class=\"n2\">2<\/span><span class=\"n3\">3<\/span><span class=\"n4\">4<\/span><span class=\"n5\">5<\/span><span class=\"n6\">6<\/span><span class=\"n7\">7<\/span><span class=\"n8\">8<\/span><span class=\"n9\">9<\/span><span class=\"n0\">0<\/span><\/span><span class=\"onedigit p2 d2\" data-digit=\"2\"><span class=\"n0\">0<\/span><span class=\"n1\">1<\/span><span class=\"n2\">2<\/span><span class=\"n3\">3<\/span><span class=\"n4\">4<\/span><span class=\"n5\">5<\/span><span class=\"n6\">6<\/span><span class=\"n7\">7<\/span><span class=\"n8\">8<\/span><span class=\"n9\">9<\/span><span class=\"n0\">0<\/span><\/span><span class=\"onedigit p1 d1\" data-digit=\"1\"><span class=\"n0\">0<\/span><span class=\"n1\">1<\/span><span class=\"n2\">2<\/span><span class=\"n3\">3<\/span><span class=\"n4\">4<\/span><span class=\"n5\">5<\/span><span class=\"n6\">6<\/span><span class=\"n7\">7<\/span><span class=\"n8\">8<\/span><span class=\"n9\">9<\/span><span class=\"n0\">0<\/span><\/span><\/span><\/div><div class=\"btText\" ><\/p>\n<p>Spolo\u010dnosti v Taliansku a na Slovensku boli premenovan\u00e9 na \u201cGronbach\u201d. Okrem toho boli v\u0161etky spolo\u010dnosti presunut\u00e9 do multifunk\u010dnej skupiny spolo\u010dnost\u00ed pod n\u00e1zvom &#8220;One Gronbach&#8221;.<\/p>\n<p>\n<\/div><\/div><\/div><div class=\"rowItem col-md-6 col-sm-12 btTextLeft animate animate-fadein inherit btNoPadding\"  data-width=\"6\"><div class=\"rowItemContent\" ><div class=\"btClear btSeparator topSemiSpaced noBorder\" ><hr><\/div><div class=\"bpgPhoto btDefaultHoverType\" ><div class = \"btImage\"><img decoding=\"async\" src=\"https:\/\/www.gronbach.com\/sk\/wp-content\/uploads\/sites\/4\/2021\/03\/historie.jpg\" alt=\"\" title=\"\"><\/div><\/div><\/div><\/div><\/div><\/div><\/div><\/div><\/div><\/section><section id=\"bt_section69e91bbd8745e\"  class=\"boldSection inherit\" style=\"background-color:#9fabcb  !important;\"><div class=\"port\"><div class=\"boldCell\"><div class=\"boldCellInner\"><div class=\"boldRow  btNoRowSpacing\" ><div class=\"boldRowInner\"><div class=\"rowItem col-md-6 col-sm-12 btTextLeft animate animate-fadein btTopVertical btDoublePadding\" style=\"padding:0 90px;background-color: rgba(159, 171, 203, 1); \" data-width=\"6\"><div class=\"rowItemContent\" style = \"background-color: rgba(159, 171, 203, 1); \"><div class=\"btClear btSeparator topSmallSpaced bottomSmallSpaced border\" ><hr><\/div><div class=\"btText\" ><\/p>\n<h6><a style=\"text-align: left; color: white;\" href=\"https:\/\/www.gronbach.com\/sk\/skupina-spolocnosti\/udrzatelnost\">Udr\u017eate\u013enos\u0165<\/a><\/h6>\n<p>\n<\/div><div class=\"btClear btSeparator topSmallSpaced bottomSmallSpaced border\" ><hr><\/div><div class=\"btText\" ><\/p>\n<h6><a style=\"text-align: left; color: white;\" href=\"https:\/\/www.gronbach.com\/sk\/skupina-spolocnosti\/riadenie-inovacii\">Riadenie inov\u00e1ci\u00ed<\/a><\/h6>\n<p>\n<\/div><div class=\"btClear btSeparator topSmallSpaced bottomSmallSpaced border\" ><hr><\/div><div class=\"btText\" ><\/p>\n<h6><a style=\"text-align: left; color: white;\" href=\"https:\/\/www.gronbach.com\/sk\/skupina-spolocnosti\/riadenie-kvality\">Riadenie kvality<\/a><\/h6>\n<p>\n<\/div><div class=\"btClear btSeparator topSmallSpaced bottomSmallSpaced border\" ><hr><\/div><div class=\"btText\" ><\/p>\n<h6><a style=\"text-align: left; color: white;\" href=\"https:\/\/www.gronbach.com\/sk\/skupina-spolocnosti\/lokality\">Lokality<\/a><\/h6>\n<p>\n<\/div><div class=\"btClear btSeparator topSmallSpaced bottomSmallSpaced border\" ><hr><\/div><\/div><\/div><div class=\"rowItem col-md-6 col-sm-12 btTextLeft animate animate-fadein inherit btNoPadding\"  data-width=\"6\"><div class=\"rowItemContent\" ><div class=\"bpgPhoto btDefaultHoverType\" ><div class = \"btImage\"><img decoding=\"async\" src=\"https:\/\/www.gronbach.com\/sk\/wp-content\/uploads\/sites\/4\/2021\/07\/mehr_zur_gruppe.jpg\" alt=\"\" title=\"\"><\/div><\/div><\/div><\/div><\/div><\/div><\/div><\/div><\/div><\/section><section id=\"bt_section69e91bbd8a819\"  class=\"boldSection bottomSmallSpaced inherit\" ><div class=\"port\"><div class=\"boldCell\"><div class=\"boldCellInner\"><div class=\"boldRow \" ><div class=\"boldRowInner\"><div class=\"rowItem col-md-12 col-ms-12  btTextCenter animate animate-fadein inherit btNoPadding\"  data-width=\"12\"><div class=\"rowItemContent\" ><\/div><\/div><\/div><\/div><\/div><\/div><\/div><\/section><\/p>\n","protected":false},"excerpt":{"rendered":"","protected":false},"author":1,"featured_media":11293,"parent":4523,"menu_order":0,"comment_status":"closed","ping_status":"closed","template":"","meta":{"editor_notices":[],"footnotes":""},"class_list":["post-2272","page","type-page","status-publish","has-post-thumbnail","hentry"],"yoast_head":"<!-- This site is optimized with the Yoast SEO plugin v26.3 - https:\/\/yoast.com\/wordpress\/plugins\/seo\/ -->\n<title>Gronbach: hist\u00f3ria spolo\u010dnosti<\/title>\n<meta name=\"description\" content=\"Inform\u00e1cie o hist\u00f3rii spolo\u010dnosti Gronbach a m\u00ed\u013eniky celej skupiny spolo\u010dnost\u00ed.\" \/>\n<meta name=\"robots\" content=\"index, follow, max-snippet:-1, max-image-preview:large, max-video-preview:-1\" \/>\n<link rel=\"canonical\" href=\"https:\/\/www.gronbach.com\/sk\/skupina-spolocnosti\/historia\" \/>\n<meta property=\"og:locale\" content=\"sl_SI\" \/>\n<meta property=\"og:type\" content=\"article\" \/>\n<meta property=\"og:title\" content=\"Gronbach: hist\u00f3ria spolo\u010dnosti\" \/>\n<meta property=\"og:description\" content=\"Inform\u00e1cie o hist\u00f3rii spolo\u010dnosti Gronbach a m\u00ed\u013eniky celej skupiny spolo\u010dnost\u00ed.\" \/>\n<meta property=\"og:url\" content=\"https:\/\/www.gronbach.com\/sk\/skupina-spolocnosti\/historia\" \/>\n<meta property=\"og:site_name\" content=\"Gronbach SK\" \/>\n<meta property=\"article:publisher\" content=\"https:\/\/www.facebook.com\/gronbachslovensko\" \/>\n<meta property=\"article:modified_time\" content=\"2022-10-21T09:14:07+00:00\" \/>\n<meta property=\"og:image\" content=\"https:\/\/www.gronbach.com\/sk\/wp-content\/uploads\/sites\/4\/2022\/05\/header_service.jpg\" \/>\n\t<meta property=\"og:image:width\" content=\"2000\" \/>\n\t<meta property=\"og:image:height\" content=\"684\" \/>\n\t<meta property=\"og:image:type\" content=\"image\/jpeg\" \/>\n<meta name=\"twitter:card\" content=\"summary_large_image\" \/>\n<meta name=\"twitter:label1\" content=\"Est. reading time\" \/>\n\t<meta name=\"twitter:data1\" content=\"4 minute\" \/>\n<!-- \/ Yoast SEO plugin. -->","yoast_head_json":{"title":"Gronbach: hist\u00f3ria spolo\u010dnosti","description":"Inform\u00e1cie o hist\u00f3rii spolo\u010dnosti Gronbach a m\u00ed\u013eniky celej skupiny spolo\u010dnost\u00ed.","robots":{"index":"index","follow":"follow","max-snippet":"max-snippet:-1","max-image-preview":"max-image-preview:large","max-video-preview":"max-video-preview:-1"},"canonical":"https:\/\/www.gronbach.com\/sk\/skupina-spolocnosti\/historia","og_locale":"sl_SI","og_type":"article","og_title":"Gronbach: hist\u00f3ria spolo\u010dnosti","og_description":"Inform\u00e1cie o hist\u00f3rii spolo\u010dnosti Gronbach a m\u00ed\u013eniky celej skupiny spolo\u010dnost\u00ed.","og_url":"https:\/\/www.gronbach.com\/sk\/skupina-spolocnosti\/historia","og_site_name":"Gronbach SK","article_publisher":"https:\/\/www.facebook.com\/gronbachslovensko","article_modified_time":"2022-10-21T09:14:07+00:00","og_image":[{"width":2000,"height":684,"url":"https:\/\/www.gronbach.com\/sk\/wp-content\/uploads\/sites\/4\/2022\/05\/header_service.jpg","type":"image\/jpeg"}],"twitter_card":"summary_large_image","twitter_misc":{"Est. reading time":"4 minute"},"schema":{"@context":"https:\/\/schema.org","@graph":[{"@type":"WebPage","@id":"https:\/\/www.gronbach.com\/sk\/skupina-spolocnosti\/historia","url":"https:\/\/www.gronbach.com\/sk\/skupina-spolocnosti\/historia","name":"Gronbach: hist\u00f3ria spolo\u010dnosti","isPartOf":{"@id":"https:\/\/www.gronbach.com\/sk\/#website"},"primaryImageOfPage":{"@id":"https:\/\/www.gronbach.com\/sk\/skupina-spolocnosti\/historia#primaryimage"},"image":{"@id":"https:\/\/www.gronbach.com\/sk\/skupina-spolocnosti\/historia#primaryimage"},"thumbnailUrl":"https:\/\/www.gronbach.com\/sk\/wp-content\/uploads\/sites\/4\/2022\/05\/header_service.jpg","datePublished":"2016-10-26T07:03:51+00:00","dateModified":"2022-10-21T09:14:07+00:00","description":"Inform\u00e1cie o hist\u00f3rii spolo\u010dnosti Gronbach a m\u00ed\u013eniky celej skupiny spolo\u010dnost\u00ed.","breadcrumb":{"@id":"https:\/\/www.gronbach.com\/sk\/skupina-spolocnosti\/historia#breadcrumb"},"inLanguage":"sl-SI","potentialAction":[{"@type":"ReadAction","target":["https:\/\/www.gronbach.com\/sk\/skupina-spolocnosti\/historia"]}]},{"@type":"ImageObject","inLanguage":"sl-SI","@id":"https:\/\/www.gronbach.com\/sk\/skupina-spolocnosti\/historia#primaryimage","url":"https:\/\/www.gronbach.com\/sk\/wp-content\/uploads\/sites\/4\/2022\/05\/header_service.jpg","contentUrl":"https:\/\/www.gronbach.com\/sk\/wp-content\/uploads\/sites\/4\/2022\/05\/header_service.jpg","width":2000,"height":684},{"@type":"BreadcrumbList","@id":"https:\/\/www.gronbach.com\/sk\/skupina-spolocnosti\/historia#breadcrumb","itemListElement":[{"@type":"ListItem","position":1,"name":"Home","item":"https:\/\/www.gronbach.com\/sk\/"},{"@type":"ListItem","position":2,"name":"Skupina spolo\u010dnost\u00ed","item":"https:\/\/www.gronbach.com\/sk\/skupina-spolocnosti"},{"@type":"ListItem","position":3,"name":"Hist\u00f3ria spolo\u010dnosti"}]},{"@type":"WebSite","@id":"https:\/\/www.gronbach.com\/sk\/#website","url":"https:\/\/www.gronbach.com\/sk\/","name":"Gronbach SK","description":"","publisher":{"@id":"https:\/\/www.gronbach.com\/sk\/#organization"},"potentialAction":[{"@type":"SearchAction","target":{"@type":"EntryPoint","urlTemplate":"https:\/\/www.gronbach.com\/sk\/?s={search_term_string}"},"query-input":{"@type":"PropertyValueSpecification","valueRequired":true,"valueName":"search_term_string"}}],"inLanguage":"sl-SI"},{"@type":"Organization","@id":"https:\/\/www.gronbach.com\/sk\/#organization","name":"Gronbach","url":"https:\/\/www.gronbach.com\/sk\/","logo":{"@type":"ImageObject","inLanguage":"sl-SI","@id":"https:\/\/www.gronbach.com\/sk\/#\/schema\/logo\/image\/","url":"https:\/\/www.gronbach.com\/sk\/wp-content\/uploads\/sites\/4\/2022\/04\/Gronbach_Gruppe_Logo2.png","contentUrl":"https:\/\/www.gronbach.com\/sk\/wp-content\/uploads\/sites\/4\/2022\/04\/Gronbach_Gruppe_Logo2.png","width":160,"height":50,"caption":"Gronbach"},"image":{"@id":"https:\/\/www.gronbach.com\/sk\/#\/schema\/logo\/image\/"},"sameAs":["https:\/\/www.facebook.com\/gronbachslovensko","https:\/\/www.linkedin.com\/company\/gronbach\/","https:\/\/www.instagram.com\/explore\/tags\/gronbach\/","https:\/\/www.youtube.com\/channel\/UCJWrGbPiG4AYHZewlALkACA"]}]}},"_links":{"self":[{"href":"https:\/\/www.gronbach.com\/sk\/wp-json\/wp\/v2\/pages\/2272","targetHints":{"allow":["GET"]}}],"collection":[{"href":"https:\/\/www.gronbach.com\/sk\/wp-json\/wp\/v2\/pages"}],"about":[{"href":"https:\/\/www.gronbach.com\/sk\/wp-json\/wp\/v2\/types\/page"}],"author":[{"embeddable":true,"href":"https:\/\/www.gronbach.com\/sk\/wp-json\/wp\/v2\/users\/1"}],"replies":[{"embeddable":true,"href":"https:\/\/www.gronbach.com\/sk\/wp-json\/wp\/v2\/comments?post=2272"}],"version-history":[{"count":69,"href":"https:\/\/www.gronbach.com\/sk\/wp-json\/wp\/v2\/pages\/2272\/revisions"}],"predecessor-version":[{"id":12740,"href":"https:\/\/www.gronbach.com\/sk\/wp-json\/wp\/v2\/pages\/2272\/revisions\/12740"}],"up":[{"embeddable":true,"href":"https:\/\/www.gronbach.com\/sk\/wp-json\/wp\/v2\/pages\/4523"}],"wp:featuredmedia":[{"embeddable":true,"href":"https:\/\/www.gronbach.com\/sk\/wp-json\/wp\/v2\/media\/11293"}],"wp:attachment":[{"href":"https:\/\/www.gronbach.com\/sk\/wp-json\/wp\/v2\/media?parent=2272"}],"curies":[{"name":"wp","href":"https:\/\/api.w.org\/{rel}","templated":true}]}}