{"id":3477,"date":"2021-03-11T13:31:39","date_gmt":"2021-03-11T12:31:39","guid":{"rendered":"https:\/\/www.gronbach.com\/?page_id=3477"},"modified":"2025-11-12T11:38:54","modified_gmt":"2025-11-12T10:38:54","slug":"odtlacok","status":"publish","type":"page","link":"https:\/\/www.gronbach.com\/sk\/odtlacok","title":{"rendered":"Odtla\u010dok"},"content":{"rendered":"<section id=\"bt_section69ee689a94dd8\"  class=\"boldSection topSpaced bottomSemiSpaced gutter boxed inherit\" ><div class=\"port\"><div class=\"boldCell\"><div class=\"boldCellInner\"><div class=\"boldRow \" ><div class=\"boldRowInner\"><div class=\"btText\" ><\/p>\n<h5>Povinnos\u0165 poskytova\u0165 inform\u00e1cie pod\u013ea \u00a7 5 z\u00e1kona o e-commerce, \u00a7 14 Obchodn\u00e9ho z\u00e1konn\u00edka a \u00a7 25 z\u00e1kona o verejn\u00fdch oznamovac\u00edch prostriedkoch:<\/h5>\n<p>Gronbach Inventive Sales &amp; Marketing GmbH &amp; Co KG<br \/>\nPoskytovate\u013e obchodn\u00fdch a marketingov\u00fdch slu\u017eieb<br \/>\nDI\u010c: ATU68426107 (<strong>Pozn\u00e1mka:<\/strong> I\u010cO sa vz\u0165ahuje len na Gronbach Inventive Sales &amp; Marketing GmbH &amp; CO KG)<br \/>\nRegistra\u010dn\u00e9 \u010d\u00edslo spolo\u010dnosti: FN 407360i<br \/>\nObchodn\u00fd register pri: Krajinsk\u00fd s\u00fad v Innsbrucku<br \/>\nS\u00eddlo spolo\u010dnosti: 6342 Niederndorf<br \/>\nInnstra\u00dfe 2<br \/>\nRak\u00fasko<\/p>\n<p>T: +43 5373 62190<br \/>\nF: +43 5373 62190 311<br \/>\nE: <a href=\"https:\/\/www.gronbach.com\/services\/kontakt\"><u><a href=\"https:\/\/www.gronbach.com\/sk\/services\/kontakt\"  class=\"mailcrypt\">info-niederndorf<span><span>\u2202<\/span><\/span>gronbach.com<\/a><\/u><\/a><\/p>\n<p>\u010clen WK\u00d6, WK-Tirol, FG Advertising and Market Communication<br \/>\nProfesijn\u00e9 pr\u00e1vo: \u017divnostensk\u00fd poriadok: <a href=\"https:\/\/www.ris.bks.gv.at\" target=\"_blank\"><u>www.ris.bks.gv.at<\/u><\/a><br \/>\nDozorn\u00fd org\u00e1n \/ obchodn\u00fd org\u00e1n: Okresn\u00fd \u00farad Kufstein<br \/>\nN\u00e1zov poz\u00edcie: poskytovate\u013e slu\u017eieb v oblasti predaja a marketingu<br \/>\nUde\u013euj\u00faci \u0161t\u00e1t: Rak\u00fasko<\/p>\n<p><u>Predmet podnikate\u013eskej \u010dinnosti:<\/u><\/p>\n<ul>\n<li>Poskytovanie slu\u017eieb v oblasti predaja a marketingu pre spolo\u010dnosti koncernu, ako aj pre tretie strany.<\/li>\n<li>Obchodovanie s elektronick\u00fdmi, pneumatick\u00fdmi, hydraulick\u00fdmi a mechanick\u00fdmi zariadeniami, ako aj so strojn\u00fdmi s\u00fa\u010diastkami, n\u00e1hradn\u00fdmi dielmi a pr\u00edslu\u0161enstvom, elektronick\u00fdmi, pneumatick\u00fdmi, hydraulick\u00fdmi a mechanick\u00fdmi materi\u00e1lmi a zariadeniami v\u0161eobecne, technick\u00fdmi pom\u00f4ckami a vybaven\u00edm na technick\u00e9 \u00fapravy, opravy a technick\u00fa podporu uveden\u00fdch zariaden\u00ed<\/li>\n<\/ul>\n<p>Osobne ru\u010diaci spolo\u010dn\u00edk (komplement\u00e1r) spolo\u010dnosti GmbH &amp; Co KG:<\/p>\n<p>Wilhelm Gronbach GmbH<br \/>\nS\u00eddlo spolo\u010dnosti: 6342 Niederndorf, \u00d6sterreich<br \/>\nInnstra\u00dfe 2<br \/>\nRegistra\u010dn\u00e9 \u010d\u00edslo spolo\u010dnosti: FN 407360i<br \/>\nObchodn\u00fd register pri: Krajinsk\u00fd s\u00fad v Innsbrucku<\/p>\n<p>\u00dadaje o \u00fa\u010dasti na sporoch online:<\/p>\n<p>Spotrebitelia maj\u00fa mo\u017enos\u0165 pod\u00e1va\u0165 s\u0165a\u017enosti prostredn\u00edctvom online platformu E\u00da na rie\u0161enie sporov.: <a href=\"https:\/\/ec.europa.eu\/consumers\/odr\/main\/index.cfm?event=main.home.chooseLanguage\" target=\"_blank\">https:\/\/ec.europa.eu\/consumers\/odr\/main\/index.cfm?event=main.home.chooseLanguage<\/a>. Ak\u00e9ko\u013evek s\u0165a\u017enosti m\u00f4\u017eete zasiela\u0165 aj e-mailcom na vy\u0161\u0161ie uveden\u00fa e-mailov\u00fa adresu.<\/p>\n<p><strong>Syst\u00e9m informovania:<\/strong><\/p>\n<p><a href=\"https:\/\/www.gronbach.com\/sk\/wp-content\/uploads\/sites\/4\/2023\/12\/GMI_0023_A1b_SK_Poucenie-oznamovatela-k-oznamovaniu-protispolocenskej-cinnosti.pdf\" class=\"btBtn btBtn btnOutlineStyle btnNormalColor btnSmall btnNormalWidth btnRightPosition btnNoIcon\"  target=\"_blank\"><span class=\"btnInnerText\">\u010co je whistleblowing?<\/span><\/a><\/p>\n<p><a href=\"https:\/\/www.gronbach.com\/sk\/wp-content\/uploads\/sites\/4\/2023\/12\/GMI_0032_A7c_SK_Oznamenie-o-spracuvani-osobnych-udajov-v-suvislosti-s-oznamovanim-protispolocenskej-cinnosti.pdf\" class=\"btBtn btBtn btnOutlineStyle btnNormalColor btnSmall btnNormalWidth btnRightPosition btnNoIcon\"  target=\"_blank\"><span class=\"btnInnerText\">Inform\u00e1cie o ochrane \u00fadajov pri oznamovan\u00ed nekal\u00fdch prakt\u00edk<\/span><\/a><\/p>\n<p>Tu m\u00f4\u017eete (anonymne) nahl\u00e1si\u0165 poru\u0161enie pr\u00e1vnych predpisov E\u00da:<br \/>\n<a href=\"https:\/\/gronbach-hr.rexx-systems.com\/whistleblowing\">https:\/\/gronbach-hr.rexx-systems.com\/whistleblowing<\/a>.<\/p>\n<p>Zverejnenie: Inform\u00e1cie o v\u00fdvoji, mont\u00e1\u017ei a v\u00fdrobe komponentov, zost\u00e1v a zariaden\u00ed v segmente dom\u00e1cich spotrebi\u010dov, komer\u010dn\u00e9ho varenia, automobilov\u00e9ho priemyslu, kuch\u00fd\u0148 a n\u00e1bytku.<\/p>\n<h6>Inform\u00e1cie o ochrane osobn\u00fdch \u00fadajov<\/h6>\n<p>Inform\u00e1cie o ochrane osobn\u00fdch \u00fadajov n\u00e1jdete na tomto <a href=\"https:\/\/www.gronbach.com\/sk\/zasady-ochrany-osobnych-udajov\">odkaze<\/a>.<\/p>\n<h6>Zodpovednos\u0165 za zverejnen\u00e9 odkazy<\/h6>\n<p>Napriek d\u00f4kladnej kontrole obsahu nenesieme \u017eiadnu zodpovednos\u0165 za obsah extern\u00fdch odkazov. Za obsah odkazovan\u00fdch str\u00e1nok s\u00fa zodpovedn\u00ed v\u00fdlu\u010dne ich prev\u00e1dzkovatelia.<\/p>\n<h6>Pr\u00e1va na zverejnen\u00e9 obr\u00e1zky<\/h6>\n<p><strong>Technologien:<\/strong> \u00a9 www.istock.com\/Liuhsihsiang, <strong>Praktikumspl\u00e4tze und Abschlussarbeiten:<\/strong> \u00a9 www.istock.com\/mihailomilovanovic, <strong>Branchenl\u00f6sungen:<\/strong> \u00a9 www.istock.com\/Easyturn <strong>Lieferanten:<\/strong> \u00a9 www.istock.com\/Milos-Muller, <strong>Frau in K\u00fcche und Backofen:<\/strong> <a href=\"https:\/\/www.freepik.com\/photos\/food\">Food photo created by ArthurHidden &#8211; www.freepik.com<\/a>, <strong>E-Mail Contact Icon:<\/strong> <a title=\"email Icons\" href=\"https:\/\/www.flaticon.com\/de\/kostenlose-icons\/email\">Email Icons erstellt von Freepik &#8211; Flaticon<\/a> <a href=\"https:\/\/www.freepik.com\/vectors\/air-cleaner\">Air cleaner vector created by macrovector &#8211; www.freepik.com<\/a>, Division Appliances: \u00a9 www.istock.com\/Easyturn<br \/>\n<strong>Bild Messestand<\/strong> mit Unterst\u00fctzung von <a href=\"http:\/\/www.konfigurator24.de\" target=\"_blank\">www.konfigurator24.de<\/a>, <a href=\"https:\/\/www.freepik.com\/photos\/background\">Background photo created by kjpargeter &#8211; www.freepik.com<\/a>, <a href=\"https:\/\/www.freepik.com\/vectors\/technology\">Technology vector created by rosapuchalt &#8211; www.freepik.com<\/a>, <a href=\"https:\/\/de.freepik.com\/psd\/latte\">Latte PSD erstellt von originalmockup &#8211; de.freepik.com<\/a><\/p>\n<p>\n<\/div><\/div><\/div><\/div><\/div><\/div><\/section>\n","protected":false},"excerpt":{"rendered":"","protected":false},"author":1,"featured_media":6911,"parent":0,"menu_order":0,"comment_status":"closed","ping_status":"closed","template":"","meta":{"editor_notices":[],"footnotes":""},"class_list":["post-3477","page","type-page","status-publish","has-post-thumbnail","hentry"],"yoast_head":"<!-- This site is optimized with the Yoast SEO plugin v26.3 - https:\/\/yoast.com\/wordpress\/plugins\/seo\/ -->\n<title>Odtla\u010dok<\/title>\n<meta name=\"description\" content=\"Vydavate\u013estvo Gronbach\" \/>\n<meta name=\"robots\" content=\"index, follow, max-snippet:-1, max-image-preview:large, max-video-preview:-1\" \/>\n<link rel=\"canonical\" href=\"https:\/\/www.gronbach.com\/sk\/odtlacok\" \/>\n<meta property=\"og:locale\" content=\"sl_SI\" \/>\n<meta property=\"og:type\" content=\"article\" \/>\n<meta property=\"og:title\" content=\"Odtla\u010dok\" \/>\n<meta property=\"og:description\" content=\"Vydavate\u013estvo Gronbach\" \/>\n<meta property=\"og:url\" content=\"https:\/\/www.gronbach.com\/sk\/odtlacok\" \/>\n<meta property=\"og:site_name\" content=\"Gronbach SK\" \/>\n<meta property=\"article:publisher\" content=\"https:\/\/www.facebook.com\/gronbachslovensko\" \/>\n<meta property=\"article:modified_time\" content=\"2025-11-12T10:38:54+00:00\" \/>\n<meta property=\"og:image\" content=\"https:\/\/www.gronbach.com\/sk\/wp-content\/uploads\/sites\/4\/2022\/03\/gronbach_intern.jpg\" \/>\n\t<meta property=\"og:image:width\" content=\"2035\" \/>\n\t<meta property=\"og:image:height\" content=\"651\" \/>\n\t<meta property=\"og:image:type\" content=\"image\/jpeg\" \/>\n<meta name=\"twitter:card\" content=\"summary_large_image\" \/>\n<meta name=\"twitter:label1\" content=\"Est. reading time\" \/>\n\t<meta name=\"twitter:data1\" content=\"1 minuta\" \/>\n<!-- \/ Yoast SEO plugin. -->","yoast_head_json":{"title":"Odtla\u010dok","description":"Vydavate\u013estvo Gronbach","robots":{"index":"index","follow":"follow","max-snippet":"max-snippet:-1","max-image-preview":"max-image-preview:large","max-video-preview":"max-video-preview:-1"},"canonical":"https:\/\/www.gronbach.com\/sk\/odtlacok","og_locale":"sl_SI","og_type":"article","og_title":"Odtla\u010dok","og_description":"Vydavate\u013estvo Gronbach","og_url":"https:\/\/www.gronbach.com\/sk\/odtlacok","og_site_name":"Gronbach SK","article_publisher":"https:\/\/www.facebook.com\/gronbachslovensko","article_modified_time":"2025-11-12T10:38:54+00:00","og_image":[{"width":2035,"height":651,"url":"https:\/\/www.gronbach.com\/sk\/wp-content\/uploads\/sites\/4\/2022\/03\/gronbach_intern.jpg","type":"image\/jpeg"}],"twitter_card":"summary_large_image","twitter_misc":{"Est. reading time":"1 minuta"},"schema":{"@context":"https:\/\/schema.org","@graph":[{"@type":"WebPage","@id":"https:\/\/www.gronbach.com\/sk\/odtlacok","url":"https:\/\/www.gronbach.com\/sk\/odtlacok","name":"Odtla\u010dok","isPartOf":{"@id":"https:\/\/www.gronbach.com\/sk\/#website"},"primaryImageOfPage":{"@id":"https:\/\/www.gronbach.com\/sk\/odtlacok#primaryimage"},"image":{"@id":"https:\/\/www.gronbach.com\/sk\/odtlacok#primaryimage"},"thumbnailUrl":"https:\/\/www.gronbach.com\/sk\/wp-content\/uploads\/sites\/4\/2022\/03\/gronbach_intern.jpg","datePublished":"2021-03-11T12:31:39+00:00","dateModified":"2025-11-12T10:38:54+00:00","description":"Vydavate\u013estvo Gronbach","breadcrumb":{"@id":"https:\/\/www.gronbach.com\/sk\/odtlacok#breadcrumb"},"inLanguage":"sl-SI","potentialAction":[{"@type":"ReadAction","target":["https:\/\/www.gronbach.com\/sk\/odtlacok"]}]},{"@type":"ImageObject","inLanguage":"sl-SI","@id":"https:\/\/www.gronbach.com\/sk\/odtlacok#primaryimage","url":"https:\/\/www.gronbach.com\/sk\/wp-content\/uploads\/sites\/4\/2022\/03\/gronbach_intern.jpg","contentUrl":"https:\/\/www.gronbach.com\/sk\/wp-content\/uploads\/sites\/4\/2022\/03\/gronbach_intern.jpg","width":2035,"height":651},{"@type":"BreadcrumbList","@id":"https:\/\/www.gronbach.com\/sk\/odtlacok#breadcrumb","itemListElement":[{"@type":"ListItem","position":1,"name":"Home","item":"https:\/\/www.gronbach.com\/sk\/"},{"@type":"ListItem","position":2,"name":"Odtla\u010dok"}]},{"@type":"WebSite","@id":"https:\/\/www.gronbach.com\/sk\/#website","url":"https:\/\/www.gronbach.com\/sk\/","name":"Gronbach SK","description":"","publisher":{"@id":"https:\/\/www.gronbach.com\/sk\/#organization"},"potentialAction":[{"@type":"SearchAction","target":{"@type":"EntryPoint","urlTemplate":"https:\/\/www.gronbach.com\/sk\/?s={search_term_string}"},"query-input":{"@type":"PropertyValueSpecification","valueRequired":true,"valueName":"search_term_string"}}],"inLanguage":"sl-SI"},{"@type":"Organization","@id":"https:\/\/www.gronbach.com\/sk\/#organization","name":"Gronbach","url":"https:\/\/www.gronbach.com\/sk\/","logo":{"@type":"ImageObject","inLanguage":"sl-SI","@id":"https:\/\/www.gronbach.com\/sk\/#\/schema\/logo\/image\/","url":"https:\/\/www.gronbach.com\/sk\/wp-content\/uploads\/sites\/4\/2022\/04\/Gronbach_Gruppe_Logo2.png","contentUrl":"https:\/\/www.gronbach.com\/sk\/wp-content\/uploads\/sites\/4\/2022\/04\/Gronbach_Gruppe_Logo2.png","width":160,"height":50,"caption":"Gronbach"},"image":{"@id":"https:\/\/www.gronbach.com\/sk\/#\/schema\/logo\/image\/"},"sameAs":["https:\/\/www.facebook.com\/gronbachslovensko","https:\/\/www.linkedin.com\/company\/gronbach\/","https:\/\/www.instagram.com\/explore\/tags\/gronbach\/","https:\/\/www.youtube.com\/channel\/UCJWrGbPiG4AYHZewlALkACA"]}]}},"_links":{"self":[{"href":"https:\/\/www.gronbach.com\/sk\/wp-json\/wp\/v2\/pages\/3477","targetHints":{"allow":["GET"]}}],"collection":[{"href":"https:\/\/www.gronbach.com\/sk\/wp-json\/wp\/v2\/pages"}],"about":[{"href":"https:\/\/www.gronbach.com\/sk\/wp-json\/wp\/v2\/types\/page"}],"author":[{"embeddable":true,"href":"https:\/\/www.gronbach.com\/sk\/wp-json\/wp\/v2\/users\/1"}],"replies":[{"embeddable":true,"href":"https:\/\/www.gronbach.com\/sk\/wp-json\/wp\/v2\/comments?post=3477"}],"version-history":[{"count":6,"href":"https:\/\/www.gronbach.com\/sk\/wp-json\/wp\/v2\/pages\/3477\/revisions"}],"predecessor-version":[{"id":13288,"href":"https:\/\/www.gronbach.com\/sk\/wp-json\/wp\/v2\/pages\/3477\/revisions\/13288"}],"wp:featuredmedia":[{"embeddable":true,"href":"https:\/\/www.gronbach.com\/sk\/wp-json\/wp\/v2\/media\/6911"}],"wp:attachment":[{"href":"https:\/\/www.gronbach.com\/sk\/wp-json\/wp\/v2\/media?parent=3477"}],"curies":[{"name":"wp","href":"https:\/\/api.w.org\/{rel}","templated":true}]}}