{"id":4523,"date":"2021-07-06T10:47:07","date_gmt":"2021-07-06T08:47:07","guid":{"rendered":"https:\/\/www.gronbach.com\/?page_id=4523"},"modified":"2022-10-21T11:12:51","modified_gmt":"2022-10-21T09:12:51","slug":"skupina-spolocnosti","status":"publish","type":"page","link":"https:\/\/www.gronbach.com\/sk\/skupina-spolocnosti","title":{"rendered":"Skupina spolo\u010dnost\u00ed"},"content":{"rendered":"<p><section id=\"bt_section69ef37eeeb9fd\"  class=\"boldSection topSpaced bottomExtraSpaced gutter boxed inherit wBackground cover wBackground cover bt_bb_video\" style=\"background-color:#f4f4f4  !important;background-image:url('https:\/\/www.gronbach.com\/sk\/wp-content\/uploads\/sites\/4\/2022\/08\/ug-head.jpg');\"><video autoplay loop muted playsinline onplay=\"bt_video_callback( this )\"><source src=\"https:\/\/www.gronbach.com\/wp-content\/uploads\/2022\/09\/wirsindgronbach.webm\" type=\"video\/webm\"><\/video><div class=\"port\"><div class=\"boldCell\"><div class=\"boldCellInner\"><div class=\"boldRow \" ><div class=\"boldRowInner\"><div class=\"rowItem col-md-8 col-ms-12 btTextLeft animate animate-fadein btBottomVertical\"  data-width=\"8\"><div class=\"rowItemContent\" ><div class=\"btClear btSeparator bottomSmallSpaced noBorder\" ><hr><\/div><header class=\"header btClear extralarge machesweiss thin\" ><div class=\"dash\"><h1><span class=\"headline\">Skupina spolo\u010dnost\u00ed<\/span><\/h1><\/div><div class=\"btSubTitle\">Skupina Gronbach je tradi\u010dnou rodinnou firmou so siln\u00fdm povedom\u00edm o spolo\u010denstve.<br \/><br>Vo v\u0161etkom, \u010do rob\u00edme, sa riadime integritou, odvahou a kontinuitou.<br \/><br><\/div><\/header><div class=\"btClear btSeparator topSmallSpaced noBorder\" ><hr><\/div><\/div><\/div><div class=\"rowItem col-md-4 col-ms-12 btTextLeft animate animate-fadein btBottomVertical\"  data-width=\"4\"><div class=\"rowItemContent\" ><\/div><\/div><\/div><\/div><\/div><\/div><\/div><\/section><section id=\"bt_section69ef37eeebc9d\"  class=\"boldSection topSpaced inherit\" ><div class=\"port\"><div class=\"boldCell\"><div class=\"boldCellInner\"><div class=\"boldRow \" ><div class=\"boldRowInner\"><div class=\"rowItem col-md-6 col-sm-12 btTextLeft animate animate-fadein animate-moveleft btTopVertical btTextIndent\" style=\"transition-delay:600ms;transition-duration: 7s;\" data-width=\"6\"><div class=\"rowItemContent\" ><div class=\"bpgPhoto btDefaultHoverType\" ><div class = \"btImage\"><img decoding=\"async\" src=\"https:\/\/www.gronbach.com\/sk\/wp-content\/uploads\/sites\/4\/2021\/03\/historie.jpg\" alt=\"\" title=\"\"><\/div><\/div><\/div><\/div><div class=\"rowItem col-md-6 col-sm-12 btTextLeft animate animate-fadein btMiddleVertical btDoublePadding\" style=\"background-color: rgba(255, 255, 255, 1); \" data-width=\"6\"><div class=\"rowItemContent\" ><header class=\"header btClear large btDash topDash  regular\" ><div class=\"btSuperTitle\"><span>Skupina spolo\u010dnost\u00ed<\/span><\/div><div class=\"dash\"><h2><span class=\"headline\"><strong>Hist\u00f3ria<\/strong>.<\/span><\/h2><\/div><\/header><div class=\"btText\" ><\/p>\n<p>\u00daspe\u0161n\u00fd pr\u00edbeh spolo\u010dnosti Gronbach sa za\u010dal pred viac ako 50 rokmi v\u00fdvojom a s\u00e9riovou v\u00fdrobou n\u00e1\u0161ho patentovan\u00e9ho z\u00e1vesu pre mraziace skrine.<\/p>\n<p>Odvtedy sme sa v priebehu gener\u00e1ci\u00ed vypracovali na glob\u00e1lneho hr\u00e1\u010da pre na\u0161ich z\u00e1kazn\u00edkov v oblasti v\u00fdvoja a s\u00e9riovej v\u00fdroby kompletn\u00fdch zariaden\u00ed na mieru, komplexn\u00fdch zost\u00e1v, kinematiky, ventil\u00e1torov\u00fdch syst\u00e9mov a vysokokvalitn\u00fdch kon\u0161truk\u010dn\u00fdch komponentov z kovu a plastu.<\/p>\n<p>\n<\/div><div class=\"btClear btSeparator bottomSmallSpaced noBorder\" ><hr><\/div><a href=\"https:\/\/www.gronbach.com\/sk\/skupina-spolocnosti\/historia\" class=\"btBtn btBtn btnOutlineStyle btnNormalColor btnSmall btnNormalWidth btnRightPosition btnNoIcon\" ><span class=\"btnInnerText\">Na\u0161e m\u00ed\u013eniky<\/span><\/a><\/div><\/div><\/div><\/div><\/div><\/div><\/div><\/section><section id=\"bt_section69ef37eeec2e3\"  class=\"boldSection topSpaced inherit\" ><div class=\"port\"><div class=\"boldCell\"><div class=\"boldCellInner\"><div class=\"boldRow \" ><div class=\"boldRowInner\"><div class=\"rowItem col-md-6 col-sm-12 btTextLeft animate animate-fadein btMiddleVertical btDoublePadding\" style=\"background-color: rgba(255, 255, 255, 1); \" data-width=\"6\"><div class=\"rowItemContent\" ><header class=\"header btClear large btDash topDash  regular\" ><div class=\"btSuperTitle\"><span>Skupina spolo\u010dnost\u00ed<\/span><\/div><div class=\"dash\"><h2><span class=\"headline\">Riadenie <strong>inov\u00e1ci\u00ed<\/strong>.<\/span><\/h2><\/div><\/header><div class=\"btText\" ><\/p>\n<p>Pre na\u0161ich z\u00e1kazn\u00edkov a pre n\u00e1s sam\u00fdch neust\u00e1le vyv\u00edjame nov\u00e9 technologick\u00e9 rie\u0161enia a sme v\u017edy otvoren\u00ed nov\u00fdm technick\u00fdm v\u00fdzvam.<br \/>\nPreto sa sna\u017e\u00edme o vysok\u00fd stupe\u0148 optimaliz\u00e1cie, presnosti a dokonalosti.<br \/>\nTakto v minulosti vznikli z mnoh\u00fdch projektov vynikaj\u00face produkty, ktor\u00e9 na\u0161i z\u00e1kazn\u00edci mimoriadne oce\u0148uj\u00fa.<\/p>\n<p>\n<\/div><div class=\"btClear btSeparator bottomSmallSpaced noBorder\" ><hr><\/div><a href=\"https:\/\/www.gronbach.com\/sk\/skupina-spolocnosti\/riadenie-inovacii\" class=\"btBtn btBtn btnOutlineStyle btnNormalColor btnSmall btnNormalWidth btnRightPosition btnNoIcon\" ><span class=\"btnInnerText\">Zistite viac<\/span><\/a><div class=\"btClear btSeparator bottomSmallSpaced noBorder\" ><hr><\/div><\/div><\/div><div class=\"rowItem col-md-6 col-sm-12 btTextLeft animate animate-fadein animate-moveleft btTopVertical btTextIndent\" style=\"transition-delay:600ms;transition-duration: 7s;\" data-width=\"6\"><div class=\"rowItemContent\" ><div class=\"bpgPhoto btDefaultHoverType\" ><div class = \"btImage\"><img decoding=\"async\" src=\"https:\/\/www.gronbach.com\/sk\/wp-content\/uploads\/sites\/4\/2022\/06\/innovation_ueber-uns.jpg\" alt=\"\" title=\"\"><\/div><\/div><\/div><\/div><\/div><\/div><\/div><\/div><\/div><\/section><section id=\"bt_section69ef37eeecaf6\"  class=\"boldSection topSpaced inherit\" ><div class=\"port\"><div class=\"boldCell\"><div class=\"boldCellInner\"><div class=\"boldRow \" ><div class=\"boldRowInner\"><div class=\"rowItem col-md-6 col-sm-12 btTextLeft animate animate-fadein animate-moveleft btTopVertical btTextIndent\" style=\"transition-delay:600ms;transition-duration: 7s;\" data-width=\"6\"><div class=\"rowItemContent\" ><div class=\"bpgPhoto btDefaultHoverType\" ><div class = \"btImage\"><img decoding=\"async\" src=\"https:\/\/www.gronbach.com\/sk\/wp-content\/uploads\/sites\/4\/2021\/07\/nachhaltigkeit-umwelt.jpg\" alt=\"\" title=\"\"><\/div><\/div><\/div><\/div><div class=\"rowItem col-md-6 col-sm-12 btTextLeft animate animate-fadein btMiddleVertical btDoublePadding\" style=\"padding:0 25px!important;background-color: rgba(255, 255, 255, 1); \" data-width=\"6\"><div class=\"rowItemContent\" ><header class=\"header btClear large btDash topDash  regular\" ><div class=\"btSuperTitle\"><span>Skupina spolo\u010dnost\u00ed<\/span><\/div><div class=\"dash\"><h2><span class=\"headline\"><strong>Udr\u017eate\u013enos\u0165<\/strong> a \u017eivotn\u00e9 prostredie.<\/span><\/h2><\/div><\/header><div class=\"btText\" ><\/p>\n<p>Ochrana a re\u0161pektovanie pr\u00edrody s\u00fa pre n\u00e1s ve\u013emi d\u00f4le\u017eit\u00e9.<br \/>\nPreto zav\u00e1dzame mnoh\u00e9 opatrenia na zabezpe\u010denie udr\u017eate\u013enosti, zn\u00ed\u017eenie emisi\u00ed a zlep\u0161enie klimatickej rovnov\u00e1hy.<br \/>\nTieto usmernenia pren\u00e1\u0161ame do v\u00fdrobn\u00e9ho procesu pre na\u0161ich z\u00e1kazn\u00edkov &#8211; od v\u00fdberu materi\u00e1lov a\u017e po v\u00fdrobu a zabezpe\u010denie dlhej \u017eivotnosti na\u0161ich v\u00fdrobkov.<\/p>\n<p>\n<\/div><div class=\"btClear btSeparator bottomSmallSpaced noBorder\" ><hr><\/div><a href=\"https:\/\/www.gronbach.com\/sk\/skupina-spolocnosti\/udrzatelnost\" class=\"btBtn btBtn btnOutlineStyle btnNormalColor btnSmall btnNormalWidth btnRightPosition btnNoIcon\" ><span class=\"btnInnerText\">Zistite viac<\/span><\/a><\/div><\/div><\/div><\/div><\/div><\/div><\/div><\/section><section id=\"bt_section69ef37eeed135\"  class=\"boldSection topSpaced inherit\" ><div class=\"port\"><div class=\"boldCell\"><div class=\"boldCellInner\"><div class=\"boldRow \" ><div class=\"boldRowInner\"><div class=\"rowItem col-md-6 col-sm-12 btTextLeft animate animate-fadein btMiddleVertical btDoublePadding\" style=\"background-color: rgba(255, 255, 255, 1); \" data-width=\"6\"><div class=\"rowItemContent\" ><header class=\"header btClear large btDash topDash  regular\" ><div class=\"btSuperTitle\"><span>Skupina spolo\u010dnost\u00ed<\/span><\/div><div class=\"dash\"><h2><span class=\"headline\">Riadenie <strong>kvality<\/strong>.<\/span><\/h2><\/div><\/header><div class=\"btText\" ><\/p>\n<p>Na\u0161e vysok\u00e9 kvalitat\u00edvne \u0161tandardy a kreativita s\u00fa z\u00e1kladn\u00fdmi prvkami na\u0161ej firemnej filozofie. V\u0161etky na\u0161e z\u00e1vody s\u00fa certifikovan\u00e9 pod\u013ea normy DIN EN ISO 9001:2015 v r\u00e1mci syst\u00e9mu riadenia kvality, ktor\u00fd spolu s vysokou \u00farov\u0148ou vzdel\u00e1vania a \u0161kolenia v\u0161etk\u00fdch zamestnancov umo\u017e\u0148uje d\u00f4sledne dodr\u017eiava\u0165 aj tie najmen\u0161ie tolerancie.<\/p>\n<p>\n<\/div><div class=\"btClear btSeparator bottomSmallSpaced noBorder\" ><hr><\/div><a href=\"https:\/\/www.gronbach.com\/sk\/skupina-spolocnosti\/riadenie-kvality\" class=\"btBtn btBtn btnOutlineStyle btnNormalColor btnSmall btnNormalWidth btnRightPosition btnNoIcon\" ><span class=\"btnInnerText\">Zistite viac<\/span><\/a><div class=\"btClear btSeparator bottomSmallSpaced noBorder\" ><hr><\/div><\/div><\/div><div class=\"rowItem col-md-6 col-sm-12 btTextLeft animate animate-fadein animate-moveleft btTopVertical btTextIndent\" style=\"transition-delay:600ms;transition-duration: 7s;\" data-width=\"6\"><div class=\"rowItemContent\" ><div class=\"bpgPhoto btDefaultHoverType\" ><div class = \"btImage\"><img decoding=\"async\" src=\"https:\/\/www.gronbach.com\/sk\/wp-content\/uploads\/sites\/4\/2021\/07\/qualitaetsmanagement.jpg\" alt=\"\" title=\"\"><\/div><\/div><\/div><\/div><\/div><\/div><\/div><\/div><\/div><\/section><section id=\"bt_section69ef37eeed7e3\"  class=\"boldSection topSpaced bottomLargeSpaced inherit\" ><div class=\"port\"><div class=\"boldCell\"><div class=\"boldCellInner\"><div class=\"boldRow \" ><div class=\"boldRowInner\"><div class=\"rowItem col-md-6 col-sm-12 btTextLeft animate animate-fadein animate-moveleft btTopVertical btTextIndent\" style=\"transition-delay:600ms;transition-duration: 7s;\" data-width=\"6\"><div class=\"rowItemContent\" ><div class=\"bpgPhoto btDefaultHoverType\" ><div class = \"btImage\"><img decoding=\"async\" src=\"https:\/\/www.gronbach.com\/sk\/wp-content\/uploads\/sites\/4\/2021\/07\/standorte.jpg\" alt=\"\" title=\"\"><\/div><\/div><\/div><\/div><div class=\"rowItem col-md-6 col-sm-12 btTextLeft animate animate-fadein btMiddleVertical btDoublePadding\" style=\"padding:0 25px!important;background-color: rgba(255, 255, 255, 1); \" data-width=\"6\"><div class=\"rowItemContent\" ><header class=\"header btClear large btDash topDash  regular\" ><div class=\"btSuperTitle\"><span>Skupina spolo\u010dnost\u00ed<\/span><\/div><div class=\"dash\"><h2><span class=\"headline\">Na\u0161e <strong>z\u00e1vody<\/strong>.<\/span><\/h2><\/div><\/header><div class=\"btText\" ><\/p>\n<p>Ako dod\u00e1vate\u013e komplexn\u00fdch slu\u017eieb poskytujeme na\u0161im z\u00e1kazn\u00edkom odborn\u00e9 znalosti v r\u00f4znych oblastiach prostredn\u00edctvom na\u0161ich piatich pobo\u010diek v Nemecku, Rak\u00fasku, Taliansku, na Slovensku a v USA.<\/p>\n<p>\n<\/div><div class=\"btClear btSeparator bottomSmallSpaced noBorder\" ><hr><\/div><a href=\"https:\/\/www.gronbach.com\/sk\/skupina-spolocnosti\/lokality\" class=\"btBtn btBtn btnOutlineStyle btnNormalColor btnSmall btnNormalWidth btnRightPosition btnNoIcon\" ><span class=\"btnInnerText\">Zistite viac<\/span><\/a><\/div><\/div><\/div><\/div><\/div><\/div><\/div><\/section><section id=\"bt_section69ef37eeee311\" data-parallax=\"-.9\" data-parallax-offset=\"0\" class=\"boldSection topSpaced bottomSpaced btLightSkin gutter boxed inherit btParallax wBackground cover wBackground cover btBackgroundOverlay btSolidLightBackground\" style=\"background-image:url('https:\/\/www.gronbach.com\/sk\/wp-content\/uploads\/sites\/4\/2022\/04\/optimierte-fertigung.jpg');\"><div class=\"port\"><div class=\"boldCell\"><div class=\"boldCellInner\"><div class=\"boldRow \" ><div class=\"boldRowInner\"><div class=\"rowItem col-md-6 col-sm-12 btTextLeft animate animate-fadein animate-moveleft btMiddleVertical\" style=\"transition-delay:600ms;transition-duration: 7s;\" data-width=\"6\"><div class=\"rowItemContent\" ><div class=\"bpgPhoto btDefaultHoverType\" ><div class = \"btImage\"><img decoding=\"async\" src=\"https:\/\/www.gronbach.com\/sk\/wp-content\/uploads\/sites\/4\/2022\/08\/CEO-Lina-Gronbach.jpg\" alt=\"\" title=\"\"><\/div><\/div><\/div><\/div><div class=\"rowItem col-md-6 col-sm-12 btTextLeft animate animate-fadein inherit\"  data-width=\"6\"><div class=\"rowItemContent\" ><header class=\"header btClear large btDash topDash  regular\" ><div class=\"btSuperTitle\"><span>Know how<\/span><\/div><div class=\"dash\"><h2><span class=\"headline\">Ako skupina sme <strong>silnej\u0161\u00ed<\/strong>.<\/span><\/h2><\/div><div class=\"btSubTitle\">&#8220;V\u010faka \u0161trukt\u00farovan\u00e9mu prepojeniu na\u0161ich div\u00edzi\u00ed vyu\u017e\u00edvame mnoh\u00e9 pr\u00edle\u017eitosti, ktor\u00e9 vypl\u00fdvaj\u00fa z na\u0161ej \u00fazkej spolupr\u00e1ce. V\u00fdmena poznatkov, in\u0161pir\u00e1ci\u00ed a sk\u00fasenost\u00ed v r\u00e1mci celej skupiny je na\u0161ou ka\u017edodennou snahou poskytova\u0165 na\u0161im z\u00e1kazn\u00edkom tie najlep\u0161ie mo\u017en\u00e9 rie\u0161enia.&#8220;<\/p><br><p>&#8211; Dr. Lina Gebhardt-Gronbach (gener\u00e1lna riadite\u013eka skupiny Gronbach)<\/div><\/header><div class=\"btClear btSeparator bottomSpaced noBorder\" ><hr><\/div><\/div><\/div><\/div><\/div><\/div><\/div><\/div><\/section><section id=\"bt_section69ef37eeef01b\"  class=\"boldSection topSmallSpaced bottomSmallSpaced btDarkSkin btAccentColorBackground gutter boxed inherit\" style=\"background-color:#9fabcb  !important;\"><div class=\"port\"><div class=\"boldCell\"><div class=\"boldCellInner\"><div class=\"boldRow \" ><div class=\"boldRowInner\"><div class=\"rowItem col-md-9 col-ms-12  btTextLeft animate animate-fadein inherit\"  data-width=\"9\"><div class=\"rowItemContent\" ><header class=\"header btClear medium  thin\" ><div class=\"dash\"><h3><span class=\"headline\">M\u00e1te nejak\u00e9 ot\u00e1zky o na\u0161ej spolo\u010dnosti?<\/span><\/h3><\/div><\/header><\/div><\/div><div class=\"rowItem col-md-3 col-sm-6 col-ms-12 btTextRight animate animate-fadein btMiddleVertical\"  data-width=\"3\"><div class=\"rowItemContent\" ><a href=\"https:\/\/www.gronbach.com\/sk\/services\/kontakt\" class=\"btBtn btBtn btnFilledStyle btnAlternateColor btnSmall btnNormalWidth btnLeftPosition btnNoIcon\" ><span class=\"btnInnerText\">Kontakt<\/span><\/a><\/div><\/div><\/div><\/div><\/div><\/div><\/div><\/section><section id=\"bt_section69ef37eeef438\"  class=\"boldSection bottomSmallSpaced inherit\" ><div class=\"port\"><div class=\"boldCell\"><div class=\"boldCellInner\"><div class=\"boldRow \" ><div class=\"boldRowInner\"><div class=\"rowItem col-md-12 col-ms-12  btTextCenter animate animate-fadein inherit btNoPadding\"  data-width=\"12\"><div class=\"rowItemContent\" ><\/div><\/div><\/div><\/div><\/div><\/div><\/div><\/section><\/p>\n","protected":false},"excerpt":{"rendered":"<p>Skupina Gronbach: V\u00edzia, poslanie a hodnoty, udr\u017eate\u013enos\u0165, lokality, hist\u00f3ria spolo\u010dnosti.<\/p>\n","protected":false},"author":1,"featured_media":12315,"parent":0,"menu_order":0,"comment_status":"closed","ping_status":"closed","template":"home-style.php","meta":{"editor_notices":[],"footnotes":""},"class_list":["post-4523","page","type-page","status-publish","has-post-thumbnail","hentry"],"yoast_head":"<!-- This site is optimized with the Yoast SEO plugin v26.3 - https:\/\/yoast.com\/wordpress\/plugins\/seo\/ -->\n<title>Skupina spolo\u010dnost\u00ed Gronbach<\/title>\n<meta name=\"description\" content=\"Inform\u00e1cie o spolo\u010dnosti Gronbach, na\u0161a v\u00edzia a poslanie, hodnoty spolo\u010dnosti, ako aj inform\u00e1cie o udr\u017eate\u013enosti a zodpovednosti.\" \/>\n<meta name=\"robots\" content=\"index, follow, max-snippet:-1, max-image-preview:large, max-video-preview:-1\" \/>\n<link rel=\"canonical\" href=\"https:\/\/www.gronbach.com\/sk\/skupina-spolocnosti\" \/>\n<meta property=\"og:locale\" content=\"sl_SI\" \/>\n<meta property=\"og:type\" content=\"article\" \/>\n<meta property=\"og:title\" content=\"Skupina spolo\u010dnost\u00ed Gronbach\" \/>\n<meta property=\"og:description\" content=\"Inform\u00e1cie o spolo\u010dnosti Gronbach, na\u0161a v\u00edzia a poslanie, hodnoty spolo\u010dnosti, ako aj inform\u00e1cie o udr\u017eate\u013enosti a zodpovednosti.\" \/>\n<meta property=\"og:url\" content=\"https:\/\/www.gronbach.com\/sk\/skupina-spolocnosti\" \/>\n<meta property=\"og:site_name\" content=\"Gronbach SK\" \/>\n<meta property=\"article:publisher\" content=\"https:\/\/www.facebook.com\/gronbachslovensko\" \/>\n<meta property=\"article:modified_time\" content=\"2022-10-21T09:12:51+00:00\" \/>\n<meta property=\"og:image\" content=\"https:\/\/www.gronbach.com\/sk\/wp-content\/uploads\/sites\/4\/2022\/07\/header-unternehmensgruppe.png\" \/>\n\t<meta property=\"og:image:width\" content=\"1636\" \/>\n\t<meta property=\"og:image:height\" content=\"661\" \/>\n\t<meta property=\"og:image:type\" content=\"image\/png\" \/>\n<meta name=\"twitter:card\" content=\"summary_large_image\" \/>\n<meta name=\"twitter:label1\" content=\"Est. reading time\" \/>\n\t<meta name=\"twitter:data1\" content=\"12 minut\" \/>\n<!-- \/ Yoast SEO plugin. -->","yoast_head_json":{"title":"Skupina spolo\u010dnost\u00ed Gronbach","description":"Inform\u00e1cie o spolo\u010dnosti Gronbach, na\u0161a v\u00edzia a poslanie, hodnoty spolo\u010dnosti, ako aj inform\u00e1cie o udr\u017eate\u013enosti a zodpovednosti.","robots":{"index":"index","follow":"follow","max-snippet":"max-snippet:-1","max-image-preview":"max-image-preview:large","max-video-preview":"max-video-preview:-1"},"canonical":"https:\/\/www.gronbach.com\/sk\/skupina-spolocnosti","og_locale":"sl_SI","og_type":"article","og_title":"Skupina spolo\u010dnost\u00ed Gronbach","og_description":"Inform\u00e1cie o spolo\u010dnosti Gronbach, na\u0161a v\u00edzia a poslanie, hodnoty spolo\u010dnosti, ako aj inform\u00e1cie o udr\u017eate\u013enosti a zodpovednosti.","og_url":"https:\/\/www.gronbach.com\/sk\/skupina-spolocnosti","og_site_name":"Gronbach SK","article_publisher":"https:\/\/www.facebook.com\/gronbachslovensko","article_modified_time":"2022-10-21T09:12:51+00:00","og_image":[{"width":1636,"height":661,"url":"https:\/\/www.gronbach.com\/sk\/wp-content\/uploads\/sites\/4\/2022\/07\/header-unternehmensgruppe.png","type":"image\/png"}],"twitter_card":"summary_large_image","twitter_misc":{"Est. reading time":"12 minut"},"schema":{"@context":"https:\/\/schema.org","@graph":[{"@type":"WebPage","@id":"https:\/\/www.gronbach.com\/sk\/skupina-spolocnosti","url":"https:\/\/www.gronbach.com\/sk\/skupina-spolocnosti","name":"Skupina spolo\u010dnost\u00ed Gronbach","isPartOf":{"@id":"https:\/\/www.gronbach.com\/sk\/#website"},"primaryImageOfPage":{"@id":"https:\/\/www.gronbach.com\/sk\/skupina-spolocnosti#primaryimage"},"image":{"@id":"https:\/\/www.gronbach.com\/sk\/skupina-spolocnosti#primaryimage"},"thumbnailUrl":"https:\/\/www.gronbach.com\/sk\/wp-content\/uploads\/sites\/4\/2022\/07\/header-unternehmensgruppe.png","datePublished":"2021-07-06T08:47:07+00:00","dateModified":"2022-10-21T09:12:51+00:00","description":"Inform\u00e1cie o spolo\u010dnosti Gronbach, na\u0161a v\u00edzia a poslanie, hodnoty spolo\u010dnosti, ako aj inform\u00e1cie o udr\u017eate\u013enosti a zodpovednosti.","breadcrumb":{"@id":"https:\/\/www.gronbach.com\/sk\/skupina-spolocnosti#breadcrumb"},"inLanguage":"sl-SI","potentialAction":[{"@type":"ReadAction","target":["https:\/\/www.gronbach.com\/sk\/skupina-spolocnosti"]}]},{"@type":"ImageObject","inLanguage":"sl-SI","@id":"https:\/\/www.gronbach.com\/sk\/skupina-spolocnosti#primaryimage","url":"https:\/\/www.gronbach.com\/sk\/wp-content\/uploads\/sites\/4\/2022\/07\/header-unternehmensgruppe.png","contentUrl":"https:\/\/www.gronbach.com\/sk\/wp-content\/uploads\/sites\/4\/2022\/07\/header-unternehmensgruppe.png","width":1636,"height":661},{"@type":"BreadcrumbList","@id":"https:\/\/www.gronbach.com\/sk\/skupina-spolocnosti#breadcrumb","itemListElement":[{"@type":"ListItem","position":1,"name":"Home","item":"https:\/\/www.gronbach.com\/sk\/"},{"@type":"ListItem","position":2,"name":"Skupina spolo\u010dnost\u00ed"}]},{"@type":"WebSite","@id":"https:\/\/www.gronbach.com\/sk\/#website","url":"https:\/\/www.gronbach.com\/sk\/","name":"Gronbach SK","description":"","publisher":{"@id":"https:\/\/www.gronbach.com\/sk\/#organization"},"potentialAction":[{"@type":"SearchAction","target":{"@type":"EntryPoint","urlTemplate":"https:\/\/www.gronbach.com\/sk\/?s={search_term_string}"},"query-input":{"@type":"PropertyValueSpecification","valueRequired":true,"valueName":"search_term_string"}}],"inLanguage":"sl-SI"},{"@type":"Organization","@id":"https:\/\/www.gronbach.com\/sk\/#organization","name":"Gronbach","url":"https:\/\/www.gronbach.com\/sk\/","logo":{"@type":"ImageObject","inLanguage":"sl-SI","@id":"https:\/\/www.gronbach.com\/sk\/#\/schema\/logo\/image\/","url":"https:\/\/www.gronbach.com\/sk\/wp-content\/uploads\/sites\/4\/2022\/04\/Gronbach_Gruppe_Logo2.png","contentUrl":"https:\/\/www.gronbach.com\/sk\/wp-content\/uploads\/sites\/4\/2022\/04\/Gronbach_Gruppe_Logo2.png","width":160,"height":50,"caption":"Gronbach"},"image":{"@id":"https:\/\/www.gronbach.com\/sk\/#\/schema\/logo\/image\/"},"sameAs":["https:\/\/www.facebook.com\/gronbachslovensko","https:\/\/www.linkedin.com\/company\/gronbach\/","https:\/\/www.instagram.com\/explore\/tags\/gronbach\/","https:\/\/www.youtube.com\/channel\/UCJWrGbPiG4AYHZewlALkACA"]}]}},"_links":{"self":[{"href":"https:\/\/www.gronbach.com\/sk\/wp-json\/wp\/v2\/pages\/4523","targetHints":{"allow":["GET"]}}],"collection":[{"href":"https:\/\/www.gronbach.com\/sk\/wp-json\/wp\/v2\/pages"}],"about":[{"href":"https:\/\/www.gronbach.com\/sk\/wp-json\/wp\/v2\/types\/page"}],"author":[{"embeddable":true,"href":"https:\/\/www.gronbach.com\/sk\/wp-json\/wp\/v2\/users\/1"}],"replies":[{"embeddable":true,"href":"https:\/\/www.gronbach.com\/sk\/wp-json\/wp\/v2\/comments?post=4523"}],"version-history":[{"count":6,"href":"https:\/\/www.gronbach.com\/sk\/wp-json\/wp\/v2\/pages\/4523\/revisions"}],"predecessor-version":[{"id":13034,"href":"https:\/\/www.gronbach.com\/sk\/wp-json\/wp\/v2\/pages\/4523\/revisions\/13034"}],"wp:featuredmedia":[{"embeddable":true,"href":"https:\/\/www.gronbach.com\/sk\/wp-json\/wp\/v2\/media\/12315"}],"wp:attachment":[{"href":"https:\/\/www.gronbach.com\/sk\/wp-json\/wp\/v2\/media?parent=4523"}],"curies":[{"name":"wp","href":"https:\/\/api.w.org\/{rel}","templated":true}]}}