{"id":5045,"date":"2021-07-22T10:19:03","date_gmt":"2021-07-22T08:19:03","guid":{"rendered":"https:\/\/www.gronbach.com\/?page_id=5045"},"modified":"2025-04-08T14:33:28","modified_gmt":"2025-04-08T12:33:28","slug":"downloads","status":"publish","type":"page","link":"https:\/\/www.gronbach.com\/sk\/services\/downloads","title":{"rendered":"Downloads"},"content":{"rendered":"<section id=\"bt_section69ee6902d6a5a\"  class=\"boldSection topSpaced bottomSemiSpaced gutter boxed inherit\" ><div class=\"port\"><div class=\"boldCell\"><div class=\"boldCellInner\"><div class=\"boldRow \" ><div class=\"boldRowInner\"><div class=\"rowItem col-md-4 col-ms-12 btTextLeft animate animate-fadein inherit\"  data-width=\"4\"><div class=\"rowItemContent\" ><span class=\"btIco btIcoFilledType btIcoLargeSize btIcoAccentColor btIconSquareShape\"><span  data-ico-fa=\"&#xf1c1;\" class=\"btIcoHolder\"><\/span><\/span><div class=\"btClear btSeparator topSmallSpaced noBorder\" ><hr><\/div><header class=\"header btClear small btDash bottomDash  regular\" ><div class=\"dash\"><h4><span class=\"headline\">Bro\u017e\u00fary<\/span><\/h4><\/div><\/header><div class=\"btClear btSeparator topSmallSpaced noBorder\" ><hr><\/div><div class=\"btText\" ><\/p>\n<ul>\n<li><a href=\"https:\/\/www.gronbach.com\/en\/wp-content\/uploads\/sites\/2\/2022\/07\/Gronbach_Company_Brochure_2020.pdf\" target=\"_blank\" rel=\"noopener\">Gronbach Company brochure<\/a><\/li>\n<li><a href=\"https:\/\/www.gronbach.com\/wp-content\/uploads\/2022\/04\/Flyer_Dunstabzugshaube_final.pdf\" target=\"_blank\" rel=\"noopener\">Cooker extractor hoods<\/a><\/li>\n<li><a href=\"https:\/\/www.gronbach.com\/wp-content\/uploads\/2022\/04\/Flyer_Kochfeld_final-1.pdf\" target=\"_blank\" rel=\"noopener\">Cooking hobs<\/a><\/li>\n<li><a href=\"https:\/\/www.gronbach.com\/en\/wp-content\/uploads\/sites\/2\/2022\/07\/Synthetics_Hybrid_Technology_A4-1.pdf\" target=\"_blank\" rel=\"noopener\">Synthetics hybrid technology<\/a><\/li>\n<li><a href=\"https:\/\/www.gronbach.com\/en\/wp-content\/uploads\/sites\/2\/2022\/07\/Perfect_surfaces.pdf\" target=\"_blank\" rel=\"noopener\">Perfect surfaces<\/a><\/li>\n<li><a href=\"https:\/\/www.gronbach.com\/wp-content\/uploads\/2022\/04\/Vakuumierschublade_DGB.pdf\" target=\"_blank\" rel=\"noopener\">Vacuum drawers<\/a><\/li>\n<li><a href=\"https:\/\/www.gronbach.com\/en\/wp-content\/uploads\/sites\/2\/2022\/07\/2018_Medical-Technology.pdf\" target=\"_blank\" rel=\"noopener\">Medical technology<\/a><\/li>\n<\/ul>\n<p>\n<\/div><\/div><\/div><div class=\"rowItem col-md-4 col-ms-12 btTextLeft animate animate-fadein inherit\"  data-width=\"4\"><div class=\"rowItemContent\" ><span class=\"btIco btIcoFilledType btIcoLargeSize btIcoAccentColor btIconSquareShape\"><span  data-ico-fa=\"&#xf00b;\" class=\"btIcoHolder\"><\/span><\/span><div class=\"btClear btSeparator topSmallSpaced noBorder\" ><hr><\/div><header class=\"header btClear small btDash bottomDash  regular\" ><div class=\"dash\"><h4><span class=\"headline\">Certifik\u00e1ty<\/span><\/h4><\/div><\/header><div class=\"btClear btSeparator topSmallSpaced noBorder\" ><hr><\/div><div class=\"btText\" ><\/p>\n<p><strong>ISO9001 &#8211; Certifik\u00e1ty<\/strong><\/p>\n<ul>\n<li><a href=\"https:\/\/www.gronbach.com\/certificate-iso-9001_2015-gronbach-group_eng\" target=\"_blank\" rel=\"noopener\">Wilhelm Gronbach GmbH<\/a><\/li>\n<\/ul>\n<p><strong>ISO50001 &#8211; Certifik\u00e1ty<\/strong><\/p>\n<ul>\n<li><a href=\"https:\/\/www.gronbach.com\/wp-content\/uploads\/2022\/04\/Zertifikat-ISO-50001_2018.pdf\" target=\"_blank\" rel=\"noopener\">Wilhelm Gronbach GmbH<\/a><\/li>\n<\/ul>\n<p><strong>ISO45001 &#8211; Certifik\u00e1ty<\/strong><\/p>\n<ul>\n<li><a href=\"https:\/\/www.gronbach.com\/sk\/wp-content\/uploads\/sites\/4\/2023\/09\/GRONBACH-G.M.B.H_45001_eng.pdf\" target=\"_blank\" rel=\"noopener\">Gronbach GmbH<\/a><\/li>\n<\/ul>\n<p><strong>Corporate health management<\/strong><\/p>\n<ul>\n<li><a href=\"https:\/\/www.gronbach.com\/en\/wp-content\/uploads\/sites\/2\/2023\/09\/Certificate-BGM_E.pdf\" target=\"_blank\" rel=\"noopener\">Wilhelm Gronbach GmbH<\/a><\/li>\n<\/ul>\n<p>\n<\/div><\/div><\/div><div class=\"rowItem col-md-4 col-ms-12 btTextLeft animate animate-fadein inherit\"  data-width=\"4\"><div class=\"rowItemContent\" ><span class=\"btIco btIcoFilledType btIcoLargeSize btIcoAccentColor btIconSquareShape\"><span  data-ico-fa=\"&#xf24d;\" class=\"btIcoHolder\"><\/span><\/span><div class=\"btClear btSeparator topSmallSpaced noBorder\" ><hr><\/div><header class=\"header btClear small btDash bottomDash  regular\" ><div class=\"dash\"><h4><span class=\"headline\">V\u0161eobecn\u00e9 dokumenty<\/span><\/h4><\/div><\/header><div class=\"btClear btSeparator topSmallSpaced noBorder\" ><hr><\/div><div class=\"btText\" ><\/p>\n<ul>\n<li><a href=\"https:\/\/www.gronbach.com\/en\/wp-content\/uploads\/sites\/2\/2022\/07\/General-Terms-and-Conditions-GWS.pdf\" target=\"_blank\" rel=\"noopener\">V\u0161eobecn\u00e9 obchodn\u00e9 podmienky Wilhelm Gronbach GmbH<\/a> (Germany)<\/li>\n<li><a href=\"https:\/\/www.gronbach.com\/en\/wp-content\/uploads\/sites\/2\/2022\/07\/General-Terms-and-Conditions-GWV.pdf\" target=\"_blank\" rel=\"noopener\">V\u0161eobecn\u00e9 obchodn\u00e9 podmienky Gronbach Ventilation GmbH<\/a> (Germany)<\/li>\n<li><a href=\"https:\/\/www.gronbach.com\/en\/wp-content\/uploads\/sites\/2\/2022\/07\/General-Conditions-of-Sale-and-Delivery-GLA-1.pdf\" target=\"_blank\" rel=\"noopener\">V\u0161eobecn\u00e9 obchodn\u00e9 podmienky Gronbach GmbH<\/a> (Italy)<\/li>\n<li><a href=\"https:\/\/www.gronbach.com\/wp-content\/uploads\/2022\/04\/Allgemeine-Geschaeftsbedinungen_GA-1.pdf\" target=\"_blank\" rel=\"noopener\">V\u0161eobecn\u00e9 obchodn\u00e9 podmienky Wilhelm Gronbach GmbH &amp; Co KG<\/a> (Austria)<\/li>\n<li><a href=\"https:\/\/www.gronbach.com\/wp-content\/uploads\/2022\/04\/Allgemeine-Geschaeftsbedingungen_MT-1.pdf\" target=\"_blank\" rel=\"noopener\">V\u0161eobecn\u00e9 obchodn\u00e9 podmienky Gronbach k.s.<\/a> (Slovakia)<\/li>\n<li><a href=\"https:\/\/www.gronbach.com\/wp-content\/uploads\/2022\/06\/Einkaufsbedingungen_Deutsch-Englisch.pdf\" target=\"_blank\" rel=\"noopener\">Podmienky n\u00e1kupu<\/a><\/li>\n<li><a href=\"https:\/\/www.gronbach.com\/en\/wp-content\/uploads\/sites\/2\/2022\/07\/Supplier_self_disclosure.pdf\" target=\"_blank\" rel=\"noopener\">Poskytnutie inform\u00e1ci\u00ed o dod\u00e1vate\u013eovi<\/a><\/li>\n<li><a href=\"https:\/\/www.gronbach.com\/en\/wp-content\/uploads\/sites\/2\/2022\/07\/2021_05_01-Politica-Aziendale-Integrata-EN.pdf\" target=\"_blank\" rel=\"noopener\">Politika spolo\u010dnosti<\/a><\/li>\n<li><a href=\"https:\/\/www.gronbach.com\/en\/wp-content\/uploads\/sites\/2\/2022\/07\/2021.05.05_Code-of-ethics.pdf\" target=\"_blank\" rel=\"noopener\">Etick\u00fd k\u00f3dex<\/a><\/li>\n<li><a href=\"https:\/\/www.gronbach.com\/sk\/wp-content\/uploads\/sites\/4\/2025\/04\/GMI_IS_0032_A9d_SK_Oznamenie-o-spracuvani-osobnych-udajov-na-socialnej-sieti-Facebook.pdf\" target=\"_blank\" rel=\"noopener\">Oznamenie o spracuvani osobnych udajov na socialnej sieti Facebook<\/a><\/li>\n<\/ul>\n<p>\n<\/div><\/div><\/div><\/div><\/div><\/div><\/div><\/div><\/section>\n","protected":false},"excerpt":{"rendered":"","protected":false},"author":1,"featured_media":12461,"parent":2270,"menu_order":0,"comment_status":"closed","ping_status":"closed","template":"","meta":{"editor_notices":[],"footnotes":""},"class_list":["post-5045","page","type-page","status-publish","has-post-thumbnail","hentry"],"yoast_head":"<!-- This site is optimized with the Yoast SEO plugin v26.3 - https:\/\/yoast.com\/wordpress\/plugins\/seo\/ -->\n<title>Gronbach: na stiahnutie<\/title>\n<meta name=\"description\" content=\"\u010eal\u0161ie inform\u00e1cie o na\u0161ich slu\u017eb\u00e1ch a produktoch n\u00e1jdete v na\u0161ej mediat\u00e9ke.\" \/>\n<meta name=\"robots\" content=\"index, follow, max-snippet:-1, max-image-preview:large, max-video-preview:-1\" \/>\n<link rel=\"canonical\" href=\"https:\/\/www.gronbach.com\/sk\/services\/downloads\" \/>\n<meta property=\"og:locale\" content=\"sl_SI\" \/>\n<meta property=\"og:type\" content=\"article\" \/>\n<meta property=\"og:title\" content=\"Gronbach: na stiahnutie\" \/>\n<meta property=\"og:description\" content=\"\u010eal\u0161ie inform\u00e1cie o na\u0161ich slu\u017eb\u00e1ch a produktoch n\u00e1jdete v na\u0161ej mediat\u00e9ke.\" \/>\n<meta property=\"og:url\" content=\"https:\/\/www.gronbach.com\/sk\/services\/downloads\" \/>\n<meta property=\"og:site_name\" content=\"Gronbach SK\" \/>\n<meta property=\"article:publisher\" content=\"https:\/\/www.facebook.com\/gronbachslovensko\" \/>\n<meta property=\"article:modified_time\" content=\"2025-04-08T12:33:28+00:00\" \/>\n<meta property=\"og:image\" content=\"https:\/\/www.gronbach.com\/sk\/wp-content\/uploads\/sites\/4\/2022\/08\/Gronbach_Mediathek_Downloads.jpg\" \/>\n\t<meta property=\"og:image:width\" content=\"1997\" \/>\n\t<meta property=\"og:image:height\" content=\"449\" \/>\n\t<meta property=\"og:image:type\" content=\"image\/jpeg\" \/>\n<meta name=\"twitter:card\" content=\"summary_large_image\" \/>\n<meta name=\"twitter:label1\" content=\"Est. reading time\" \/>\n\t<meta name=\"twitter:data1\" content=\"3 minute\" \/>\n<!-- \/ Yoast SEO plugin. -->","yoast_head_json":{"title":"Gronbach: na stiahnutie","description":"\u010eal\u0161ie inform\u00e1cie o na\u0161ich slu\u017eb\u00e1ch a produktoch n\u00e1jdete v na\u0161ej mediat\u00e9ke.","robots":{"index":"index","follow":"follow","max-snippet":"max-snippet:-1","max-image-preview":"max-image-preview:large","max-video-preview":"max-video-preview:-1"},"canonical":"https:\/\/www.gronbach.com\/sk\/services\/downloads","og_locale":"sl_SI","og_type":"article","og_title":"Gronbach: na stiahnutie","og_description":"\u010eal\u0161ie inform\u00e1cie o na\u0161ich slu\u017eb\u00e1ch a produktoch n\u00e1jdete v na\u0161ej mediat\u00e9ke.","og_url":"https:\/\/www.gronbach.com\/sk\/services\/downloads","og_site_name":"Gronbach SK","article_publisher":"https:\/\/www.facebook.com\/gronbachslovensko","article_modified_time":"2025-04-08T12:33:28+00:00","og_image":[{"width":1997,"height":449,"url":"https:\/\/www.gronbach.com\/sk\/wp-content\/uploads\/sites\/4\/2022\/08\/Gronbach_Mediathek_Downloads.jpg","type":"image\/jpeg"}],"twitter_card":"summary_large_image","twitter_misc":{"Est. reading time":"3 minute"},"schema":{"@context":"https:\/\/schema.org","@graph":[{"@type":"WebPage","@id":"https:\/\/www.gronbach.com\/sk\/services\/downloads","url":"https:\/\/www.gronbach.com\/sk\/services\/downloads","name":"Gronbach: na stiahnutie","isPartOf":{"@id":"https:\/\/www.gronbach.com\/sk\/#website"},"primaryImageOfPage":{"@id":"https:\/\/www.gronbach.com\/sk\/services\/downloads#primaryimage"},"image":{"@id":"https:\/\/www.gronbach.com\/sk\/services\/downloads#primaryimage"},"thumbnailUrl":"https:\/\/www.gronbach.com\/sk\/wp-content\/uploads\/sites\/4\/2022\/08\/Gronbach_Mediathek_Downloads.jpg","datePublished":"2021-07-22T08:19:03+00:00","dateModified":"2025-04-08T12:33:28+00:00","description":"\u010eal\u0161ie inform\u00e1cie o na\u0161ich slu\u017eb\u00e1ch a produktoch n\u00e1jdete v na\u0161ej mediat\u00e9ke.","breadcrumb":{"@id":"https:\/\/www.gronbach.com\/sk\/services\/downloads#breadcrumb"},"inLanguage":"sl-SI","potentialAction":[{"@type":"ReadAction","target":["https:\/\/www.gronbach.com\/sk\/services\/downloads"]}]},{"@type":"ImageObject","inLanguage":"sl-SI","@id":"https:\/\/www.gronbach.com\/sk\/services\/downloads#primaryimage","url":"https:\/\/www.gronbach.com\/sk\/wp-content\/uploads\/sites\/4\/2022\/08\/Gronbach_Mediathek_Downloads.jpg","contentUrl":"https:\/\/www.gronbach.com\/sk\/wp-content\/uploads\/sites\/4\/2022\/08\/Gronbach_Mediathek_Downloads.jpg","width":1997,"height":449},{"@type":"BreadcrumbList","@id":"https:\/\/www.gronbach.com\/sk\/services\/downloads#breadcrumb","itemListElement":[{"@type":"ListItem","position":1,"name":"Home","item":"https:\/\/www.gronbach.com\/sk\/"},{"@type":"ListItem","position":2,"name":"Services","item":"https:\/\/www.gronbach.com\/sk\/services"},{"@type":"ListItem","position":3,"name":"Downloads"}]},{"@type":"WebSite","@id":"https:\/\/www.gronbach.com\/sk\/#website","url":"https:\/\/www.gronbach.com\/sk\/","name":"Gronbach SK","description":"","publisher":{"@id":"https:\/\/www.gronbach.com\/sk\/#organization"},"potentialAction":[{"@type":"SearchAction","target":{"@type":"EntryPoint","urlTemplate":"https:\/\/www.gronbach.com\/sk\/?s={search_term_string}"},"query-input":{"@type":"PropertyValueSpecification","valueRequired":true,"valueName":"search_term_string"}}],"inLanguage":"sl-SI"},{"@type":"Organization","@id":"https:\/\/www.gronbach.com\/sk\/#organization","name":"Gronbach","url":"https:\/\/www.gronbach.com\/sk\/","logo":{"@type":"ImageObject","inLanguage":"sl-SI","@id":"https:\/\/www.gronbach.com\/sk\/#\/schema\/logo\/image\/","url":"https:\/\/www.gronbach.com\/sk\/wp-content\/uploads\/sites\/4\/2022\/04\/Gronbach_Gruppe_Logo2.png","contentUrl":"https:\/\/www.gronbach.com\/sk\/wp-content\/uploads\/sites\/4\/2022\/04\/Gronbach_Gruppe_Logo2.png","width":160,"height":50,"caption":"Gronbach"},"image":{"@id":"https:\/\/www.gronbach.com\/sk\/#\/schema\/logo\/image\/"},"sameAs":["https:\/\/www.facebook.com\/gronbachslovensko","https:\/\/www.linkedin.com\/company\/gronbach\/","https:\/\/www.instagram.com\/explore\/tags\/gronbach\/","https:\/\/www.youtube.com\/channel\/UCJWrGbPiG4AYHZewlALkACA"]}]}},"_links":{"self":[{"href":"https:\/\/www.gronbach.com\/sk\/wp-json\/wp\/v2\/pages\/5045","targetHints":{"allow":["GET"]}}],"collection":[{"href":"https:\/\/www.gronbach.com\/sk\/wp-json\/wp\/v2\/pages"}],"about":[{"href":"https:\/\/www.gronbach.com\/sk\/wp-json\/wp\/v2\/types\/page"}],"author":[{"embeddable":true,"href":"https:\/\/www.gronbach.com\/sk\/wp-json\/wp\/v2\/users\/1"}],"replies":[{"embeddable":true,"href":"https:\/\/www.gronbach.com\/sk\/wp-json\/wp\/v2\/comments?post=5045"}],"version-history":[{"count":6,"href":"https:\/\/www.gronbach.com\/sk\/wp-json\/wp\/v2\/pages\/5045\/revisions"}],"predecessor-version":[{"id":13279,"href":"https:\/\/www.gronbach.com\/sk\/wp-json\/wp\/v2\/pages\/5045\/revisions\/13279"}],"up":[{"embeddable":true,"href":"https:\/\/www.gronbach.com\/sk\/wp-json\/wp\/v2\/pages\/2270"}],"wp:featuredmedia":[{"embeddable":true,"href":"https:\/\/www.gronbach.com\/sk\/wp-json\/wp\/v2\/media\/12461"}],"wp:attachment":[{"href":"https:\/\/www.gronbach.com\/sk\/wp-json\/wp\/v2\/media?parent=5045"}],"curies":[{"name":"wp","href":"https:\/\/api.w.org\/{rel}","templated":true}]}}