{"id":5059,"date":"2021-07-22T10:47:28","date_gmt":"2021-07-22T08:47:28","guid":{"rendered":"https:\/\/www.gronbach.com\/?page_id=5059"},"modified":"2022-10-21T11:14:33","modified_gmt":"2022-10-21T09:14:33","slug":"udrzatelnost","status":"publish","type":"page","link":"https:\/\/www.gronbach.com\/sk\/skupina-spolocnosti\/udrzatelnost","title":{"rendered":"Udr\u017eate\u013enos\u0165 a<br \/>environment\u00e1lna zodpovednos\u0165"},"content":{"rendered":"<p><section id=\"bt_section69e500ea99859\"  class=\"boldSection topSpaced gutter boxed inherit\" ><div class=\"port\"><div class=\"boldCell\"><div class=\"boldCellInner\"><div class=\"boldRow \" ><div class=\"boldRowInner\"><div class=\"rowItem col-md-12 col-ms-12  btTextLeft\"  data-width=\"12\"><div class=\"rowItemContent\" ><header class=\"header btClear large  thin\" ><div class=\"dash\"><\/div><div class=\"btSubTitle\">Hospod\u00e1rnos\u0165 a ekol\u00f3gia id\u00fa ruka v ruke a v Gronbachu nie s\u00fa protichodn\u00fdmi cie\u013emi.<br \/><br>Vy\u010derpate\u013enos\u0165 pr\u00edrodn\u00fdch zdrojov n\u00e1s priv\u00e1dza k tomu, aby sme v\u0161etci prehodnotili svoj pr\u00edstup k udr\u017eate\u013enosti.<br \/><br>Zaviazali sme sa k udr\u017eate\u013enosti, zni\u017eovaniu emisi\u00ed a zlep\u0161ovaniu klimatickej rovnov\u00e1hy prijat\u00edm mnoh\u00fdch opatren\u00ed.<\/div><\/header><\/div><\/div><\/div><\/div><\/div><\/div><\/div><\/section><section id=\"bt_section69e500ea99ac4\"  class=\"boldSection topLargeSpaced inherit\" ><div class=\"port\"><div class=\"boldCell\"><div class=\"boldCellInner\"><div class=\"boldRow \" ><div class=\"boldRowInner\"><div class=\"rowItem col-md-6 col-sm-12 btTextLeft animate animate-fadein btMiddleVertical btDoublePadding\" style=\"background-color: rgba(255, 255, 255, 1); \" data-width=\"6\"><div class=\"rowItemContent\" ><header class=\"header btClear large btDash topDash  regular\" ><div class=\"btSuperTitle\"><span>Udr\u017eate\u013enos\u0165<\/span><\/div><div class=\"dash\"><h2><span class=\"headline\"><strong>Emisie<\/strong> CO\u00b2.<\/span><\/h2><\/div><\/header><div class=\"btClear btSeparator topSmallSpaced noBorder\" ><hr><\/div><div class=\"btText\" ><\/p>\n<p>Z\u00e1sobovanie energiami v Nemecku bolo v roku 2013 \u00faplne zmenen\u00e9 na plyn a bola nain\u0161talovan\u00e1 kogenera\u010dn\u00e1 jednotka, ktor\u00e1 ro\u010dne u\u0161etr\u00ed pribli\u017ene 500 MW. Celkovo sa v rokoch 2012 a\u017e 2015 podarilo zn\u00ed\u017ei\u0165 spotrebu o 10 kWh na hodinu pr\u00e1ce. Doteraz dosiahnut\u00e9 \u00faspory sa rovnaj\u00fa emisi\u00e1m CO2 vytvoren\u00fdch nalietan\u00edm viac ako dvoch mili\u00f3nov leteck\u00fdch kilometrov.<\/p>\n<p>V roku 2014 z\u00edskal n\u00e1\u0161 z\u00e1vod certifik\u00e1t ISO 50001.<\/p>\n<p>\n<\/div><div class=\"btClear btSeparator bottomSmallSpaced noBorder\" ><hr><\/div><div class=\"btText\" ><\/p>\n<p><img decoding=\"async\" class=\"alignright size-thumbnail wp-image-9265\" src=\"https:\/\/www.gronbach.com\/wp-content\/uploads\/sites\/4\/2022\/04\/green-energy-alperia-160x160.png\" alt=\"\" width=\"200\" height=\"auto\" srcset=\"https:\/\/www.gronbach.com\/sk\/wp-content\/uploads\/sites\/4\/2022\/04\/green-energy-alperia-160x160.png 160w, https:\/\/www.gronbach.com\/sk\/wp-content\/uploads\/sites\/4\/2022\/04\/green-energy-alperia-320x320.png 320w, https:\/\/www.gronbach.com\/sk\/wp-content\/uploads\/sites\/4\/2022\/04\/green-energy-alperia.png 600w\" sizes=\"(max-width: 160px) 100vw, 160px\" \/><\/p>\n<p>Prev\u00e1dzka v Taliansku z\u00edskala od spolo\u010dnosti Alperia Smart Services certifik\u00e1t \u201ealperia green energy\u201d, \u010do znamen\u00e1, \u017ee od dod\u00e1vate\u013ea energie odober\u00e1me 100 % zelenej energie z obnovite\u013en\u00fdch zdrojov, \u010d\u00edm v\u00fdznamne prispievame k ochrane \u017eivotn\u00e9ho prostredia a kl\u00edmy.<\/p>\n<p>\n<\/div><\/div><\/div><div class=\"rowItem col-md-6 col-sm-12 btTextLeft animate animate-fadein animate-moveleft inherit btNoPadding\" style=\"transition-delay:600ms;transition-duration: 7s;\" data-width=\"6\"><div class=\"rowItemContent\" ><div class=\"bpgPhoto btDefaultHoverType\" ><div class = \"btImage\"><img decoding=\"async\" src=\"https:\/\/www.gronbach.com\/sk\/wp-content\/uploads\/sites\/4\/2021\/07\/nachhaltigkeit-umwelt.jpg\" alt=\"\" title=\"\"><\/div><\/div><\/div><\/div><\/div><\/div><\/div><\/div><\/div><\/section><section id=\"bt_section69e500ea9c56b\"  class=\"boldSection topSpaced inherit\" ><div class=\"port\"><div class=\"boldCell\"><div class=\"boldCellInner\"><div class=\"boldRow \" ><div class=\"boldRowInner\"><div class=\"rowItem col-md-6 col-sm-12 btTextLeft animate animate-fadein animate-moveleft inherit\" style=\"transition-delay:600ms;transition-duration: 7s;\" data-width=\"6\"><div class=\"rowItemContent\" ><div class=\"bpgPhoto btDefaultHoverType\" ><div class = \"btImage\"><img decoding=\"async\" src=\"https:\/\/www.gronbach.com\/sk\/wp-content\/uploads\/sites\/4\/2022\/03\/umweltschutz.jpg\" alt=\"\" title=\"\"><\/div><\/div><\/div><\/div><div class=\"rowItem col-md-6 col-sm-12 btTextLeft animate animate-fadein inherit\"  data-width=\"6\"><div class=\"rowItemContent\" ><header class=\"header btClear large btDash topDash  regular\" ><div class=\"btSuperTitle\"><span>Udr\u017eate\u013enos\u0165<\/span><\/div><div class=\"dash\"><h2><span class=\"headline\">Riadenie spotreby <strong>energie<\/strong>.<\/span><\/h2><\/div><\/header><div class=\"btClear btSeparator topSmallSpaced noBorder\" ><hr><\/div><div class=\"bpgPhoto btSimpleHoverType\" ><div class = \"btImage\"><img decoding=\"async\" src=\"https:\/\/www.gronbach.com\/sk\/wp-content\/uploads\/sites\/4\/2022\/04\/energie-management.png\" alt=\"\" title=\"\"><\/div><\/div><\/div><\/div><\/div><\/div><\/div><\/div><\/div><\/section><section id=\"bt_section69e500eaa1ecf\"  class=\"boldSection topSpaced bottomSemiSpaced inherit\" ><div class=\"port\"><div class=\"boldCell\"><div class=\"boldCellInner\"><div class=\"boldRow \" ><div class=\"boldRowInner\"><div class=\"rowItem col-md-6 col-sm-12 btTextLeft animate animate-fadein inherit btDoublePadding\"  data-width=\"6\"><div class=\"rowItemContent\" ><header class=\"header btClear large btDash topDash  regular\" ><div class=\"btSuperTitle\"><span>Udr\u017eate\u013enos\u0165<\/span><\/div><div class=\"dash\"><h2><span class=\"headline\">Mobilita a <strong>zdravie<\/strong>.<\/span><\/h2><\/div><\/header><div class=\"btClear btSeparator topSmallSpaced noBorder\" ><hr><\/div><div class=\"bpgPhoto btDefaultHoverType\" ><div class = \"btImage\"><img decoding=\"async\" src=\"https:\/\/www.gronbach.com\/sk\/wp-content\/uploads\/sites\/4\/2022\/04\/jobrad-klimaaktiv.png\" alt=\"\" title=\"\"><\/div><\/div><div class=\"btClear btSeparator topSmallSpaced noBorder\" ><hr><\/div><div class=\"btText\" ><\/p>\n<p>V r\u00e1mci riadenia zdravia v na\u0161ej spolo\u010dnosti poskytujeme na\u0161im zamestnancom mno\u017estvo opatren\u00ed na podporu zdravia vr\u00e1tane semin\u00e1rov o nefaj\u010den\u00ed, \u0161koleniach o spr\u00e1vnom dr\u017ean\u00ed tela, kurzov jogy a mo\u017enosti vyu\u017e\u00edva\u0165 bicykel. Za posledn\u00fd z nich sme boli ako partner projektu BMK pre ochranu kl\u00edmy a v r\u00e1mci klimatick\u00e9ho programu \u201eklimaaktiv mobil\u201d ocenen\u00ed.<\/p>\n<p>\u010eal\u0161\u00ed krok k \u00faspore energie sme urobili s na\u0161\u00edm vlastn\u00fdm vozov\u00fdm parkom elektromobilov.<br \/>\nV nasleduj\u00facich rokoch budeme postupne v r\u00e1mci v\u0161etk\u00fdch na\u0161ich vozidiel prech\u00e1dza\u0165 na \u00a0elekromobily. Elektrick\u00e1 energia na tento \u00fa\u010del bude poch\u00e1dza\u0165 z vlastnej v\u00fdroby sol\u00e1rnej energie.<\/p>\n<p>\n<\/div><div class=\"btClear btSeparator topSmallSpaced noBorder\" ><hr><\/div><\/div><\/div><div class=\"rowItem col-md-6 col-sm-12 btTextLeft animate animate-fadein animate-moveleft inherit\" style=\"transition-delay:600ms;transition-duration: 7s;\" data-width=\"6\"><div class=\"rowItemContent\" ><div class=\"btText\" ><\/p>\n<p><iframe loading=\"lazy\" title=\"\" src=\"https:\/\/www.gronbach.com\/wp-content\/uploads\/2022\/09\/Gronbach-Passion.webm\" width=\"560\" height=\"315\" frameborder=\"0\" allowfullscreen=\"allowfullscreen\"><\/iframe><\/p>\n<p>\n<\/div><\/div><\/div><\/div><\/div><\/div><\/div><\/div><\/section><section id=\"bt_section69e500eaa2df1\"  class=\"boldSection inherit\" style=\"background-color:#9fabcb  !important;\"><div class=\"port\"><div class=\"boldCell\"><div class=\"boldCellInner\"><div class=\"boldRow  btNoRowSpacing\" ><div class=\"boldRowInner\"><div class=\"rowItem col-md-6 col-sm-12 btTextLeft animate animate-fadein btTopVertical btDoublePadding\" style=\"padding:0 90px;background-color: rgba(159, 171, 203, 1); \" data-width=\"6\"><div class=\"rowItemContent\" style = \"background-color: rgba(159, 171, 203, 1); \"><div class=\"btClear btSeparator topSpaced noBorder\" ><hr><\/div><div class=\"btText\" ><\/p>\n<h6><a style=\"text-align: left; color: white;\" href=\"https:\/\/www.gronbach.com\/sk\/skupina-spolocnosti\/historia\">Hist\u00f3ria spolo\u010dnosti<\/a><\/h6>\n<p>\n<\/div><div class=\"btClear btSeparator topSmallSpaced bottomSmallSpaced border\" ><hr><\/div><div class=\"btText\" ><\/p>\n<h6><a style=\"text-align: left; color: white;\" href=\"https:\/\/www.gronbach.com\/sk\/skupina-spolocnosti\/riadenie-inovacii\">Riadenie inov\u00e1ci\u00ed<\/a><\/h6>\n<p>\n<\/div><div class=\"btClear btSeparator topSmallSpaced bottomSmallSpaced border\" ><hr><\/div><div class=\"btText\" ><\/p>\n<h6><a style=\"text-align: left; color: white;\" href=\"https:\/\/www.gronbach.com\/sk\/skupina-spolocnosti\/riadenie-kvality\">Riadenie kvality<\/a><\/h6>\n<p>\n<\/div><div class=\"btClear btSeparator topSmallSpaced bottomSmallSpaced border\" ><hr><\/div><div class=\"btText\" ><\/p>\n<h6><a style=\"text-align: left; color: white;\" href=\"https:\/\/www.gronbach.com\/sk\/skupina-spolocnosti\/lokality\">Lokality<\/a><\/h6>\n<p>\n<\/div><div class=\"btClear btSeparator topSmallSpaced bottomSmallSpaced border\" ><hr><\/div><\/div><\/div><div class=\"rowItem col-md-6 col-sm-12 btTextLeft animate animate-fadein inherit btNoPadding\"  data-width=\"6\"><div class=\"rowItemContent\" ><div class=\"bpgPhoto btDefaultHoverType\" ><div class = \"btImage\"><img decoding=\"async\" src=\"https:\/\/www.gronbach.com\/sk\/wp-content\/uploads\/sites\/4\/2021\/07\/mehr_zur_gruppe.jpg\" alt=\"\" title=\"\"><\/div><\/div><\/div><\/div><\/div><\/div><\/div><\/div><\/div><\/section><section id=\"bt_section69e500eaa5cef\"  class=\"boldSection bottomSmallSpaced inherit\" ><div class=\"port\"><div class=\"boldCell\"><div class=\"boldCellInner\"><div class=\"boldRow \" ><div class=\"boldRowInner\"><div class=\"rowItem col-md-12 col-ms-12  btTextCenter animate animate-fadein inherit btNoPadding\"  data-width=\"12\"><div class=\"rowItemContent\" ><\/div><\/div><\/div><\/div><\/div><\/div><\/div><\/section><\/p>\n","protected":false},"excerpt":{"rendered":"","protected":false},"author":1,"featured_media":13032,"parent":4523,"menu_order":0,"comment_status":"closed","ping_status":"closed","template":"","meta":{"editor_notices":[],"footnotes":""},"class_list":["post-5059","page","type-page","status-publish","has-post-thumbnail","hentry"],"yoast_head":"<!-- This site is optimized with the Yoast SEO plugin v26.3 - https:\/\/yoast.com\/wordpress\/plugins\/seo\/ -->\n<title>Gronbach: udr\u017eate\u013enos\u0165 a ekologick\u00e1 zodpovednos\u0165<\/title>\n<meta name=\"description\" content=\"Mimoriadne starostlivo vyu\u017e\u00edvame zdroje n\u00e1\u0161ho prostredia a zav\u00e4zujeme sa dodr\u017eiava\u0165 na\u0161e smernice o udr\u017eate\u013enosti.\" \/>\n<meta name=\"robots\" content=\"index, follow, max-snippet:-1, max-image-preview:large, max-video-preview:-1\" \/>\n<link rel=\"canonical\" href=\"https:\/\/www.gronbach.com\/sk\/skupina-spolocnosti\/udrzatelnost\" \/>\n<meta property=\"og:locale\" content=\"sl_SI\" \/>\n<meta property=\"og:type\" content=\"article\" \/>\n<meta property=\"og:title\" content=\"Gronbach: udr\u017eate\u013enos\u0165 a ekologick\u00e1 zodpovednos\u0165\" \/>\n<meta property=\"og:description\" content=\"Mimoriadne starostlivo vyu\u017e\u00edvame zdroje n\u00e1\u0161ho prostredia a zav\u00e4zujeme sa dodr\u017eiava\u0165 na\u0161e smernice o udr\u017eate\u013enosti.\" \/>\n<meta property=\"og:url\" content=\"https:\/\/www.gronbach.com\/sk\/skupina-spolocnosti\/udrzatelnost\" \/>\n<meta property=\"og:site_name\" content=\"Gronbach SK\" \/>\n<meta property=\"article:publisher\" content=\"https:\/\/www.facebook.com\/gronbachslovensko\" \/>\n<meta property=\"article:modified_time\" content=\"2022-10-21T09:14:33+00:00\" \/>\n<meta property=\"og:image\" content=\"https:\/\/www.gronbach.com\/sk\/wp-content\/uploads\/sites\/4\/2022\/09\/sustainability-verantwortung.jpg\" \/>\n\t<meta property=\"og:image:width\" content=\"2064\" \/>\n\t<meta property=\"og:image:height\" content=\"485\" \/>\n\t<meta property=\"og:image:type\" content=\"image\/jpeg\" \/>\n<meta name=\"twitter:card\" content=\"summary_large_image\" \/>\n<meta name=\"twitter:label1\" content=\"Est. reading time\" \/>\n\t<meta name=\"twitter:data1\" content=\"8 minut\" \/>\n<!-- \/ Yoast SEO plugin. -->","yoast_head_json":{"title":"Gronbach: udr\u017eate\u013enos\u0165 a ekologick\u00e1 zodpovednos\u0165","description":"Mimoriadne starostlivo vyu\u017e\u00edvame zdroje n\u00e1\u0161ho prostredia a zav\u00e4zujeme sa dodr\u017eiava\u0165 na\u0161e smernice o udr\u017eate\u013enosti.","robots":{"index":"index","follow":"follow","max-snippet":"max-snippet:-1","max-image-preview":"max-image-preview:large","max-video-preview":"max-video-preview:-1"},"canonical":"https:\/\/www.gronbach.com\/sk\/skupina-spolocnosti\/udrzatelnost","og_locale":"sl_SI","og_type":"article","og_title":"Gronbach: udr\u017eate\u013enos\u0165 a ekologick\u00e1 zodpovednos\u0165","og_description":"Mimoriadne starostlivo vyu\u017e\u00edvame zdroje n\u00e1\u0161ho prostredia a zav\u00e4zujeme sa dodr\u017eiava\u0165 na\u0161e smernice o udr\u017eate\u013enosti.","og_url":"https:\/\/www.gronbach.com\/sk\/skupina-spolocnosti\/udrzatelnost","og_site_name":"Gronbach SK","article_publisher":"https:\/\/www.facebook.com\/gronbachslovensko","article_modified_time":"2022-10-21T09:14:33+00:00","og_image":[{"width":2064,"height":485,"url":"https:\/\/www.gronbach.com\/sk\/wp-content\/uploads\/sites\/4\/2022\/09\/sustainability-verantwortung.jpg","type":"image\/jpeg"}],"twitter_card":"summary_large_image","twitter_misc":{"Est. reading time":"8 minut"},"schema":{"@context":"https:\/\/schema.org","@graph":[{"@type":"WebPage","@id":"https:\/\/www.gronbach.com\/sk\/skupina-spolocnosti\/udrzatelnost","url":"https:\/\/www.gronbach.com\/sk\/skupina-spolocnosti\/udrzatelnost","name":"Gronbach: udr\u017eate\u013enos\u0165 a ekologick\u00e1 zodpovednos\u0165","isPartOf":{"@id":"https:\/\/www.gronbach.com\/sk\/#website"},"primaryImageOfPage":{"@id":"https:\/\/www.gronbach.com\/sk\/skupina-spolocnosti\/udrzatelnost#primaryimage"},"image":{"@id":"https:\/\/www.gronbach.com\/sk\/skupina-spolocnosti\/udrzatelnost#primaryimage"},"thumbnailUrl":"https:\/\/www.gronbach.com\/sk\/wp-content\/uploads\/sites\/4\/2022\/09\/sustainability-verantwortung.jpg","datePublished":"2021-07-22T08:47:28+00:00","dateModified":"2022-10-21T09:14:33+00:00","description":"Mimoriadne starostlivo vyu\u017e\u00edvame zdroje n\u00e1\u0161ho prostredia a zav\u00e4zujeme sa dodr\u017eiava\u0165 na\u0161e smernice o udr\u017eate\u013enosti.","breadcrumb":{"@id":"https:\/\/www.gronbach.com\/sk\/skupina-spolocnosti\/udrzatelnost#breadcrumb"},"inLanguage":"sl-SI","potentialAction":[{"@type":"ReadAction","target":["https:\/\/www.gronbach.com\/sk\/skupina-spolocnosti\/udrzatelnost"]}]},{"@type":"ImageObject","inLanguage":"sl-SI","@id":"https:\/\/www.gronbach.com\/sk\/skupina-spolocnosti\/udrzatelnost#primaryimage","url":"https:\/\/www.gronbach.com\/sk\/wp-content\/uploads\/sites\/4\/2022\/09\/sustainability-verantwortung.jpg","contentUrl":"https:\/\/www.gronbach.com\/sk\/wp-content\/uploads\/sites\/4\/2022\/09\/sustainability-verantwortung.jpg","width":2064,"height":485},{"@type":"BreadcrumbList","@id":"https:\/\/www.gronbach.com\/sk\/skupina-spolocnosti\/udrzatelnost#breadcrumb","itemListElement":[{"@type":"ListItem","position":1,"name":"Home","item":"https:\/\/www.gronbach.com\/sk\/"},{"@type":"ListItem","position":2,"name":"Skupina spolo\u010dnost\u00ed","item":"https:\/\/www.gronbach.com\/sk\/skupina-spolocnosti"},{"@type":"ListItem","position":3,"name":"Udr\u017eate\u013enos\u0165 aenvironment\u00e1lna zodpovednos\u0165"}]},{"@type":"WebSite","@id":"https:\/\/www.gronbach.com\/sk\/#website","url":"https:\/\/www.gronbach.com\/sk\/","name":"Gronbach SK","description":"","publisher":{"@id":"https:\/\/www.gronbach.com\/sk\/#organization"},"potentialAction":[{"@type":"SearchAction","target":{"@type":"EntryPoint","urlTemplate":"https:\/\/www.gronbach.com\/sk\/?s={search_term_string}"},"query-input":{"@type":"PropertyValueSpecification","valueRequired":true,"valueName":"search_term_string"}}],"inLanguage":"sl-SI"},{"@type":"Organization","@id":"https:\/\/www.gronbach.com\/sk\/#organization","name":"Gronbach","url":"https:\/\/www.gronbach.com\/sk\/","logo":{"@type":"ImageObject","inLanguage":"sl-SI","@id":"https:\/\/www.gronbach.com\/sk\/#\/schema\/logo\/image\/","url":"https:\/\/www.gronbach.com\/sk\/wp-content\/uploads\/sites\/4\/2022\/04\/Gronbach_Gruppe_Logo2.png","contentUrl":"https:\/\/www.gronbach.com\/sk\/wp-content\/uploads\/sites\/4\/2022\/04\/Gronbach_Gruppe_Logo2.png","width":160,"height":50,"caption":"Gronbach"},"image":{"@id":"https:\/\/www.gronbach.com\/sk\/#\/schema\/logo\/image\/"},"sameAs":["https:\/\/www.facebook.com\/gronbachslovensko","https:\/\/www.linkedin.com\/company\/gronbach\/","https:\/\/www.instagram.com\/explore\/tags\/gronbach\/","https:\/\/www.youtube.com\/channel\/UCJWrGbPiG4AYHZewlALkACA"]}]}},"_links":{"self":[{"href":"https:\/\/www.gronbach.com\/sk\/wp-json\/wp\/v2\/pages\/5059","targetHints":{"allow":["GET"]}}],"collection":[{"href":"https:\/\/www.gronbach.com\/sk\/wp-json\/wp\/v2\/pages"}],"about":[{"href":"https:\/\/www.gronbach.com\/sk\/wp-json\/wp\/v2\/types\/page"}],"author":[{"embeddable":true,"href":"https:\/\/www.gronbach.com\/sk\/wp-json\/wp\/v2\/users\/1"}],"replies":[{"embeddable":true,"href":"https:\/\/www.gronbach.com\/sk\/wp-json\/wp\/v2\/comments?post=5059"}],"version-history":[{"count":5,"href":"https:\/\/www.gronbach.com\/sk\/wp-json\/wp\/v2\/pages\/5059\/revisions"}],"predecessor-version":[{"id":13008,"href":"https:\/\/www.gronbach.com\/sk\/wp-json\/wp\/v2\/pages\/5059\/revisions\/13008"}],"up":[{"embeddable":true,"href":"https:\/\/www.gronbach.com\/sk\/wp-json\/wp\/v2\/pages\/4523"}],"wp:featuredmedia":[{"embeddable":true,"href":"https:\/\/www.gronbach.com\/sk\/wp-json\/wp\/v2\/media\/13032"}],"wp:attachment":[{"href":"https:\/\/www.gronbach.com\/sk\/wp-json\/wp\/v2\/media?parent=5059"}],"curies":[{"name":"wp","href":"https:\/\/api.w.org\/{rel}","templated":true}]}}