{"id":5064,"date":"2021-07-22T10:52:22","date_gmt":"2021-07-22T08:52:22","guid":{"rendered":"https:\/\/www.gronbach.com\/?page_id=5064"},"modified":"2022-10-21T11:14:26","modified_gmt":"2022-10-21T09:14:26","slug":"riadenie-kvality","status":"publish","type":"page","link":"https:\/\/www.gronbach.com\/sk\/skupina-spolocnosti\/riadenie-kvality","title":{"rendered":"Riadenie kvality"},"content":{"rendered":"<p><section id=\"bt_section6a0369a664479\"  class=\"boldSection topSpaced gutter boxed inherit\" ><div class=\"port\"><div class=\"boldCell\"><div class=\"boldCellInner\"><div class=\"boldRow \" ><div class=\"boldRowInner\"><div class=\"rowItem col-md-12 col-ms-12  btTextLeft\"  data-width=\"12\"><div class=\"rowItemContent\" ><header class=\"header btClear large  thin\" ><div class=\"dash\"><\/div><div class=\"btSubTitle\">V\u0161etky z\u00e1vody skupiny Gronbach s\u00fa certifikovan\u00e9 v r\u00e1mci syst\u00e9mu riadenia kvality pod\u013ea normy DIN EN ISO 9001:2015. Osobitne sa tu zameriavame tak na vysok\u00fa \u00farove\u0148 vzdel\u00e1vania a odbornej pr\u00edpravy v\u0161etk\u00fdch zamestnancov, ako aj na integr\u00e1ciu n\u00e1strojov projektov\u00e9ho riadenia a riadenia kvality v r\u00e1mci celej skupiny, ako je intenz\u00edvne vyu\u017e\u00edvanie FMEA a Lean postupov v\u00fdroby.<br \/><br>Lean mana\u017ement znamen\u00e1 \u010do najlep\u0161ie vykon\u00e1vanie v\u0161etk\u00fdch procesov bez plytvania v spojen\u00ed s pr\u00edstupom neust\u00e1leho zlep\u0161ovania.<br \/><br>Aj my v spolo\u010dnosti Gronbach sa chceme vo v\u0161etkom, \u010do rob\u00edme, neust\u00e1le zlep\u0161ova\u0165. Preto je tu my\u0161lienka \u0161t\u00edhleho mana\u017ementu \u017eiv\u00e1 a \u017eiadan\u00e1. Na z\u00e1klade princ\u00edpov \u0161t\u00edhlej v\u00fdroby, ako s\u00fa tempo, plynulos\u0165 a v\u00fdkonnos\u0165 navrhujeme na\u0161e procesy efekt\u00edvne a v\u017edy sa sna\u017e\u00edme o \u010do najvy\u0161\u0161iu kvalitu. To znamen\u00e1, \u017ee sa s\u00fastre\u010fujeme na to podstatn\u00e9, \u0161tandardizova\u0165, u\u010di\u0165 sa z probl\u00e9mov a vyh\u00fdba\u0165 sa chyb\u00e1m. Zameriavame sa na spokojnos\u0165 na\u0161ich z\u00e1kazn\u00edkov.<\/div><\/header><\/div><\/div><\/div><\/div><\/div><\/div><\/div><\/section><section id=\"bt_section6a0369a6646ce\"  class=\"boldSection topLargeSpaced bottomSemiSpaced inherit\" ><div class=\"port\"><div class=\"boldCell\"><div class=\"boldCellInner\"><div class=\"boldRow \" ><div class=\"boldRowInner\"><div class=\"rowItem col-md-6 col-sm-12 btTextLeft animate animate-fadein btMiddleVertical btDoublePadding\" style=\"background-color: rgba(255, 255, 255, 1); \" data-width=\"6\"><div class=\"rowItemContent\" ><header class=\"header btClear large btDash topDash  regular\" ><div class=\"btSuperTitle\"><span>Riadenie kvality<\/span><\/div><div class=\"dash\"><h2><span class=\"headline\">Zabezpe\u010denie <strong>pr\u00e1ce a kvality<\/strong>.<\/span><\/h2><\/div><\/header><div class=\"btText\" ><\/p>\n<ul>\n<li>Syst\u00e9m riadenia kvality pod\u013ea normy DIN EN ISO 9001:2015<\/li>\n<li>Sk\u00fa\u0161obn\u00e9 a meracie laborat\u00f3ri\u00e1 (napr. na 3D skenovanie, sk\u00fa\u0161ky kor\u00f3zie, meranie farby a lesku)<\/li>\n<li>Pull princ\u00edp<\/li>\n<li>Spr\u00e1va objedn\u00e1vok EDI<\/li>\n<\/ul>\n<h5>Bezpe\u010dnos\u0165 pri pr\u00e1ci<\/h5>\n<p>My\u0161lienka prevencie m\u00e1 v spolo\u010dnosti Gronbach podstatn\u00fd v\u00fdznam. Dlhodob\u00e9 zdravie na\u0161ich zamestnancov je pre n\u00e1s mimoriadne d\u00f4le\u017eit\u00e9. Prejavuje sa to v akt\u00edvnej prevencii pracovn\u00fdch \u00farazov a chor\u00f4b z povolania, ako aj v r\u00e1mci n\u00e1\u0161ho riadenia ochrany zdravia pri pr\u00e1ci.<br \/>\nV roku 2017 sme z\u00edskali certifik\u00e1t \u201eZdrav\u00e1 firma\u201d od spolo\u010dnosti AOK Bavorsko.<\/p>\n<p>\n<\/div><\/div><\/div><div class=\"rowItem col-md-6 col-sm-12 btTextLeft animate animate-fadein animate-moveleft inherit btNoPadding\" style=\"transition-delay:600ms;transition-duration: 7s;\" data-width=\"6\"><div class=\"rowItemContent\" ><div class=\"bpgPhoto btDefaultHoverType\" ><div class = \"btImage\"><img decoding=\"async\" src=\"https:\/\/www.gronbach.com\/sk\/wp-content\/uploads\/sites\/4\/2022\/03\/gronbach-qualitaetsmanagement.jpg\" alt=\"\" title=\"\"><\/div><\/div><\/div><\/div><\/div><\/div><\/div><\/div><\/div><\/section><section id=\"bt_section6a0369a6657a2\"  class=\"boldSection inherit\" style=\"background-color:#9fabcb  !important;\"><div class=\"port\"><div class=\"boldCell\"><div class=\"boldCellInner\"><div class=\"boldRow  btNoRowSpacing\" ><div class=\"boldRowInner\"><div class=\"rowItem col-md-6 col-sm-12 btTextLeft animate animate-fadein btTopVertical btDoublePadding\" style=\"padding:0 90px;background-color: rgba(159, 171, 203, 1); \" data-width=\"6\"><div class=\"rowItemContent\" style = \"background-color: rgba(159, 171, 203, 1); \"><div class=\"btClear btSeparator topSpaced noBorder\" ><hr><\/div><div class=\"btText\" ><\/p>\n<h6><a style=\"text-align: left; color: white;\" href=\"https:\/\/www.gronbach.com\/sk\/skupina-spolocnosti\/historia\">Hist\u00f3ria spolo\u010dnosti<\/a><\/h6>\n<p>\n<\/div><div class=\"btClear btSeparator topSmallSpaced bottomSmallSpaced border\" ><hr><\/div><div class=\"btText\" ><\/p>\n<h6><a style=\"text-align: left; color: white;\" href=\"https:\/\/www.gronbach.com\/sk\/skupina-spolocnosti\/udrzatelnost\">Udr\u017eate\u013enos\u0165<\/a><\/h6>\n<p>\n<\/div><div class=\"btClear btSeparator topSmallSpaced bottomSmallSpaced border\" ><hr><\/div><div class=\"btText\" ><\/p>\n<h6><a style=\"text-align: left; color: white;\" href=\"https:\/\/www.gronbach.com\/sk\/skupina-spolocnosti\/riadenie-inovacii\">Riadenie inov\u00e1ci\u00ed<\/a><\/h6>\n<p>\n<\/div><div class=\"btClear btSeparator topSmallSpaced bottomSmallSpaced border\" ><hr><\/div><div class=\"btText\" ><\/p>\n<h6><a style=\"text-align: left; color: white;\" href=\"https:\/\/www.gronbach.com\/sk\/skupina-spolocnosti\/lokality\">Lokality<\/a><\/h6>\n<p>\n<\/div><div class=\"btClear btSeparator topSmallSpaced bottomSmallSpaced border\" ><hr><\/div><\/div><\/div><div class=\"rowItem col-md-6 col-sm-12 btTextLeft animate animate-fadein inherit btNoPadding\"  data-width=\"6\"><div class=\"rowItemContent\" ><div class=\"bpgPhoto btDefaultHoverType\" ><div class = \"btImage\"><img decoding=\"async\" src=\"https:\/\/www.gronbach.com\/sk\/wp-content\/uploads\/sites\/4\/2021\/07\/mehr_zur_gruppe.jpg\" alt=\"\" title=\"\"><\/div><\/div><\/div><\/div><\/div><\/div><\/div><\/div><\/div><\/section><section id=\"bt_section6a0369a666e7c\"  class=\"boldSection bottomSmallSpaced inherit\" ><div class=\"port\"><div class=\"boldCell\"><div class=\"boldCellInner\"><div class=\"boldRow \" ><div class=\"boldRowInner\"><div class=\"rowItem col-md-12 col-ms-12  btTextCenter animate animate-fadein inherit btNoPadding\"  data-width=\"12\"><div class=\"rowItemContent\" ><\/div><\/div><\/div><\/div><\/div><\/div><\/div><\/section><\/p>\n","protected":false},"excerpt":{"rendered":"","protected":false},"author":1,"featured_media":11317,"parent":4523,"menu_order":0,"comment_status":"closed","ping_status":"closed","template":"","meta":{"editor_notices":[],"footnotes":""},"class_list":["post-5064","page","type-page","status-publish","has-post-thumbnail","hentry"],"yoast_head":"<!-- This site is optimized with the Yoast SEO plugin v26.3 - https:\/\/yoast.com\/wordpress\/plugins\/seo\/ -->\n<title>Gronbach: riadenie kvality<\/title>\n<meta name=\"description\" content=\"Na\u0161e z\u00e1vody s\u00fa certifikovan\u00e9 v s\u00falade s normou DIN EN ISO 9001:2015 v r\u00e1mci syst\u00e9mu mana\u017e\u00e9rstva kvality.\" \/>\n<meta name=\"robots\" content=\"index, follow, max-snippet:-1, max-image-preview:large, max-video-preview:-1\" \/>\n<link rel=\"canonical\" href=\"https:\/\/www.gronbach.com\/sk\/skupina-spolocnosti\/riadenie-kvality\" \/>\n<meta property=\"og:locale\" content=\"sl_SI\" \/>\n<meta property=\"og:type\" content=\"article\" \/>\n<meta property=\"og:title\" content=\"Gronbach: riadenie kvality\" \/>\n<meta property=\"og:description\" content=\"Na\u0161e z\u00e1vody s\u00fa certifikovan\u00e9 v s\u00falade s normou DIN EN ISO 9001:2015 v r\u00e1mci syst\u00e9mu mana\u017e\u00e9rstva kvality.\" \/>\n<meta property=\"og:url\" content=\"https:\/\/www.gronbach.com\/sk\/skupina-spolocnosti\/riadenie-kvality\" \/>\n<meta property=\"og:site_name\" content=\"Gronbach SK\" \/>\n<meta property=\"article:publisher\" content=\"https:\/\/www.facebook.com\/gronbachslovensko\" \/>\n<meta property=\"article:modified_time\" content=\"2022-10-21T09:14:26+00:00\" \/>\n<meta property=\"og:image\" content=\"https:\/\/www.gronbach.com\/sk\/wp-content\/uploads\/sites\/4\/2022\/05\/quality.jpg\" \/>\n\t<meta property=\"og:image:width\" content=\"2000\" \/>\n\t<meta property=\"og:image:height\" content=\"549\" \/>\n\t<meta property=\"og:image:type\" content=\"image\/jpeg\" \/>\n<meta name=\"twitter:card\" content=\"summary_large_image\" \/>\n<meta name=\"twitter:label1\" content=\"Est. reading time\" \/>\n\t<meta name=\"twitter:data1\" content=\"5 minut\" \/>\n<!-- \/ Yoast SEO plugin. -->","yoast_head_json":{"title":"Gronbach: riadenie kvality","description":"Na\u0161e z\u00e1vody s\u00fa certifikovan\u00e9 v s\u00falade s normou DIN EN ISO 9001:2015 v r\u00e1mci syst\u00e9mu mana\u017e\u00e9rstva kvality.","robots":{"index":"index","follow":"follow","max-snippet":"max-snippet:-1","max-image-preview":"max-image-preview:large","max-video-preview":"max-video-preview:-1"},"canonical":"https:\/\/www.gronbach.com\/sk\/skupina-spolocnosti\/riadenie-kvality","og_locale":"sl_SI","og_type":"article","og_title":"Gronbach: riadenie kvality","og_description":"Na\u0161e z\u00e1vody s\u00fa certifikovan\u00e9 v s\u00falade s normou DIN EN ISO 9001:2015 v r\u00e1mci syst\u00e9mu mana\u017e\u00e9rstva kvality.","og_url":"https:\/\/www.gronbach.com\/sk\/skupina-spolocnosti\/riadenie-kvality","og_site_name":"Gronbach SK","article_publisher":"https:\/\/www.facebook.com\/gronbachslovensko","article_modified_time":"2022-10-21T09:14:26+00:00","og_image":[{"width":2000,"height":549,"url":"https:\/\/www.gronbach.com\/sk\/wp-content\/uploads\/sites\/4\/2022\/05\/quality.jpg","type":"image\/jpeg"}],"twitter_card":"summary_large_image","twitter_misc":{"Est. reading time":"5 minut"},"schema":{"@context":"https:\/\/schema.org","@graph":[{"@type":"WebPage","@id":"https:\/\/www.gronbach.com\/sk\/skupina-spolocnosti\/riadenie-kvality","url":"https:\/\/www.gronbach.com\/sk\/skupina-spolocnosti\/riadenie-kvality","name":"Gronbach: riadenie kvality","isPartOf":{"@id":"https:\/\/www.gronbach.com\/sk\/#website"},"primaryImageOfPage":{"@id":"https:\/\/www.gronbach.com\/sk\/skupina-spolocnosti\/riadenie-kvality#primaryimage"},"image":{"@id":"https:\/\/www.gronbach.com\/sk\/skupina-spolocnosti\/riadenie-kvality#primaryimage"},"thumbnailUrl":"https:\/\/www.gronbach.com\/sk\/wp-content\/uploads\/sites\/4\/2022\/05\/quality.jpg","datePublished":"2021-07-22T08:52:22+00:00","dateModified":"2022-10-21T09:14:26+00:00","description":"Na\u0161e z\u00e1vody s\u00fa certifikovan\u00e9 v s\u00falade s normou DIN EN ISO 9001:2015 v r\u00e1mci syst\u00e9mu mana\u017e\u00e9rstva kvality.","breadcrumb":{"@id":"https:\/\/www.gronbach.com\/sk\/skupina-spolocnosti\/riadenie-kvality#breadcrumb"},"inLanguage":"sl-SI","potentialAction":[{"@type":"ReadAction","target":["https:\/\/www.gronbach.com\/sk\/skupina-spolocnosti\/riadenie-kvality"]}]},{"@type":"ImageObject","inLanguage":"sl-SI","@id":"https:\/\/www.gronbach.com\/sk\/skupina-spolocnosti\/riadenie-kvality#primaryimage","url":"https:\/\/www.gronbach.com\/sk\/wp-content\/uploads\/sites\/4\/2022\/05\/quality.jpg","contentUrl":"https:\/\/www.gronbach.com\/sk\/wp-content\/uploads\/sites\/4\/2022\/05\/quality.jpg","width":2000,"height":549},{"@type":"BreadcrumbList","@id":"https:\/\/www.gronbach.com\/sk\/skupina-spolocnosti\/riadenie-kvality#breadcrumb","itemListElement":[{"@type":"ListItem","position":1,"name":"Home","item":"https:\/\/www.gronbach.com\/sk\/"},{"@type":"ListItem","position":2,"name":"Skupina spolo\u010dnost\u00ed","item":"https:\/\/www.gronbach.com\/sk\/skupina-spolocnosti"},{"@type":"ListItem","position":3,"name":"Riadenie kvality"}]},{"@type":"WebSite","@id":"https:\/\/www.gronbach.com\/sk\/#website","url":"https:\/\/www.gronbach.com\/sk\/","name":"Gronbach SK","description":"","publisher":{"@id":"https:\/\/www.gronbach.com\/sk\/#organization"},"potentialAction":[{"@type":"SearchAction","target":{"@type":"EntryPoint","urlTemplate":"https:\/\/www.gronbach.com\/sk\/?s={search_term_string}"},"query-input":{"@type":"PropertyValueSpecification","valueRequired":true,"valueName":"search_term_string"}}],"inLanguage":"sl-SI"},{"@type":"Organization","@id":"https:\/\/www.gronbach.com\/sk\/#organization","name":"Gronbach","url":"https:\/\/www.gronbach.com\/sk\/","logo":{"@type":"ImageObject","inLanguage":"sl-SI","@id":"https:\/\/www.gronbach.com\/sk\/#\/schema\/logo\/image\/","url":"https:\/\/www.gronbach.com\/sk\/wp-content\/uploads\/sites\/4\/2022\/04\/Gronbach_Gruppe_Logo2.png","contentUrl":"https:\/\/www.gronbach.com\/sk\/wp-content\/uploads\/sites\/4\/2022\/04\/Gronbach_Gruppe_Logo2.png","width":160,"height":50,"caption":"Gronbach"},"image":{"@id":"https:\/\/www.gronbach.com\/sk\/#\/schema\/logo\/image\/"},"sameAs":["https:\/\/www.facebook.com\/gronbachslovensko","https:\/\/www.linkedin.com\/company\/gronbach\/","https:\/\/www.instagram.com\/explore\/tags\/gronbach\/","https:\/\/www.youtube.com\/channel\/UCJWrGbPiG4AYHZewlALkACA"]}]}},"_links":{"self":[{"href":"https:\/\/www.gronbach.com\/sk\/wp-json\/wp\/v2\/pages\/5064","targetHints":{"allow":["GET"]}}],"collection":[{"href":"https:\/\/www.gronbach.com\/sk\/wp-json\/wp\/v2\/pages"}],"about":[{"href":"https:\/\/www.gronbach.com\/sk\/wp-json\/wp\/v2\/types\/page"}],"author":[{"embeddable":true,"href":"https:\/\/www.gronbach.com\/sk\/wp-json\/wp\/v2\/users\/1"}],"replies":[{"embeddable":true,"href":"https:\/\/www.gronbach.com\/sk\/wp-json\/wp\/v2\/comments?post=5064"}],"version-history":[{"count":33,"href":"https:\/\/www.gronbach.com\/sk\/wp-json\/wp\/v2\/pages\/5064\/revisions"}],"predecessor-version":[{"id":12782,"href":"https:\/\/www.gronbach.com\/sk\/wp-json\/wp\/v2\/pages\/5064\/revisions\/12782"}],"up":[{"embeddable":true,"href":"https:\/\/www.gronbach.com\/sk\/wp-json\/wp\/v2\/pages\/4523"}],"wp:featuredmedia":[{"embeddable":true,"href":"https:\/\/www.gronbach.com\/sk\/wp-json\/wp\/v2\/media\/11317"}],"wp:attachment":[{"href":"https:\/\/www.gronbach.com\/sk\/wp-json\/wp\/v2\/media?parent=5064"}],"curies":[{"name":"wp","href":"https:\/\/api.w.org\/{rel}","templated":true}]}}