{"id":5072,"date":"2021-07-22T11:03:00","date_gmt":"2021-07-22T09:03:00","guid":{"rendered":"https:\/\/www.gronbach.com\/?page_id=5072"},"modified":"2022-10-21T11:12:44","modified_gmt":"2022-10-21T09:12:44","slug":"riadenie-dodavatelov","status":"publish","type":"page","link":"https:\/\/www.gronbach.com\/sk\/services\/riadenie-dodavatelov","title":{"rendered":"Riadenie dod\u00e1vate\u013eov"},"content":{"rendered":"<section id=\"bt_section69f26f86218e7\"  class=\"boldSection topLargeSpaced bottomSemiSpaced inherit\" ><div class=\"port\"><div class=\"boldCell\"><div class=\"boldCellInner\"><div class=\"boldRow \" ><div class=\"boldRowInner\"><div class=\"rowItem col-md-6 col-sm-12 btTextLeft animate animate-fadein btMiddleVertical btDoublePadding\" style=\"padding:0 90px;background-color: rgba(255, 255, 255, 1); \" data-width=\"6\"><div class=\"rowItemContent\" ><header class=\"header btClear large btDash topDash  regular\" ><div class=\"btSuperTitle\"><span>Supply Chain<\/span><\/div><div class=\"dash\"><h2><span class=\"headline\">Skupiny materi\u00e1lov a<br \/><br><strong>poskytnutie inform\u00e1ci\u00ed o dod\u00e1vate\u013eovi<\/strong>.<\/span><\/h2><\/div><\/header><div class=\"btText\" ><\/p>\n<p>Pravidelne vyhodnocujeme nov\u00fdch dod\u00e1vate\u013eov pre tieto skupiny materi\u00e1lov:<\/p>\n<ul>\n<li>P\u00e1sov\u00e1 oce\u013e a polotovary<\/li>\n<li>P\u00e1sy a polotovary z nehrdzavej\u00facej ocele<\/li>\n<li>V\u00fdlisky<\/li>\n<li>Plastov\u00e9 diely<\/li>\n<li>Tla\u010dn\u00e9 a \u0165a\u017en\u00e9 pru\u017einy<\/li>\n<li>Diely vytl\u00e1\u010dan\u00e9 za studena<\/li>\n<li>S\u00fastru\u017een\u00e9 a fr\u00e9zovan\u00e9 diely<\/li>\n<li>\u0160tandardn\u00e9 diely<\/li>\n<\/ul>\n<h6>Poskytnutie inform\u00e1ci\u00ed o dod\u00e1vate\u013eovi<\/h6>\n<p>Predt\u00fdm, ako nadvia\u017eeme nov\u00fd obchodn\u00fd vz\u0165ah, by sme v\u00e1s chceli po\u017eiada\u0165, aby ste n\u00e1m poskytli nieko\u013eko z\u00e1kladn\u00fdch inform\u00e1ci\u00ed o va\u0161ej spolo\u010dnosti prostredn\u00edctvom formul\u00e1ra na poskynutie inform\u00e1ci\u00ed o dod\u00e1vate\u013eovi. Na z\u00e1klade t\u00fdchto poskytnut\u00fdch inform\u00e1ci\u00ed pos\u00fadime existenciu integrovan\u00fdch syst\u00e9mov riadenia (kvalita, \u017eivotn\u00e9 prostredie, soci\u00e1lny \u0161tandard) a potrebu pr\u00edpadnej anal\u00fdzy va\u0161ej spolo\u010dnosti.<\/p>\n<p>\n<\/div><div class=\"btClear btSeparator bottomExtraSmallSpaced noBorder\" ><hr><\/div><div class=\"btText\" ><\/p>\n<div class=\"dcf-overflow-x-auto\" tabindex=\"0\">\n<table class=\"dcf-table dcf-table-bordered dcf-table-striped dcf-w-100%\">\n<tbody>\n<tr>\n<td width=\"50%\"><strong>N\u00e1kup v Nemecku<\/strong><br \/>\n<a href=\"https:\/\/www.gronbach.com\/sk\/services\/kontakt\"  class=\"mailcrypt\">purchasing-wasserburg<span><span>\u2202<\/span><\/span>gronbach.com<\/a><\/td>\n<td width=\"50%\"><strong>N\u00e1kup v Rak\u00fasku<\/strong><br \/>\n<a href=\"https:\/\/www.gronbach.com\/sk\/services\/kontakt\"  class=\"mailcrypt\">purchasing-niederndorf<span><span>\u2202<\/span><\/span>gronbach.com<\/a><\/td>\n<\/tr>\n<\/tbody>\n<\/table>\n<\/div>\n<p>\n<\/div><div class=\"btText\" ><\/p>\n<div class=\"dcf-overflow-x-auto\" tabindex=\"0\">\n<table class=\"dcf-table dcf-table-bordered dcf-table-striped dcf-w-100%\">\n<tbody>\n<tr>\n<td width=\"50%\"><strong>N\u00e1kup Taliansko<\/strong><br \/>\n<a href=\"https:\/\/www.gronbach.com\/sk\/services\/kontakt\"  class=\"mailcrypt\">purchasing-laag<span><span>\u2202<\/span><\/span>gronbach.com<\/a><\/td>\n<td width=\"50%\"><strong>N\u00e1kup na Slovensku<\/strong><br \/>\n<a href=\"https:\/\/www.gronbach.com\/sk\/services\/kontakt\"  class=\"mailcrypt\">purchasing-michalovce<span><span>\u2202<\/span><\/span>gronbach.com<\/a><\/td>\n<\/tr>\n<\/tbody>\n<\/table>\n<\/div>\n<p>\n<\/div><a href=\"https:\/\/www.gronbach.com\/en\/wp-content\/uploads\/sites\/2\/2022\/07\/Supplier_self_disclosure.pdf\" class=\"btBtn btBtn btnOutlineStyle btnAlternateColor btnSmall btnFullWidth btnRightPosition btnIco\"  target=\"_blank\"><span class=\"btnInnerText\">Download Poskytnutie inform\u00e1ci\u00ed o dod\u00e1vate\u013eovi (PDF)<\/span><span class=\"btIco \"><span  data-ico-fa=\"&#xf063;\" class=\"btIcoHolder\"><\/span><\/span><\/a><div class=\"btClear btSeparator topSmallSpaced noBorder\" ><hr><\/div><a href=\"https:\/\/www.gronbach.com\/wp-content\/uploads\/2022\/06\/Einkaufsbedingungen_Deutsch-Englisch.pdf\" class=\"btBtn btBtn btnOutlineStyle btnAlternateColor btnSmall btnFullWidth btnRightPosition btnIco\"  target=\"_blank\"><span class=\"btnInnerText\">Download Podmienky n\u00e1kupu (PDF)<\/span><span class=\"btIco \"><span  data-ico-fa=\"&#xf063;\" class=\"btIcoHolder\"><\/span><\/span><\/a><\/div><\/div><div class=\"rowItem col-md-6 col-sm-12 btTextLeft animate animate-fadein animate-moveleft btTopVertical btNoPadding\" style=\"transition-delay:600ms;transition-duration: 7s;\" data-width=\"6\"><div class=\"rowItemContent\" ><div class=\"bpgPhoto btDefaultHoverType\" ><div class = \"btImage\"><img decoding=\"async\" src=\"https:\/\/www.gronbach.com\/sk\/wp-content\/uploads\/sites\/4\/2022\/05\/Coil.jpg\" alt=\"\" title=\"\"><\/div><\/div><\/div><\/div><\/div><\/div><\/div><\/div><\/div><\/section>\n","protected":false},"excerpt":{"rendered":"","protected":false},"author":1,"featured_media":11271,"parent":2270,"menu_order":0,"comment_status":"closed","ping_status":"closed","template":"","meta":{"editor_notices":[],"footnotes":""},"class_list":["post-5072","page","type-page","status-publish","has-post-thumbnail","hentry"],"yoast_head":"<!-- This site is optimized with the Yoast SEO plugin v26.3 - https:\/\/yoast.com\/wordpress\/plugins\/seo\/ -->\n<title>Gronbach: Riadenie dod\u00e1vate\u013eov<\/title>\n<meta name=\"description\" content=\"Spolo\u010dnos\u0165 Gronbach spolupracuje s mnoh\u00fdmi dod\u00e1vate\u013emi, ktor\u00ed podporuj\u00fa v\u00fdvoj v\u00fdrobkov a nesk\u00f4r ich spo\u013eahlivo dod\u00e1vaj\u00fa do s\u00e9riovej v\u00fdroby.\" \/>\n<meta name=\"robots\" content=\"index, follow, max-snippet:-1, max-image-preview:large, max-video-preview:-1\" \/>\n<link rel=\"canonical\" href=\"https:\/\/www.gronbach.com\/sk\/services\/riadenie-dodavatelov\" \/>\n<meta property=\"og:locale\" content=\"sl_SI\" \/>\n<meta property=\"og:type\" content=\"article\" \/>\n<meta property=\"og:title\" content=\"Gronbach: Riadenie dod\u00e1vate\u013eov\" \/>\n<meta property=\"og:description\" content=\"Spolo\u010dnos\u0165 Gronbach spolupracuje s mnoh\u00fdmi dod\u00e1vate\u013emi, ktor\u00ed podporuj\u00fa v\u00fdvoj v\u00fdrobkov a nesk\u00f4r ich spo\u013eahlivo dod\u00e1vaj\u00fa do s\u00e9riovej v\u00fdroby.\" \/>\n<meta property=\"og:url\" content=\"https:\/\/www.gronbach.com\/sk\/services\/riadenie-dodavatelov\" \/>\n<meta property=\"og:site_name\" content=\"Gronbach SK\" \/>\n<meta property=\"article:publisher\" content=\"https:\/\/www.facebook.com\/gronbachslovensko\" \/>\n<meta property=\"article:modified_time\" content=\"2022-10-21T09:12:44+00:00\" \/>\n<meta property=\"og:image\" content=\"https:\/\/www.gronbach.com\/sk\/wp-content\/uploads\/sites\/4\/2022\/05\/Lieferanten-1024x306@2x.jpg\" \/>\n\t<meta property=\"og:image:width\" content=\"2000\" \/>\n\t<meta property=\"og:image:height\" content=\"597\" \/>\n\t<meta property=\"og:image:type\" content=\"image\/jpeg\" \/>\n<meta name=\"twitter:card\" content=\"summary_large_image\" \/>\n<meta name=\"twitter:label1\" content=\"Est. reading time\" \/>\n\t<meta name=\"twitter:data1\" content=\"2 minuti\" \/>\n<!-- \/ Yoast SEO plugin. -->","yoast_head_json":{"title":"Gronbach: Riadenie dod\u00e1vate\u013eov","description":"Spolo\u010dnos\u0165 Gronbach spolupracuje s mnoh\u00fdmi dod\u00e1vate\u013emi, ktor\u00ed podporuj\u00fa v\u00fdvoj v\u00fdrobkov a nesk\u00f4r ich spo\u013eahlivo dod\u00e1vaj\u00fa do s\u00e9riovej v\u00fdroby.","robots":{"index":"index","follow":"follow","max-snippet":"max-snippet:-1","max-image-preview":"max-image-preview:large","max-video-preview":"max-video-preview:-1"},"canonical":"https:\/\/www.gronbach.com\/sk\/services\/riadenie-dodavatelov","og_locale":"sl_SI","og_type":"article","og_title":"Gronbach: Riadenie dod\u00e1vate\u013eov","og_description":"Spolo\u010dnos\u0165 Gronbach spolupracuje s mnoh\u00fdmi dod\u00e1vate\u013emi, ktor\u00ed podporuj\u00fa v\u00fdvoj v\u00fdrobkov a nesk\u00f4r ich spo\u013eahlivo dod\u00e1vaj\u00fa do s\u00e9riovej v\u00fdroby.","og_url":"https:\/\/www.gronbach.com\/sk\/services\/riadenie-dodavatelov","og_site_name":"Gronbach SK","article_publisher":"https:\/\/www.facebook.com\/gronbachslovensko","article_modified_time":"2022-10-21T09:12:44+00:00","og_image":[{"width":2000,"height":597,"url":"https:\/\/www.gronbach.com\/sk\/wp-content\/uploads\/sites\/4\/2022\/05\/Lieferanten-1024x306@2x.jpg","type":"image\/jpeg"}],"twitter_card":"summary_large_image","twitter_misc":{"Est. reading time":"2 minuti"},"schema":{"@context":"https:\/\/schema.org","@graph":[{"@type":"WebPage","@id":"https:\/\/www.gronbach.com\/sk\/services\/riadenie-dodavatelov","url":"https:\/\/www.gronbach.com\/sk\/services\/riadenie-dodavatelov","name":"Gronbach: Riadenie dod\u00e1vate\u013eov","isPartOf":{"@id":"https:\/\/www.gronbach.com\/sk\/#website"},"primaryImageOfPage":{"@id":"https:\/\/www.gronbach.com\/sk\/services\/riadenie-dodavatelov#primaryimage"},"image":{"@id":"https:\/\/www.gronbach.com\/sk\/services\/riadenie-dodavatelov#primaryimage"},"thumbnailUrl":"https:\/\/www.gronbach.com\/sk\/wp-content\/uploads\/sites\/4\/2022\/05\/Lieferanten-1024x306@2x.jpg","datePublished":"2021-07-22T09:03:00+00:00","dateModified":"2022-10-21T09:12:44+00:00","description":"Spolo\u010dnos\u0165 Gronbach spolupracuje s mnoh\u00fdmi dod\u00e1vate\u013emi, ktor\u00ed podporuj\u00fa v\u00fdvoj v\u00fdrobkov a nesk\u00f4r ich spo\u013eahlivo dod\u00e1vaj\u00fa do s\u00e9riovej v\u00fdroby.","breadcrumb":{"@id":"https:\/\/www.gronbach.com\/sk\/services\/riadenie-dodavatelov#breadcrumb"},"inLanguage":"sl-SI","potentialAction":[{"@type":"ReadAction","target":["https:\/\/www.gronbach.com\/sk\/services\/riadenie-dodavatelov"]}]},{"@type":"ImageObject","inLanguage":"sl-SI","@id":"https:\/\/www.gronbach.com\/sk\/services\/riadenie-dodavatelov#primaryimage","url":"https:\/\/www.gronbach.com\/sk\/wp-content\/uploads\/sites\/4\/2022\/05\/Lieferanten-1024x306@2x.jpg","contentUrl":"https:\/\/www.gronbach.com\/sk\/wp-content\/uploads\/sites\/4\/2022\/05\/Lieferanten-1024x306@2x.jpg","width":2000,"height":597},{"@type":"BreadcrumbList","@id":"https:\/\/www.gronbach.com\/sk\/services\/riadenie-dodavatelov#breadcrumb","itemListElement":[{"@type":"ListItem","position":1,"name":"Home","item":"https:\/\/www.gronbach.com\/sk\/"},{"@type":"ListItem","position":2,"name":"Services","item":"https:\/\/www.gronbach.com\/sk\/services"},{"@type":"ListItem","position":3,"name":"Riadenie dod\u00e1vate\u013eov"}]},{"@type":"WebSite","@id":"https:\/\/www.gronbach.com\/sk\/#website","url":"https:\/\/www.gronbach.com\/sk\/","name":"Gronbach SK","description":"","publisher":{"@id":"https:\/\/www.gronbach.com\/sk\/#organization"},"potentialAction":[{"@type":"SearchAction","target":{"@type":"EntryPoint","urlTemplate":"https:\/\/www.gronbach.com\/sk\/?s={search_term_string}"},"query-input":{"@type":"PropertyValueSpecification","valueRequired":true,"valueName":"search_term_string"}}],"inLanguage":"sl-SI"},{"@type":"Organization","@id":"https:\/\/www.gronbach.com\/sk\/#organization","name":"Gronbach","url":"https:\/\/www.gronbach.com\/sk\/","logo":{"@type":"ImageObject","inLanguage":"sl-SI","@id":"https:\/\/www.gronbach.com\/sk\/#\/schema\/logo\/image\/","url":"https:\/\/www.gronbach.com\/sk\/wp-content\/uploads\/sites\/4\/2022\/04\/Gronbach_Gruppe_Logo2.png","contentUrl":"https:\/\/www.gronbach.com\/sk\/wp-content\/uploads\/sites\/4\/2022\/04\/Gronbach_Gruppe_Logo2.png","width":160,"height":50,"caption":"Gronbach"},"image":{"@id":"https:\/\/www.gronbach.com\/sk\/#\/schema\/logo\/image\/"},"sameAs":["https:\/\/www.facebook.com\/gronbachslovensko","https:\/\/www.linkedin.com\/company\/gronbach\/","https:\/\/www.instagram.com\/explore\/tags\/gronbach\/","https:\/\/www.youtube.com\/channel\/UCJWrGbPiG4AYHZewlALkACA"]}]}},"_links":{"self":[{"href":"https:\/\/www.gronbach.com\/sk\/wp-json\/wp\/v2\/pages\/5072","targetHints":{"allow":["GET"]}}],"collection":[{"href":"https:\/\/www.gronbach.com\/sk\/wp-json\/wp\/v2\/pages"}],"about":[{"href":"https:\/\/www.gronbach.com\/sk\/wp-json\/wp\/v2\/types\/page"}],"author":[{"embeddable":true,"href":"https:\/\/www.gronbach.com\/sk\/wp-json\/wp\/v2\/users\/1"}],"replies":[{"embeddable":true,"href":"https:\/\/www.gronbach.com\/sk\/wp-json\/wp\/v2\/comments?post=5072"}],"version-history":[{"count":59,"href":"https:\/\/www.gronbach.com\/sk\/wp-json\/wp\/v2\/pages\/5072\/revisions"}],"predecessor-version":[{"id":12735,"href":"https:\/\/www.gronbach.com\/sk\/wp-json\/wp\/v2\/pages\/5072\/revisions\/12735"}],"up":[{"embeddable":true,"href":"https:\/\/www.gronbach.com\/sk\/wp-json\/wp\/v2\/pages\/2270"}],"wp:featuredmedia":[{"embeddable":true,"href":"https:\/\/www.gronbach.com\/sk\/wp-json\/wp\/v2\/media\/11271"}],"wp:attachment":[{"href":"https:\/\/www.gronbach.com\/sk\/wp-json\/wp\/v2\/media?parent=5072"}],"curies":[{"name":"wp","href":"https:\/\/api.w.org\/{rel}","templated":true}]}}