{"id":6897,"date":"2022-03-04T11:10:55","date_gmt":"2022-03-04T10:10:55","guid":{"rendered":"https:\/\/www.gronbach.com\/?page_id=6897"},"modified":"2023-01-18T08:20:28","modified_gmt":"2023-01-18T07:20:28","slug":"kontakt","status":"publish","type":"page","link":"https:\/\/www.gronbach.com\/sk\/services\/kontakt","title":{"rendered":"Kontakt"},"content":{"rendered":"<p><section id=\"bkg\" data-parallax=\"-.7\" data-parallax-offset=\"-40\" class=\"boldSection topSpaced bottomLargeSpaced btDarkSkin gutter boxed inherit btParallax btLazyLoadBackground wBackground cover wBackground cover\" style=\"background-color:#f4f4f4  !important;background-image:url('https:\/\/www.gronbach.com\/sk\/wp-content\/themes\/industrial\/gfx\/blank.gif');\" data-background_image_src=\"'https:\/\/www.gronbach.com\/sk\/wp-content\/uploads\/sites\/4\/2022\/08\/Gronbach_Kontakt.jpg'\" ><div class=\"port\"><div class=\"boldCell\"><div class=\"boldCellInner\"><div class=\"boldRow \" ><div class=\"boldRowInner\"><div class=\"rowItem col-md-8 col-ms-12 btTextLeft animate animate-fadein btBottomVertical\"  data-width=\"8\"><div class=\"rowItemContent\" ><div class=\"btClear btSeparator bottomSmallSpaced noBorder\" ><hr><\/div><div class=\"btClear btSeparator bottomSemiSpaced noBorder\" ><hr><\/div><\/div><\/div><div class=\"rowItem col-md-4 col-ms-12 btTextLeft animate animate-fadein btBottomVertical\"  data-width=\"4\"><div class=\"rowItemContent\" ><\/div><\/div><\/div><\/div><\/div><\/div><\/div><\/section><section id=\"bt_section69ff424e0b485\"  class=\"boldSection topSpaced bottomSmallSpaced gutter boxed inherit\" ><div class=\"port\"><div class=\"boldCell\"><div class=\"boldCellInner\"><div class=\"boldRow \" ><div class=\"boldRowInner\"><div class=\"rowItem col-md-12 col-ms-12  btTextLeft animate animate-fadein inherit\"  data-width=\"12\"><div class=\"rowItemContent\" ><header class=\"header btClear large btDash topDash  regular\" ><div class=\"btSuperTitle\"><span>Kontakt<\/span><\/div><div class=\"dash\"><h2><span class=\"headline\">Ka\u017ed\u00fd <strong>projekt<\/strong> za\u010d\u00edna n\u00e1padom.<\/span><\/h2><\/div><div class=\"btSubTitle\">Presvied\u010dame kr\u00e1tkymi cestami, r\u00fdchlymi reak\u010dn\u00fdmi \u010dasmi a jednotn\u00fdmi kvalitat\u00edvnymi \u0161tandardmi.<br \/><br>Nev\u00e1hajte a nez\u00e1v\u00e4zne pou\u017eite n\u00e1\u0161 kontaktn\u00fd formul\u00e1r a nap\u00ed\u0161te n\u00e1m svoje po\u017eiadavky!<\/div><\/header><div class=\"btClear btSeparator bottomSemiSpaced noBorder\" ><hr><\/div><\/div><\/div><\/div><\/div><\/div><\/div><\/div><\/section><section id=\"bt_section69ff424e0b698\" data-parallax=\"-.9\" data-parallax-offset=\"0\" class=\"boldSection bottomSpaced inherit btParallax\" ><div class=\"port\"><div class=\"boldCell\"><div class=\"boldCellInner\"><div class=\"boldRow \" ><div class=\"boldRowInner\"><div class=\"rowItem col-md-6 col-sm-12 btTextLeft animate animate-fadein btTopVertical btDoublePadding\" style=\"border:1px solid #9fabcb;\" data-width=\"6\"><div class=\"rowItemContent\" ><div class=\"btClear btSeparator topSmallSpaced noBorder\" ><hr><\/div><div class=\"btTabs tabsHorizontal\"><ul class=\"tabsHeader\"><li><span>V\u0161eobecn\u00e1 po\u017eiadavka \/ RFQ<\/span><\/li><\/ul><div class=\"tabPanes tabPanesTabs\"><div class=\"tabPane\">\n\t\t\t<div class=\"tabAccordionContent\"><div class=\"btText\" >\n<div class=\"wpcf7 no-js\" id=\"wpcf7-f6421-o1\" lang=\"de-DE\" dir=\"ltr\" data-wpcf7-id=\"6421\">\n<div class=\"screen-reader-response\"><p role=\"status\" aria-live=\"polite\" aria-atomic=\"true\"><\/p> <ul><\/ul><\/div>\n<form action=\"\/sk\/wp-json\/wp\/v2\/pages\/6897#wpcf7-f6421-o1\" method=\"post\" class=\"wpcf7-form init\" aria-label=\"Kontaktformular\" enctype=\"multipart\/form-data\" novalidate=\"novalidate\" data-status=\"init\">\n<fieldset class=\"hidden-fields-container\"><input type=\"hidden\" name=\"_wpcf7\" value=\"6421\" \/><input type=\"hidden\" name=\"_wpcf7_version\" value=\"6.1.3\" \/><input type=\"hidden\" name=\"_wpcf7_locale\" value=\"de_DE\" \/><input type=\"hidden\" name=\"_wpcf7_unit_tag\" value=\"wpcf7-f6421-o1\" \/><input type=\"hidden\" name=\"_wpcf7_container_post\" value=\"0\" \/><input type=\"hidden\" name=\"_wpcf7_posted_data_hash\" value=\"\" \/><input type=\"hidden\" name=\"_wpcf7cf_hidden_group_fields\" value=\"[]\" \/><input type=\"hidden\" name=\"_wpcf7cf_hidden_groups\" value=\"[]\" \/><input type=\"hidden\" name=\"_wpcf7cf_visible_groups\" value=\"[]\" \/><input type=\"hidden\" name=\"_wpcf7cf_repeaters\" value=\"[]\" \/><input type=\"hidden\" name=\"_wpcf7cf_steps\" value=\"{}\" \/><input type=\"hidden\" name=\"_wpcf7cf_options\" value=\"{&quot;form_id&quot;:6421,&quot;conditions&quot;:[],&quot;settings&quot;:{&quot;animation&quot;:&quot;yes&quot;,&quot;animation_intime&quot;:200,&quot;animation_outtime&quot;:200,&quot;conditions_ui&quot;:&quot;normal&quot;,&quot;notice_dismissed&quot;:false,&quot;notice_dismissed_rollback-cf7-5.6.2&quot;:true,&quot;notice_dismissed_rollback-cf7-5.6.4&quot;:true}}\" \/>\n<\/fieldset>\n<p><label> Spolo\u010dnos\u0165*<br \/>\n<span class=\"wpcf7-form-control-wrap\" data-name=\"your-company\"><input size=\"40\" maxlength=\"400\" class=\"wpcf7-form-control wpcf7-text wpcf7-validates-as-required\" aria-required=\"true\" aria-invalid=\"false\" value=\"\" type=\"text\" name=\"your-company\" \/><\/span> <\/label><br \/>\n<label> Meno a priezvisko*<br \/>\n<span class=\"wpcf7-form-control-wrap\" data-name=\"your-name\"><input size=\"40\" maxlength=\"400\" class=\"wpcf7-form-control wpcf7-text wpcf7-validates-as-required\" aria-required=\"true\" aria-invalid=\"false\" value=\"\" type=\"text\" name=\"your-name\" \/><\/span> <\/label><br \/>\n<label> E-mailov\u00e1 adresa*<br \/>\n<span class=\"wpcf7-form-control-wrap\" data-name=\"your-email\"><input size=\"40\" maxlength=\"400\" class=\"wpcf7-form-control wpcf7-email wpcf7-validates-as-required wpcf7-text wpcf7-validates-as-email\" aria-required=\"true\" aria-invalid=\"false\" value=\"\" type=\"email\" name=\"your-email\" \/><\/span> <\/label><br \/>\n<label> Telef\u00f3n<br \/>\n<span class=\"wpcf7-form-control-wrap\" data-name=\"tel-913\"><input size=\"40\" maxlength=\"400\" class=\"wpcf7-form-control wpcf7-tel wpcf7-text wpcf7-validates-as-tel\" aria-invalid=\"false\" value=\"\" type=\"tel\" name=\"tel-913\" \/><\/span> <\/label><br \/>\n<label> Ulica a \u010d\u00edslo<br \/>\n<span class=\"wpcf7-form-control-wrap\" data-name=\"your-street\"><input size=\"40\" maxlength=\"400\" class=\"wpcf7-form-control wpcf7-text\" aria-invalid=\"false\" value=\"\" type=\"text\" name=\"your-street\" \/><\/span> <\/label><br \/>\n<label> PS\u010c a miesto<br \/>\n<span class=\"wpcf7-form-control-wrap\" data-name=\"your-plz\"><input size=\"40\" maxlength=\"400\" class=\"wpcf7-form-control wpcf7-text\" aria-invalid=\"false\" value=\"\" type=\"text\" name=\"your-plz\" \/><\/span> <\/label><br \/>\n<label> Va\u0161a spr\u00e1va<br \/>\n<span class=\"wpcf7-form-control-wrap\" data-name=\"your-message\"><textarea cols=\"40\" rows=\"5\" maxlength=\"2000\" class=\"wpcf7-form-control wpcf7-textarea\" aria-invalid=\"false\" name=\"your-message\"><\/textarea><\/span> <\/label><br \/>\n<label> Odosielanie d\u00e1t (max. 8 MB, jpg, pdf, png, zip, docx, stp)<br \/>\n<span class=\"wpcf7-form-control-wrap\" data-name=\"file-440\"><input size=\"40\" class=\"wpcf7-form-control wpcf7-file\" accept=\".jpg,.pdf,.png,.zip,.docx,.stp\" aria-invalid=\"false\" type=\"file\" name=\"file-440\" \/><\/span> <\/label>\n<\/p>\n<p>Va\u0161e \u00fadaje sprac\u00favame v\u00fdlu\u010dne na \u00fa\u010dely odpovede na va\u0161u po\u017eiadavku. Inform\u00e1cie o <a style=\"color:black;text-decoration:underline\" href=\"https:\/\/www.gronbach.com\/sk\/zasady-ochrany-osobnych-udajov\" target=\"_blank\">ochrane \u00fadajov<\/a>\n<\/p>\n<input class=\"wpcf7-form-control wpcf7-hidden\" value=\"\" type=\"hidden\" name=\"referer-page\" \/>\n<p><span class=\"wpcf7-form-control-wrap bwscaptcha-549\"><input style=\"display:none;\" class=\"wpcf7-form-control wpcf7-bwscaptcha\" aria-required=\"true\" type=\"text\" name=\"bwscaptcha-549\" value=\"\" \/><p class=\"cptch_block\"><span class=\"cptch_title cptch_to_remove\">Anti-Spam<span class=\"required\"> *<\/span><\/span><span class=\"cptch_wrap cptch_math_actions\">\n\t\t\t\t<label class=\"cptch_label\" for=\"cptch_input_37\"><span class=\"cptch_span\"><input id=\"cptch_input_37\" class=\"cptch_input wpcf7-form-control wpcf7-bwscaptcha\" type=\"text\" autocomplete=\"off\" name=\"bwscaptcha-549\" value=\"\" maxlength=\"2\" size=\"2\" aria-required=\"true\" required=\"required\" style=\"margin-bottom:0;display:inline;font-size: 12px;width: 40px;\" \/><\/span>\n\t\t\t\t\t<span class=\"cptch_span\">&nbsp;&minus;&nbsp;<\/span>\n\t\t\t\t\t<span class=\"cptch_span\">2<\/span>\n\t\t\t\t\t<span class=\"cptch_span\">&nbsp;=&nbsp;<\/span>\n\t\t\t\t\t<span class=\"cptch_span\">4<\/span>\n\t\t\t\t\t<input type=\"hidden\" name=\"bwscaptcha-549-cptch_result\" value=\"M48=\" \/><input type=\"hidden\" name=\"cptch_time\" value=\"1778336334\" \/>\n\t\t\t\t\t<input type=\"hidden\" name=\"cptch_form\" value=\"cf7_contact\" \/>\n\t\t\t\t<\/label><span class=\"cptch_reload_button_wrap hide-if-no-js\">\n\t\t\t\t\t<noscript>\n\t\t\t\t\t\t<style type=\"text\/css\">\n\t\t\t\t\t\t\t.hide-if-no-js {\n\t\t\t\t\t\t\t\tdisplay: none !important;\n\t\t\t\t\t\t\t}\n\t\t\t\t\t\t<\/style>\n\t\t\t\t\t<\/noscript>\n\t\t\t\t\t<span class=\"cptch_reload_button dashicons dashicons-update\"><\/span>\n\t\t\t\t<\/span><\/span><\/p><\/span>\n<\/p>\n<p><input class=\"wpcf7-form-control wpcf7-submit has-spinner\" type=\"submit\" value=\"Odosla\u0165\" \/>\n<\/p><div class=\"wpcf7-response-output\" aria-hidden=\"true\"><\/div>\n<\/form>\n<\/div>\n<\/div><\/div>\n\t\t<\/div><\/div><\/div><div class=\"btClear btSeparator topSmallSpaced noBorder\" ><hr><\/div><\/div><\/div><div class=\"rowItem col-md-6 col-sm-12 btTextLeft animate animate-fadein btTopVertical btDoublePadding\" style=\"background-color: rgba(159, 171, 203, 1); \" data-width=\"6\"><div class=\"rowItemContent\" ><div class=\"btClear btSeparator topSemiSpaced noBorder\" ><hr><\/div><header class=\"header btClear small  regular\" ><div class=\"dash\"><h4><span class=\"headline\">FAQs<\/span><\/h4><\/div><\/header><div class=\"btClear btSeparator bottomSmallSpaced noBorder\" ><hr><\/div><div class=\"btTabs tabsVertical\"><ul class=\"tabsHeader\"><li><span>Adresy pre Slu\u017eby z\u00e1kazn\u00edkom<\/span><\/li><li><span>\u017diadosti dod\u00e1vate\u013eov<\/span><\/li><li><span>\u017diadosti o zamestnanie<\/span><\/li><li><span>Dopyty od s\u00fakromn\u00fdch os\u00f4b<\/span><\/li><li><span>Stredn\u00e9 a ve\u013ek\u00e9 s\u00e9rie<\/span><\/li><li><span>Podstavcov\u00fd ods\u00e1va\u010d<\/span><\/li><li><span>Odhl\u00e1senie sa z odberu newsletter<\/span><\/li><\/ul><div class=\"tabPanes accordionPanes\"><div class=\"tabPane\">\n\t\t\t<div class=\"tabAccordionTitle\"><span>Adresy pre Slu\u017eby z\u00e1kazn\u00edkom<\/span><\/div>\n\t\t\t<div class=\"tabAccordionContent\"><div class=\"btText\" ><\/p>\n<p>Na ot\u00e1zky t\u00fdkaj\u00face sa sponzorstva a marketingu pou\u017eite e-mailov\u00fa adresu\u00a0<a href=\"https:\/\/www.gronbach.com\/sk\/services\/kontakt\"  class=\"mailcrypt\">marketing<span><span>\u2202<\/span><\/span>gronbach.com<\/a>.<\/p>\n<p>Na\u0161a centr\u00e1la, napr\u00edklad pre zasielanie fakt\u00far alebo v\u0161eobecn\u00e9 ot\u00e1zky, je dostupn\u00e1 na t\u00fdchto adres\u00e1ch:<\/p>\n<p>Wasserburg: <a href=\"https:\/\/www.gronbach.com\/sk\/services\/kontakt\"  class=\"mailcrypt\">info-wasserburg<span><span>\u2202<\/span><\/span>gronbach.com<\/a><br \/>\nNiederndorf: <a href=\"https:\/\/www.gronbach.com\/sk\/services\/kontakt\"  class=\"mailcrypt\">info-niederndorf<span><span>\u2202<\/span><\/span>gronbach.com<\/a><br \/>\nLaag: <a href=\"https:\/\/www.gronbach.com\/sk\/services\/kontakt\"  class=\"mailcrypt\">info-laag<span><span>\u2202<\/span><\/span>gronbach.com<\/a><br \/>\nMichalovce: <a href=\"https:\/\/www.gronbach.com\/sk\/services\/kontakt\"  class=\"mailcrypt\">info-michalovce<span><span>\u2202<\/span><\/span>gronbach.com<\/a><\/p>\n<p>\n<\/div><\/div>\n\t\t<\/div><div class=\"tabPane\">\n\t\t\t<div class=\"tabAccordionTitle\"><span>\u017diadosti dod\u00e1vate\u013eov<\/span><\/div>\n\t\t\t<div class=\"tabAccordionContent\"><div class=\"btText\" ><\/p>\n<p>Ako potenci\u00e1lny dod\u00e1vate\u013e posielajte svoje \u017eiadosti na t\u00fato e-mailov\u00fa adresu:<\/p>\n<div class=\"dcf-overflow-x-auto\" tabindex=\"0\">\n<table class=\"dcf-table dcf-table-bordered dcf-table-striped dcf-w-100%\">\n<tbody>\n<tr>\n<td width=\"50%\"><strong>N\u00e1kup v Nemecku<\/strong><br \/>\n<a href=\"https:\/\/www.gronbach.com\/sk\/services\/kontakt\"  class=\"mailcrypt\">purchasing-wasserburg<span><span>\u2202<\/span><\/span>gronbach.com<\/a><\/td>\n<td width=\"50%\"><strong>N\u00e1kup v Rak\u00fasku<\/strong><br \/>\n<a href=\"https:\/\/www.gronbach.com\/sk\/services\/kontakt\"  class=\"mailcrypt\">purchasing-niederndorf<span><span>\u2202<\/span><\/span>gronbach.com<\/a><\/td>\n<\/tr>\n<\/tbody>\n<\/table>\n<\/div>\n<div class=\"dcf-overflow-x-auto\" tabindex=\"0\">\n<table class=\"dcf-table dcf-table-bordered dcf-table-striped dcf-w-100%\">\n<tbody>\n<tr>\n<td width=\"50%\"><strong>N\u00e1kup v Taliansku<\/strong><br \/>\n<a href=\"https:\/\/www.gronbach.com\/sk\/services\/kontakt\"  class=\"mailcrypt\">purchasing-laag<span><span>\u2202<\/span><\/span>gronbach.com<\/a><\/td>\n<td width=\"50%\"><strong>N\u00e1kup na Slovensku<\/strong><br \/>\n<a href=\"https:\/\/www.gronbach.com\/sk\/services\/kontakt\"  class=\"mailcrypt\">purchasing-michalovce<span><span>\u2202<\/span><\/span>gronbach.com<\/a><\/td>\n<\/tr>\n<\/tbody>\n<\/table>\n<\/div>\n<p>\n<\/div><\/div>\n\t\t<\/div><div class=\"tabPane\">\n\t\t\t<div class=\"tabAccordionTitle\"><span>\u017diadosti o zamestnanie<\/span><\/div>\n\t\t\t<div class=\"tabAccordionContent\"><div class=\"btText\" ><\/p>\n<p>\u017diadosti o zamestnanie posielajte na t\u00fato e-mailov\u00fa adresu:<br \/>\nMichalovce: <a href=\"https:\/\/www.gronbach.com\/sk\/services\/kontakt\"  class=\"mailcrypt\">jobs-michalovce<span><span>\u2202<\/span><\/span>gronbach.com<\/a><\/p>\n<p>\n<\/div><\/div>\n\t\t<\/div><div class=\"tabPane\">\n\t\t\t<div class=\"tabAccordionTitle\"><span>Dopyty od s\u00fakromn\u00fdch os\u00f4b<\/span><\/div>\n\t\t\t<div class=\"tabAccordionContent\"><div class=\"btText\" ><\/p>\n<p>Pros\u00edme v\u00e1s o pochopenie, \u017ee nem\u00f4\u017eeme posudzova\u0165ak\u00e9ko\u013evek \u017eiadosti od s\u00fakromn\u00fdch os\u00f4b.<\/p>\n<p>\n<\/div><\/div>\n\t\t<\/div><div class=\"tabPane\">\n\t\t\t<div class=\"tabAccordionTitle\"><span>Stredn\u00e9 a ve\u013ek\u00e9 s\u00e9rie<\/span><\/div>\n\t\t\t<div class=\"tabAccordionContent\"><div class=\"btText\" ><\/p>\n<p>Berte pros\u00edm do \u00favahy, \u017ee na\u0161a v\u00fdroba je zameran\u00e1 na stredn\u00e9 a ve\u013ek\u00e9 s\u00e9rie. Z ekonomick\u00fdch d\u00f4vodov preto nem\u00f4\u017eeme vybavova\u0165 \u017eiadosti o ve\u013emi mal\u00e9 mno\u017estv\u00e1.<\/p>\n<p>\n<\/div><\/div>\n\t\t<\/div><div class=\"tabPane\">\n\t\t\t<div class=\"tabAccordionTitle\"><span>Podstavcov\u00fd ods\u00e1va\u010d<\/span><\/div>\n\t\t\t<div class=\"tabAccordionContent\"><div class=\"btText\" ><\/p>\n<p>Ot\u00e1zky t\u00fdkaj\u00face sa podstavcov\u00e9ho ods\u00e1va\u010da smerujte priamo na spolo\u010dnos\u0165 Ritterwerk, ktor\u00e1 v roku 2020 prevzala tento segment.<\/p>\n<p>\n<\/div><\/div>\n\t\t<\/div><div class=\"tabPane\">\n\t\t\t<div class=\"tabAccordionTitle\"><span>Odhl\u00e1senie sa z odberu newsletter<\/span><\/div>\n\t\t\t<div class=\"tabAccordionContent\"><div class=\"btText\" >\n<div class=\"wpcf7 no-js\" id=\"wpcf7-f11999-o2\" lang=\"de-DE\" dir=\"ltr\" data-wpcf7-id=\"11999\">\n<div class=\"screen-reader-response\"><p role=\"status\" aria-live=\"polite\" aria-atomic=\"true\"><\/p> <ul><\/ul><\/div>\n<form action=\"\/sk\/wp-json\/wp\/v2\/pages\/6897#wpcf7-f11999-o2\" method=\"post\" class=\"wpcf7-form init\" aria-label=\"Kontaktformular\" novalidate=\"novalidate\" data-status=\"init\">\n<fieldset class=\"hidden-fields-container\"><input type=\"hidden\" name=\"_wpcf7\" value=\"11999\" \/><input type=\"hidden\" name=\"_wpcf7_version\" value=\"6.1.3\" \/><input type=\"hidden\" name=\"_wpcf7_locale\" value=\"de_DE\" \/><input type=\"hidden\" name=\"_wpcf7_unit_tag\" value=\"wpcf7-f11999-o2\" \/><input type=\"hidden\" name=\"_wpcf7_container_post\" value=\"0\" \/><input type=\"hidden\" name=\"_wpcf7_posted_data_hash\" value=\"\" \/><input type=\"hidden\" name=\"_wpcf7cf_hidden_group_fields\" value=\"[]\" \/><input type=\"hidden\" name=\"_wpcf7cf_hidden_groups\" value=\"[]\" \/><input type=\"hidden\" name=\"_wpcf7cf_visible_groups\" value=\"[]\" \/><input type=\"hidden\" name=\"_wpcf7cf_repeaters\" value=\"[]\" \/><input type=\"hidden\" name=\"_wpcf7cf_steps\" value=\"{}\" \/><input type=\"hidden\" name=\"_wpcf7cf_options\" value=\"{&quot;form_id&quot;:11999,&quot;conditions&quot;:[],&quot;settings&quot;:{&quot;animation&quot;:&quot;yes&quot;,&quot;animation_intime&quot;:200,&quot;animation_outtime&quot;:200,&quot;conditions_ui&quot;:&quot;normal&quot;,&quot;notice_dismissed&quot;:false,&quot;notice_dismissed_rollback-cf7-5.6.2&quot;:true,&quot;notice_dismissed_rollback-cf7-5.6.4&quot;:true}}\" \/>\n<\/fieldset>\n<p><label> E-mailov\u00e1 adresa, ktor\u00fa chcete odhl\u00e1si\u0165*<br \/>\n<span class=\"wpcf7-form-control-wrap\" data-name=\"your-email\"><input size=\"40\" maxlength=\"400\" class=\"wpcf7-form-control wpcf7-email wpcf7-validates-as-required wpcf7-text wpcf7-validates-as-email\" aria-required=\"true\" aria-invalid=\"false\" value=\"\" type=\"email\" name=\"your-email\" \/><\/span> <\/label>\n<\/p>\n<p><span class=\"wpcf7-form-control-wrap bwscaptcha-158\"><input style=\"display:none;\" class=\"wpcf7-form-control wpcf7-bwscaptcha\" aria-required=\"true\" type=\"text\" name=\"bwscaptcha-158\" value=\"\" \/><p class=\"cptch_block\"><span class=\"cptch_title cptch_to_remove\">Anti-Spam<span class=\"required\"> *<\/span><\/span><span class=\"cptch_wrap cptch_math_actions\">\n\t\t\t\t<label class=\"cptch_label\" for=\"cptch_input_16\"><span class=\"cptch_span\">9<\/span>\n\t\t\t\t\t<span class=\"cptch_span\">&nbsp;&minus;&nbsp;<\/span>\n\t\t\t\t\t<span class=\"cptch_span\"><input id=\"cptch_input_16\" class=\"cptch_input wpcf7-form-control wpcf7-bwscaptcha\" type=\"text\" autocomplete=\"off\" name=\"bwscaptcha-158\" value=\"\" maxlength=\"2\" size=\"2\" aria-required=\"true\" required=\"required\" style=\"margin-bottom:0;display:inline;font-size: 12px;width: 40px;\" \/><\/span>\n\t\t\t\t\t<span class=\"cptch_span\">&nbsp;=&nbsp;<\/span>\n\t\t\t\t\t<span class=\"cptch_span\">7<\/span>\n\t\t\t\t\t<input type=\"hidden\" name=\"bwscaptcha-158-cptch_result\" value=\"KIs=\" \/><input type=\"hidden\" name=\"cptch_time\" value=\"1778336334\" \/>\n\t\t\t\t\t<input type=\"hidden\" name=\"cptch_form\" value=\"cf7_contact\" \/>\n\t\t\t\t<\/label><span class=\"cptch_reload_button_wrap hide-if-no-js\">\n\t\t\t\t\t<noscript>\n\t\t\t\t\t\t<style type=\"text\/css\">\n\t\t\t\t\t\t\t.hide-if-no-js {\n\t\t\t\t\t\t\t\tdisplay: none !important;\n\t\t\t\t\t\t\t}\n\t\t\t\t\t\t<\/style>\n\t\t\t\t\t<\/noscript>\n\t\t\t\t\t<span class=\"cptch_reload_button dashicons dashicons-update\"><\/span>\n\t\t\t\t<\/span><\/span><\/p><\/span>\n<\/p>\n<p><input class=\"wpcf7-form-control wpcf7-submit has-spinner\" type=\"submit\" value=\"Odosla\u0165\" \/>\n<\/p><div class=\"wpcf7-response-output\" aria-hidden=\"true\"><\/div>\n<\/form>\n<\/div>\n<\/div><\/div>\n\t\t<\/div><\/div><\/div><\/div><\/div><\/div><\/div><\/div><\/div><\/div><\/section><\/p>\n","protected":false},"excerpt":{"rendered":"","protected":false},"author":1,"featured_media":6911,"parent":2270,"menu_order":0,"comment_status":"closed","ping_status":"closed","template":"","meta":{"editor_notices":[],"footnotes":""},"class_list":["post-6897","page","type-page","status-publish","has-post-thumbnail","hentry"],"yoast_head":"<!-- This site is optimized with the Yoast SEO plugin v26.3 - https:\/\/yoast.com\/wordpress\/plugins\/seo\/ -->\n<title>Gronbach: V\u00e1\u0161 kontakt na n\u00e1s<\/title>\n<meta name=\"description\" content=\"Kontaktujte n\u00e1s a porozpr\u00e1vajte sa o svojom individu\u00e1lnom projekte.\" \/>\n<meta name=\"robots\" content=\"index, follow, max-snippet:-1, max-image-preview:large, max-video-preview:-1\" \/>\n<link rel=\"canonical\" href=\"https:\/\/www.gronbach.com\/sk\/services\/kontakt\" \/>\n<meta property=\"og:locale\" content=\"sl_SI\" \/>\n<meta property=\"og:type\" content=\"article\" \/>\n<meta property=\"og:title\" content=\"Gronbach: V\u00e1\u0161 kontakt na n\u00e1s\" \/>\n<meta property=\"og:description\" content=\"Kontaktujte n\u00e1s a porozpr\u00e1vajte sa o svojom individu\u00e1lnom projekte.\" \/>\n<meta property=\"og:url\" content=\"https:\/\/www.gronbach.com\/sk\/services\/kontakt\" \/>\n<meta property=\"og:site_name\" content=\"Gronbach SK\" \/>\n<meta property=\"article:publisher\" content=\"https:\/\/www.facebook.com\/gronbachslovensko\" \/>\n<meta property=\"article:modified_time\" content=\"2023-01-18T07:20:28+00:00\" \/>\n<meta property=\"og:image\" content=\"https:\/\/www.gronbach.com\/sk\/wp-content\/uploads\/sites\/4\/2022\/03\/gronbach_intern.jpg\" \/>\n\t<meta property=\"og:image:width\" content=\"2035\" \/>\n\t<meta property=\"og:image:height\" content=\"651\" \/>\n\t<meta property=\"og:image:type\" content=\"image\/jpeg\" \/>\n<meta name=\"twitter:card\" content=\"summary_large_image\" \/>\n<meta name=\"twitter:label1\" content=\"Est. reading time\" \/>\n\t<meta name=\"twitter:data1\" content=\"5 minut\" \/>\n<!-- \/ Yoast SEO plugin. -->","yoast_head_json":{"title":"Gronbach: V\u00e1\u0161 kontakt na n\u00e1s","description":"Kontaktujte n\u00e1s a porozpr\u00e1vajte sa o svojom individu\u00e1lnom projekte.","robots":{"index":"index","follow":"follow","max-snippet":"max-snippet:-1","max-image-preview":"max-image-preview:large","max-video-preview":"max-video-preview:-1"},"canonical":"https:\/\/www.gronbach.com\/sk\/services\/kontakt","og_locale":"sl_SI","og_type":"article","og_title":"Gronbach: V\u00e1\u0161 kontakt na n\u00e1s","og_description":"Kontaktujte n\u00e1s a porozpr\u00e1vajte sa o svojom individu\u00e1lnom projekte.","og_url":"https:\/\/www.gronbach.com\/sk\/services\/kontakt","og_site_name":"Gronbach SK","article_publisher":"https:\/\/www.facebook.com\/gronbachslovensko","article_modified_time":"2023-01-18T07:20:28+00:00","og_image":[{"width":2035,"height":651,"url":"https:\/\/www.gronbach.com\/sk\/wp-content\/uploads\/sites\/4\/2022\/03\/gronbach_intern.jpg","type":"image\/jpeg"}],"twitter_card":"summary_large_image","twitter_misc":{"Est. reading time":"5 minut"},"schema":{"@context":"https:\/\/schema.org","@graph":[{"@type":"WebPage","@id":"https:\/\/www.gronbach.com\/sk\/services\/kontakt","url":"https:\/\/www.gronbach.com\/sk\/services\/kontakt","name":"Gronbach: V\u00e1\u0161 kontakt na n\u00e1s","isPartOf":{"@id":"https:\/\/www.gronbach.com\/sk\/#website"},"primaryImageOfPage":{"@id":"https:\/\/www.gronbach.com\/sk\/services\/kontakt#primaryimage"},"image":{"@id":"https:\/\/www.gronbach.com\/sk\/services\/kontakt#primaryimage"},"thumbnailUrl":"https:\/\/www.gronbach.com\/sk\/wp-content\/uploads\/sites\/4\/2022\/03\/gronbach_intern.jpg","datePublished":"2022-03-04T10:10:55+00:00","dateModified":"2023-01-18T07:20:28+00:00","description":"Kontaktujte n\u00e1s a porozpr\u00e1vajte sa o svojom individu\u00e1lnom projekte.","breadcrumb":{"@id":"https:\/\/www.gronbach.com\/sk\/services\/kontakt#breadcrumb"},"inLanguage":"sl-SI","potentialAction":[{"@type":"ReadAction","target":["https:\/\/www.gronbach.com\/sk\/services\/kontakt"]}]},{"@type":"ImageObject","inLanguage":"sl-SI","@id":"https:\/\/www.gronbach.com\/sk\/services\/kontakt#primaryimage","url":"https:\/\/www.gronbach.com\/sk\/wp-content\/uploads\/sites\/4\/2022\/03\/gronbach_intern.jpg","contentUrl":"https:\/\/www.gronbach.com\/sk\/wp-content\/uploads\/sites\/4\/2022\/03\/gronbach_intern.jpg","width":2035,"height":651},{"@type":"BreadcrumbList","@id":"https:\/\/www.gronbach.com\/sk\/services\/kontakt#breadcrumb","itemListElement":[{"@type":"ListItem","position":1,"name":"Home","item":"https:\/\/www.gronbach.com\/sk\/"},{"@type":"ListItem","position":2,"name":"Services","item":"https:\/\/www.gronbach.com\/sk\/services"},{"@type":"ListItem","position":3,"name":"Kontakt"}]},{"@type":"WebSite","@id":"https:\/\/www.gronbach.com\/sk\/#website","url":"https:\/\/www.gronbach.com\/sk\/","name":"Gronbach SK","description":"","publisher":{"@id":"https:\/\/www.gronbach.com\/sk\/#organization"},"potentialAction":[{"@type":"SearchAction","target":{"@type":"EntryPoint","urlTemplate":"https:\/\/www.gronbach.com\/sk\/?s={search_term_string}"},"query-input":{"@type":"PropertyValueSpecification","valueRequired":true,"valueName":"search_term_string"}}],"inLanguage":"sl-SI"},{"@type":"Organization","@id":"https:\/\/www.gronbach.com\/sk\/#organization","name":"Gronbach","url":"https:\/\/www.gronbach.com\/sk\/","logo":{"@type":"ImageObject","inLanguage":"sl-SI","@id":"https:\/\/www.gronbach.com\/sk\/#\/schema\/logo\/image\/","url":"https:\/\/www.gronbach.com\/sk\/wp-content\/uploads\/sites\/4\/2022\/04\/Gronbach_Gruppe_Logo2.png","contentUrl":"https:\/\/www.gronbach.com\/sk\/wp-content\/uploads\/sites\/4\/2022\/04\/Gronbach_Gruppe_Logo2.png","width":160,"height":50,"caption":"Gronbach"},"image":{"@id":"https:\/\/www.gronbach.com\/sk\/#\/schema\/logo\/image\/"},"sameAs":["https:\/\/www.facebook.com\/gronbachslovensko","https:\/\/www.linkedin.com\/company\/gronbach\/","https:\/\/www.instagram.com\/explore\/tags\/gronbach\/","https:\/\/www.youtube.com\/channel\/UCJWrGbPiG4AYHZewlALkACA"]}]}},"_links":{"self":[{"href":"https:\/\/www.gronbach.com\/sk\/wp-json\/wp\/v2\/pages\/6897","targetHints":{"allow":["GET"]}}],"collection":[{"href":"https:\/\/www.gronbach.com\/sk\/wp-json\/wp\/v2\/pages"}],"about":[{"href":"https:\/\/www.gronbach.com\/sk\/wp-json\/wp\/v2\/types\/page"}],"author":[{"embeddable":true,"href":"https:\/\/www.gronbach.com\/sk\/wp-json\/wp\/v2\/users\/1"}],"replies":[{"embeddable":true,"href":"https:\/\/www.gronbach.com\/sk\/wp-json\/wp\/v2\/comments?post=6897"}],"version-history":[{"count":6,"href":"https:\/\/www.gronbach.com\/sk\/wp-json\/wp\/v2\/pages\/6897\/revisions"}],"predecessor-version":[{"id":13117,"href":"https:\/\/www.gronbach.com\/sk\/wp-json\/wp\/v2\/pages\/6897\/revisions\/13117"}],"up":[{"embeddable":true,"href":"https:\/\/www.gronbach.com\/sk\/wp-json\/wp\/v2\/pages\/2270"}],"wp:featuredmedia":[{"embeddable":true,"href":"https:\/\/www.gronbach.com\/sk\/wp-json\/wp\/v2\/media\/6911"}],"wp:attachment":[{"href":"https:\/\/www.gronbach.com\/sk\/wp-json\/wp\/v2\/media?parent=6897"}],"curies":[{"name":"wp","href":"https:\/\/api.w.org\/{rel}","templated":true}]}}