{"id":7324,"date":"2022-03-14T09:28:48","date_gmt":"2022-03-14T08:28:48","guid":{"rendered":"https:\/\/www.gronbach.com\/?page_id=7324"},"modified":"2022-10-21T11:17:55","modified_gmt":"2022-10-21T09:17:55","slug":"lepiaca-technologia","status":"publish","type":"page","link":"https:\/\/www.gronbach.com\/sk\/sluzby\/lepiaca-technologia","title":{"rendered":"Lepiace technol\u00f3gie"},"content":{"rendered":"<p><section id=\"bt_section69f566c325c7c\"  class=\"boldSection topSpaced gutter boxed inherit\" ><div class=\"port\"><div class=\"boldCell\"><div class=\"boldCellInner\"><div class=\"boldRow \" ><div class=\"boldRowInner\"><div class=\"rowItem col-md-12 col-ms-12  btTextLeft animate animate-fadein inherit\"  data-width=\"12\"><div class=\"rowItemContent\" ><header class=\"header btClear large btDash topDash  regular\" ><div class=\"btSuperTitle\"><span>Technol\u00f3gia<\/span><\/div><div class=\"dash\"><h2><span class=\"headline\"><strong>Trval\u00e9<\/strong> spoje.<br \/><br><\/span><\/h2><\/div><div class=\"btSubTitle\">Na\u0161e technol\u00f3gie sp\u00e1jania hlin\u00edka, nehrdzavej\u00facej ocele, skla, plastov a kompozitov zaru\u010duj\u00fa v mnoh\u00fdch oblastiach pou\u017eitia trvanliv\u00fd a kvalitn\u00fd spoj. Na dosiahnutie tohto cie\u013ea pou\u017e\u00edvame r\u00f4zne techniky lepenia a materi\u00e1ly vr\u00e1tane tekut\u00fdch lepidiel, lepiacich p\u00e1sok a lepiacich v\u00fdliskov, ktor\u00e9 aplikujeme ru\u010dne alebo roboticky. Okrem toho pon\u00fakame r\u00f4zne druhy predbe\u017enej \u00fapravy, napr. plazmou, primer, plame\u0148om alebo pyrosilom, ako aj r\u00f4zne met\u00f3dy r\u00fdchleho vytvrdzovania (pomocou UV \u017eiarenia, infra\u010derven\u00e9ho \u017eiarenia, o\u017earovania teplom).<\/div><\/header><div class=\"btClear btSeparator bottomSpaced noBorder\" ><hr><\/div><\/div><\/div><\/div><\/div><\/div><\/div><\/div><\/section><section id=\"bt_section69f566c325f22\" data-parallax=\"-.9\" data-parallax-offset=\"0\" class=\"boldSection topSmallSpaced inherit btParallax\" ><div class=\"port\"><div class=\"boldCell\"><div class=\"boldCellInner\"><div class=\"boldRow \" ><div class=\"boldRowInner\"><div class=\"rowItem col-md-12 col-ms-12  btTextLeft animate animate-fadein animate-moveup inherit\" style=\"transition-delay:600ms;transition-duration: 7s;\" data-width=\"12\"><div class=\"rowItemContent\" ><div class=\"bpgPhoto btDefaultHoverType\" ><div class = \"btImage\"><img decoding=\"async\" src=\"https:\/\/www.gronbach.com\/sk\/wp-content\/uploads\/sites\/4\/2022\/04\/kleberoboter-ansicht.jpg\" alt=\"Verkleben von Komponenten, Baugruppen und Ger\u00e4ten\" title=\"\"><\/div><\/div><\/div><\/div><\/div><\/div><\/div><\/div><\/div><\/section><section id=\"bt_section69f566c3295e9\"  class=\"boldSection topLargeSpaced bottomSemiSpaced gutter boxed inherit\" ><div class=\"port\"><div class=\"boldCell\"><div class=\"boldCellInner\"><div class=\"boldRow \" ><div class=\"boldRowInner\"><div class=\"rowItem col-md-12 col-ms-12  btTextLeft animate animate-fadein inherit\"  data-width=\"12\"><div class=\"rowItemContent\" ><header class=\"header btClear large btDash topDash  regular\" ><div class=\"btSuperTitle\"><span>Spracovanie<\/span><\/div><div class=\"dash\"><h2><span class=\"headline\"><strong>Manu\u00e1lne alebo robotick\u00e9<\/strong> nan\u00e1\u0161anie.<\/p><br><p><\/span><\/h2><\/div><\/header><\/div><\/div><\/div><\/div><div class=\"boldRow \" ><div class=\"boldRowInner\"><div class=\"rowItem col-md-6 col-sm-12 btTextLeft animate animate-fadein inherit btLightSkin\"  data-width=\"6\"><div class=\"rowItemContent\" style = \"background-color: rgba(255, 255, 255, 0.6); \"><div class=\"boldRow \" style=\"max-width: 580px; float: right;\"><div class=\"boldRowInner\"><div class=\"rowItem rowInnerItem col-sm-12  btTextLeft\"  ><div class=\"rowItemContent\"><div class=\"btClear btSeparator topSmallSpaced noBorder\" ><hr><\/div><div class=\"btText\" ><\/p>\n<ul>\n<li>1K lepidl\u00e1 a lepiace p\u00e1sky nan\u00e1\u0161an\u00e9 ru\u010dne alebo roboticky<\/li>\n<li>Lepidl\u00e1 2K v robotick\u00fdch syst\u00e9moch so highend d\u00e1vkovacou technol\u00f3giou<\/li>\n<li>Dierkovan\u00e9 lepiace materi\u00e1ly so \u0161peci\u00e1lnym zariaden\u00edm na dokonal\u00e9 umiestnenie a zalisovanie<\/li>\n<li>Predbe\u017en\u00e1 \u00faprava lepen\u00e9ho povrchu pomocou adh\u00e9zneho n\u00e1teru, o\u0161etrenia plame\u0148om, plazmou alebo pyrosilom<\/li>\n<li>R\u00fdchle vytvrdzovanie teplom, infra\u010derven\u00fdm alebo UV \u017eiaren\u00edm<\/li>\n<\/ul>\n<p>\n<\/div><\/div><\/div><\/div><\/div><\/div><\/div><div class=\"rowItem col-md-6 col-sm-12 btTextLeft animate animate-fadein inherit\"  data-width=\"6\"><div class=\"rowItemContent\" ><div class=\"bpgPhoto btDefaultHoverType\" ><div class = \"btImage\"><img decoding=\"async\" src=\"https:\/\/www.gronbach.com\/sk\/wp-content\/uploads\/sites\/4\/2022\/03\/Roboter-Kleben.jpg\" alt=\"\" title=\"\"><\/div><\/div><div class=\"btClear btSeparator topSmallSpaced bottomSmallSpaced noBorder\" ><hr><\/div><\/div><\/div><\/div><\/div><\/div><\/div><\/div><\/section><section id=\"bt_section69f566c32ab2c\" data-parallax=\"-.9\" data-parallax-offset=\"0\" class=\"boldSection topSemiSpaced bottomSmallSpaced btDarkSkin btAccentColorBackground gutter boxed inherit btParallax\" style=\"background-color:#9fabcb  !important;\"><div class=\"port\"><div class=\"boldCell\"><div class=\"boldCellInner\"><div class=\"boldRow \" ><div class=\"boldRowInner\"><div class=\"rowItem col-md-4 col-ms-12 btTextLeft animate animate-moveright inherit\" style=\"transition-duration: 7s;\" data-width=\"4\"><div class=\"rowItemContent\" ><header class=\"header btClear large btDash topDash machesorange regular\" ><div class=\"btSuperTitle\"><span>Technol\u00f3gie<\/span><\/div><div class=\"dash\"><h2><span class=\"headline\"><strong>\u0160\u00edrka a h\u013abka<\/strong><br \/><br>pri v\u00fdrobe.<\/span><\/h2><\/div><div class=\"btSubTitle\">Na\u0161e v\u0161estrann\u00e9 strojov\u00e9 vybavenie a vysokokvalifikovan\u00fd t\u00edm tvoria z\u00e1klad na\u0161ich v\u00fdrobn\u00fdch technol\u00f3gi\u00ed.<\/div><\/header><div class=\"btClear btSeparator topSmallSpaced noBorder\" ><hr><\/div><a href=\"https:\/\/www.gronbach.com\/sk\/sluzby\" class=\"btBtn btBtn btnFilledStyle btnAlternateColor btnSmall btnNormalWidth btnLeftPosition btnNoIcon\" ><span class=\"btnInnerText\">O na\u0161ich technol\u00f3gi\u00e1ch<\/span><\/a><div class=\"btClear btSeparator topSmallSpaced bottomSmallSpaced noBorder\" ><hr><\/div><div class=\"btClear btSeparator topSmallSpaced bottomSmallSpaced noBorder\" ><hr><\/div><\/div><\/div><div class=\"rowItem col-md-4 col-ms-12 btTextLeft animate animate-fadein inherit btTextIndent\"  data-width=\"4\"><div class=\"rowItemContent\" ><span class=\"btIco btIcoOutlineType btIcoBigSize btIcoDefaultColor btIconSquareShape nopointeraction\"><span  data-ico-fa=\"&#xf1cb;\" class=\"btIcoHolder\"><span>V\u00fdskum a v\u00fdvoj<\/span><\/span><\/span><span class=\"btIco btIcoOutlineType btIcoBigSize btIcoDefaultColor btIconSquareShape nopointeraction\"><span  data-ico-fa=\"&#xf1b3;\" class=\"btIcoHolder\"><span>Tvorba prototypov a vzoriek<\/span><\/span><\/span><span class=\"btIco btIcoOutlineType btIcoBigSize btIcoDefaultColor btIconSquareShape nopointeraction\"><span  data-ico-fa=\"&#xf275;\" class=\"btIcoHolder\"><span>N\u00e1vrh a kon\u0161trukcia n\u00e1strojov<\/span><\/span><\/span><span class=\"btIco btIcoOutlineType btIcoBigSize btIcoDefaultColor btIconSquareShape nopointeraction\"><span  data-ico-fa=\"&#xf02e;\" class=\"btIcoHolder\"><span>Obr\u00e1banie kovov<\/span><\/span><\/span><span class=\"btIco btIcoOutlineType btIcoBigSize btIcoDefaultColor btIconSquareShape nopointeraction\"><span  data-ico-fa=\"&#xf1b2;\" class=\"btIcoHolder\"><span>Povrchov\u00e1 \u00faprava<\/span><\/span><\/span><\/div><\/div><div class=\"rowItem col-md-4 col-ms-12 btTextLeft animate animate-fadein inherit btTextIndent\"  data-width=\"4\"><div class=\"rowItemContent\" ><span class=\"btIco btIcoOutlineType btIcoBigSize btIcoDefaultColor btIconSquareShape nopointeraction\"><span  data-ico-fa=\"&#xf23a;\" class=\"btIcoHolder\"><span>Vstrekovanie plastov<\/span><\/span><\/span><span class=\"btIco btIcoOutlineType btIcoBigSize btIcoDefaultColor btIconSquareShape nopointeraction\"><span  data-ico-fa=\"&#xf06d;\" class=\"btIcoHolder\"><span>Lepiaca technol\u00f3gia<\/span><\/span><\/span><span class=\"btIco btIcoOutlineType btIcoBigSize btIcoDefaultColor btIconSquareShape nopointeraction\"><span  data-ico-fa=\"&#xf212;\" class=\"btIcoHolder\"><span>Sp\u00e4tn\u00e9 vstrekovanie\/hybrid<\/span><\/span><\/span><span class=\"btIco btIcoOutlineType btIcoBigSize btIcoDefaultColor btIconSquareShape nopointeraction\"><span  data-ico-fa=\"&#xf255;\" class=\"btIcoHolder\"><span>Mont\u00e1\u017e a automatiz\u00e1cia<\/span><\/span><\/span><span class=\"btIco btIcoOutlineType btIcoBigSize btIcoDefaultColor btIconSquareShape nopointeraction\"><span  data-ico-fa=\"&#xf187;\" class=\"btIcoHolder\"><span>Dizajn v\u00fdrobkov a obalov<\/span><\/span><\/span><\/div><\/div><\/div><\/div><\/div><\/div><\/div><\/section><section id=\"bt_section69f566c32b18c\"  class=\"boldSection bottomSemiSpaced inherit\" ><div class=\"port\"><div class=\"boldCell\"><div class=\"boldCellInner\"><div class=\"boldRow \" ><div class=\"boldRowInner\"><div class=\"rowItem col-md-12 col-ms-12  btTextCenter animate animate-fadein inherit btNoPadding\"  data-width=\"12\"><div class=\"rowItemContent\" ><\/div><\/div><\/div><\/div><\/div><\/div><\/div><\/section><section id=\"bt_section69f566c32b27b\" data-parallax=\"0.8\" data-parallax-offset=\"0\" class=\"boldSection topSmallSpaced bottomSmallSpaced btDarkSkin gutter boxed inherit btParallax\" style=\"background-color:#3c5e92  !important;\"><div class=\"port\"><div class=\"boldCell\"><div class=\"boldCellInner\"><div class=\"boldRow \" ><div class=\"boldRowInner\"><div class=\"rowItem col-md-12 col-ms-12  btTextLeft animate animate-fadein inherit\"  data-width=\"12\"><div class=\"rowItemContent\" ><div class=\"btClear btSeparator topSemiSpaced noBorder\" ><hr><\/div><header class=\"header btClear large  thin\" ><div class=\"dash\"><h2><span class=\"headline\">V\u00e1\u0161 kontakt na n\u00e1s.<\/span><\/h2><\/div><\/header><div class=\"btClear btSeparator topSemiSpaced noBorder\" ><hr><\/div><\/div><\/div><\/div><\/div><div class=\"boldRow \" ><div class=\"boldRowInner\"><div class=\"rowItem col-md-12 col-ms-12  btTextLeft animate animate-fadein inherit\"  data-width=\"12\"><div class=\"rowItemContent\" ><div class=\"btText\" >\n<div class=\"wpcf7 no-js\" id=\"wpcf7-f12034-o1\" lang=\"de-DE\" dir=\"ltr\" data-wpcf7-id=\"12034\">\n<div class=\"screen-reader-response\"><p role=\"status\" aria-live=\"polite\" aria-atomic=\"true\"><\/p> <ul><\/ul><\/div>\n<form action=\"\/sk\/wp-json\/wp\/v2\/pages\/7324#wpcf7-f12034-o1\" method=\"post\" class=\"wpcf7-form init\" aria-label=\"Kontaktformular\" enctype=\"multipart\/form-data\" novalidate=\"novalidate\" data-status=\"init\">\n<fieldset class=\"hidden-fields-container\"><input type=\"hidden\" name=\"_wpcf7\" value=\"12034\" \/><input type=\"hidden\" name=\"_wpcf7_version\" value=\"6.1.3\" \/><input type=\"hidden\" name=\"_wpcf7_locale\" value=\"de_DE\" \/><input type=\"hidden\" name=\"_wpcf7_unit_tag\" value=\"wpcf7-f12034-o1\" \/><input type=\"hidden\" name=\"_wpcf7_container_post\" value=\"0\" \/><input type=\"hidden\" name=\"_wpcf7_posted_data_hash\" value=\"\" \/><input type=\"hidden\" name=\"_wpcf7cf_hidden_group_fields\" value=\"[]\" \/><input type=\"hidden\" name=\"_wpcf7cf_hidden_groups\" value=\"[]\" \/><input type=\"hidden\" name=\"_wpcf7cf_visible_groups\" value=\"[]\" \/><input type=\"hidden\" name=\"_wpcf7cf_repeaters\" value=\"[]\" \/><input type=\"hidden\" name=\"_wpcf7cf_steps\" value=\"{}\" \/><input type=\"hidden\" name=\"_wpcf7cf_options\" value=\"{&quot;form_id&quot;:12034,&quot;conditions&quot;:[],&quot;settings&quot;:{&quot;animation&quot;:&quot;yes&quot;,&quot;animation_intime&quot;:200,&quot;animation_outtime&quot;:200,&quot;conditions_ui&quot;:&quot;normal&quot;,&quot;notice_dismissed&quot;:false,&quot;notice_dismissed_rollback-cf7-5.6.2&quot;:true,&quot;notice_dismissed_rollback-cf7-5.6.4&quot;:true}}\" \/>\n<\/fieldset>\n<p><label> Spolo\u010dnos\u0165*<br \/>\n<span class=\"wpcf7-form-control-wrap\" data-name=\"your-company\"><input size=\"40\" maxlength=\"400\" class=\"wpcf7-form-control wpcf7-text wpcf7-validates-as-required\" aria-required=\"true\" aria-invalid=\"false\" value=\"\" type=\"text\" name=\"your-company\" \/><\/span> <\/label><br \/>\n<label> Meno a priezvisko*<br \/>\n<span class=\"wpcf7-form-control-wrap\" data-name=\"your-name\"><input size=\"40\" maxlength=\"400\" class=\"wpcf7-form-control wpcf7-text wpcf7-validates-as-required\" aria-required=\"true\" aria-invalid=\"false\" value=\"\" type=\"text\" name=\"your-name\" \/><\/span> <\/label><br \/>\n<label> E-mailov\u00e1 adresa*<br \/>\n<span class=\"wpcf7-form-control-wrap\" data-name=\"your-email\"><input size=\"40\" maxlength=\"400\" class=\"wpcf7-form-control wpcf7-email wpcf7-validates-as-required wpcf7-text wpcf7-validates-as-email\" aria-required=\"true\" aria-invalid=\"false\" value=\"\" type=\"email\" name=\"your-email\" \/><\/span> <\/label><br \/>\n<label> Telef\u00f3n<br \/>\n<span class=\"wpcf7-form-control-wrap\" data-name=\"tel-656\"><input size=\"40\" maxlength=\"400\" class=\"wpcf7-form-control wpcf7-tel wpcf7-text wpcf7-validates-as-tel\" aria-invalid=\"false\" value=\"\" type=\"tel\" name=\"tel-656\" \/><\/span> <\/label><br \/>\n<label> Ulica a \u010d\u00edslo<br \/>\n<span class=\"wpcf7-form-control-wrap\" data-name=\"your-street\"><input size=\"40\" maxlength=\"400\" class=\"wpcf7-form-control wpcf7-text\" aria-invalid=\"false\" value=\"\" type=\"text\" name=\"your-street\" \/><\/span> <\/label>\n<\/p>\n<p><label> PS\u010c a miesto<br \/>\n<span class=\"wpcf7-form-control-wrap\" data-name=\"your-plz\"><input size=\"40\" maxlength=\"400\" class=\"wpcf7-form-control wpcf7-text\" aria-invalid=\"false\" value=\"\" type=\"text\" name=\"your-plz\" \/><\/span> <\/label>\n<\/p>\n<p><label> Va\u0161a spr\u00e1va<br \/>\n<span class=\"wpcf7-form-control-wrap\" data-name=\"your-message\"><textarea cols=\"40\" rows=\"5\" maxlength=\"2000\" class=\"wpcf7-form-control wpcf7-textarea\" aria-invalid=\"false\" name=\"your-message\"><\/textarea><\/span> <\/label><br \/>\n<label> Odosielanie d\u00e1t (max. 8 MB, jpg, pdf, png, zip, docx, stp)<br \/>\n<span class=\"wpcf7-form-control-wrap\" data-name=\"file-429\"><input size=\"40\" class=\"wpcf7-form-control wpcf7-file\" accept=\".jpg,.pdf,.png,.zip,.docx,.stp\" aria-invalid=\"false\" type=\"file\" name=\"file-429\" \/><\/span> <\/label>\n<\/p>\n<p>Va\u0161e \u00fadaje sprac\u00favame v\u00fdlu\u010dne na \u00fa\u010dely odpovede na va\u0161u po\u017eiadavku. Inform\u00e1cie o <a style=\"color:black;text-decoration:underline\" href=\"https:\/\/www.gronbach.com\/sk\/zasady-ochrany-osobnych-udajov\" target=\"_blank\">ochrane \u00fadajov<\/a>\n<\/p>\n<input class=\"wpcf7-form-control wpcf7-hidden\" value=\"\" type=\"hidden\" name=\"referer-page\" \/>\n<p><span class=\"wpcf7-form-control-wrap bwscaptcha-230\"><input style=\"display:none;\" class=\"wpcf7-form-control wpcf7-bwscaptcha\" aria-required=\"true\" type=\"text\" name=\"bwscaptcha-230\" value=\"\" \/><p class=\"cptch_block\"><span class=\"cptch_title cptch_to_remove\">Anti-Spam<span class=\"required\"> *<\/span><\/span><span class=\"cptch_wrap cptch_math_actions\">\n\t\t\t\t<label class=\"cptch_label\" for=\"cptch_input_0\"><span class=\"cptch_span\">8<\/span>\n\t\t\t\t\t<span class=\"cptch_span\">&nbsp;&minus;&nbsp;<\/span>\n\t\t\t\t\t<span class=\"cptch_span\"><input id=\"cptch_input_0\" class=\"cptch_input wpcf7-form-control wpcf7-bwscaptcha\" type=\"text\" autocomplete=\"off\" name=\"bwscaptcha-230\" value=\"\" maxlength=\"2\" size=\"2\" aria-required=\"true\" required=\"required\" style=\"margin-bottom:0;display:inline;font-size: 12px;width: 40px;\" \/><\/span>\n\t\t\t\t\t<span class=\"cptch_span\">&nbsp;=&nbsp;<\/span>\n\t\t\t\t\t<span class=\"cptch_span\">1<\/span>\n\t\t\t\t\t<input type=\"hidden\" name=\"bwscaptcha-230-cptch_result\" value=\"8bk=\" \/><input type=\"hidden\" name=\"cptch_time\" value=\"1777690307\" \/>\n\t\t\t\t\t<input type=\"hidden\" name=\"cptch_form\" value=\"cf7_contact\" \/>\n\t\t\t\t<\/label><span class=\"cptch_reload_button_wrap hide-if-no-js\">\n\t\t\t\t\t<noscript>\n\t\t\t\t\t\t<style type=\"text\/css\">\n\t\t\t\t\t\t\t.hide-if-no-js {\n\t\t\t\t\t\t\t\tdisplay: none !important;\n\t\t\t\t\t\t\t}\n\t\t\t\t\t\t<\/style>\n\t\t\t\t\t<\/noscript>\n\t\t\t\t\t<span class=\"cptch_reload_button dashicons dashicons-update\"><\/span>\n\t\t\t\t<\/span><\/span><\/p><\/span>\n<\/p>\n<p><input class=\"wpcf7-form-control wpcf7-submit has-spinner\" type=\"submit\" value=\"Odosla\u0165\" \/>\n<\/p><div class=\"wpcf7-response-output\" aria-hidden=\"true\"><\/div>\n<\/form>\n<\/div>\n<\/div><\/div><\/div><\/div><\/div><\/div><\/div><\/div><\/section><\/p>\n","protected":false},"excerpt":{"rendered":"","protected":false},"author":1,"featured_media":11540,"parent":5250,"menu_order":0,"comment_status":"closed","ping_status":"closed","template":"","meta":{"editor_notices":[],"footnotes":""},"class_list":["post-7324","page","type-page","status-publish","has-post-thumbnail","hentry"],"yoast_head":"<!-- This site is optimized with the Yoast SEO plugin v26.3 - https:\/\/yoast.com\/wordpress\/plugins\/seo\/ -->\n<title>Gronbach: Techniky lepenia, aplika\u010dn\u00e9 techniky a adhez\u00edvne kompozity<\/title>\n<meta name=\"description\" content=\"Pou\u017e\u00edvame tekut\u00e9 lepidl\u00e1, lepiace p\u00e1sky a tie\u017e samolepiace v\u00fdseky. Pon\u00fakame aj plazmov\u00fa, z\u00e1kladn\u00fa, plame\u0148ov\u00fa alebo pyrosilov\u00fa \u00fapravu.\" \/>\n<meta name=\"robots\" content=\"index, follow, max-snippet:-1, max-image-preview:large, max-video-preview:-1\" \/>\n<link rel=\"canonical\" href=\"https:\/\/www.gronbach.com\/sk\/sluzby\/lepiaca-technologia\" \/>\n<meta property=\"og:locale\" content=\"sl_SI\" \/>\n<meta property=\"og:type\" content=\"article\" \/>\n<meta property=\"og:title\" content=\"Gronbach: Techniky lepenia, aplika\u010dn\u00e9 techniky a adhez\u00edvne kompozity\" \/>\n<meta property=\"og:description\" content=\"Pou\u017e\u00edvame tekut\u00e9 lepidl\u00e1, lepiace p\u00e1sky a tie\u017e samolepiace v\u00fdseky. Pon\u00fakame aj plazmov\u00fa, z\u00e1kladn\u00fa, plame\u0148ov\u00fa alebo pyrosilov\u00fa \u00fapravu.\" \/>\n<meta property=\"og:url\" content=\"https:\/\/www.gronbach.com\/sk\/sluzby\/lepiaca-technologia\" \/>\n<meta property=\"og:site_name\" content=\"Gronbach SK\" \/>\n<meta property=\"article:publisher\" content=\"https:\/\/www.facebook.com\/gronbachslovensko\" \/>\n<meta property=\"article:modified_time\" content=\"2022-10-21T09:17:55+00:00\" \/>\n<meta property=\"og:image\" content=\"https:\/\/www.gronbach.com\/sk\/wp-content\/uploads\/sites\/4\/2022\/05\/header-kleben.jpg\" \/>\n\t<meta property=\"og:image:width\" content=\"2000\" \/>\n\t<meta property=\"og:image:height\" content=\"609\" \/>\n\t<meta property=\"og:image:type\" content=\"image\/jpeg\" \/>\n<meta name=\"twitter:card\" content=\"summary_large_image\" \/>\n<meta name=\"twitter:label1\" content=\"Est. reading time\" \/>\n\t<meta name=\"twitter:data1\" content=\"8 minut\" \/>\n<!-- \/ Yoast SEO plugin. -->","yoast_head_json":{"title":"Gronbach: Techniky lepenia, aplika\u010dn\u00e9 techniky a adhez\u00edvne kompozity","description":"Pou\u017e\u00edvame tekut\u00e9 lepidl\u00e1, lepiace p\u00e1sky a tie\u017e samolepiace v\u00fdseky. Pon\u00fakame aj plazmov\u00fa, z\u00e1kladn\u00fa, plame\u0148ov\u00fa alebo pyrosilov\u00fa \u00fapravu.","robots":{"index":"index","follow":"follow","max-snippet":"max-snippet:-1","max-image-preview":"max-image-preview:large","max-video-preview":"max-video-preview:-1"},"canonical":"https:\/\/www.gronbach.com\/sk\/sluzby\/lepiaca-technologia","og_locale":"sl_SI","og_type":"article","og_title":"Gronbach: Techniky lepenia, aplika\u010dn\u00e9 techniky a adhez\u00edvne kompozity","og_description":"Pou\u017e\u00edvame tekut\u00e9 lepidl\u00e1, lepiace p\u00e1sky a tie\u017e samolepiace v\u00fdseky. Pon\u00fakame aj plazmov\u00fa, z\u00e1kladn\u00fa, plame\u0148ov\u00fa alebo pyrosilov\u00fa \u00fapravu.","og_url":"https:\/\/www.gronbach.com\/sk\/sluzby\/lepiaca-technologia","og_site_name":"Gronbach SK","article_publisher":"https:\/\/www.facebook.com\/gronbachslovensko","article_modified_time":"2022-10-21T09:17:55+00:00","og_image":[{"width":2000,"height":609,"url":"https:\/\/www.gronbach.com\/sk\/wp-content\/uploads\/sites\/4\/2022\/05\/header-kleben.jpg","type":"image\/jpeg"}],"twitter_card":"summary_large_image","twitter_misc":{"Est. reading time":"8 minut"},"schema":{"@context":"https:\/\/schema.org","@graph":[{"@type":"WebPage","@id":"https:\/\/www.gronbach.com\/sk\/sluzby\/lepiaca-technologia","url":"https:\/\/www.gronbach.com\/sk\/sluzby\/lepiaca-technologia","name":"Gronbach: Techniky lepenia, aplika\u010dn\u00e9 techniky a adhez\u00edvne kompozity","isPartOf":{"@id":"https:\/\/www.gronbach.com\/sk\/#website"},"primaryImageOfPage":{"@id":"https:\/\/www.gronbach.com\/sk\/sluzby\/lepiaca-technologia#primaryimage"},"image":{"@id":"https:\/\/www.gronbach.com\/sk\/sluzby\/lepiaca-technologia#primaryimage"},"thumbnailUrl":"https:\/\/www.gronbach.com\/sk\/wp-content\/uploads\/sites\/4\/2022\/05\/header-kleben.jpg","datePublished":"2022-03-14T08:28:48+00:00","dateModified":"2022-10-21T09:17:55+00:00","description":"Pou\u017e\u00edvame tekut\u00e9 lepidl\u00e1, lepiace p\u00e1sky a tie\u017e samolepiace v\u00fdseky. Pon\u00fakame aj plazmov\u00fa, z\u00e1kladn\u00fa, plame\u0148ov\u00fa alebo pyrosilov\u00fa \u00fapravu.","breadcrumb":{"@id":"https:\/\/www.gronbach.com\/sk\/sluzby\/lepiaca-technologia#breadcrumb"},"inLanguage":"sl-SI","potentialAction":[{"@type":"ReadAction","target":["https:\/\/www.gronbach.com\/sk\/sluzby\/lepiaca-technologia"]}]},{"@type":"ImageObject","inLanguage":"sl-SI","@id":"https:\/\/www.gronbach.com\/sk\/sluzby\/lepiaca-technologia#primaryimage","url":"https:\/\/www.gronbach.com\/sk\/wp-content\/uploads\/sites\/4\/2022\/05\/header-kleben.jpg","contentUrl":"https:\/\/www.gronbach.com\/sk\/wp-content\/uploads\/sites\/4\/2022\/05\/header-kleben.jpg","width":2000,"height":609,"caption":"Klebetechnologie bei der Herstellung bzw. Fertigung von Komponenten, Ger\u00e4ten und Baugruppen"},{"@type":"BreadcrumbList","@id":"https:\/\/www.gronbach.com\/sk\/sluzby\/lepiaca-technologia#breadcrumb","itemListElement":[{"@type":"ListItem","position":1,"name":"Home","item":"https:\/\/www.gronbach.com\/sk\/"},{"@type":"ListItem","position":2,"name":"Slu\u017eby","item":"https:\/\/www.gronbach.com\/sk\/sluzby"},{"@type":"ListItem","position":3,"name":"Lepiace technol\u00f3gie"}]},{"@type":"WebSite","@id":"https:\/\/www.gronbach.com\/sk\/#website","url":"https:\/\/www.gronbach.com\/sk\/","name":"Gronbach SK","description":"","publisher":{"@id":"https:\/\/www.gronbach.com\/sk\/#organization"},"potentialAction":[{"@type":"SearchAction","target":{"@type":"EntryPoint","urlTemplate":"https:\/\/www.gronbach.com\/sk\/?s={search_term_string}"},"query-input":{"@type":"PropertyValueSpecification","valueRequired":true,"valueName":"search_term_string"}}],"inLanguage":"sl-SI"},{"@type":"Organization","@id":"https:\/\/www.gronbach.com\/sk\/#organization","name":"Gronbach","url":"https:\/\/www.gronbach.com\/sk\/","logo":{"@type":"ImageObject","inLanguage":"sl-SI","@id":"https:\/\/www.gronbach.com\/sk\/#\/schema\/logo\/image\/","url":"https:\/\/www.gronbach.com\/sk\/wp-content\/uploads\/sites\/4\/2022\/04\/Gronbach_Gruppe_Logo2.png","contentUrl":"https:\/\/www.gronbach.com\/sk\/wp-content\/uploads\/sites\/4\/2022\/04\/Gronbach_Gruppe_Logo2.png","width":160,"height":50,"caption":"Gronbach"},"image":{"@id":"https:\/\/www.gronbach.com\/sk\/#\/schema\/logo\/image\/"},"sameAs":["https:\/\/www.facebook.com\/gronbachslovensko","https:\/\/www.linkedin.com\/company\/gronbach\/","https:\/\/www.instagram.com\/explore\/tags\/gronbach\/","https:\/\/www.youtube.com\/channel\/UCJWrGbPiG4AYHZewlALkACA"]}]}},"_links":{"self":[{"href":"https:\/\/www.gronbach.com\/sk\/wp-json\/wp\/v2\/pages\/7324","targetHints":{"allow":["GET"]}}],"collection":[{"href":"https:\/\/www.gronbach.com\/sk\/wp-json\/wp\/v2\/pages"}],"about":[{"href":"https:\/\/www.gronbach.com\/sk\/wp-json\/wp\/v2\/types\/page"}],"author":[{"embeddable":true,"href":"https:\/\/www.gronbach.com\/sk\/wp-json\/wp\/v2\/users\/1"}],"replies":[{"embeddable":true,"href":"https:\/\/www.gronbach.com\/sk\/wp-json\/wp\/v2\/comments?post=7324"}],"version-history":[{"count":42,"href":"https:\/\/www.gronbach.com\/sk\/wp-json\/wp\/v2\/pages\/7324\/revisions"}],"predecessor-version":[{"id":12756,"href":"https:\/\/www.gronbach.com\/sk\/wp-json\/wp\/v2\/pages\/7324\/revisions\/12756"}],"up":[{"embeddable":true,"href":"https:\/\/www.gronbach.com\/sk\/wp-json\/wp\/v2\/pages\/5250"}],"wp:featuredmedia":[{"embeddable":true,"href":"https:\/\/www.gronbach.com\/sk\/wp-json\/wp\/v2\/media\/11540"}],"wp:attachment":[{"href":"https:\/\/www.gronbach.com\/sk\/wp-json\/wp\/v2\/media?parent=7324"}],"curies":[{"name":"wp","href":"https:\/\/api.w.org\/{rel}","templated":true}]}}