{"id":7340,"date":"2022-03-14T09:56:08","date_gmt":"2022-03-14T08:56:08","guid":{"rendered":"https:\/\/www.gronbach.com\/?page_id=7340"},"modified":"2022-10-21T11:20:57","modified_gmt":"2022-10-21T09:20:57","slug":"vyroba-nastrojov","status":"publish","type":"page","link":"https:\/\/www.gronbach.com\/sk\/sluzby\/vyroba-nastrojov","title":{"rendered":"V\u00fdroba n\u00e1strojov"},"content":{"rendered":"<p><section id=\"bt_section69e4f1447cbc1\"  class=\"boldSection topLargeSpaced gutter boxed inherit\" ><div class=\"port\"><div class=\"boldCell\"><div class=\"boldCellInner\"><div class=\"boldRow \" ><div class=\"boldRowInner\"><div class=\"rowItem col-md-12 col-ms-12  btTextLeft animate animate-fadein inherit\"  data-width=\"12\"><div class=\"rowItemContent\" ><header class=\"header btClear large btDash topDash  regular\" ><div class=\"btSuperTitle\"><span>V\u00fdroba n\u00e1strojov<\/span><\/div><div class=\"dash\"><h2><span class=\"headline\">V\u00e1\u0161e\u0148 pre <strong>presnos\u0165<\/strong>.<br \/><br><\/span><\/h2><\/div><div class=\"btSubTitle\">V s\u00falade s po\u017eiadavkami a parametrami na\u0161i kon\u0161trukt\u00e9ri vyv\u00edjaj\u00fa vysoko presn\u00e9 n\u00e1stroje, ktor\u00e9 vyr\u00e1bame v na\u0161ej n\u00e1stroj\u00e1rni z vysokokvalitn\u00fdch ocel\u00ed a pomocou modern\u00fdch techn\u00edk tepeln\u00e9ho spracovania a povrchovej \u00fapravy.<br \/><br>V\u0161etky oper\u00e1cie pri v\u00fdrobe n\u00e1strojov sa uskuto\u010d\u0148uj\u00fa v na\u0161ich prev\u00e1dzkach, \u010do zaru\u010duje kr\u00e1tke koordina\u010dn\u00e9 cesty, pl\u00e1novan\u00fa realiz\u00e1ciu a vysokokvalitn\u00fa a n\u00edzkon\u00e1kladov\u00fa \u00fadr\u017ebu.<\/div><\/header><div class=\"btClear btSeparator bottomSpaced noBorder\" ><hr><\/div><\/div><\/div><\/div><\/div><\/div><\/div><\/div><\/section><section id=\"bt_section69e4f1447d37e\"  class=\"boldSection topSmallSpaced bottomSemiSpaced inherit\" ><div class=\"port\"><div class=\"boldCell\"><div class=\"boldCellInner\"><div class=\"boldRow \" ><div class=\"boldRowInner\"><div class=\"rowItem col-md-12 col-ms-12  btTextLeft animate animate-fadein animate-moveup inherit\" style=\"transition-delay:600ms;transition-duration: 7s;\" data-width=\"12\"><div class=\"rowItemContent\" ><div class=\"bpgPhoto btDefaultHoverType\" ><div class = \"btImage\"><img decoding=\"async\" src=\"https:\/\/www.gronbach.com\/sk\/wp-content\/uploads\/sites\/4\/2022\/03\/wzb-mitte-min.png\" alt=\"Unternehmen Firma f\u00fcr spezifischen Werkzeugbau Deutschland\" title=\"\"><\/div><\/div><\/div><\/div><\/div><\/div><\/div><\/div><\/div><\/section><section id=\"bt_section69e4f144802bf\"  class=\"boldSection bottomSemiSpaced inherit\" ><div class=\"port\"><div class=\"boldCell\"><div class=\"boldCellInner\"><div class=\"boldRow \" ><div class=\"boldRowInner\"><div class=\"rowItem col-md-6 col-sm-12 btTextLeft animate animate-fadein inherit btDoublePadding\" style=\"padding:0 90px;\" data-width=\"6\"><div class=\"rowItemContent\" ><header class=\"header btClear large btDash topDash  regular\" ><div class=\"btSuperTitle\"><span>Slu\u017eby<\/span><\/div><div class=\"dash\"><h2><span class=\"headline\">N\u00e1stroje v z\u00e1vislosti od <strong>po\u017eiadaviek<\/strong>.<\/p><br><p><\/span><\/h2><\/div><\/header><div class=\"btText\" ><\/p>\n<ul>\n<li>N\u00e1stroje na razenie<\/li>\n<li>N\u00e1stroje na dierovanie<\/li>\n<li>N\u00e1stroje s viacer\u00fdmi dutinami<\/li>\n<li>Postupov\u00fd zdru\u017een\u00fd n\u00e1stroj<\/li>\n<li>Vstrekovacie formy<\/li>\n<li>N\u00e1stroje na prenos<\/li>\n<li>Tvarovacie n\u00e1stroje pre vidite\u013en\u00e9 komponenty<\/li>\n<li>Pr\u00edpravky na manipul\u00e1ciu<\/li>\n<li>Testovacie a meracie zariadenia<\/li>\n<\/ul>\n<p>\n<\/div><\/div><\/div><div class=\"rowItem col-md-6 col-sm-12 btTextLeft animate animate-fadein animate-moveleft btTopVertical btNoPadding\" style=\"transition-delay:600ms;transition-duration: 7s;\" data-width=\"6\"><div class=\"rowItemContent\" ><div class=\"bpgPhoto btDefaultHoverType\" ><div class = \"btImage\"><img decoding=\"async\" src=\"https:\/\/www.gronbach.com\/sk\/wp-content\/uploads\/sites\/4\/2022\/08\/werkzeug-zoom.png\" alt=\"\" title=\"\"><\/div><\/div><\/div><\/div><\/div><\/div><\/div><\/div><\/div><\/section><section id=\"bt_section69e4f144835e7\" data-parallax=\"-.9\" data-parallax-offset=\"0\" class=\"boldSection topSemiSpaced bottomSmallSpaced btDarkSkin btAccentColorBackground gutter boxed inherit btParallax\" style=\"background-color:#9fabcb  !important;\"><div class=\"port\"><div class=\"boldCell\"><div class=\"boldCellInner\"><div class=\"boldRow \" ><div class=\"boldRowInner\"><div class=\"rowItem col-md-4 col-ms-12 btTextLeft animate animate-moveright inherit\" style=\"transition-duration: 7s;\" data-width=\"4\"><div class=\"rowItemContent\" ><header class=\"header btClear large btDash topDash machesorange regular\" ><div class=\"btSuperTitle\"><span>Technol\u00f3gie<\/span><\/div><div class=\"dash\"><h2><span class=\"headline\"><strong>\u0160\u00edrka a h\u013abka<\/strong><br \/><br>pri v\u00fdrobe.<\/span><\/h2><\/div><div class=\"btSubTitle\">Na\u0161e v\u0161estrann\u00e9 strojov\u00e9 vybavenie a vysokokvalifikovan\u00fd t\u00edm tvoria z\u00e1klad na\u0161ich v\u00fdrobn\u00fdch technol\u00f3gi\u00ed.<\/div><\/header><div class=\"btClear btSeparator topSmallSpaced noBorder\" ><hr><\/div><a href=\"https:\/\/www.gronbach.com\/sk\/sluzby\" class=\"btBtn btBtn btnFilledStyle btnAlternateColor btnSmall btnNormalWidth btnLeftPosition btnNoIcon\" ><span class=\"btnInnerText\">O na\u0161ich technol\u00f3gi\u00e1ch<\/span><\/a><div class=\"btClear btSeparator topSmallSpaced bottomSmallSpaced noBorder\" ><hr><\/div><div class=\"btClear btSeparator topSmallSpaced bottomSmallSpaced noBorder\" ><hr><\/div><\/div><\/div><div class=\"rowItem col-md-4 col-ms-12 btTextLeft animate animate-fadein inherit btTextIndent\"  data-width=\"4\"><div class=\"rowItemContent\" ><span class=\"btIco btIcoOutlineType btIcoBigSize btIcoDefaultColor btIconSquareShape nopointeraction\"><span  data-ico-fa=\"&#xf1cb;\" class=\"btIcoHolder\"><span>V\u00fdskum a v\u00fdvoj<\/span><\/span><\/span><span class=\"btIco btIcoOutlineType btIcoBigSize btIcoDefaultColor btIconSquareShape nopointeraction\"><span  data-ico-fa=\"&#xf1b3;\" class=\"btIcoHolder\"><span>Tvorba prototypov a vzoriek<\/span><\/span><\/span><span class=\"btIco btIcoOutlineType btIcoBigSize btIcoDefaultColor btIconSquareShape nopointeraction\"><span  data-ico-fa=\"&#xf275;\" class=\"btIcoHolder\"><span>N\u00e1vrh a kon\u0161trukcia n\u00e1strojov<\/span><\/span><\/span><span class=\"btIco btIcoOutlineType btIcoBigSize btIcoDefaultColor btIconSquareShape nopointeraction\"><span  data-ico-fa=\"&#xf02e;\" class=\"btIcoHolder\"><span>Obr\u00e1banie kovov<\/span><\/span><\/span><span class=\"btIco btIcoOutlineType btIcoBigSize btIcoDefaultColor btIconSquareShape nopointeraction\"><span  data-ico-fa=\"&#xf1b2;\" class=\"btIcoHolder\"><span>Povrchov\u00e1 \u00faprava<\/span><\/span><\/span><\/div><\/div><div class=\"rowItem col-md-4 col-ms-12 btTextLeft animate animate-fadein inherit btTextIndent\"  data-width=\"4\"><div class=\"rowItemContent\" ><span class=\"btIco btIcoOutlineType btIcoBigSize btIcoDefaultColor btIconSquareShape nopointeraction\"><span  data-ico-fa=\"&#xf23a;\" class=\"btIcoHolder\"><span>Vstrekovanie plastov<\/span><\/span><\/span><span class=\"btIco btIcoOutlineType btIcoBigSize btIcoDefaultColor btIconSquareShape nopointeraction\"><span  data-ico-fa=\"&#xf06d;\" class=\"btIcoHolder\"><span>Lepiaca technol\u00f3gia<\/span><\/span><\/span><span class=\"btIco btIcoOutlineType btIcoBigSize btIcoDefaultColor btIconSquareShape nopointeraction\"><span  data-ico-fa=\"&#xf212;\" class=\"btIcoHolder\"><span>Sp\u00e4tn\u00e9 vstrekovanie\/hybrid<\/span><\/span><\/span><span class=\"btIco btIcoOutlineType btIcoBigSize btIcoDefaultColor btIconSquareShape nopointeraction\"><span  data-ico-fa=\"&#xf255;\" class=\"btIcoHolder\"><span>Mont\u00e1\u017e a automatiz\u00e1cia<\/span><\/span><\/span><span class=\"btIco btIcoOutlineType btIcoBigSize btIcoDefaultColor btIconSquareShape nopointeraction\"><span  data-ico-fa=\"&#xf187;\" class=\"btIcoHolder\"><span>Dizajn v\u00fdrobkov a obalov<\/span><\/span><\/span><\/div><\/div><\/div><\/div><\/div><\/div><\/div><\/section><section id=\"bt_section69e4f14483b81\"  class=\"boldSection topSpaced gutter boxed inherit\" style=\"background-color:#ffffff  !important;\"><div class=\"port\"><div class=\"boldCell\"><div class=\"boldCellInner\"><div class=\"boldRow \" ><div class=\"boldRowInner\"><div class=\"rowItem col-md-12 col-ms-12  btTextLeft animate animate-fadein inherit\"  data-width=\"12\"><div class=\"rowItemContent\" ><div class=\"btClear btSeparator topSemiSpaced noBorder\" ><hr><\/div><\/div><\/div><\/div><\/div><\/div><\/div><\/div><\/section><section id=\"bt_section69e4f14483d12\" data-parallax=\"0.8\" data-parallax-offset=\"0\" class=\"boldSection topSmallSpaced bottomSmallSpaced btDarkSkin gutter boxed inherit btParallax\" style=\"background-color:#3c5e92  !important;\"><div class=\"port\"><div class=\"boldCell\"><div class=\"boldCellInner\"><div class=\"boldRow \" ><div class=\"boldRowInner\"><div class=\"rowItem col-md-12 col-ms-12  btTextLeft animate animate-fadein inherit\"  data-width=\"12\"><div class=\"rowItemContent\" ><div class=\"btClear btSeparator topSemiSpaced noBorder\" ><hr><\/div><header class=\"header btClear large  thin\" ><div class=\"dash\"><h2><span class=\"headline\">V\u00e1\u0161 kontakt na n\u00e1s.<\/span><\/h2><\/div><\/header><div class=\"btClear btSeparator topSemiSpaced noBorder\" ><hr><\/div><\/div><\/div><\/div><\/div><div class=\"boldRow \" ><div class=\"boldRowInner\"><div class=\"rowItem col-md-12 col-ms-12  btTextLeft animate animate-fadein inherit\"  data-width=\"12\"><div class=\"rowItemContent\" ><div class=\"btText\" >\n<div class=\"wpcf7 no-js\" id=\"wpcf7-f12034-o1\" lang=\"de-DE\" dir=\"ltr\" data-wpcf7-id=\"12034\">\n<div class=\"screen-reader-response\"><p role=\"status\" aria-live=\"polite\" aria-atomic=\"true\"><\/p> <ul><\/ul><\/div>\n<form action=\"\/sk\/wp-json\/wp\/v2\/pages\/7340#wpcf7-f12034-o1\" method=\"post\" class=\"wpcf7-form init\" aria-label=\"Kontaktformular\" enctype=\"multipart\/form-data\" novalidate=\"novalidate\" data-status=\"init\">\n<fieldset class=\"hidden-fields-container\"><input type=\"hidden\" name=\"_wpcf7\" value=\"12034\" \/><input type=\"hidden\" name=\"_wpcf7_version\" value=\"6.1.3\" \/><input type=\"hidden\" name=\"_wpcf7_locale\" value=\"de_DE\" \/><input type=\"hidden\" name=\"_wpcf7_unit_tag\" value=\"wpcf7-f12034-o1\" \/><input type=\"hidden\" name=\"_wpcf7_container_post\" value=\"0\" \/><input type=\"hidden\" name=\"_wpcf7_posted_data_hash\" value=\"\" \/><input type=\"hidden\" name=\"_wpcf7cf_hidden_group_fields\" value=\"[]\" \/><input type=\"hidden\" name=\"_wpcf7cf_hidden_groups\" value=\"[]\" \/><input type=\"hidden\" name=\"_wpcf7cf_visible_groups\" value=\"[]\" \/><input type=\"hidden\" name=\"_wpcf7cf_repeaters\" value=\"[]\" \/><input type=\"hidden\" name=\"_wpcf7cf_steps\" value=\"{}\" \/><input type=\"hidden\" name=\"_wpcf7cf_options\" value=\"{&quot;form_id&quot;:12034,&quot;conditions&quot;:[],&quot;settings&quot;:{&quot;animation&quot;:&quot;yes&quot;,&quot;animation_intime&quot;:200,&quot;animation_outtime&quot;:200,&quot;conditions_ui&quot;:&quot;normal&quot;,&quot;notice_dismissed&quot;:false,&quot;notice_dismissed_rollback-cf7-5.6.2&quot;:true,&quot;notice_dismissed_rollback-cf7-5.6.4&quot;:true}}\" \/>\n<\/fieldset>\n<p><label> Spolo\u010dnos\u0165*<br \/>\n<span class=\"wpcf7-form-control-wrap\" data-name=\"your-company\"><input size=\"40\" maxlength=\"400\" class=\"wpcf7-form-control wpcf7-text wpcf7-validates-as-required\" aria-required=\"true\" aria-invalid=\"false\" value=\"\" type=\"text\" name=\"your-company\" \/><\/span> <\/label><br \/>\n<label> Meno a priezvisko*<br \/>\n<span class=\"wpcf7-form-control-wrap\" data-name=\"your-name\"><input size=\"40\" maxlength=\"400\" class=\"wpcf7-form-control wpcf7-text wpcf7-validates-as-required\" aria-required=\"true\" aria-invalid=\"false\" value=\"\" type=\"text\" name=\"your-name\" \/><\/span> <\/label><br \/>\n<label> E-mailov\u00e1 adresa*<br \/>\n<span class=\"wpcf7-form-control-wrap\" data-name=\"your-email\"><input size=\"40\" maxlength=\"400\" class=\"wpcf7-form-control wpcf7-email wpcf7-validates-as-required wpcf7-text wpcf7-validates-as-email\" aria-required=\"true\" aria-invalid=\"false\" value=\"\" type=\"email\" name=\"your-email\" \/><\/span> <\/label><br \/>\n<label> Telef\u00f3n<br \/>\n<span class=\"wpcf7-form-control-wrap\" data-name=\"tel-656\"><input size=\"40\" maxlength=\"400\" class=\"wpcf7-form-control wpcf7-tel wpcf7-text wpcf7-validates-as-tel\" aria-invalid=\"false\" value=\"\" type=\"tel\" name=\"tel-656\" \/><\/span> <\/label><br \/>\n<label> Ulica a \u010d\u00edslo<br \/>\n<span class=\"wpcf7-form-control-wrap\" data-name=\"your-street\"><input size=\"40\" maxlength=\"400\" class=\"wpcf7-form-control wpcf7-text\" aria-invalid=\"false\" value=\"\" type=\"text\" name=\"your-street\" \/><\/span> <\/label>\n<\/p>\n<p><label> PS\u010c a miesto<br \/>\n<span class=\"wpcf7-form-control-wrap\" data-name=\"your-plz\"><input size=\"40\" maxlength=\"400\" class=\"wpcf7-form-control wpcf7-text\" aria-invalid=\"false\" value=\"\" type=\"text\" name=\"your-plz\" \/><\/span> <\/label>\n<\/p>\n<p><label> Va\u0161a spr\u00e1va<br \/>\n<span class=\"wpcf7-form-control-wrap\" data-name=\"your-message\"><textarea cols=\"40\" rows=\"5\" maxlength=\"2000\" class=\"wpcf7-form-control wpcf7-textarea\" aria-invalid=\"false\" name=\"your-message\"><\/textarea><\/span> <\/label><br \/>\n<label> Odosielanie d\u00e1t (max. 8 MB, jpg, pdf, png, zip, docx, stp)<br \/>\n<span class=\"wpcf7-form-control-wrap\" data-name=\"file-429\"><input size=\"40\" class=\"wpcf7-form-control wpcf7-file\" accept=\".jpg,.pdf,.png,.zip,.docx,.stp\" aria-invalid=\"false\" type=\"file\" name=\"file-429\" \/><\/span> <\/label>\n<\/p>\n<p>Va\u0161e \u00fadaje sprac\u00favame v\u00fdlu\u010dne na \u00fa\u010dely odpovede na va\u0161u po\u017eiadavku. Inform\u00e1cie o <a style=\"color:black;text-decoration:underline\" href=\"https:\/\/www.gronbach.com\/sk\/zasady-ochrany-osobnych-udajov\" target=\"_blank\">ochrane \u00fadajov<\/a>\n<\/p>\n<input class=\"wpcf7-form-control wpcf7-hidden\" value=\"\" type=\"hidden\" name=\"referer-page\" \/>\n<p><span class=\"wpcf7-form-control-wrap bwscaptcha-230\"><input style=\"display:none;\" class=\"wpcf7-form-control wpcf7-bwscaptcha\" aria-required=\"true\" type=\"text\" name=\"bwscaptcha-230\" value=\"\" \/><p class=\"cptch_block\"><span class=\"cptch_title cptch_to_remove\">Anti-Spam<span class=\"required\"> *<\/span><\/span><span class=\"cptch_wrap cptch_math_actions\">\n\t\t\t\t<label class=\"cptch_label\" for=\"cptch_input_94\"><span class=\"cptch_span\">7<\/span>\n\t\t\t\t\t<span class=\"cptch_span\">&nbsp;&minus;&nbsp;<\/span>\n\t\t\t\t\t<span class=\"cptch_span\"><input id=\"cptch_input_94\" class=\"cptch_input wpcf7-form-control wpcf7-bwscaptcha\" type=\"text\" autocomplete=\"off\" name=\"bwscaptcha-230\" value=\"\" maxlength=\"2\" size=\"2\" aria-required=\"true\" required=\"required\" style=\"margin-bottom:0;display:inline;font-size: 12px;width: 40px;\" \/><\/span>\n\t\t\t\t\t<span class=\"cptch_span\">&nbsp;=&nbsp;<\/span>\n\t\t\t\t\t<span class=\"cptch_span\">0<\/span>\n\t\t\t\t\t<input type=\"hidden\" name=\"bwscaptcha-230-cptch_result\" value=\"XLM=\" \/><input type=\"hidden\" name=\"cptch_time\" value=\"1776611652\" \/>\n\t\t\t\t\t<input type=\"hidden\" name=\"cptch_form\" value=\"cf7_contact\" \/>\n\t\t\t\t<\/label><span class=\"cptch_reload_button_wrap hide-if-no-js\">\n\t\t\t\t\t<noscript>\n\t\t\t\t\t\t<style type=\"text\/css\">\n\t\t\t\t\t\t\t.hide-if-no-js {\n\t\t\t\t\t\t\t\tdisplay: none !important;\n\t\t\t\t\t\t\t}\n\t\t\t\t\t\t<\/style>\n\t\t\t\t\t<\/noscript>\n\t\t\t\t\t<span class=\"cptch_reload_button dashicons dashicons-update\"><\/span>\n\t\t\t\t<\/span><\/span><\/p><\/span>\n<\/p>\n<p><input class=\"wpcf7-form-control wpcf7-submit has-spinner\" type=\"submit\" value=\"Odosla\u0165\" \/>\n<\/p><div class=\"wpcf7-response-output\" aria-hidden=\"true\"><\/div>\n<\/form>\n<\/div>\n<\/div><\/div><\/div><\/div><\/div><\/div><\/div><\/div><\/section><\/p>\n","protected":false},"excerpt":{"rendered":"","protected":false},"author":1,"featured_media":7374,"parent":5250,"menu_order":0,"comment_status":"closed","ping_status":"closed","template":"","meta":{"editor_notices":[],"footnotes":""},"class_list":["post-7340","page","type-page","status-publish","has-post-thumbnail","hentry"],"yoast_head":"<!-- This site is optimized with the Yoast SEO plugin v26.3 - https:\/\/yoast.com\/wordpress\/plugins\/seo\/ -->\n<title>Gronbach: V\u00fdroba n\u00e1strojov, v\u00fdrobcovia n\u00e1strojov pre priemysel<\/title>\n<meta name=\"description\" content=\"V\u00fdroba flexibiln\u00fdch n\u00e1strojov, v\u00fdrobcovia n\u00e1strojov vr\u00e1tane v\u00fdrobcov viacdutinov\u00fdch n\u00e1strojov, dierovac\u00edch n\u00e1strojov, progres\u00edvnych lisovac\u00edch n\u00e1strojov, n\u00e1strojov na vstrekovanie plastov\" \/>\n<meta name=\"robots\" content=\"index, follow, max-snippet:-1, max-image-preview:large, max-video-preview:-1\" \/>\n<link rel=\"canonical\" href=\"https:\/\/www.gronbach.com\/sk\/sluzby\/vyroba-nastrojov\" \/>\n<meta property=\"og:locale\" content=\"sl_SI\" \/>\n<meta property=\"og:type\" content=\"article\" \/>\n<meta property=\"og:title\" content=\"Gronbach: V\u00fdroba n\u00e1strojov, v\u00fdrobcovia n\u00e1strojov pre priemysel\" \/>\n<meta property=\"og:description\" content=\"V\u00fdroba flexibiln\u00fdch n\u00e1strojov, v\u00fdrobcovia n\u00e1strojov vr\u00e1tane v\u00fdrobcov viacdutinov\u00fdch n\u00e1strojov, dierovac\u00edch n\u00e1strojov, progres\u00edvnych lisovac\u00edch n\u00e1strojov, n\u00e1strojov na vstrekovanie plastov\" \/>\n<meta property=\"og:url\" content=\"https:\/\/www.gronbach.com\/sk\/sluzby\/vyroba-nastrojov\" \/>\n<meta property=\"og:site_name\" content=\"Gronbach SK\" \/>\n<meta property=\"article:publisher\" content=\"https:\/\/www.facebook.com\/gronbachslovensko\" \/>\n<meta property=\"article:modified_time\" content=\"2022-10-21T09:20:57+00:00\" \/>\n<meta property=\"og:image\" content=\"https:\/\/www.gronbach.com\/sk\/wp-content\/uploads\/sites\/4\/2022\/03\/unser-werkzeugbau.jpg\" \/>\n\t<meta property=\"og:image:width\" content=\"1997\" \/>\n\t<meta property=\"og:image:height\" content=\"445\" \/>\n\t<meta property=\"og:image:type\" content=\"image\/jpeg\" \/>\n<meta name=\"twitter:card\" content=\"summary_large_image\" \/>\n<meta name=\"twitter:label1\" content=\"Est. reading time\" \/>\n\t<meta name=\"twitter:data1\" content=\"8 minut\" \/>\n<!-- \/ Yoast SEO plugin. -->","yoast_head_json":{"title":"Gronbach: V\u00fdroba n\u00e1strojov, v\u00fdrobcovia n\u00e1strojov pre priemysel","description":"V\u00fdroba flexibiln\u00fdch n\u00e1strojov, v\u00fdrobcovia n\u00e1strojov vr\u00e1tane v\u00fdrobcov viacdutinov\u00fdch n\u00e1strojov, dierovac\u00edch n\u00e1strojov, progres\u00edvnych lisovac\u00edch n\u00e1strojov, n\u00e1strojov na vstrekovanie plastov","robots":{"index":"index","follow":"follow","max-snippet":"max-snippet:-1","max-image-preview":"max-image-preview:large","max-video-preview":"max-video-preview:-1"},"canonical":"https:\/\/www.gronbach.com\/sk\/sluzby\/vyroba-nastrojov","og_locale":"sl_SI","og_type":"article","og_title":"Gronbach: V\u00fdroba n\u00e1strojov, v\u00fdrobcovia n\u00e1strojov pre priemysel","og_description":"V\u00fdroba flexibiln\u00fdch n\u00e1strojov, v\u00fdrobcovia n\u00e1strojov vr\u00e1tane v\u00fdrobcov viacdutinov\u00fdch n\u00e1strojov, dierovac\u00edch n\u00e1strojov, progres\u00edvnych lisovac\u00edch n\u00e1strojov, n\u00e1strojov na vstrekovanie plastov","og_url":"https:\/\/www.gronbach.com\/sk\/sluzby\/vyroba-nastrojov","og_site_name":"Gronbach SK","article_publisher":"https:\/\/www.facebook.com\/gronbachslovensko","article_modified_time":"2022-10-21T09:20:57+00:00","og_image":[{"width":1997,"height":445,"url":"https:\/\/www.gronbach.com\/sk\/wp-content\/uploads\/sites\/4\/2022\/03\/unser-werkzeugbau.jpg","type":"image\/jpeg"}],"twitter_card":"summary_large_image","twitter_misc":{"Est. reading time":"8 minut"},"schema":{"@context":"https:\/\/schema.org","@graph":[{"@type":"WebPage","@id":"https:\/\/www.gronbach.com\/sk\/sluzby\/vyroba-nastrojov","url":"https:\/\/www.gronbach.com\/sk\/sluzby\/vyroba-nastrojov","name":"Gronbach: V\u00fdroba n\u00e1strojov, v\u00fdrobcovia n\u00e1strojov pre priemysel","isPartOf":{"@id":"https:\/\/www.gronbach.com\/sk\/#website"},"primaryImageOfPage":{"@id":"https:\/\/www.gronbach.com\/sk\/sluzby\/vyroba-nastrojov#primaryimage"},"image":{"@id":"https:\/\/www.gronbach.com\/sk\/sluzby\/vyroba-nastrojov#primaryimage"},"thumbnailUrl":"https:\/\/www.gronbach.com\/sk\/wp-content\/uploads\/sites\/4\/2022\/03\/unser-werkzeugbau.jpg","datePublished":"2022-03-14T08:56:08+00:00","dateModified":"2022-10-21T09:20:57+00:00","description":"V\u00fdroba flexibiln\u00fdch n\u00e1strojov, v\u00fdrobcovia n\u00e1strojov vr\u00e1tane v\u00fdrobcov viacdutinov\u00fdch n\u00e1strojov, dierovac\u00edch n\u00e1strojov, progres\u00edvnych lisovac\u00edch n\u00e1strojov, n\u00e1strojov na vstrekovanie plastov","breadcrumb":{"@id":"https:\/\/www.gronbach.com\/sk\/sluzby\/vyroba-nastrojov#breadcrumb"},"inLanguage":"sl-SI","potentialAction":[{"@type":"ReadAction","target":["https:\/\/www.gronbach.com\/sk\/sluzby\/vyroba-nastrojov"]}]},{"@type":"ImageObject","inLanguage":"sl-SI","@id":"https:\/\/www.gronbach.com\/sk\/sluzby\/vyroba-nastrojov#primaryimage","url":"https:\/\/www.gronbach.com\/sk\/wp-content\/uploads\/sites\/4\/2022\/03\/unser-werkzeugbau.jpg","contentUrl":"https:\/\/www.gronbach.com\/sk\/wp-content\/uploads\/sites\/4\/2022\/03\/unser-werkzeugbau.jpg","width":1997,"height":445},{"@type":"BreadcrumbList","@id":"https:\/\/www.gronbach.com\/sk\/sluzby\/vyroba-nastrojov#breadcrumb","itemListElement":[{"@type":"ListItem","position":1,"name":"Home","item":"https:\/\/www.gronbach.com\/sk\/"},{"@type":"ListItem","position":2,"name":"Slu\u017eby","item":"https:\/\/www.gronbach.com\/sk\/sluzby"},{"@type":"ListItem","position":3,"name":"V\u00fdroba n\u00e1strojov"}]},{"@type":"WebSite","@id":"https:\/\/www.gronbach.com\/sk\/#website","url":"https:\/\/www.gronbach.com\/sk\/","name":"Gronbach SK","description":"","publisher":{"@id":"https:\/\/www.gronbach.com\/sk\/#organization"},"potentialAction":[{"@type":"SearchAction","target":{"@type":"EntryPoint","urlTemplate":"https:\/\/www.gronbach.com\/sk\/?s={search_term_string}"},"query-input":{"@type":"PropertyValueSpecification","valueRequired":true,"valueName":"search_term_string"}}],"inLanguage":"sl-SI"},{"@type":"Organization","@id":"https:\/\/www.gronbach.com\/sk\/#organization","name":"Gronbach","url":"https:\/\/www.gronbach.com\/sk\/","logo":{"@type":"ImageObject","inLanguage":"sl-SI","@id":"https:\/\/www.gronbach.com\/sk\/#\/schema\/logo\/image\/","url":"https:\/\/www.gronbach.com\/sk\/wp-content\/uploads\/sites\/4\/2022\/04\/Gronbach_Gruppe_Logo2.png","contentUrl":"https:\/\/www.gronbach.com\/sk\/wp-content\/uploads\/sites\/4\/2022\/04\/Gronbach_Gruppe_Logo2.png","width":160,"height":50,"caption":"Gronbach"},"image":{"@id":"https:\/\/www.gronbach.com\/sk\/#\/schema\/logo\/image\/"},"sameAs":["https:\/\/www.facebook.com\/gronbachslovensko","https:\/\/www.linkedin.com\/company\/gronbach\/","https:\/\/www.instagram.com\/explore\/tags\/gronbach\/","https:\/\/www.youtube.com\/channel\/UCJWrGbPiG4AYHZewlALkACA"]}]}},"_links":{"self":[{"href":"https:\/\/www.gronbach.com\/sk\/wp-json\/wp\/v2\/pages\/7340","targetHints":{"allow":["GET"]}}],"collection":[{"href":"https:\/\/www.gronbach.com\/sk\/wp-json\/wp\/v2\/pages"}],"about":[{"href":"https:\/\/www.gronbach.com\/sk\/wp-json\/wp\/v2\/types\/page"}],"author":[{"embeddable":true,"href":"https:\/\/www.gronbach.com\/sk\/wp-json\/wp\/v2\/users\/1"}],"replies":[{"embeddable":true,"href":"https:\/\/www.gronbach.com\/sk\/wp-json\/wp\/v2\/comments?post=7340"}],"version-history":[{"count":39,"href":"https:\/\/www.gronbach.com\/sk\/wp-json\/wp\/v2\/pages\/7340\/revisions"}],"predecessor-version":[{"id":12806,"href":"https:\/\/www.gronbach.com\/sk\/wp-json\/wp\/v2\/pages\/7340\/revisions\/12806"}],"up":[{"embeddable":true,"href":"https:\/\/www.gronbach.com\/sk\/wp-json\/wp\/v2\/pages\/5250"}],"wp:featuredmedia":[{"embeddable":true,"href":"https:\/\/www.gronbach.com\/sk\/wp-json\/wp\/v2\/media\/7374"}],"wp:attachment":[{"href":"https:\/\/www.gronbach.com\/sk\/wp-json\/wp\/v2\/media?parent=7340"}],"curies":[{"name":"wp","href":"https:\/\/api.w.org\/{rel}","templated":true}]}}