{"id":8704,"date":"2022-04-22T09:30:45","date_gmt":"2022-04-22T07:30:45","guid":{"rendered":"https:\/\/www.gronbach.com\/?page_id=8704"},"modified":"2025-09-20T17:06:57","modified_gmt":"2025-09-20T15:06:57","slug":"slovensko","status":"publish","type":"page","link":"https:\/\/www.gronbach.com\/sk\/skupina-spolocnosti\/lokality\/slovensko","title":{"rendered":"Gronbach Slovensko"},"content":{"rendered":"<section id=\"bt_section69f42a5bc4df5\"  class=\"boldSection btDivider topSpaced bottomSpaced gutter boxed inherit\" ><div class=\"port\"><div class=\"boldCell\"><div class=\"boldCellInner\"><div class=\"boldRow \" ><div class=\"boldRowInner\"><div class=\"rowItem col-md-6 col-sm-12 btTextLeft animate animate-fadein inherit btDoublePadding\"  data-width=\"6\"><div class=\"rowItemContent\" ><div class=\"btText\" ><\/p>\n<h5>Division Appliances<\/h5>\n<hr \/>\n<p>Gronbach k.s.<br \/>\nPriemyselny park 1<br \/>\nSK-07101 Michalovce<\/p>\n<p>\n<\/div><div class=\"btClear btSeparator topSmallSpaced bottomSmallSpaced noBorder\" ><hr><\/div><div class=\"bpgPhoto btDefaultHoverType\" ><div class = \"btImage\"><img decoding=\"async\" src=\"https:\/\/www.gronbach.com\/sk\/wp-content\/uploads\/sites\/4\/2021\/09\/slowakei.jpg\" alt=\"\" title=\"\"><\/div><\/div><div class=\"btClear btSeparator bottomSmallSpaced noBorder\" ><hr><\/div><a href=\"https:\/\/www.gronbach.com\/sk\/services\/kontakt\" class=\"btBtn btBtn btnOutlineStyle btnAlternateColor btnSmall btnFullWidth btnRightPosition btnNoIcon\" ><span class=\"btnInnerText\">E-Mail<\/span><\/a><a href=\"tel:+421566819111\" class=\"btBtn btBtn btnOutlineStyle btnNormalColor btnSmall btnFullWidth btnRightPosition btnNoIcon\" ><span class=\"btnInnerText\">Telef\u00f3n<\/span><\/a><a href=\"https:\/\/goo.gl\/maps\/jmTb9DAGZNQExbLw8\" class=\"btBtn btBtn btnOutlineStyle btnNormalColor btnSmall btnFullWidth btnRightPosition btnNoIcon\"  target=\"_blank\"><span class=\"btnInnerText\">Kde n\u00e1s n\u00e1jdete<\/span><\/a><a href=\"https:\/\/vre.mollyinvr.com\/player\/e878a2EAcdd29b79a2192A57\" class=\"btBtn btBtn btnOutlineStyle btnNormalColor btnSmall btnFullWidth btnRightPosition btnNoIcon\"  target=\"_blank\"><span class=\"btnInnerText\">Virtu\u00e1lna prehliadka<\/span><\/a><a href=\"https:\/\/www.gronbach.com\/sk\/sluzby\/appliances\" class=\"btBtn btBtn btnOutlineStyle btnNormalColor btnSmall btnFullWidth btnRightPosition btnNoIcon\"  target=\"_self\"><span class=\"btnInnerText\">Detaily Division Appliances<\/span><\/a><div class=\"btClear btSeparator topSmallSpaced bottomSmallSpaced noBorder\" ><hr><\/div><div class=\"btText\" ><\/p>\n<p><strong>Xaver Auer<\/strong><br \/>\nMana\u017ement Gronbach Group<\/p>\n<p>\n<\/div><div class=\"btClear btSeparator bottomSmallSpaced noBorder\" ><hr><\/div><div class=\"bpgPhoto btDefaultHoverType\" ><div class = \"btImage\"><img decoding=\"async\" src=\"https:\/\/www.gronbach.com\/sk\/wp-content\/uploads\/sites\/4\/2025\/09\/XaverAuer.jpg\" alt=\"\" title=\"\"><\/div><\/div><\/div><\/div><div class=\"rowItem col-md-6 col-sm-12 btTextLeft animate animate-fadein inherit btDoublePadding\"  data-width=\"6\"><div class=\"rowItemContent\" ><div class=\"btClear btSeparator topSemiSpaced bottomSpaced noBorder\" ><hr><\/div><div class=\"btText\" ><\/p>\n<p>V\u00fdchodoslovensk\u00fd z\u00e1vod v Michalovciach bol zalo\u017een\u00fd v roku 2005 a m\u00e1 v\u00fdrobn\u00fa plochu 12.000 m<sup>2 <\/sup>so 380 zamestnancami. Spolu so spolo\u010dnos\u0165ou Gronbach Rak\u00fasko sa \u0161pecializuje na \u0161k\u00e1lovate\u013en\u00fa mont\u00e1\u017e syst\u00e9mov\u00fdch zost\u00e1v a komplexn\u00fdch zariaden\u00ed, ako aj na spracovanie plechov pomocou CNC v r\u00e1mci div\u00edzie <strong>Appliances<\/strong>.<\/p>\n<div class=\"btClear btSeparator topSmallSpaced noBorder\" >\n<hr>\n<\/div>\n<ul>\n<li>CNC spracovanie plechu<\/li>\n<li>V\u00fdroba pod\u013ea Lean princ\u00edpov<\/li>\n<li>Mont\u00e1\u017e komponentov a zariaden\u00ed<\/li>\n<li>V\u00fdroba n\u00e1strojov<\/li>\n<\/ul>\n<p><img loading=\"lazy\" decoding=\"async\" class=\"alignnone size-full wp-image-13063\" src=\"https:\/\/www.gronbach.com\/sk\/wp-content\/uploads\/sites\/4\/2022\/12\/european-union-g14b16a673_640.png\" alt=\"\" width=\"200\" height=\"132\" \/><br \/>\nFond E\u00da:<br \/>\n<a href=\"https:\/\/www.gronbach.com\/sk\/wp-content\/uploads\/sites\/4\/2023\/02\/Zaznam-z-prieskumu-trhu_gronbach_2023_fve.pdf\" target=\"_blank\" rel=\"noopener\">Verejn\u00e9 obstar\u00e1vanie \u2013 &#8220;Obstaranie fotovoltick\u00e9ho syst\u00e9mu s bat\u00e9riov\u00fdm \u00falo\u017eiskom&#8221;<\/a><br \/>\n<a href=\"https:\/\/www.gronbach.com\/wp-content\/uploads\/2022\/04\/Michatek_VaV_web-navrh.pdf\" target=\"_blank\" rel=\"noopener\">Inovat\u00edvne produkty<\/a><br \/>\n<a href=\"https:\/\/www.gronbach.com\/wp-content\/uploads\/2022\/08\/Michatek_VaV_web_2019_F_po-D1_26072022.pdf\" target=\"_blank\" rel=\"noopener\">Inteligentn\u00e9 inov\u00e1cie<\/a><br \/>\n<a href=\"https:\/\/www.gronbach.com\/sk\/wp-content\/uploads\/sites\/4\/2023\/07\/web_gronbach_fve_2023_F.pdf\" target=\"_blank\" rel=\"noopener\">Inform\u00e1cie o projekte: Obstaranie fotovoltick\u00e9ho syst\u00e9mu s bat\u00e9riov\u00fdm \u00falo\u017eiskom<\/a><\/p>\n<p>\n<\/div><\/div><\/div><\/div><\/div><\/div><\/div><\/div><\/section>\n","protected":false},"excerpt":{"rendered":"<p>\u0160pecialista na \u0161k\u00e1lovate\u013en\u00fa mont\u00e1\u017e zariaden\u00ed<br \/>a zost\u00e1v, ako aj na CNC spracovanie plechu.<\/p>\n","protected":false},"author":1,"featured_media":11334,"parent":1461,"menu_order":0,"comment_status":"closed","ping_status":"closed","template":"","meta":{"editor_notices":[],"footnotes":""},"class_list":["post-8704","page","type-page","status-publish","has-post-thumbnail","hentry"],"yoast_head":"<!-- This site is optimized with the Yoast SEO plugin v26.3 - https:\/\/yoast.com\/wordpress\/plugins\/seo\/ -->\n<title>Gronbach: lokalita Slovensko, Michalovce<\/title>\n<meta name=\"description\" content=\"Odborn\u00edk na CNC spracovanie plechu, ako aj na mont\u00e1\u017e podzost\u00e1v a kompletn\u00fdch zariaden\u00ed OEM.\" \/>\n<meta name=\"robots\" content=\"index, follow, max-snippet:-1, max-image-preview:large, max-video-preview:-1\" \/>\n<link rel=\"canonical\" href=\"https:\/\/www.gronbach.com\/sk\/skupina-spolocnosti\/lokality\/slovensko\" \/>\n<meta property=\"og:locale\" content=\"sl_SI\" \/>\n<meta property=\"og:type\" content=\"article\" \/>\n<meta property=\"og:title\" content=\"Gronbach: lokalita Slovensko, Michalovce\" \/>\n<meta property=\"og:description\" content=\"Odborn\u00edk na CNC spracovanie plechu, ako aj na mont\u00e1\u017e podzost\u00e1v a kompletn\u00fdch zariaden\u00ed OEM.\" \/>\n<meta property=\"og:url\" content=\"https:\/\/www.gronbach.com\/sk\/skupina-spolocnosti\/lokality\/slovensko\" \/>\n<meta property=\"og:site_name\" content=\"Gronbach SK\" \/>\n<meta property=\"article:publisher\" content=\"https:\/\/www.facebook.com\/gronbachslovensko\" \/>\n<meta property=\"article:modified_time\" content=\"2025-09-20T15:06:57+00:00\" \/>\n<meta property=\"og:image\" content=\"https:\/\/www.gronbach.com\/sk\/wp-content\/uploads\/sites\/4\/2022\/05\/michalovce.jpg\" \/>\n\t<meta property=\"og:image:width\" content=\"1999\" \/>\n\t<meta property=\"og:image:height\" content=\"550\" \/>\n\t<meta property=\"og:image:type\" content=\"image\/jpeg\" \/>\n<meta name=\"twitter:card\" content=\"summary_large_image\" \/>\n<meta name=\"twitter:label1\" content=\"Est. reading time\" \/>\n\t<meta name=\"twitter:data1\" content=\"7 minut\" \/>\n<!-- \/ Yoast SEO plugin. -->","yoast_head_json":{"title":"Gronbach: lokalita Slovensko, Michalovce","description":"Odborn\u00edk na CNC spracovanie plechu, ako aj na mont\u00e1\u017e podzost\u00e1v a kompletn\u00fdch zariaden\u00ed OEM.","robots":{"index":"index","follow":"follow","max-snippet":"max-snippet:-1","max-image-preview":"max-image-preview:large","max-video-preview":"max-video-preview:-1"},"canonical":"https:\/\/www.gronbach.com\/sk\/skupina-spolocnosti\/lokality\/slovensko","og_locale":"sl_SI","og_type":"article","og_title":"Gronbach: lokalita Slovensko, Michalovce","og_description":"Odborn\u00edk na CNC spracovanie plechu, ako aj na mont\u00e1\u017e podzost\u00e1v a kompletn\u00fdch zariaden\u00ed OEM.","og_url":"https:\/\/www.gronbach.com\/sk\/skupina-spolocnosti\/lokality\/slovensko","og_site_name":"Gronbach SK","article_publisher":"https:\/\/www.facebook.com\/gronbachslovensko","article_modified_time":"2025-09-20T15:06:57+00:00","og_image":[{"width":1999,"height":550,"url":"https:\/\/www.gronbach.com\/sk\/wp-content\/uploads\/sites\/4\/2022\/05\/michalovce.jpg","type":"image\/jpeg"}],"twitter_card":"summary_large_image","twitter_misc":{"Est. reading time":"7 minut"},"schema":{"@context":"https:\/\/schema.org","@graph":[{"@type":"WebPage","@id":"https:\/\/www.gronbach.com\/sk\/skupina-spolocnosti\/lokality\/slovensko","url":"https:\/\/www.gronbach.com\/sk\/skupina-spolocnosti\/lokality\/slovensko","name":"Gronbach: lokalita Slovensko, Michalovce","isPartOf":{"@id":"https:\/\/www.gronbach.com\/sk\/#website"},"primaryImageOfPage":{"@id":"https:\/\/www.gronbach.com\/sk\/skupina-spolocnosti\/lokality\/slovensko#primaryimage"},"image":{"@id":"https:\/\/www.gronbach.com\/sk\/skupina-spolocnosti\/lokality\/slovensko#primaryimage"},"thumbnailUrl":"https:\/\/www.gronbach.com\/sk\/wp-content\/uploads\/sites\/4\/2022\/05\/michalovce.jpg","datePublished":"2022-04-22T07:30:45+00:00","dateModified":"2025-09-20T15:06:57+00:00","description":"Odborn\u00edk na CNC spracovanie plechu, ako aj na mont\u00e1\u017e podzost\u00e1v a kompletn\u00fdch zariaden\u00ed OEM.","breadcrumb":{"@id":"https:\/\/www.gronbach.com\/sk\/skupina-spolocnosti\/lokality\/slovensko#breadcrumb"},"inLanguage":"sl-SI","potentialAction":[{"@type":"ReadAction","target":["https:\/\/www.gronbach.com\/sk\/skupina-spolocnosti\/lokality\/slovensko"]}]},{"@type":"ImageObject","inLanguage":"sl-SI","@id":"https:\/\/www.gronbach.com\/sk\/skupina-spolocnosti\/lokality\/slovensko#primaryimage","url":"https:\/\/www.gronbach.com\/sk\/wp-content\/uploads\/sites\/4\/2022\/05\/michalovce.jpg","contentUrl":"https:\/\/www.gronbach.com\/sk\/wp-content\/uploads\/sites\/4\/2022\/05\/michalovce.jpg","width":1999,"height":550},{"@type":"BreadcrumbList","@id":"https:\/\/www.gronbach.com\/sk\/skupina-spolocnosti\/lokality\/slovensko#breadcrumb","itemListElement":[{"@type":"ListItem","position":1,"name":"Home","item":"https:\/\/www.gronbach.com\/sk\/"},{"@type":"ListItem","position":2,"name":"Skupina spolo\u010dnost\u00ed","item":"https:\/\/www.gronbach.com\/sk\/skupina-spolocnosti"},{"@type":"ListItem","position":3,"name":"Glob\u00e1lne lokality","item":"https:\/\/www.gronbach.com\/sk\/skupina-spolocnosti\/lokality"},{"@type":"ListItem","position":4,"name":"Gronbach Slovensko"}]},{"@type":"WebSite","@id":"https:\/\/www.gronbach.com\/sk\/#website","url":"https:\/\/www.gronbach.com\/sk\/","name":"Gronbach SK","description":"","publisher":{"@id":"https:\/\/www.gronbach.com\/sk\/#organization"},"potentialAction":[{"@type":"SearchAction","target":{"@type":"EntryPoint","urlTemplate":"https:\/\/www.gronbach.com\/sk\/?s={search_term_string}"},"query-input":{"@type":"PropertyValueSpecification","valueRequired":true,"valueName":"search_term_string"}}],"inLanguage":"sl-SI"},{"@type":"Organization","@id":"https:\/\/www.gronbach.com\/sk\/#organization","name":"Gronbach","url":"https:\/\/www.gronbach.com\/sk\/","logo":{"@type":"ImageObject","inLanguage":"sl-SI","@id":"https:\/\/www.gronbach.com\/sk\/#\/schema\/logo\/image\/","url":"https:\/\/www.gronbach.com\/sk\/wp-content\/uploads\/sites\/4\/2022\/04\/Gronbach_Gruppe_Logo2.png","contentUrl":"https:\/\/www.gronbach.com\/sk\/wp-content\/uploads\/sites\/4\/2022\/04\/Gronbach_Gruppe_Logo2.png","width":160,"height":50,"caption":"Gronbach"},"image":{"@id":"https:\/\/www.gronbach.com\/sk\/#\/schema\/logo\/image\/"},"sameAs":["https:\/\/www.facebook.com\/gronbachslovensko","https:\/\/www.linkedin.com\/company\/gronbach\/","https:\/\/www.instagram.com\/explore\/tags\/gronbach\/","https:\/\/www.youtube.com\/channel\/UCJWrGbPiG4AYHZewlALkACA"]}]}},"_links":{"self":[{"href":"https:\/\/www.gronbach.com\/sk\/wp-json\/wp\/v2\/pages\/8704","targetHints":{"allow":["GET"]}}],"collection":[{"href":"https:\/\/www.gronbach.com\/sk\/wp-json\/wp\/v2\/pages"}],"about":[{"href":"https:\/\/www.gronbach.com\/sk\/wp-json\/wp\/v2\/types\/page"}],"author":[{"embeddable":true,"href":"https:\/\/www.gronbach.com\/sk\/wp-json\/wp\/v2\/users\/1"}],"replies":[{"embeddable":true,"href":"https:\/\/www.gronbach.com\/sk\/wp-json\/wp\/v2\/comments?post=8704"}],"version-history":[{"count":6,"href":"https:\/\/www.gronbach.com\/sk\/wp-json\/wp\/v2\/pages\/8704\/revisions"}],"predecessor-version":[{"id":13274,"href":"https:\/\/www.gronbach.com\/sk\/wp-json\/wp\/v2\/pages\/8704\/revisions\/13274"}],"up":[{"embeddable":true,"href":"https:\/\/www.gronbach.com\/sk\/wp-json\/wp\/v2\/pages\/1461"}],"wp:featuredmedia":[{"embeddable":true,"href":"https:\/\/www.gronbach.com\/sk\/wp-json\/wp\/v2\/media\/11334"}],"wp:attachment":[{"href":"https:\/\/www.gronbach.com\/sk\/wp-json\/wp\/v2\/media?parent=8704"}],"curies":[{"name":"wp","href":"https:\/\/api.w.org\/{rel}","templated":true}]}}