{"id":8712,"date":"2022-04-22T09:39:28","date_gmt":"2022-04-22T07:39:28","guid":{"rendered":"https:\/\/www.gronbach.com\/?page_id=8712"},"modified":"2025-09-20T17:08:28","modified_gmt":"2025-09-20T15:08:28","slug":"taliansko","status":"publish","type":"page","link":"https:\/\/www.gronbach.com\/sk\/skupina-spolocnosti\/lokality\/taliansko","title":{"rendered":"Gronbach Taliansko"},"content":{"rendered":"<section id=\"bt_section69e9f0764b58e\"  class=\"boldSection btDivider topSpaced bottomSpaced gutter boxed inherit\" ><div class=\"port\"><div class=\"boldCell\"><div class=\"boldCellInner\"><div class=\"boldRow \" ><div class=\"boldRowInner\"><div class=\"rowItem col-md-6 col-sm-12 btTextLeft animate animate-fadein inherit btDoublePadding\"  data-width=\"6\"><div class=\"rowItemContent\" ><div class=\"btText\" ><\/p>\n<h5>Division Kinematics<\/h5>\n<hr \/>\n<p>Gronbach GmbH<br \/>\nSchotterweg 7\/9<br \/>\nI-39044 Laag \/ Neumarkt (BZ)<\/p>\n<p>\n<\/div><div class=\"btClear btSeparator topSmallSpaced bottomSmallSpaced noBorder\" ><hr><\/div><div class=\"bpgPhoto btDefaultHoverType\" ><div class = \"btImage\"><img decoding=\"async\" src=\"https:\/\/www.gronbach.com\/sk\/wp-content\/uploads\/sites\/4\/2022\/08\/standort_laag.jpg\" alt=\"\" title=\"\"><\/div><\/div><div class=\"btClear btSeparator bottomSmallSpaced noBorder\" ><hr><\/div><div class=\"btText\" ><\/p>\n<p><iframe loading=\"lazy\" src=\"https:\/\/www.gronbach.com\/wp-content\/uploads\/2022\/09\/Gronbach-Laag-4k.webm\" width=\"560\" height=\"315\" frameborder=\"0\"><\/iframe><\/p>\n<p>\n<\/div><div class=\"btClear btSeparator bottomSmallSpaced noBorder\" ><hr><\/div><a href=\"https:\/\/www.gronbach.com\/sk\/services\/kontakt\" class=\"btBtn btBtn btnOutlineStyle btnAlternateColor btnSmall btnFullWidth btnRightPosition btnNoIcon\" ><span class=\"btnInnerText\">E-Mail<\/span><\/a><a href=\"tel:+390471809611\" class=\"btBtn btBtn btnOutlineStyle btnNormalColor btnSmall btnFullWidth btnRightPosition btnNoIcon\" ><span class=\"btnInnerText\">Telef\u00f3n<\/span><\/a><a href=\"https:\/\/maps.app.goo.gl\/HDtnMXyWwJ9rXaah9\" class=\"btBtn btBtn btnOutlineStyle btnNormalColor btnSmall btnFullWidth btnRightPosition btnNoIcon\"  target=\"_blank\"><span class=\"btnInnerText\">Kde n\u00e1s n\u00e1jdete<\/span><\/a><a href=\"https:\/\/www.gronbach.com\/sk\/sluzby\/kinematics\" class=\"btBtn btBtn btnOutlineStyle btnNormalColor btnSmall btnFullWidth btnRightPosition btnNoIcon\"  target=\"_self\"><span class=\"btnInnerText\">Detaily Division Kinematics<\/span><\/a><div class=\"btClear btSeparator topSmallSpaced bottomSmallSpaced noBorder\" ><hr><\/div><div class=\"btText\" ><\/p>\n<p><strong>Xaver Auer<\/strong><br \/>\nMana\u017ement Gronbach Group<\/p>\n<p>\n<\/div><div class=\"btClear btSeparator bottomSmallSpaced noBorder\" ><hr><\/div><div class=\"bpgPhoto btDefaultHoverType\" ><div class = \"btImage\"><img decoding=\"async\" src=\"https:\/\/www.gronbach.com\/sk\/wp-content\/uploads\/sites\/4\/2025\/09\/XaverAuer.jpg\" alt=\"\" title=\"\"><\/div><\/div><\/div><\/div><div class=\"rowItem col-md-6 col-sm-12 btTextLeft animate animate-fadein inherit btDoublePadding\"  data-width=\"6\"><div class=\"rowItemContent\" ><div class=\"btClear btSeparator topSemiSpaced bottomSpaced noBorder\" ><hr><\/div><div class=\"btText\" ><\/p>\n<p>Z\u00e1vod v Taliansku s rozlohou 12.000 m<sup>2<\/sup> a 160 zamestnancami sa \u0161pecializuje na v\u00fdvoj a s\u00e9riov\u00fa v\u00fdrobu kinematiky, predov\u0161etk\u00fdm p\u00e1ntov a v\u00fdsuvn\u00fdch ko\u013eajni\u010diek pre priemysel dom\u00e1cich spotrebi\u010dov a gastron\u00f3miu.<\/p>\n<p>Spolu so spolo\u010dnos\u0165ou Gronbach USA tvor\u00ed div\u00edziu <strong>Kinematics<\/strong>:<\/p>\n<div class=\"btClear btSeparator topSmallSpaced noBorder\" >\n<hr>\n<\/div>\n<ul>\n<li>V\u00fdvoj a s\u00e9riov\u00e1 v\u00fdroba kinematiky<\/li>\n<li>V\u00fdvoj komponentov<\/li>\n<li>Spracovanie nehrdzavej\u00facej ocele<\/li>\n<\/ul>\n<p>\n<\/div><div class=\"bpgPhoto btDefaultHoverType\" ><div class = \"btImage\"><img decoding=\"async\" src=\"https:\/\/www.gronbach.com\/sk\/wp-content\/uploads\/sites\/4\/2022\/06\/familie-und-beruf-160x160.png\" alt=\"\" title=\"\"><\/div><\/div><\/div><\/div><\/div><\/div><\/div><\/div><\/div><\/section>\n","protected":false},"excerpt":{"rendered":"<p>\u0160pecialista na v\u00fdvoj a<br \/>\na s\u00e9riov\u00fa v\u00fdrobu kinematiky.<\/p>\n","protected":false},"author":1,"featured_media":11337,"parent":1461,"menu_order":0,"comment_status":"closed","ping_status":"closed","template":"","meta":{"editor_notices":[],"footnotes":""},"class_list":["post-8712","page","type-page","status-publish","has-post-thumbnail","hentry"],"yoast_head":"<!-- This site is optimized with the Yoast SEO plugin v26.3 - https:\/\/yoast.com\/wordpress\/plugins\/seo\/ -->\n<title>Gronbach: lokalita Taliansko, Laag<\/title>\n<meta name=\"description\" content=\"Odborn\u00edk na v\u00fdvoj a s\u00e9riov\u00fa v\u00fdrobu kinematiky vr\u00e1tane z\u00e1vesov, ako aj v\u00fdsuvn\u00fdch a \u010diasto\u010dne v\u00fdsuvn\u00fdch be\u017ecov.\" \/>\n<meta name=\"robots\" content=\"index, follow, max-snippet:-1, max-image-preview:large, max-video-preview:-1\" \/>\n<link rel=\"canonical\" href=\"https:\/\/www.gronbach.com\/sk\/skupina-spolocnosti\/lokality\/taliansko\" \/>\n<meta property=\"og:locale\" content=\"sl_SI\" \/>\n<meta property=\"og:type\" content=\"article\" \/>\n<meta property=\"og:title\" content=\"Gronbach: lokalita Taliansko, Laag\" \/>\n<meta property=\"og:description\" content=\"Odborn\u00edk na v\u00fdvoj a s\u00e9riov\u00fa v\u00fdrobu kinematiky vr\u00e1tane z\u00e1vesov, ako aj v\u00fdsuvn\u00fdch a \u010diasto\u010dne v\u00fdsuvn\u00fdch be\u017ecov.\" \/>\n<meta property=\"og:url\" content=\"https:\/\/www.gronbach.com\/sk\/skupina-spolocnosti\/lokality\/taliansko\" \/>\n<meta property=\"og:site_name\" content=\"Gronbach SK\" \/>\n<meta property=\"article:publisher\" content=\"https:\/\/www.facebook.com\/gronbachslovensko\" \/>\n<meta property=\"article:modified_time\" content=\"2025-09-20T15:08:28+00:00\" \/>\n<meta property=\"og:image\" content=\"https:\/\/www.gronbach.com\/sk\/wp-content\/uploads\/sites\/4\/2022\/05\/laag.jpg\" \/>\n\t<meta property=\"og:image:width\" content=\"2000\" \/>\n\t<meta property=\"og:image:height\" content=\"625\" \/>\n\t<meta property=\"og:image:type\" content=\"image\/jpeg\" \/>\n<meta name=\"twitter:card\" content=\"summary_large_image\" \/>\n<meta name=\"twitter:label1\" content=\"Est. reading time\" \/>\n\t<meta name=\"twitter:data1\" content=\"7 minut\" \/>\n<!-- \/ Yoast SEO plugin. -->","yoast_head_json":{"title":"Gronbach: lokalita Taliansko, Laag","description":"Odborn\u00edk na v\u00fdvoj a s\u00e9riov\u00fa v\u00fdrobu kinematiky vr\u00e1tane z\u00e1vesov, ako aj v\u00fdsuvn\u00fdch a \u010diasto\u010dne v\u00fdsuvn\u00fdch be\u017ecov.","robots":{"index":"index","follow":"follow","max-snippet":"max-snippet:-1","max-image-preview":"max-image-preview:large","max-video-preview":"max-video-preview:-1"},"canonical":"https:\/\/www.gronbach.com\/sk\/skupina-spolocnosti\/lokality\/taliansko","og_locale":"sl_SI","og_type":"article","og_title":"Gronbach: lokalita Taliansko, Laag","og_description":"Odborn\u00edk na v\u00fdvoj a s\u00e9riov\u00fa v\u00fdrobu kinematiky vr\u00e1tane z\u00e1vesov, ako aj v\u00fdsuvn\u00fdch a \u010diasto\u010dne v\u00fdsuvn\u00fdch be\u017ecov.","og_url":"https:\/\/www.gronbach.com\/sk\/skupina-spolocnosti\/lokality\/taliansko","og_site_name":"Gronbach SK","article_publisher":"https:\/\/www.facebook.com\/gronbachslovensko","article_modified_time":"2025-09-20T15:08:28+00:00","og_image":[{"width":2000,"height":625,"url":"https:\/\/www.gronbach.com\/sk\/wp-content\/uploads\/sites\/4\/2022\/05\/laag.jpg","type":"image\/jpeg"}],"twitter_card":"summary_large_image","twitter_misc":{"Est. reading time":"7 minut"},"schema":{"@context":"https:\/\/schema.org","@graph":[{"@type":"WebPage","@id":"https:\/\/www.gronbach.com\/sk\/skupina-spolocnosti\/lokality\/taliansko","url":"https:\/\/www.gronbach.com\/sk\/skupina-spolocnosti\/lokality\/taliansko","name":"Gronbach: lokalita Taliansko, Laag","isPartOf":{"@id":"https:\/\/www.gronbach.com\/sk\/#website"},"primaryImageOfPage":{"@id":"https:\/\/www.gronbach.com\/sk\/skupina-spolocnosti\/lokality\/taliansko#primaryimage"},"image":{"@id":"https:\/\/www.gronbach.com\/sk\/skupina-spolocnosti\/lokality\/taliansko#primaryimage"},"thumbnailUrl":"https:\/\/www.gronbach.com\/sk\/wp-content\/uploads\/sites\/4\/2022\/05\/laag.jpg","datePublished":"2022-04-22T07:39:28+00:00","dateModified":"2025-09-20T15:08:28+00:00","description":"Odborn\u00edk na v\u00fdvoj a s\u00e9riov\u00fa v\u00fdrobu kinematiky vr\u00e1tane z\u00e1vesov, ako aj v\u00fdsuvn\u00fdch a \u010diasto\u010dne v\u00fdsuvn\u00fdch be\u017ecov.","breadcrumb":{"@id":"https:\/\/www.gronbach.com\/sk\/skupina-spolocnosti\/lokality\/taliansko#breadcrumb"},"inLanguage":"sl-SI","potentialAction":[{"@type":"ReadAction","target":["https:\/\/www.gronbach.com\/sk\/skupina-spolocnosti\/lokality\/taliansko"]}]},{"@type":"ImageObject","inLanguage":"sl-SI","@id":"https:\/\/www.gronbach.com\/sk\/skupina-spolocnosti\/lokality\/taliansko#primaryimage","url":"https:\/\/www.gronbach.com\/sk\/wp-content\/uploads\/sites\/4\/2022\/05\/laag.jpg","contentUrl":"https:\/\/www.gronbach.com\/sk\/wp-content\/uploads\/sites\/4\/2022\/05\/laag.jpg","width":2000,"height":625},{"@type":"BreadcrumbList","@id":"https:\/\/www.gronbach.com\/sk\/skupina-spolocnosti\/lokality\/taliansko#breadcrumb","itemListElement":[{"@type":"ListItem","position":1,"name":"Home","item":"https:\/\/www.gronbach.com\/sk\/"},{"@type":"ListItem","position":2,"name":"Skupina spolo\u010dnost\u00ed","item":"https:\/\/www.gronbach.com\/sk\/skupina-spolocnosti"},{"@type":"ListItem","position":3,"name":"Glob\u00e1lne lokality","item":"https:\/\/www.gronbach.com\/sk\/skupina-spolocnosti\/lokality"},{"@type":"ListItem","position":4,"name":"Gronbach Taliansko"}]},{"@type":"WebSite","@id":"https:\/\/www.gronbach.com\/sk\/#website","url":"https:\/\/www.gronbach.com\/sk\/","name":"Gronbach SK","description":"","publisher":{"@id":"https:\/\/www.gronbach.com\/sk\/#organization"},"potentialAction":[{"@type":"SearchAction","target":{"@type":"EntryPoint","urlTemplate":"https:\/\/www.gronbach.com\/sk\/?s={search_term_string}"},"query-input":{"@type":"PropertyValueSpecification","valueRequired":true,"valueName":"search_term_string"}}],"inLanguage":"sl-SI"},{"@type":"Organization","@id":"https:\/\/www.gronbach.com\/sk\/#organization","name":"Gronbach","url":"https:\/\/www.gronbach.com\/sk\/","logo":{"@type":"ImageObject","inLanguage":"sl-SI","@id":"https:\/\/www.gronbach.com\/sk\/#\/schema\/logo\/image\/","url":"https:\/\/www.gronbach.com\/sk\/wp-content\/uploads\/sites\/4\/2022\/04\/Gronbach_Gruppe_Logo2.png","contentUrl":"https:\/\/www.gronbach.com\/sk\/wp-content\/uploads\/sites\/4\/2022\/04\/Gronbach_Gruppe_Logo2.png","width":160,"height":50,"caption":"Gronbach"},"image":{"@id":"https:\/\/www.gronbach.com\/sk\/#\/schema\/logo\/image\/"},"sameAs":["https:\/\/www.facebook.com\/gronbachslovensko","https:\/\/www.linkedin.com\/company\/gronbach\/","https:\/\/www.instagram.com\/explore\/tags\/gronbach\/","https:\/\/www.youtube.com\/channel\/UCJWrGbPiG4AYHZewlALkACA"]}]}},"_links":{"self":[{"href":"https:\/\/www.gronbach.com\/sk\/wp-json\/wp\/v2\/pages\/8712","targetHints":{"allow":["GET"]}}],"collection":[{"href":"https:\/\/www.gronbach.com\/sk\/wp-json\/wp\/v2\/pages"}],"about":[{"href":"https:\/\/www.gronbach.com\/sk\/wp-json\/wp\/v2\/types\/page"}],"author":[{"embeddable":true,"href":"https:\/\/www.gronbach.com\/sk\/wp-json\/wp\/v2\/users\/1"}],"replies":[{"embeddable":true,"href":"https:\/\/www.gronbach.com\/sk\/wp-json\/wp\/v2\/comments?post=8712"}],"version-history":[{"count":6,"href":"https:\/\/www.gronbach.com\/sk\/wp-json\/wp\/v2\/pages\/8712\/revisions"}],"predecessor-version":[{"id":13276,"href":"https:\/\/www.gronbach.com\/sk\/wp-json\/wp\/v2\/pages\/8712\/revisions\/13276"}],"up":[{"embeddable":true,"href":"https:\/\/www.gronbach.com\/sk\/wp-json\/wp\/v2\/pages\/1461"}],"wp:featuredmedia":[{"embeddable":true,"href":"https:\/\/www.gronbach.com\/sk\/wp-json\/wp\/v2\/media\/11337"}],"wp:attachment":[{"href":"https:\/\/www.gronbach.com\/sk\/wp-json\/wp\/v2\/media?parent=8712"}],"curies":[{"name":"wp","href":"https:\/\/api.w.org\/{rel}","templated":true}]}}