{"id":9333,"date":"2022-04-28T14:01:45","date_gmt":"2022-04-28T12:01:45","guid":{"rendered":"https:\/\/www.gronbach.com\/?page_id=9333"},"modified":"2022-10-21T11:14:20","modified_gmt":"2022-10-21T09:14:20","slug":"riadenie-inovacii","status":"publish","type":"page","link":"https:\/\/www.gronbach.com\/sk\/skupina-spolocnosti\/riadenie-inovacii","title":{"rendered":"Riadenie inov\u00e1ci\u00ed"},"content":{"rendered":"<p><section id=\"bt_section69ff451adf10e\"  class=\"boldSection topSpaced bottomSpaced gutter boxed inherit\" ><div class=\"port\"><div class=\"boldCell\"><div class=\"boldCellInner\"><div class=\"boldRow \" ><div class=\"boldRowInner\"><div class=\"rowItem col-md-12 col-ms-12  btTextLeft\"  data-width=\"12\"><div class=\"rowItemContent\" ><header class=\"header btClear large  thin\" ><div class=\"dash\"><\/div><div class=\"btSubTitle\">Ako skupina spolo\u010dnost\u00ed podporujeme inovat\u00edvnu kult\u00faru vytv\u00e1ran\u00edm priestoru pre kreat\u00edvnu pr\u00e1cu.<br \/><br>V r\u00e1mci mnoh\u00fdch workshopov na z\u00e1klade t\u00edmovej pr\u00e1ce vznikli z vlastnej iniciat\u00edvy vynikaj\u00face produkty, ktor\u00e9 sme spolu s na\u0161imi z\u00e1kazn\u00edkmi uviedli na trh. Preto v r\u00e1mci riadenia projektov kombinujeme osved\u010den\u00e9 techniky kreativity s modern\u00fdmi pr\u00edstupmi.<\/div><\/header><\/div><\/div><\/div><\/div><\/div><\/div><\/div><\/section><section id=\"bt_section69ff451ae08de\"  class=\"boldSection topLargeSpaced bottomLargeSpaced gutter boxed inherit btLazyLoadBackground wBackground cover wBackground cover btBackgroundOverlay btSolidLightBackground\" style=\"background-image:url('https:\/\/www.gronbach.com\/sk\/wp-content\/themes\/industrial\/gfx\/blank.gif');\" data-background_image_src=\"'https:\/\/www.gronbach.com\/sk\/wp-content\/uploads\/sites\/4\/2021\/04\/gronbach-fertigung-hell.jpg'\" ><div class=\"port\"><div class=\"boldCell\"><div class=\"boldCellInner\"><div class=\"boldRow \" ><div class=\"boldRowInner\"><div class=\"rowItem col-md-12 col-ms-12  btTextLeft animate animate-fadein btBottomVertical wBackground cover\" style=\"background-image: url(https:\/\/www.gronbach.com\/sk\/wp-content\/uploads\/sites\/4\/2022\/08\/frimotion_inno.png);\" data-width=\"12\"><div class=\"rowItemContent\" ><div class=\"btClear btSeparator topSemiSpaced bottomSemiSpaced noBorder\" ><hr><\/div><header class=\"header btClear large btDash topDash  regular\" style=\"padding: 1.5em; background-color: rgba(255,255,255,0.95);\"><div class=\"btSuperTitle\"><span>Inov\u00e1cie<\/span><\/div><div class=\"dash\"><h2><span class=\"headline\">Z\u00e1vesy frimotion\u00ae<br \/><br>pre chladni\u010dky.<\/span><\/h2><\/div><div class=\"btSubTitle\">Spolo\u010dnos\u0165 Gronbach inovuje automatick\u00e9 otv\u00e1ranie a zatv\u00e1ranie dver\u00ed chladni\u010diek riaden\u00e9 sn\u00edma\u010dom, ako aj \u010fal\u0161ie aplik\u00e1cie bo\u010dn\u00e9ho otv\u00e1rania dver\u00ed spotrebi\u010dov.<\/div><\/header><div class=\"btClear btSeparator bottomSmallSpaced noBorder\" ><hr><\/div><a href=\"https:\/\/www.gronbach.com\/sk\/sluzby\/kinematics\/zavesy-pre-chladnicky\" class=\"btBtn btBtn btnOutlineStyle btnNormalColor btnSmall btnFullWidth btnRightPosition btnNoIcon\" ><span class=\"btnInnerText\">Zistite viac<\/span><\/a><div class=\"btClear btSeparator bottomSmallSpaced noBorder\" ><hr><\/div><\/div><\/div><\/div><\/div><\/div><\/div><\/div><\/section><section id=\"bt_section69ff451ae220a\"  class=\"boldSection bottomSemiSpaced inherit\" ><div class=\"port\"><div class=\"boldCell\"><div class=\"boldCellInner\"><div class=\"boldRow \" ><div class=\"boldRowInner\"><div class=\"rowItem col-md-12 col-ms-12  btTextCenter animate animate-fadein inherit btNoPadding\"  data-width=\"12\"><div class=\"rowItemContent\" ><\/div><\/div><\/div><\/div><\/div><\/div><\/div><\/section><section id=\"bt_section69ff451ae2497\"  class=\"boldSection inherit\" style=\"background-color:#9fabcb  !important;\"><div class=\"port\"><div class=\"boldCell\"><div class=\"boldCellInner\"><div class=\"boldRow  btNoRowSpacing\" ><div class=\"boldRowInner\"><div class=\"rowItem col-md-6 col-sm-12 btTextLeft animate animate-fadein btTopVertical btDoublePadding\" style=\"padding:0 90px;background-color: rgba(159, 171, 203, 1); \" data-width=\"6\"><div class=\"rowItemContent\" style = \"background-color: rgba(159, 171, 203, 1); \"><div class=\"btClear btSeparator topSpaced noBorder\" ><hr><\/div><div class=\"btText\" ><\/p>\n<h6><a style=\"text-align: left; color: white;\" href=\"https:\/\/www.gronbach.com\/sk\/skupina-spolocnosti\/historia\">Hist\u00f3ria spolo\u010dnosti<\/a><\/h6>\n<p>\n<\/div><div class=\"btClear btSeparator topSmallSpaced bottomSmallSpaced border\" ><hr><\/div><div class=\"btText\" ><\/p>\n<h6><a style=\"text-align: left; color: white;\" href=\"https:\/\/www.gronbach.com\/sk\/skupina-spolocnosti\/udrzatelnost\">Udr\u017eate\u013enos\u0165<\/a><\/h6>\n<p>\n<\/div><div class=\"btClear btSeparator topSmallSpaced bottomSmallSpaced border\" ><hr><\/div><div class=\"btText\" ><\/p>\n<h6><a style=\"text-align: left; color: white;\" href=\"https:\/\/www.gronbach.com\/sk\/skupina-spolocnosti\/riadenie-kvality\">Riadenie kvality<\/a><\/h6>\n<p>\n<\/div><div class=\"btClear btSeparator topSmallSpaced bottomSmallSpaced border\" ><hr><\/div><div class=\"btText\" ><\/p>\n<h6><a style=\"text-align: left; color: white;\" href=\"https:\/\/www.gronbach.com\/sk\/skupina-spolocnosti\/lokality\">Lokality<\/a><\/h6>\n<p>\n<\/div><div class=\"btClear btSeparator topSmallSpaced bottomSmallSpaced border\" ><hr><\/div><\/div><\/div><div class=\"rowItem col-md-6 col-sm-12 btTextLeft animate animate-fadein inherit btNoPadding\"  data-width=\"6\"><div class=\"rowItemContent\" ><div class=\"bpgPhoto btDefaultHoverType\" ><div class = \"btImage\"><img decoding=\"async\" src=\"https:\/\/www.gronbach.com\/sk\/wp-content\/uploads\/sites\/4\/2021\/07\/mehr_zur_gruppe.jpg\" alt=\"\" title=\"\"><\/div><\/div><\/div><\/div><\/div><\/div><\/div><\/div><\/div><\/section><section id=\"bt_section69ff451ae3f9f\"  class=\"boldSection bottomSmallSpaced inherit\" ><div class=\"port\"><div class=\"boldCell\"><div class=\"boldCellInner\"><div class=\"boldRow \" ><div class=\"boldRowInner\"><div class=\"rowItem col-md-12 col-ms-12  btTextCenter animate animate-fadein inherit btNoPadding\"  data-width=\"12\"><div class=\"rowItemContent\" ><\/div><\/div><\/div><\/div><\/div><\/div><\/div><\/section><\/p>\n","protected":false},"excerpt":{"rendered":"","protected":false},"author":1,"featured_media":11314,"parent":4523,"menu_order":0,"comment_status":"closed","ping_status":"closed","template":"","meta":{"editor_notices":[],"footnotes":""},"class_list":["post-9333","page","type-page","status-publish","has-post-thumbnail","hentry"],"yoast_head":"<!-- This site is optimized with the Yoast SEO plugin v26.3 - https:\/\/yoast.com\/wordpress\/plugins\/seo\/ -->\n<title>Gronbach: riadenie inov\u00e1ci\u00ed<\/title>\n<meta name=\"description\" content=\"Sami s nad\u0161en\u00edm vyv\u00edjame kompletn\u00e9 zariadenia a komponenty, ktor\u00e9 vyr\u00e1bame s\u00e9riovo spolu s na\u0161imi z\u00e1kazn\u00edkmi.\" \/>\n<meta name=\"robots\" content=\"index, follow, max-snippet:-1, max-image-preview:large, max-video-preview:-1\" \/>\n<link rel=\"canonical\" href=\"https:\/\/www.gronbach.com\/sk\/skupina-spolocnosti\/riadenie-inovacii\" \/>\n<meta property=\"og:locale\" content=\"sl_SI\" \/>\n<meta property=\"og:type\" content=\"article\" \/>\n<meta property=\"og:title\" content=\"Gronbach: riadenie inov\u00e1ci\u00ed\" \/>\n<meta property=\"og:description\" content=\"Sami s nad\u0161en\u00edm vyv\u00edjame kompletn\u00e9 zariadenia a komponenty, ktor\u00e9 vyr\u00e1bame s\u00e9riovo spolu s na\u0161imi z\u00e1kazn\u00edkmi.\" \/>\n<meta property=\"og:url\" content=\"https:\/\/www.gronbach.com\/sk\/skupina-spolocnosti\/riadenie-inovacii\" \/>\n<meta property=\"og:site_name\" content=\"Gronbach SK\" \/>\n<meta property=\"article:publisher\" content=\"https:\/\/www.facebook.com\/gronbachslovensko\" \/>\n<meta property=\"article:modified_time\" content=\"2022-10-21T09:14:20+00:00\" \/>\n<meta property=\"og:image\" content=\"https:\/\/www.gronbach.com\/sk\/wp-content\/uploads\/sites\/4\/2022\/05\/inno2.jpg\" \/>\n\t<meta property=\"og:image:width\" content=\"2000\" \/>\n\t<meta property=\"og:image:height\" content=\"501\" \/>\n\t<meta property=\"og:image:type\" content=\"image\/jpeg\" \/>\n<meta name=\"twitter:card\" content=\"summary_large_image\" \/>\n<meta name=\"twitter:label1\" content=\"Est. reading time\" \/>\n\t<meta name=\"twitter:data1\" content=\"4 minute\" \/>\n<!-- \/ Yoast SEO plugin. -->","yoast_head_json":{"title":"Gronbach: riadenie inov\u00e1ci\u00ed","description":"Sami s nad\u0161en\u00edm vyv\u00edjame kompletn\u00e9 zariadenia a komponenty, ktor\u00e9 vyr\u00e1bame s\u00e9riovo spolu s na\u0161imi z\u00e1kazn\u00edkmi.","robots":{"index":"index","follow":"follow","max-snippet":"max-snippet:-1","max-image-preview":"max-image-preview:large","max-video-preview":"max-video-preview:-1"},"canonical":"https:\/\/www.gronbach.com\/sk\/skupina-spolocnosti\/riadenie-inovacii","og_locale":"sl_SI","og_type":"article","og_title":"Gronbach: riadenie inov\u00e1ci\u00ed","og_description":"Sami s nad\u0161en\u00edm vyv\u00edjame kompletn\u00e9 zariadenia a komponenty, ktor\u00e9 vyr\u00e1bame s\u00e9riovo spolu s na\u0161imi z\u00e1kazn\u00edkmi.","og_url":"https:\/\/www.gronbach.com\/sk\/skupina-spolocnosti\/riadenie-inovacii","og_site_name":"Gronbach SK","article_publisher":"https:\/\/www.facebook.com\/gronbachslovensko","article_modified_time":"2022-10-21T09:14:20+00:00","og_image":[{"width":2000,"height":501,"url":"https:\/\/www.gronbach.com\/sk\/wp-content\/uploads\/sites\/4\/2022\/05\/inno2.jpg","type":"image\/jpeg"}],"twitter_card":"summary_large_image","twitter_misc":{"Est. reading time":"4 minute"},"schema":{"@context":"https:\/\/schema.org","@graph":[{"@type":"WebPage","@id":"https:\/\/www.gronbach.com\/sk\/skupina-spolocnosti\/riadenie-inovacii","url":"https:\/\/www.gronbach.com\/sk\/skupina-spolocnosti\/riadenie-inovacii","name":"Gronbach: riadenie inov\u00e1ci\u00ed","isPartOf":{"@id":"https:\/\/www.gronbach.com\/sk\/#website"},"primaryImageOfPage":{"@id":"https:\/\/www.gronbach.com\/sk\/skupina-spolocnosti\/riadenie-inovacii#primaryimage"},"image":{"@id":"https:\/\/www.gronbach.com\/sk\/skupina-spolocnosti\/riadenie-inovacii#primaryimage"},"thumbnailUrl":"https:\/\/www.gronbach.com\/sk\/wp-content\/uploads\/sites\/4\/2022\/05\/inno2.jpg","datePublished":"2022-04-28T12:01:45+00:00","dateModified":"2022-10-21T09:14:20+00:00","description":"Sami s nad\u0161en\u00edm vyv\u00edjame kompletn\u00e9 zariadenia a komponenty, ktor\u00e9 vyr\u00e1bame s\u00e9riovo spolu s na\u0161imi z\u00e1kazn\u00edkmi.","breadcrumb":{"@id":"https:\/\/www.gronbach.com\/sk\/skupina-spolocnosti\/riadenie-inovacii#breadcrumb"},"inLanguage":"sl-SI","potentialAction":[{"@type":"ReadAction","target":["https:\/\/www.gronbach.com\/sk\/skupina-spolocnosti\/riadenie-inovacii"]}]},{"@type":"ImageObject","inLanguage":"sl-SI","@id":"https:\/\/www.gronbach.com\/sk\/skupina-spolocnosti\/riadenie-inovacii#primaryimage","url":"https:\/\/www.gronbach.com\/sk\/wp-content\/uploads\/sites\/4\/2022\/05\/inno2.jpg","contentUrl":"https:\/\/www.gronbach.com\/sk\/wp-content\/uploads\/sites\/4\/2022\/05\/inno2.jpg","width":2000,"height":501},{"@type":"BreadcrumbList","@id":"https:\/\/www.gronbach.com\/sk\/skupina-spolocnosti\/riadenie-inovacii#breadcrumb","itemListElement":[{"@type":"ListItem","position":1,"name":"Home","item":"https:\/\/www.gronbach.com\/sk\/"},{"@type":"ListItem","position":2,"name":"Skupina spolo\u010dnost\u00ed","item":"https:\/\/www.gronbach.com\/sk\/skupina-spolocnosti"},{"@type":"ListItem","position":3,"name":"Riadenie inov\u00e1ci\u00ed"}]},{"@type":"WebSite","@id":"https:\/\/www.gronbach.com\/sk\/#website","url":"https:\/\/www.gronbach.com\/sk\/","name":"Gronbach SK","description":"","publisher":{"@id":"https:\/\/www.gronbach.com\/sk\/#organization"},"potentialAction":[{"@type":"SearchAction","target":{"@type":"EntryPoint","urlTemplate":"https:\/\/www.gronbach.com\/sk\/?s={search_term_string}"},"query-input":{"@type":"PropertyValueSpecification","valueRequired":true,"valueName":"search_term_string"}}],"inLanguage":"sl-SI"},{"@type":"Organization","@id":"https:\/\/www.gronbach.com\/sk\/#organization","name":"Gronbach","url":"https:\/\/www.gronbach.com\/sk\/","logo":{"@type":"ImageObject","inLanguage":"sl-SI","@id":"https:\/\/www.gronbach.com\/sk\/#\/schema\/logo\/image\/","url":"https:\/\/www.gronbach.com\/sk\/wp-content\/uploads\/sites\/4\/2022\/04\/Gronbach_Gruppe_Logo2.png","contentUrl":"https:\/\/www.gronbach.com\/sk\/wp-content\/uploads\/sites\/4\/2022\/04\/Gronbach_Gruppe_Logo2.png","width":160,"height":50,"caption":"Gronbach"},"image":{"@id":"https:\/\/www.gronbach.com\/sk\/#\/schema\/logo\/image\/"},"sameAs":["https:\/\/www.facebook.com\/gronbachslovensko","https:\/\/www.linkedin.com\/company\/gronbach\/","https:\/\/www.instagram.com\/explore\/tags\/gronbach\/","https:\/\/www.youtube.com\/channel\/UCJWrGbPiG4AYHZewlALkACA"]}]}},"_links":{"self":[{"href":"https:\/\/www.gronbach.com\/sk\/wp-json\/wp\/v2\/pages\/9333","targetHints":{"allow":["GET"]}}],"collection":[{"href":"https:\/\/www.gronbach.com\/sk\/wp-json\/wp\/v2\/pages"}],"about":[{"href":"https:\/\/www.gronbach.com\/sk\/wp-json\/wp\/v2\/types\/page"}],"author":[{"embeddable":true,"href":"https:\/\/www.gronbach.com\/sk\/wp-json\/wp\/v2\/users\/1"}],"replies":[{"embeddable":true,"href":"https:\/\/www.gronbach.com\/sk\/wp-json\/wp\/v2\/comments?post=9333"}],"version-history":[{"count":25,"href":"https:\/\/www.gronbach.com\/sk\/wp-json\/wp\/v2\/pages\/9333\/revisions"}],"predecessor-version":[{"id":12781,"href":"https:\/\/www.gronbach.com\/sk\/wp-json\/wp\/v2\/pages\/9333\/revisions\/12781"}],"up":[{"embeddable":true,"href":"https:\/\/www.gronbach.com\/sk\/wp-json\/wp\/v2\/pages\/4523"}],"wp:featuredmedia":[{"embeddable":true,"href":"https:\/\/www.gronbach.com\/sk\/wp-json\/wp\/v2\/media\/11314"}],"wp:attachment":[{"href":"https:\/\/www.gronbach.com\/sk\/wp-json\/wp\/v2\/media?parent=9333"}],"curies":[{"name":"wp","href":"https:\/\/api.w.org\/{rel}","templated":true}]}}