{"id":997,"date":"2016-07-13T10:19:32","date_gmt":"2016-07-13T10:19:32","guid":{"rendered":"http:\/\/finance.omnicom-dev.com\/main-demo\/?page_id=997"},"modified":"2025-11-12T11:37:48","modified_gmt":"2025-11-12T10:37:48","slug":"news","status":"publish","type":"page","link":"https:\/\/www.gronbach.com\/sk\/services\/news","title":{"rendered":"Novinky a publik\u00e1cie"},"content":{"rendered":"<p><section id=\"bt_section69f2a621b7ebc\"  class=\"boldSection gutter boxed fullScreenHeight inherit\" ><div class=\"port\"><div class=\"boldCell\"><div class=\"boldCellInner\"><div class=\"boldRow \" ><div class=\"boldRowInner\"><div class=\"rowItem col-md-12 col-ms-12  btTextLeft inherit btNoPadding\"  data-width=\"12\"><div class=\"rowItemContent\" ><div class=\"btClear btSeparator topSemiSpaced noBorder\" ><hr><\/div><div class=\"btLatestPostsContainer verticalPosts \" >\n\t\t\t\t<div class=\"btSingleLatestPost col-md-12 col-ms-12  inherit\"><div class=\"btSingleLatestPostImage btTextCenter\"><div class=\"bpgPhoto btZoomInHoverType\" > \r\n\t\t\t\t\t<a href=\"https:\/\/www.gronbach.com\/sk\/news\/kapacitne-povrchy\" target=\"_self\" title=\"\"><\/a>\r\n\t\t\t\t\t<div class=\"boldPhotoBox\"><div class=\"bpbItem\"><div class = \"btImage\"><img decoding=\"async\" src=\"https:\/\/www.gronbach.com\/sk\/wp-content\/uploads\/sites\/4\/2022\/08\/smarte-oberflaeche-1-320x320.jpg\" alt=\"\" title=\"\"><\/div><\/div><\/div>\r\n\t\t\t\t\t<div class=\"captionPane btDarkSkin btTextCenter\">\r\n\t\t\t\t\t\t<div class=\"captionTable\">\r\n\t\t\t\t\t\t\t<div class=\"captionCell\">\r\n\t\t\t\t\t\t\t\t<div class=\"captionTxt\"><\/div>\r\n\t\t\t\t\t\t\t<\/div>\r\n\t\t\t\t\t\t<\/div>\r\n\t\t\t\t\t<\/div><\/div><\/div><div class = \"btSingleLatestPostContent\">\n\t\t\t\t\t\t<header class=\"header btClear medium\" ><div class=\"btSuperTitle\"><span><span class=\"btArticleDate\">26. avgusta 2022<\/span><span class=\"btArticleCategories\"><span class=\"btArticleCategories\"><a href=\"https:\/\/www.gronbach.com\/sk\/news\" class=\"btArticleCategory cat-item-217\">News<\/a><\/span><\/span><\/span><\/div><div class=\"dash\"><h3><span class=\"headline\"><a href=\"https:\/\/www.gronbach.com\/sk\/news\/kapacitne-povrchy\" target=\"_self\">Kapacitn\u00e9 povrchy<\/a><\/span><\/h3><\/div><\/header>\n\t\t\t\t<p class=\"btLatestPostContent\">Perforovan\u00e9 povrchy, ktor\u00e9 vytv\u00e1raj\u00fa \u201chovoriaci\u201c kov prostredn\u00edctvom integrovan\u00fdch svetlovodov alebo prostredn\u00edctvom ovl\u00e1dania pomocou senzorovej technol\u00f3gie.<\/p>\n\t\t\t\t\t<\/div>\n\t\t\t\t<\/div>\n\t\t\t\t<div class=\"btSingleLatestPost col-md-12 col-ms-12  inherit\"><div class=\"btSingleLatestPostImage btTextCenter\"><div class=\"bpgPhoto btZoomInHoverType\" > \r\n\t\t\t\t\t<a href=\"https:\/\/www.gronbach.com\/sk\/news\/dodatocny-eloxovaci-kupel-wasserburg\" target=\"_self\" title=\"\"><\/a>\r\n\t\t\t\t\t<div class=\"boldPhotoBox\"><div class=\"bpbItem\"><div class = \"btImage\"><img decoding=\"async\" src=\"https:\/\/www.gronbach.com\/sk\/wp-content\/uploads\/sites\/4\/2022\/07\/news-neue-Eloxalfarben3-640x418-2-320x320.jpg\" alt=\"\" title=\"\"><\/div><\/div><\/div>\r\n\t\t\t\t\t<div class=\"captionPane btDarkSkin btTextCenter\">\r\n\t\t\t\t\t\t<div class=\"captionTable\">\r\n\t\t\t\t\t\t\t<div class=\"captionCell\">\r\n\t\t\t\t\t\t\t\t<div class=\"captionTxt\"><\/div>\r\n\t\t\t\t\t\t\t<\/div>\r\n\t\t\t\t\t\t<\/div>\r\n\t\t\t\t\t<\/div><\/div><\/div><div class = \"btSingleLatestPostContent\">\n\t\t\t\t\t\t<header class=\"header btClear medium\" ><div class=\"btSuperTitle\"><span><span class=\"btArticleDate\">1. julija 2022<\/span><span class=\"btArticleCategories\"><span class=\"btArticleCategories\"><a href=\"https:\/\/www.gronbach.com\/sk\/news\" class=\"btArticleCategory cat-item-217\">News<\/a><\/span><\/span><\/span><\/div><div class=\"dash\"><h3><span class=\"headline\"><a href=\"https:\/\/www.gronbach.com\/sk\/news\/dodatocny-eloxovaci-kupel-wasserburg\" target=\"_self\">Dodato\u010dn\u00fd eloxovac\u00ed k\u00fape\u013e v z\u00e1vode Wasserburg<\/a><\/span><\/h3><\/div><\/header>\n\t\t\t\t<p class=\"btLatestPostContent\">Farebn\u00e9 hlin\u00edkov\u00e9 povrchy ur\u010duj\u00fa nov\u00e9 trendy a akcenty v kuchyniach, k\u00fape\u013eniach, automobilovom a spotrebite\u013eskom sektore. Okrem klasick\u00fdch farieb, ako je antracitov\u00e1, \u010dierna a pr\u00edrodn\u00fd hlin\u00edk, s\u00fa to predov\u0161etk\u00fdm m\u00f3dne pr\u00edrodn\u00e9 odtiene alebo dokonca neobvykl\u00e9 farebn\u00e9 povrchy, ktor\u00e9 m\u00f4\u017eu oslovi\u0165 nov\u00fa cie\u013eov\u00fa skupinu z\u00e1kazn\u00edkov.<\/p>\n\t\t\t\t\t<\/div>\n\t\t\t\t<\/div>\n\t\t\t\t<div class=\"btSingleLatestPost col-md-12 col-ms-12  inherit\"><div class=\"btSingleLatestPostImage btTextCenter\"><div class=\"bpgPhoto btZoomInHoverType\" > \r\n\t\t\t\t\t<a href=\"https:\/\/www.gronbach.com\/sk\/news\/otvorenie-seminara-lean\" target=\"_self\" title=\"\"><\/a>\r\n\t\t\t\t\t<div class=\"boldPhotoBox\"><div class=\"bpbItem\"><div class = \"btImage\"><img decoding=\"async\" src=\"https:\/\/www.gronbach.com\/sk\/wp-content\/uploads\/sites\/4\/2022\/06\/lean2-320x320.jpg\" alt=\"\" title=\"\"><\/div><\/div><\/div>\r\n\t\t\t\t\t<div class=\"captionPane btDarkSkin btTextCenter\">\r\n\t\t\t\t\t\t<div class=\"captionTable\">\r\n\t\t\t\t\t\t\t<div class=\"captionCell\">\r\n\t\t\t\t\t\t\t\t<div class=\"captionTxt\"><\/div>\r\n\t\t\t\t\t\t\t<\/div>\r\n\t\t\t\t\t\t<\/div>\r\n\t\t\t\t\t<\/div><\/div><\/div><div class = \"btSingleLatestPostContent\">\n\t\t\t\t\t\t<header class=\"header btClear medium\" ><div class=\"btSuperTitle\"><span><span class=\"btArticleDate\">11. junija 2022<\/span><span class=\"btArticleCategories\"><span class=\"btArticleCategories\"><a href=\"https:\/\/www.gronbach.com\/sk\/news\" class=\"btArticleCategory cat-item-217\">News<\/a><\/span><\/span><\/span><\/div><div class=\"dash\"><h3><span class=\"headline\"><a href=\"https:\/\/www.gronbach.com\/sk\/news\/otvorenie-seminara-lean\" target=\"_self\">Za\u010datie Lean v\u00fdroby<\/a><\/span><\/h3><\/div><\/header>\n\t\t\t\t<p class=\"btLatestPostContent\">\u0160t\u00edhly mana\u017ement znamen\u00e1 \u010do najlep\u0161ie vykon\u00e1vanie v\u0161etk\u00fdch procesov bez plytvania v kombin\u00e1cii s pr\u00edstupom neust\u00e1leho zlep\u0161ovania.\r\nV spolo\u010dnosti Gronbach sa v\u017edy sna\u017e\u00edme zlep\u0161ova\u0165 v\u0161etko, \u010do rob\u00edme. Preto je tu my\u0161lienka \u0161t\u00edhleho mana\u017ementu \u017eiv\u00e1 a \u017eiadan\u00e1.<\/p>\n\t\t\t\t\t<\/div>\n\t\t\t\t<\/div><\/div><\/div><\/div><\/div><\/div><\/div><\/div><\/div><\/section><section id=\"bt_section69f2a621c3252\"  class=\"boldSection gutter boxed fullScreenHeight inherit\" ><div class=\"port\"><div class=\"boldCell\"><div class=\"boldCellInner\"><div class=\"boldRow \" ><div class=\"boldRowInner\"><div class=\"rowItem col-md-12 col-ms-12  btTextLeft inherit btNoPadding\"  data-width=\"12\"><div class=\"rowItemContent\" ><div class=\"btClear btSeparator topSmallSpaced noBorder\" ><hr><\/div><\/div><\/div><\/div><\/div><\/div><\/div><\/div><\/section><section id=\"bt_section69f2a621c3724\"  class=\"boldSection gutter boxed inherit\" ><div class=\"port\"><div class=\"boldCell\"><div class=\"boldCellInner\"><div class=\"boldRow \" ><div class=\"boldRowInner\"><div class=\"rowItem col-md-12 col-ms-12  btTextLeft inherit btNoPadding\"  data-width=\"12\"><div class=\"rowItemContent\" ><header class=\"header btClear large btDash topDash  regular\" ><div class=\"btSuperTitle\"><span>Kontakt<\/span><\/div><div class=\"dash\"><h2><span class=\"headline\">Kontakt pre m\u00e9di\u00e1 a tla\u010d<\/span><\/h2><\/div><\/header><div class=\"btText\" ><\/p>\n<p><strong>Gronbach<\/strong><br \/>\nPodnikov\u00e1 komunik\u00e1cia<br \/>\nInnstra\u00dfe 2<br \/>\nAT-6342 Niederndorf<br \/>\n<a href=\"https:\/\/www.gronbach.com\/sk\/services\/kontakt\"  class=\"mailcrypt\">marketing<span><span>\u2202<\/span><\/span>gronbach.com<\/a><\/p>\n<p>\n<\/div><\/div><\/div><\/div><\/div><\/div><\/div><\/div><\/section><\/p>\n","protected":false},"excerpt":{"rendered":"<p>Inform\u00e1cie a tla\u010dov\u00e9 spr\u00e1vy skupiny Gronbach<\/p>\n","protected":false},"author":1,"featured_media":13116,"parent":2270,"menu_order":0,"comment_status":"closed","ping_status":"closed","template":"","meta":{"editor_notices":[],"footnotes":""},"class_list":["post-997","page","type-page","status-publish","has-post-thumbnail","hentry"],"yoast_head":"<!-- This site is optimized with the Yoast SEO plugin v26.3 - https:\/\/yoast.com\/wordpress\/plugins\/seo\/ -->\n<title>Gronbach: najnov\u0161ie spr\u00e1vy a aktualiz\u00e1cie skupiny<\/title>\n<meta name=\"description\" content=\"Pravideln\u00e9 novinky a inov\u00e1cie od skupiny Gronbach.\" \/>\n<meta name=\"robots\" content=\"index, follow, max-snippet:-1, max-image-preview:large, max-video-preview:-1\" \/>\n<link rel=\"canonical\" href=\"https:\/\/www.gronbach.com\/sk\/services\/news\" \/>\n<meta property=\"og:locale\" content=\"sl_SI\" \/>\n<meta property=\"og:type\" content=\"article\" \/>\n<meta property=\"og:title\" content=\"Gronbach: najnov\u0161ie spr\u00e1vy a aktualiz\u00e1cie skupiny\" \/>\n<meta property=\"og:description\" content=\"Pravideln\u00e9 novinky a inov\u00e1cie od skupiny Gronbach.\" \/>\n<meta property=\"og:url\" content=\"https:\/\/www.gronbach.com\/sk\/services\/news\" \/>\n<meta property=\"og:site_name\" content=\"Gronbach SK\" \/>\n<meta property=\"article:publisher\" content=\"https:\/\/www.facebook.com\/gronbachslovensko\" \/>\n<meta property=\"article:modified_time\" content=\"2025-11-12T10:37:48+00:00\" \/>\n<meta property=\"og:image\" content=\"https:\/\/www.gronbach.com\/sk\/wp-content\/uploads\/sites\/4\/2023\/01\/oesterreich-kueche-showroom.jpg\" \/>\n\t<meta property=\"og:image:width\" content=\"1999\" \/>\n\t<meta property=\"og:image:height\" content=\"520\" \/>\n\t<meta property=\"og:image:type\" content=\"image\/jpeg\" \/>\n<meta name=\"twitter:card\" content=\"summary_large_image\" \/>\n<meta name=\"twitter:label1\" content=\"Est. reading time\" \/>\n\t<meta name=\"twitter:data1\" content=\"2 minuti\" \/>\n<!-- \/ Yoast SEO plugin. -->","yoast_head_json":{"title":"Gronbach: najnov\u0161ie spr\u00e1vy a aktualiz\u00e1cie skupiny","description":"Pravideln\u00e9 novinky a inov\u00e1cie od skupiny Gronbach.","robots":{"index":"index","follow":"follow","max-snippet":"max-snippet:-1","max-image-preview":"max-image-preview:large","max-video-preview":"max-video-preview:-1"},"canonical":"https:\/\/www.gronbach.com\/sk\/services\/news","og_locale":"sl_SI","og_type":"article","og_title":"Gronbach: najnov\u0161ie spr\u00e1vy a aktualiz\u00e1cie skupiny","og_description":"Pravideln\u00e9 novinky a inov\u00e1cie od skupiny Gronbach.","og_url":"https:\/\/www.gronbach.com\/sk\/services\/news","og_site_name":"Gronbach SK","article_publisher":"https:\/\/www.facebook.com\/gronbachslovensko","article_modified_time":"2025-11-12T10:37:48+00:00","og_image":[{"width":1999,"height":520,"url":"https:\/\/www.gronbach.com\/sk\/wp-content\/uploads\/sites\/4\/2023\/01\/oesterreich-kueche-showroom.jpg","type":"image\/jpeg"}],"twitter_card":"summary_large_image","twitter_misc":{"Est. reading time":"2 minuti"},"schema":{"@context":"https:\/\/schema.org","@graph":[{"@type":"WebPage","@id":"https:\/\/www.gronbach.com\/sk\/services\/news","url":"https:\/\/www.gronbach.com\/sk\/services\/news","name":"Gronbach: najnov\u0161ie spr\u00e1vy a aktualiz\u00e1cie skupiny","isPartOf":{"@id":"https:\/\/www.gronbach.com\/sk\/#website"},"primaryImageOfPage":{"@id":"https:\/\/www.gronbach.com\/sk\/services\/news#primaryimage"},"image":{"@id":"https:\/\/www.gronbach.com\/sk\/services\/news#primaryimage"},"thumbnailUrl":"https:\/\/www.gronbach.com\/sk\/wp-content\/uploads\/sites\/4\/2023\/01\/oesterreich-kueche-showroom.jpg","datePublished":"2016-07-13T10:19:32+00:00","dateModified":"2025-11-12T10:37:48+00:00","description":"Pravideln\u00e9 novinky a inov\u00e1cie od skupiny Gronbach.","breadcrumb":{"@id":"https:\/\/www.gronbach.com\/sk\/services\/news#breadcrumb"},"inLanguage":"sl-SI","potentialAction":[{"@type":"ReadAction","target":["https:\/\/www.gronbach.com\/sk\/services\/news"]}]},{"@type":"ImageObject","inLanguage":"sl-SI","@id":"https:\/\/www.gronbach.com\/sk\/services\/news#primaryimage","url":"https:\/\/www.gronbach.com\/sk\/wp-content\/uploads\/sites\/4\/2023\/01\/oesterreich-kueche-showroom.jpg","contentUrl":"https:\/\/www.gronbach.com\/sk\/wp-content\/uploads\/sites\/4\/2023\/01\/oesterreich-kueche-showroom.jpg","width":1999,"height":520},{"@type":"BreadcrumbList","@id":"https:\/\/www.gronbach.com\/sk\/services\/news#breadcrumb","itemListElement":[{"@type":"ListItem","position":1,"name":"Home","item":"https:\/\/www.gronbach.com\/sk\/"},{"@type":"ListItem","position":2,"name":"Services","item":"https:\/\/www.gronbach.com\/sk\/services"},{"@type":"ListItem","position":3,"name":"Novinky a publik\u00e1cie"}]},{"@type":"WebSite","@id":"https:\/\/www.gronbach.com\/sk\/#website","url":"https:\/\/www.gronbach.com\/sk\/","name":"Gronbach SK","description":"","publisher":{"@id":"https:\/\/www.gronbach.com\/sk\/#organization"},"potentialAction":[{"@type":"SearchAction","target":{"@type":"EntryPoint","urlTemplate":"https:\/\/www.gronbach.com\/sk\/?s={search_term_string}"},"query-input":{"@type":"PropertyValueSpecification","valueRequired":true,"valueName":"search_term_string"}}],"inLanguage":"sl-SI"},{"@type":"Organization","@id":"https:\/\/www.gronbach.com\/sk\/#organization","name":"Gronbach","url":"https:\/\/www.gronbach.com\/sk\/","logo":{"@type":"ImageObject","inLanguage":"sl-SI","@id":"https:\/\/www.gronbach.com\/sk\/#\/schema\/logo\/image\/","url":"https:\/\/www.gronbach.com\/sk\/wp-content\/uploads\/sites\/4\/2022\/04\/Gronbach_Gruppe_Logo2.png","contentUrl":"https:\/\/www.gronbach.com\/sk\/wp-content\/uploads\/sites\/4\/2022\/04\/Gronbach_Gruppe_Logo2.png","width":160,"height":50,"caption":"Gronbach"},"image":{"@id":"https:\/\/www.gronbach.com\/sk\/#\/schema\/logo\/image\/"},"sameAs":["https:\/\/www.facebook.com\/gronbachslovensko","https:\/\/www.linkedin.com\/company\/gronbach\/","https:\/\/www.instagram.com\/explore\/tags\/gronbach\/","https:\/\/www.youtube.com\/channel\/UCJWrGbPiG4AYHZewlALkACA"]}]}},"_links":{"self":[{"href":"https:\/\/www.gronbach.com\/sk\/wp-json\/wp\/v2\/pages\/997","targetHints":{"allow":["GET"]}}],"collection":[{"href":"https:\/\/www.gronbach.com\/sk\/wp-json\/wp\/v2\/pages"}],"about":[{"href":"https:\/\/www.gronbach.com\/sk\/wp-json\/wp\/v2\/types\/page"}],"author":[{"embeddable":true,"href":"https:\/\/www.gronbach.com\/sk\/wp-json\/wp\/v2\/users\/1"}],"replies":[{"embeddable":true,"href":"https:\/\/www.gronbach.com\/sk\/wp-json\/wp\/v2\/comments?post=997"}],"version-history":[{"count":6,"href":"https:\/\/www.gronbach.com\/sk\/wp-json\/wp\/v2\/pages\/997\/revisions"}],"predecessor-version":[{"id":13287,"href":"https:\/\/www.gronbach.com\/sk\/wp-json\/wp\/v2\/pages\/997\/revisions\/13287"}],"up":[{"embeddable":true,"href":"https:\/\/www.gronbach.com\/sk\/wp-json\/wp\/v2\/pages\/2270"}],"wp:featuredmedia":[{"embeddable":true,"href":"https:\/\/www.gronbach.com\/sk\/wp-json\/wp\/v2\/media\/13116"}],"wp:attachment":[{"href":"https:\/\/www.gronbach.com\/sk\/wp-json\/wp\/v2\/media?parent=997"}],"curies":[{"name":"wp","href":"https:\/\/api.w.org\/{rel}","templated":true}]}}